{"id":6,"date":"2013-09-11T14:33:13","date_gmt":"2013-09-11T12:33:13","guid":{"rendered":"http:\/\/auto-coaching.fr\/attitude-coach\/?page_id=6"},"modified":"2013-09-24T14:53:06","modified_gmt":"2013-09-24T12:53:06","slug":"la-princesse-merveilleuse","status":"publish","type":"page","link":"https:\/\/auto-coaching.fr\/attitude-coach\/","title":{"rendered":"La princesse merveilleuse"},"content":{"rendered":"<div id=\"fcbk_share\"><div class=\"fcbk_like\">\n\t\t\t\t\t\t\t\t\t\t<div id=\"fb-root\"><\/div>\n\t\t\t\t\t\t\t\t\t\t<script src=\"http:\/\/connect.facebook.net\/en_US\/all.js#appId=224313110927811&amp;xfbml=1\"><\/script>\n\t\t\t\t\t\t\t\t\t\t<fb:like href=\"https:\/\/auto-coaching.fr\/attitude-coach\/\" send=\"false\" layout=\"button_count\" width=\"450\" show_faces=\"false\" font=\"\"><\/fb:like>\n\t\t\t\t\t\t\t\t\t<\/div><\/div>\n<div class=\"histoire\">\nIl \u00e9tait une fois, une princesse si merveilleuse, que son p\u00e8re ne put se r\u00e9soudre \u00e0 lui faire \u00e9pouser un prince par tradition. Aussi d\u00e9cida-t-il de choisir un homme m\u00e9ritant de son royaume, m\u00eame s\u2019il n\u2019\u00e9tait pas de sang royal.<\/p>\n<p>Il organisa un grand concours. Comme dans le conte \u00abCendrillon\u00bb, la missive s&rsquo;adressa au royaume tout entier. Soit 3 millions de jeunes c\u00e9libataires.<\/p>\n<p>Pour de multiples raisons, 10.000 candidats seulement se pr\u00e9sent\u00e8rent. Et suite \u00e0 une s\u00e9lection aux curieuses tournures, 1.000 pr\u00e9tendants particip\u00e8rent aux \u00e9preuves. De match en match, la s\u00e9lection s&rsquo;affina. En fin de tournoi, 3 candidats devaient affronter la derni\u00e8re \u00e9preuve :<\/p>\n<blockquote><p>la princesse se trouvait au sommet d&rsquo;une tour de 10 \u00e9tages.<br \/>\nIl fallait la rejoindre en moins d&rsquo;une minute.<\/p><\/blockquote>\n<p>Le premier candidat, habitu\u00e9 \u00e0 ce genre d&rsquo;exercices, fit un calcul simple : il faut au moins 8 secondes par \u00e9tage, m\u00eame pour un champion&#8230; Soit 80 secondes au minimum ! Il hurla au scandale : l&rsquo;\u00e9preuve \u00e9tait irr\u00e9aliste&#8230; Il refusa de concourir !<\/p>\n<p>Le deuxi\u00e8me candidat, se sentant capable de battre tous les records, s&rsquo;y risqua. Il atteignit le 5\u00e8me \u00e9tage au bout de 40 secondes. Ceci confirma les dires du premier. Il abandonna !<\/p>\n<p>Le troisi\u00e8me candidat se lan\u00e7a ! Moins agile que son pr\u00e9d\u00e9cesseur, il atteignit le 5\u00e8me \u00e9tage en 42 secondes. L&rsquo;issue paraissait illusoire, pourtant, il poursuivit sa course vers le 6\u00e8me \u00e9tage ! Les spectateurs commenc\u00e8rent \u00e0 ricaner. Tout le monde le trouvait ridicule&#8230; Il continua le c\u0153ur vaillant, imperturbable&#8230; Un petit groupe, subjugu\u00e9 par sa d\u00e9termination l\u2019acclama, non pour sa comp\u00e9tence, mais pour son Attitude&#8230;<\/p>\n<p>10 secondes plus tard, il atteignit le sixi\u00e8me \u00e9tage. Il restait encore 4 \u00e9tages \u00e0 parcourir en 8 secondes&#8230; Impossible !<\/p>\n<h2>Impossible ?<\/h2>\n<p>Soudain, une corde tendue l&rsquo;intrigua : il s\u2019y accrocha&#8230; Imm\u00e9diatement, un dispositif de levage li\u00e9 \u00e0 une poulie se mit en marche comme un v\u00e9ritable ascenseur. La m\u00e9canique le mena au sommet de la tour en 7 secondes. La princesse, qui visiblement n\u2019attendait que lui, l\u2019accueillit avec un sourire complice. Il la serra dans ses bras, sous les acclamations de la foule en d\u00e9lire&#8230;<\/p>\n<p>Ils se mari\u00e8rent et eurent beaucoup d\u2019enfants&#8230;<\/p>\n<\/div>\n<p align=\"center\">\n<p>9 personnes sur 10 r\u00e9agissent comme les 2 premiers candidats. Nous sommes habitu\u00e9s, form\u00e9s, canalis\u00e9s vers le rationnel, au point de perdre de vue nos v\u00e9ritables objectifs :<\/p>\n<ul>\n<li>Les deux premiers candidats se sont fix\u00e9s pour objectif de <strong>grimper 10 \u00e9tages \u00e0 pieds<\/strong> en moins d\u2019une minute<\/li>\n<li>Le gagnant s\u2019est fix\u00e9 comme objectif de <strong>rejoindre la sa Princesse<\/strong> en moins d\u2019une minute<\/li>\n<\/ul>\n<p>C\u2019est la diff\u00e9rence qu\u2019il y a entre le <strong>POURQUOI<\/strong> et le <strong>COMMENT<\/strong> : ceux qui savent POURQUOI ils agissent, r\u00e9alisent ce qui para\u00eet impossible aux autres. Ces autres qui appliquent juste des proc\u00e9dures qui, bien souvent, perdent leur sens en cours de r\u00e9alisation et deviennent contreproductives.<\/p>\n<p>En observant le deuxi\u00e8me candidat, on peut aussi remarquer qu\u2019il a abandonn\u00e9 \u00e0 quelques pas de la victoire. Son salut se trouvait \u00e0 l\u2019\u00e9tage du dessus. Toutes les personnes qui r\u00e9ussissent vous diront la m\u00eame chose : j\u2019ai failli abandonner car tous les indicateurs rationnels pr\u00e9voyaient l\u2019\u00e9chec ! Mais je n\u2019ai pas baiss\u00e9 les bras, et dans les jours qui ont suivi j\u2019ai eu l\u2019id\u00e9e de&#8230;<\/p>\n<p>En d\u2019autre termes, ils l\u00e2chent-prise leur <strong>COMMENT<\/strong> (la m\u00e9thode), mais ils gardent le cap sur leur <strong>POURQUOI<\/strong> (leur aspiration profonde), et l\u2019ascenseur appara\u00eet&#8230;<\/p>\n<p>Pour d\u00e9couvrir d\u2019autres aspects de ce conte, tout en suivant un parcours d\u2019initiation au D\u00e9veloppement Personnel :<\/p>\n<p align=\"center\"><a class=\"button\" href=\"http:\/\/www.inscription-minute.fr\/solution.aspx?code=ATT117OA&amp;origine=PrinceseMerveilleuseSite\">INSCRIVEZ-VOUS !<\/a><\/p>\n<p>Vous pouvez \u00e9galement commenter cet article et poser vos questions ci-dessous.<\/p>\n<p><strong>St\u00e9phane SOLOMON<\/strong><br \/>\nCoach, Auteur et Conf\u00e9rencier<\/p>\n","protected":false},"excerpt":{"rendered":"<p>Il \u00e9tait une fois, une princesse si merveilleuse, que son p\u00e8re ne put se r\u00e9soudre \u00e0 lui faire \u00e9pouser un prince par tradition. Aussi d\u00e9cida-t-il de choisir un homme m\u00e9ritant de son royaume, m\u00eame s\u2019il n\u2019\u00e9tait pas de sang royal. Il organisa un grand concours. Comme dans le conte \u00abCendrillon\u00bb, la missive s&rsquo;adressa au royaume [&hellip;]<\/p>\n","protected":false},"author":1,"featured_media":0,"parent":0,"menu_order":0,"comment_status":"open","ping_status":"open","template":"","meta":[],"_links":{"self":[{"href":"https:\/\/auto-coaching.fr\/attitude-coach\/index.php\/wp-json\/wp\/v2\/pages\/6"}],"collection":[{"href":"https:\/\/auto-coaching.fr\/attitude-coach\/index.php\/wp-json\/wp\/v2\/pages"}],"about":[{"href":"https:\/\/auto-coaching.fr\/attitude-coach\/index.php\/wp-json\/wp\/v2\/types\/page"}],"author":[{"embeddable":true,"href":"https:\/\/auto-coaching.fr\/attitude-coach\/index.php\/wp-json\/wp\/v2\/users\/1"}],"replies":[{"embeddable":true,"href":"https:\/\/auto-coaching.fr\/attitude-coach\/index.php\/wp-json\/wp\/v2\/comments?post=6"}],"version-history":[{"count":25,"href":"https:\/\/auto-coaching.fr\/attitude-coach\/index.php\/wp-json\/wp\/v2\/pages\/6\/revisions"}],"predecessor-version":[{"id":178,"href":"https:\/\/auto-coaching.fr\/attitude-coach\/index.php\/wp-json\/wp\/v2\/pages\/6\/revisions\/178"}],"wp:attachment":[{"href":"https:\/\/auto-coaching.fr\/attitude-coach\/index.php\/wp-json\/wp\/v2\/media?parent=6"}],"curies":[{"name":"wp","href":"https:\/\/api.w.org\/{rel}","templated":true}]}}