{"id":1002,"date":"2013-11-13T13:20:46","date_gmt":"2013-11-13T11:20:46","guid":{"rendered":"http:\/\/www.auto-coaching.fr\/?page_id=1002"},"modified":"2013-11-13T13:20:46","modified_gmt":"2013-11-13T11:20:46","slug":"le-temps-ami","status":"publish","type":"page","link":"https:\/\/auto-coaching.fr\/index.php\/le-temps-ami\/","title":{"rendered":"Le temps ami"},"content":{"rendered":"<p>En octobre, j&#8217;ai chang\u00e9 d&#8217;agenda. Curieuse procrastination, car je pouvais le faire d\u00e8s le mois de septembre, mais j&#8217;ai pr\u00e9f\u00e9r\u00e9 prolonger le plaisir, jusqu&#8217;\u00e0 la derni\u00e8re page de l&#8217;agenda qui m&#8217;a accompagn\u00e9 en 2012, et qui comporte une extension jusqu&#8217;\u00e0 fin septembre. <\/p>\n<p>Certains lecteurs vont avoir du mal \u00e0 me croire (me croyant num\u00e9rique jusqu&#8217;au bout des ongles), mais mon agenda n&#8217;est pas \u00e9lectronique. C&#8217;est un agenda-papier classique. Je m&#8217;en sers pour noter mes rendez-vous, y compris ceux que je prends avec moi-m\u00eame. Par exemple, si j&#8217;ai d\u00e9cid\u00e9 de lire \u00ables contemplations\u00bb pendant une heure, je prends ce rendez-vous dans mon agenda, et mon rendez-vous avec Victor HUGO devient aussi important qu&#8217;un rendez-vous chez le m\u00e9decin ou avec un client. <\/p>\n<p>En d&#8217;autres termes, je n&#8217;attends pas d&#8217;avoir le temps de lire ce que j&#8217;aime, <b>je PRENDS ce temps !<\/b> <\/p>\n<p>Autre chose que je note r\u00e9guli\u00e8rement en marge, c&#8217;est un petit \u00absoleil\u00bb qui me rappelle un \u00e9v\u00e9nement personnel marquant : par exemple, le 8 ao\u00fbt 2013, j&#8217;ai accompagn\u00e9 ma fille (8 ans) \u00e0 un casting (elle est actrice, et elle double aussi des voix dans des dessins anim\u00e9s). Nous sommes pass\u00e9s devant un monument qui rendait hommage aux derniers poilus de France. Elle a lu l&#8217;inscription, et elle m&#8217;a dit : <\/p>\n<p>&#8211; Ca a l&#8217;air important papa&#8230; Tu devrais leur dire que tu n&#8217;es pas mort ! <\/p>\n<p>J&#8217;ai imm\u00e9diatement ouvert mon agenda, et j&#8217;ai \u00e9crit au jour et \u00e0 l&#8217;heure de l&#8217;\u00e9v\u00e9nement deux mots : <b>\u00abpapa poilu !\u00bb<\/b> J&#8217;ai \u00e9galement encercl\u00e9 l&#8217;initiale de ma fille pour me souvenir de l&#8217;auteur de ce \u00absoleil\u00bb. Parce qu&#8217;on oublie vite ce genre de choses&#8230; <\/p>\n<p>J&#8217;ai plein de petites inscriptions comme \u00e7a, toute l&#8217;ann\u00e9e. Ce ne sont pas des rendez-vous pris d&#8217;avance, ce sont p\u00e9pites de Bonheur dont je veux me souvenir. Ca me fait plein d&#8217;histoires \u00e0 raconter et \u00e0 me raconter : quand je feuillette mon agenda <b>dans le but<\/b> de trouver des p\u00e9pites de Bonheurs, \u00e7a me fait le m\u00eame effet que lorsque je feuillette un album photo. <\/p>\n<p>Ca travaille \u00e9galement ma m\u00e9moire : \u00abPapa poilu\u00bb d\u00e9cor\u00e9 d&#8217;un \u00abL\u00bb encercl\u00e9, est ce qu&#8217;on appelle un CROCHET. <b>Le crochet est attach\u00e9 au souvenir<\/b> et permet de le ramener en surface. C&#8217;est comme le titre d&#8217;un livre ou d&#8217;un film. Il suffit de le prononcer, et l&#8217;histoire revient progressivement en m\u00e9moire. <\/p>\n<p>Parfois, lorsque je dois utiliser mon agenda lors d&#8217;un entretien professionnel, je tombe sur une page o\u00f9 se trouve un \u00abcrochet\u00bb. Alors j&#8217;en fais profiter mon interlocuteur, parce que je ne crois pas au hasard. Souvent, tr\u00e8s souvent m\u00eame, il me raconte une jolie histoire lui aussi. \u00c7a nous permet de remplir l&#8217;atmosph\u00e8re d&#8217;Energie&#8230; Et contrairement \u00e0 ce que beaucoup de gens pourraient penser, c\u2019est une Energie propice au travail. <\/p>\n<p>C&#8217;est mieux qu&#8217;un bloc-notes (pour ce genre de choses), parce que gr\u00e2ce \u00e0 la date, je peux faire des calculs. Par exemple, si je garde cet agenda, m\u00eame dans 10 ans, je me souviendrai que ma fille avait presque 8 ans au moment o\u00f9 elle a cru que les papas poilus m\u00e9ritaient un monument. A l&#8217;inverse, en recherchant des \u00absoleils\u00bb, je peux aussi retrouver des \u00e9v\u00e9nements marquants (la date du casting par exemple), et m\u00eame me souvenir de quelques clients \u00aboubli\u00e9s\u00bb avec lesquelles j&#8217;ai partag\u00e9 cette p\u00e9pite. Ne serais-ce pas l&#8217;occasion de les recontacter ? <\/p>\n<p>C&#8217;est une technique tr\u00e8s peu co\u00fbteuse et \u00e7a me permet de cr\u00e9er du temps ami ! Parce que si dans mon agenda, je notais uniquement mes rendez-vous chez le dentiste, la banque, les clients et le kin\u00e9, sa place aujourd&#8217;hui serait dans une poubelle ! Pourquoi garder un truc pareil ? <\/p>\n<p>J&#8217;aime l&#8217;id\u00e9e que mon agenda plein et us\u00e9 a plus de valeur que le nouvel agenda tout neuf, tout propre, que je viens d&#8217;acheter. Le premier est irrempla\u00e7able, alors que le deuxi\u00e8me peut \u00eatre rachet\u00e9 dans n&#8217;importe quelle papeterie&#8230; J&#8217;aime aussi l&#8217;id\u00e9e que mon nouvel agenda va se bonifier avec le temps&#8230; Et qu&#8217;il deviendra tr\u00e8s vite un objet unique. <\/p>\n<p>Le temps est mon ami ! J&#8217;aime lui offrir de beaux objets et partager mon Bonheur avec lui. <\/p>\n<p>A++ <\/p>\n<p><b>St\u00e9phane SOLOMON<\/b><\/p>\n<!--themify_builder_content-->\n<div id=\"themify_builder_content-1002\" data-postid=\"1002\" class=\"themify_builder_content themify_builder_content-1002 themify_builder tf_clear\">\n    <\/div>\n<!--\/themify_builder_content-->\n","protected":false},"excerpt":{"rendered":"<p>En octobre, j&#8217;ai chang\u00e9 d&#8217;agenda. Curieuse procrastination, car je pouvais le faire d\u00e8s le mois de septembre, mais j&#8217;ai pr\u00e9f\u00e9r\u00e9 prolonger le plaisir, jusqu&#8217;\u00e0 la derni\u00e8re page de l&#8217;agenda qui m&#8217;a accompagn\u00e9 en 2012, et qui comporte une extension jusqu&#8217;\u00e0 fin septembre. Certains lecteurs vont avoir du mal \u00e0 me croire (me croyant num\u00e9rique jusqu&#8217;au [&hellip;]<\/p>\n","protected":false},"author":1,"featured_media":0,"parent":0,"menu_order":0,"comment_status":"open","ping_status":"open","template":"","meta":[],"builder_content":"","_links":{"self":[{"href":"https:\/\/auto-coaching.fr\/index.php\/wp-json\/wp\/v2\/pages\/1002"}],"collection":[{"href":"https:\/\/auto-coaching.fr\/index.php\/wp-json\/wp\/v2\/pages"}],"about":[{"href":"https:\/\/auto-coaching.fr\/index.php\/wp-json\/wp\/v2\/types\/page"}],"author":[{"embeddable":true,"href":"https:\/\/auto-coaching.fr\/index.php\/wp-json\/wp\/v2\/users\/1"}],"replies":[{"embeddable":true,"href":"https:\/\/auto-coaching.fr\/index.php\/wp-json\/wp\/v2\/comments?post=1002"}],"version-history":[{"count":1,"href":"https:\/\/auto-coaching.fr\/index.php\/wp-json\/wp\/v2\/pages\/1002\/revisions"}],"predecessor-version":[{"id":1003,"href":"https:\/\/auto-coaching.fr\/index.php\/wp-json\/wp\/v2\/pages\/1002\/revisions\/1003"}],"wp:attachment":[{"href":"https:\/\/auto-coaching.fr\/index.php\/wp-json\/wp\/v2\/media?parent=1002"}],"curies":[{"name":"wp","href":"https:\/\/api.w.org\/{rel}","templated":true}]}}