{"id":1023,"date":"2013-12-04T14:40:26","date_gmt":"2013-12-04T12:40:26","guid":{"rendered":"http:\/\/www.auto-coaching.fr\/?page_id=1023"},"modified":"2013-12-04T19:00:15","modified_gmt":"2013-12-04T17:00:15","slug":"ken-robinson-comment-echapper-a-la-valee-de-la-mort-de-l-education","status":"publish","type":"page","link":"https:\/\/auto-coaching.fr\/index.php\/ken-robinson-comment-echapper-a-la-valee-de-la-mort-de-l-education\/","title":{"rendered":"Ken Robinson : Comment &eacute;chapper &agrave; la vall&eacute;e de la mort de l&#8217;Education"},"content":{"rendered":"<p>Voici une vid\u00e9o de Sir Ken ROBINSONS lors de son intervention au TED 2013. Ken ROBINSON est une r\u00e9f\u00e9rence internationale en mati\u00e8re d&#8217;Education et de P\u00e9dagogie. Enseignant, \u00e9crivain, chercheur, conseiller&#8230; il est \u00e0 l&#8217;origine de nombreuses initiatives et a contribu\u00e9 \u00e0 d&#8217;innombrables projets \u00e9ducatif, tant aux USA qu&#8217;en Europe. Il glisse de l&#8217;humour (so british) \u00e0 la po\u00e9sie en quelque secondes, saisissant la moindre occasion pour mettre en avant la cr\u00e9ativit\u00e9 et l&#8217;innovation, tant dans les milieux professionnels que dans les \u00e9coles.  <\/p>\n<p>Ses vid\u00e9os ont comptabilis\u00e9 20 millions de vues sur Internet. Ce qui est une record absolu dans ce domaine. Ces m\u00eames vid\u00e9os sont parfois projet\u00e9es sur grand \u00e9cran dans des conf\u00e9rences, ce qui porte le nombre de spectateurs \u00e0 plus de 250 millions ! Il est possible que sa t\u00eate vous dise quelque chose.<\/p>\n<p><iframe loading=\"lazy\" height=\"315\" src=\"http:\/\/embed.ted.com\/talks\/lang\/fr\/ken_robinson_how_to_escape_education_s_death_valley.html\" frameborder=\"0\" width=\"560\" scrolling=\"no\" mozallowfullscreen webkitallowfullscreen allowfullscreen><\/iframe><\/p>\n<p>Lien original :<br \/><a title=\"http:\/\/www.ted.com\/talks\/lang\/fr\/ken_robinson_how_to_escape_education_s_death_valley.html\" href=\"http:\/\/www.ted.com\/talks\/lang\/fr\/ken_robinson_how_to_escape_education_s_death_valley.html\">http:\/\/www.ted.com\/talks\/lang\/fr\/ken_robinson_how_to_escape_education_s_death_valley.html<\/a><\/p>\n<p>Je vous propose de commenter cet article, toujours en vous rappelant que vous \u00eates sur un syst\u00e8me d\u2019auto-coaching :<\/p>\n<p>Qu\u2019est-ce que cette vid\u00e9o r\u00e9v\u00e8le en vous ? Si vous avez des enfants ou des petits enfants, vous vous sentez peut-\u00eatre concern\u00e9(e) pour eux. Mais vous avez \u00e9t\u00e9 aussi form\u00e9 par l\u2019Education Nationale, vous pouvez donc vous sentir touch\u00e9(e) personnellement. Si vous \u00eates instituteur ou professeur, ce sera encore un feedback diff\u00e9rent.<\/p>\n<p>J\u2019attends vos commentaires.<\/p>\n<p>A++<\/p>\n<p><strong>St\u00e9phane SOLOMON<\/strong><\/p>\n<p>PS : Ken ROBINSON est \u00e9galement l\u2019auteur du livre :<br \/><a href=\"http:\/\/www.amazon.fr\/gp\/product\/2809649723\/ref=as_li_ss_tl?ie=UTF8&amp;camp=1642&amp;creative=19458&amp;creativeASIN=2809649723&amp;linkCode=as2&amp;tag=tc07a-21\">L&#8217;El\u00e9ment &#8211; Quand trouver sa voie peut tout changer !<\/a><img decoding=\"async\" loading=\"lazy\" style=\"border-bottom-style: none !important; border-right-style: none !important; margin: 0px; border-top-style: none !important; border-left-style: none !important\" border=\"0\" alt=\"\" src=\"http:\/\/ir-fr.amazon-adsystem.com\/e\/ir?t=tc07a-21&amp;l=as2&amp;o=8&amp;a=2809649723\" width=\"1\" height=\"1\"><br \/>A lire absolument, si vous vous sentez tr\u00e8s tr\u00e8s concern\u00e9(e) par cette vid\u00e9o.<\/p>\n<!--themify_builder_content-->\n<div id=\"themify_builder_content-1023\" data-postid=\"1023\" class=\"themify_builder_content themify_builder_content-1023 themify_builder tf_clear\">\n    <\/div>\n<!--\/themify_builder_content-->\n","protected":false},"excerpt":{"rendered":"<p>Voici une vid\u00e9o de Sir Ken ROBINSONS lors de son intervention au TED 2013. Ken ROBINSON est une r\u00e9f\u00e9rence internationale en mati\u00e8re d&#8217;Education et de P\u00e9dagogie. Enseignant, \u00e9crivain, chercheur, conseiller&#8230; il est \u00e0 l&#8217;origine de nombreuses initiatives et a contribu\u00e9 \u00e0 d&#8217;innombrables projets \u00e9ducatif, tant aux USA qu&#8217;en Europe. Il glisse de l&#8217;humour (so british) [&hellip;]<\/p>\n","protected":false},"author":1,"featured_media":0,"parent":0,"menu_order":0,"comment_status":"open","ping_status":"open","template":"","meta":[],"builder_content":"","_links":{"self":[{"href":"https:\/\/auto-coaching.fr\/index.php\/wp-json\/wp\/v2\/pages\/1023"}],"collection":[{"href":"https:\/\/auto-coaching.fr\/index.php\/wp-json\/wp\/v2\/pages"}],"about":[{"href":"https:\/\/auto-coaching.fr\/index.php\/wp-json\/wp\/v2\/types\/page"}],"author":[{"embeddable":true,"href":"https:\/\/auto-coaching.fr\/index.php\/wp-json\/wp\/v2\/users\/1"}],"replies":[{"embeddable":true,"href":"https:\/\/auto-coaching.fr\/index.php\/wp-json\/wp\/v2\/comments?post=1023"}],"version-history":[{"count":8,"href":"https:\/\/auto-coaching.fr\/index.php\/wp-json\/wp\/v2\/pages\/1023\/revisions"}],"predecessor-version":[{"id":1031,"href":"https:\/\/auto-coaching.fr\/index.php\/wp-json\/wp\/v2\/pages\/1023\/revisions\/1031"}],"wp:attachment":[{"href":"https:\/\/auto-coaching.fr\/index.php\/wp-json\/wp\/v2\/media?parent=1023"}],"curies":[{"name":"wp","href":"https:\/\/api.w.org\/{rel}","templated":true}]}}