{"id":1051,"date":"2013-12-17T12:12:08","date_gmt":"2013-12-17T10:12:08","guid":{"rendered":"http:\/\/www.auto-coaching.fr\/?page_id=1051"},"modified":"2013-12-17T13:56:02","modified_gmt":"2013-12-17T11:56:02","slug":"faites-vous-un-cadeau","status":"publish","type":"page","link":"https:\/\/auto-coaching.fr\/index.php\/faites-vous-un-cadeau\/","title":{"rendered":"Faites-vous un cadeau"},"content":{"rendered":"<p>Lorsque vous voulez vous motiver ou motiver votre entourage, \u00eates-vous adepte du b\u00e2ton ? Ca m\u00e9rite r\u00e9flexion, car certaines personnes s&#8217;en d\u00e9fendent philosophiquement parlant, mais dans les faits, dans les actes, dans les pens\u00e9es et dans les \u00e9motions, ils utilisent r\u00e9guli\u00e8rement ce levier. Tant pour eux que pour leurs proches.  <\/p>\n<p>Il y a quelques mois, j&#8217;ai propos\u00e9 \u00e0 l&#8217;un de mes clients ceci :  <\/p>\n<blockquote>\n<p>Pour la fin de l&#8217;ann\u00e9e, vous pourriez offrir une formation sur la gestion du temps \u00e0 vos employ\u00e9s. La semaine qui s\u00e9pare No\u00ebl du jour de l&#8217;an me para\u00eet une bonne p\u00e9riode puisque votre activit\u00e9 est au repos&#8230;<\/p>\n<\/blockquote>\n<p>Son premier r\u00e9flexe fut de faire 2 listes en distinguant les membres de son \u00e9quipe qui en auraient besoin de ceux qui n&#8217;en auraient pas besoin. Sachant qu&#8217;il se consid\u00e9rait comme seul juge, et que son barom\u00e8tre \u00e9tait l&#8217;argent que ses employ\u00e9s rapportaient \u00e0 l&#8217;entreprise ou le temps qu&#8217;ils lui faisaient gagner (par leur autonomie)&#8230;  <\/p>\n<p>La proposition a donc \u00e9t\u00e9 faite \u00e0 certains employ\u00e9s, mais pas \u00e0 d&#8217;autres. Mais ce qui est particuli\u00e8rement incongru vis-\u00e0-vis de mon \u00e9lan initial, c&#8217;est la transformation que cet employeur a fait en moins de 2 minutes : je lui proposais d&#8217;offrir un CADEAU \u00e0 son \u00e9quipe, et il a compl\u00e8tement d\u00e9natur\u00e9 l&#8217;id\u00e9e :  <\/p>\n<ul>\n<li>En proposant cette formation \u00e0 certains membres et pas \u00e0 d&#8217;autres, il a officiellement cr\u00e9\u00e9 un clivage, privant certains employ\u00e9s du cadeau de fin d&#8217;ann\u00e9e ! Lesquels ? Ceux qu&#8217;il consid\u00e9rait comme les meilleurs&#8230;\n<li>Le cadeau a \u00e9t\u00e9 transform\u00e9 en \u00absanction\u00bb, puisqu&#8217;il estime que seuls ceux qui font mal leur travail devaient <b>subir<\/b> la formation ! Les \u00abbons \u00e9l\u00e9ments\u00bb en \u00e9taient exempt\u00e9s.<\/li>\n<\/ul>\n<p>J\u2019ai tent\u00e9 de lui expliquer son erreur, mais j&#8217;ai l\u00e2ch\u00e9 prise car j&#8217;ai beaucoup de sympathie pour lui, et ma proposition s\u2019enlisait&#8230; Je con\u00e7ois qu&#8217;une formation puisse \u00eatre consid\u00e9r\u00e9e comme un mauvais moment \u00e0 passer, et je pr\u00e9f\u00e8re \u00e9viter d\u2019insister lorsque (suite \u00e0 une action positive), je constate que ce n\u2019est pas le moment d\u2019en parler&#8230; Je n\u2019ai pas abandonn\u00e9. Je laisse les choses faire leur chemin. je reconnais simplement que ma proposition, loin d\u2019\u00eatre une erreur dans l\u2019absolu, \u00e9tait une erreur dans ce contexte pr\u00e9cis&#8230;  <\/p>\n<h2>De sanction en sanction<\/h2>\n<p>J&#8217;ai pris conscience de mon erreur en apprenant ceci :  <\/p>\n<p>L&#8217;un des employ\u00e9s a \u00e9t\u00e9 ravi d&#8217;apprendre que ce genre de formation allait \u00eatre organis\u00e9. Il a donc montr\u00e9 son enthousiasme&#8230; Quelques semaines plus tard, il a affich\u00e9 des r\u00e9sultats d\u00e9cevants&#8230; R\u00e9sultat : l&#8217;employeur lui a dit que dans ces conditions, il ne l&#8217;inscrira pas \u00e0 la formation sur la gestion du temps. L&#8217;argumentaire : on ne s&#8217;inscrit pas \u00e0 ce genre de formation comme \u00e7a ! Il y a un pr\u00e9requis, que tu n&#8217;as pas !  <\/p>\n<p>Encore un coup de b\u00e2ton&#8230; Waouw ! Il y a du travail sur le style de management de l\u2019entrepreneur AVANT d&#8217;enrichir le catalogue de formation de l\u2019entreprise&#8230;  <\/p>\n<h2>Revenons \u00e0 votre auto-coaching<\/h2>\n<p>Avez-vous tendance \u00e0 r\u00e9agir comme cet employeur ? Je ne parle pas qu&#8217;aux entrepreneurs, je parle de votre patron-int\u00e9rieur : celui qui passe des commandes pour vous !  <\/p>\n<p>Lorsque je vous propose de vous inscrire \u00e0 un programme sur la confiance en soi (par exemple), quel est votre sentiment ?  <\/p>\n<ul>\n<li>Vous vous dites que vous avez assez confiance en vous et que vous n&#8217;en avez pas besoin ?\n<li>Vous vous dites que je vous sous-estime en vous faisant une telle proposition ?\n<li>Vous vous dites que vous n&#8217;avez pas assez confiance en vous pour vous inscrire ?\n<li>Vous vous dites que vous avez besoin d&#8217;un argumentaire complet et complexe avant de vous engager dans ce genre d&#8217;investissement ?<\/li>\n<\/ul>\n<p>En d&#8217;autres termes, consid\u00e9rez-vous que le fait d&#8217;entrer dans un programme sur la Confiance en soi est un aveu de faiblesse ? Faiblesses dont vous avez conscience ou qu&#8217;il faut que je r\u00e9v\u00e8le pour vous motiver ?  <\/p>\n<p>Si c&#8217;est ce que vous croyez, c&#8217;est l\u00e0 votre seule faiblesse.  <\/p>\n<p>La plupart des personnes qui s&#8217;inscrivent dans une formation, un coaching, une conf\u00e9rence, ou un salon qui traite de ce th\u00e8me, ont pour but de pr\u00e9server leur confiance, de la faire \u00e9voluer, de se d\u00e9passer&#8230; Ils savent que la confiance en soi, n\u00e9cessite une attention particuli\u00e8re, des rappels, de l&#8217;Energie&#8230; Tout au long de la vie. Ils envisagent de s\u2019y inscrire dans cette intention. Ce n\u2019est pas une faiblesse, mais une force.  <\/p>\n<p>Il y a quelques semaines j&#8217;ai particip\u00e9 \u00e0 une conf\u00e9rence sur les troubles de l\u2019\u00e9rection. Contrairement \u00e0 ce qu\u2019on pourrait en d\u00e9duire, je n&#8217;ai pas de soucis particuliers \u00e0 ce niveau. Au contraire : j&#8217;aspire \u00e0 une vie sexuelle \u00e9panouie, le plus longtemps possible. Je n&#8217;\u00e9tais donc pas l\u00e0 pour r\u00e9soudre des probl\u00e8mes, ni pour les anticiper. J&#8217;\u00e9tais l\u00e0 pour confirmer un choix de vie : j&#8217;aime faire l&#8217;amour \u00e0 ma compagne, et tout ce qui peut me permettre de m&#8217;\u00e9panouir, de me renforcer \u00e0 ce niveau m&#8217;int\u00e9resse. Je sais aussi que dans ces conf\u00e9rences, on en parle beaucoup des attentes de ma compagne : \u00e7a m\u2019int\u00e9resse&#8230; Enfin, le \u00abcoup de mou\u00bb, \u00e7a arrive ! Les astuces expos\u00e9e me seront forc\u00e9ment utiles un jour ou l&#8217;autre. Je ne suis donc pas entr\u00e9 la t\u00eate basse et la queue entre les jambes, mais dans un esprit transcendant, quasiment spirituel !  <\/p>\n<p>Je vous propose d&#8217;avoir la m\u00eame attitude face aux propositions de D\u00e9veloppement Personnel. Vous avez d\u00e9j\u00e0 un potentiel \u00e9norme dans tous ces domaines ! Le but n&#8217;est pas de r\u00e9soudre des probl\u00e8mes, mais de vous inscrire dans une direction de vie : un choix d\u2019auto-transcendance, c\u2019est-\u00e0-dire de d\u00e9passement de soi, dans les domaines qui vous tiennent \u00e0 c\u0153ur.  <\/p>\n<h2>Faites-vous un cadeau !<\/h2>\n<p>A l&#8217;approche des f\u00eates de fin d&#8217;ann\u00e9e, pensez \u00e0 vous faire un cadeau : parcourez la colonne de droite de cet article et choisissez un th\u00e8me qui correspond \u00e0 ce que vous voulez am\u00e9liorer : la pens\u00e9e positive, la confiance en soi, la m\u00e9moire et la perception, le rapport \u00e0 l&#8217;argent&#8230; Vous avez le choix.  <\/p>\n<p>Ne me demandez pas un argumentaire qui vous permettra de prendre une d\u00e9cision complexe avec des pour et de contre pond\u00e9r\u00e9s&#8230; La d\u00e9cision est tr\u00e8s simple \u00e0 prendre :  <\/p>\n<p>Le cadeau TIME-COACH vous a \u00e9t\u00e9 utile ? POUR-SUIVEZ : n\u2019attendez pas le cadeau suivant comme si \u00e7a ne d\u00e9pendait que d\u2019autrui. Offrez-vous un cadeau ! C&#8217;est un investissement personnel proactif. Il confirme un choix de vie ! Que souhaitez-vous pour l&#8217;avenir ? Davantage de pens\u00e9es positives, davantage de confiance, davantage d&#8217;opportunit\u00e9s financi\u00e8res, davantage de qui\u00e9tude ? Un bon maintien de tout \u00e7a ?  <\/p>\n<p>C&#8217;est \u00e0 vous de jouer ! Et rappelez-vous que le meilleur moment pour agir, c&#8217;est MAINTENANT ! Si vous avez des h\u00e9sitations, c&#8217;est MAINTENANT qu&#8217;il faut poser des questions. Si vous voulez attendre la fin du mois pour des raisons de tr\u00e9sorerie, alors c&#8217;est MAINTENANT qu&#8217;il faut planifier votre achat dans votre agenda. Si vous vous dites que vous n&#8217;aurez pas le temps de suivre un nouveau programme avant f\u00e9vrier, alors c&#8217;est MAINTENANT qu&#8217;il faut vous inscrire pour f\u00e9vrier !  <\/p>\n<p>Choisissez l&#8217;une des propositions qui se trouve \u00e0 votre port\u00e9e, validez votre choix MAINTENANT, et reprenez le cours du quotidien. Evidemment, ce que je dis l\u00e0 d\u00e9passe le cadre de TIME-COACH. Tout ce qui vous a \u00e9t\u00e9 \u00aboffert par la vie\u00bb et qui vous r\u00e9ussit, m\u00e9rite une prolongation. Une fois le cadeau re\u00e7u, utilis\u00e9, appr\u00e9ci\u00e9&#8230; La suite vous appartient.  <\/p>\n<p>Je vous f\u00e9licite d&#8217;avance pour votre choix, et je me sens honor\u00e9 d\u2019appara\u00eetre dans votre liste de CADEAUX.  <\/p>\n<p>A++  <\/p>\n<p><strong>St\u00e9phane SOLOMON<\/strong><\/p>\n<!--themify_builder_content-->\n<div id=\"themify_builder_content-1051\" data-postid=\"1051\" class=\"themify_builder_content themify_builder_content-1051 themify_builder tf_clear\">\n    <\/div>\n<!--\/themify_builder_content-->\n","protected":false},"excerpt":{"rendered":"<p>Lorsque vous voulez vous motiver ou motiver votre entourage, \u00eates-vous adepte du b\u00e2ton ? Ca m\u00e9rite r\u00e9flexion, car certaines personnes s&#8217;en d\u00e9fendent philosophiquement parlant, mais dans les faits, dans les actes, dans les pens\u00e9es et dans les \u00e9motions, ils utilisent r\u00e9guli\u00e8rement ce levier. Tant pour eux que pour leurs proches. Il y a quelques mois, [&hellip;]<\/p>\n","protected":false},"author":1,"featured_media":0,"parent":0,"menu_order":0,"comment_status":"open","ping_status":"open","template":"","meta":[],"builder_content":"","_links":{"self":[{"href":"https:\/\/auto-coaching.fr\/index.php\/wp-json\/wp\/v2\/pages\/1051"}],"collection":[{"href":"https:\/\/auto-coaching.fr\/index.php\/wp-json\/wp\/v2\/pages"}],"about":[{"href":"https:\/\/auto-coaching.fr\/index.php\/wp-json\/wp\/v2\/types\/page"}],"author":[{"embeddable":true,"href":"https:\/\/auto-coaching.fr\/index.php\/wp-json\/wp\/v2\/users\/1"}],"replies":[{"embeddable":true,"href":"https:\/\/auto-coaching.fr\/index.php\/wp-json\/wp\/v2\/comments?post=1051"}],"version-history":[{"count":7,"href":"https:\/\/auto-coaching.fr\/index.php\/wp-json\/wp\/v2\/pages\/1051\/revisions"}],"predecessor-version":[{"id":1058,"href":"https:\/\/auto-coaching.fr\/index.php\/wp-json\/wp\/v2\/pages\/1051\/revisions\/1058"}],"wp:attachment":[{"href":"https:\/\/auto-coaching.fr\/index.php\/wp-json\/wp\/v2\/media?parent=1051"}],"curies":[{"name":"wp","href":"https:\/\/api.w.org\/{rel}","templated":true}]}}