{"id":1067,"date":"2013-12-26T20:24:18","date_gmt":"2013-12-26T18:24:18","guid":{"rendered":"http:\/\/www.auto-coaching.fr\/?page_id=1067"},"modified":"2013-12-26T21:00:33","modified_gmt":"2013-12-26T19:00:33","slug":"un-conte-de-noel","status":"publish","type":"page","link":"https:\/\/auto-coaching.fr\/index.php\/un-conte-de-noel\/","title":{"rendered":"Un conte de No&euml;l"},"content":{"rendered":"<p>Ma fille ne croit plus au P\u00e8re-No\u00ebl depuis quelques semaines&#8230; Nous avons tout fait pour l&#8217;aider \u00e0 y croire encore une ann\u00e9e de plus, mais elle est tomb\u00e9e sur <strong>des briseurs de r\u00eaves<\/strong>&#8230; Quelques camarades de classe ont d\u00e9cid\u00e9 de lui donner une le\u00e7on de d\u00e9sillusion. Ils lui ont donc expliqu\u00e9 comme s&#8217;organisait la mascarade, et lui ont m\u00eame propos\u00e9 quelques techniques pour d\u00e9busquer les imposteurs&#8230;  <\/p>\n<p>Evidemment, cette ann\u00e9e, sa liste \u00e9tait moins fournie que celle de l&#8217;ann\u00e9e derni\u00e8re. C&#8217;\u00e9tait une liste de crise \u00e9conomique ! Tr\u00e8s raisonnable&#8230; Elle l&#8217;a b\u00e2cl\u00e9e pour nous faire plaisir, puis elle est all\u00e9e bouder dans sa chambre.  <\/p>\n<p>C&#8217;est ainsi lorsqu&#8217;une croyance se perd : les objectifs deviennent moins ambitieux et moins personnels. A force de ne plus croire en rien, on finit par ex\u00e9cuter les objectifs des autres, soit pour leur faire plaisir, soit parce qu&#8217;on s&#8217;y sent contraint. Mais le c\u0153ur n&#8217;y est plus&#8230; On ne croit plus au P\u00e8re-No\u00ebl.<\/p>\n<h2>Les briseurs de r\u00eaves<\/h2>\n<p>Avez-vous eu \u00e0 faire \u00e0 des briseurs de r\u00eaves ? Je ne parle pas des petits enfants, mais des adultes qui profitent de la moindre faiblesse pour vous forcer \u00e0 ne plus y croire !  <\/p>\n<p>Tous ceux qui ont cr\u00e9\u00e9 leur entreprise (ou qui ont tent\u00e9 de le faire) savent de quoi je parle. Plus ils s\u2019enthousiasmaient plus on venait pi\u00e9tiner leurs croyances :  <\/p>\n<p>&#8211; Mais&nbsp; c\u2019est la crise ! Tu vas te planter !<br \/>&#8211; Tu vas te ramasser comme ton cousin !<br \/>&#8211; Tu ne verras plus tes enfants grandir, tu ne penseras qu\u2019\u00e0 l\u2019argent !<br \/>&#8211; Tu n\u2019as pas int\u00e9r\u00eat \u00e0 gagner plus que ton mari, il va te maudire !<br \/>&#8211; Tu n\u2019est pas fait pour \u00e7a, tu le sais bien !  <\/p>\n<p>Waouw ! Vous sortez d&#8217;une discussion avec eux, et vous \u00eatre recadr\u00e9s \u00e0 vie. Il ne vous reste plus qu&#8217;\u00e0 trouver un poste quelque part, et \u00e0 ob\u00e9ir \u00e0 ceux qui r\u00eavent encore&#8230; Sachant que si on vous a bien endoctrin\u00e9, chacun des r\u00eaves de ceux qui vous dirigent vous para\u00eetra chim\u00e9rique ! Mais bon&#8230; Du moment qu&#8217;ils vous payent d\u00e9cemment, vous ferez ce qui est \u00e9crit sur leur liste&#8230; Oubliant que, vous aussi, vous pourriez avoir votre propre liste !  <\/p>\n<h2>L&#8217;assurance \u00abbris de r\u00eave\u00bb<\/h2>\n<p>Je vais vous donner une technique qui vous permettra de maintenir vos r\u00eaves face \u00e0 ceux qui tentent de vous les briser ! Mais je ne vais pas le faire de fa\u00e7on acad\u00e9mique. Je vais le faire sous forme de dialogue. Un dialogue qui dans la vraie vie, m&#8217;a co\u00fbt\u00e9 environ 2 heures. Mais quel bel investissement !  <\/p>\n<p>Ma fille boudait donc dans son coin&#8230; Sachant qu&#8217;elle est capable de le faire pendant des heures, j&#8217;ai d\u00e9cid\u00e9 de changer \u00e7a. Je me suis donc invit\u00e9 dans son univers, dans lequel je n&#8217;\u00e9tais, apriori, pas le bienvenu :  <\/p>\n<p>&#8211; Tu boudes ?  <\/p>\n<p>&#8211; Non, \u00e7a va !  <\/p>\n<p>&#8211; Tu boudes !  <\/p>\n<p>&#8211; Oui, mais tu ne pourras rien changer, alors laisse-moi tranquille !  <\/p>\n<p>&#8211; Pourquoi ? J&#8217;ai d\u00e9j\u00e0 r\u00e9ussi \u00e0 te rendre le sourire plein de fois&#8230;  <\/p>\n<p>&#8211; Les autres fois ce n&#8217;\u00e9tait pas de ta faute&#8230; Mais aujourd&#8217;hui, c&#8217;est \u00e0 cause de toi !  <\/p>\n<p>&#8211; Seulement \u00e0 cause de moi ?  <\/p>\n<p>&#8211; Toi et maman ! <\/p>\n<p>&#8211; Alors tu sais quoi ? Je ne vais pas essayer de me d\u00e9fendre, parce que tu vas croire que je le fais pour moi. Mais je vais d\u00e9fendre maman ! Tu me permets de prendre la d\u00e9fense de la femme de ma vie ?  <\/p>\n<p>&#8211; Si tu veux !  <\/p>\n<p>Ma fille me raconta ce qu&#8217;elle reprochait \u00e0 sa maman (et \u00e0 moi) : <strong>nous \u00e9tions des menteurs !<\/strong> Elle nous a crus, et elle \u00e9tait devenue la ris\u00e9e d\u2019un groupe d\u2019amis. Elle a tent\u00e9 de r\u00e9sister, mais ils lui ont expliqu\u00e9 comment d\u00e9pister le mensonge, et d\u00e9jouer nos strat\u00e9gies. Elle s&#8217;est tr\u00e8s vite rendu compte que ses camarade lui disaient la v\u00e9rit\u00e9, alors que ses parents essayaient de la mener en bateau&#8230;  <\/p>\n<p>J&#8217;ai pris ma posture de coach et je lui ai dit :  <\/p>\n<p>&#8211; Tes amis t&#8217;ont expliqu\u00e9 COMMENT-FAIRE pour nous pi\u00e9ger&#8230; Mais est-ce qu&#8217;ils t&#8217;ont dit POURQUOI ?  <\/p>\n<p>&#8211; Pour que je sois plus intelligente !  <\/p>\n<p>&#8211; Ah bon ? Ils t&#8217;ont dit \u00e7a ??? Quel mot ont-ils employ\u00e9 le plus souvent ? Le mot \u00abb\u00eate\u00bb ou le mot \u00abintelligente\u00bb ? <\/p>\n<p>&#8211; Ils m&#8217;ont dit que j&#8217;\u00e9tais b\u00eate de croire encore au P\u00e8re-No\u00ebl ! Ils se sont moqu\u00e9s de moi, et apr\u00e8s, ils m&#8217;ont expliqu\u00e9 comment faire pour d\u00e9couvrir la v\u00e9rit\u00e9.  <\/p>\n<p>&#8211; Donc tu ne sais pas POURQUOI ils ont fait \u00e7a. Tu supposes que c&#8217;est pour te rendre intelligente, mais ce n&#8217;est pas ce qu&#8217;ils t&#8217;ont dit.  <\/p>\n<p>&#8211; Non&#8230;  <\/p>\n<p>&#8211; Et tu ne sais pas non plus POURQUOI maman et moi t\u2019avons menti. Tu supposes que c&#8217;est parce qu&#8217;on te croit b\u00eate, mais est-ce qu\u2019on a d\u00e9j\u00e0 dit une chose pareille ?  <\/p>\n<p>&#8211; Non&#8230;  <\/p>\n<p>&#8211; Si tu n\u2019arrives pas \u00e0 pardonner \u00e0 notre fa\u00e7on d\u2019agir, tu vas peut-\u00eatre nous pardonner pour notre raison d\u2019agir&#8230; Mais parlons un peu de la raison de tes \u00abamis\u00bb : tu penses vraiment qu&#8217;apr\u00e8s t&#8217;avoir dit que tu \u00e9tais b\u00eate, ils voulaient te rendre intelligente ?&#8230; Tu crois vraiment qu&#8217;ils ont agi dans ce but ?  <\/p>\n<p>&#8211; Alors POURQUOI ?  <\/p>\n<p>&#8211; Tu es pr\u00eate \u00e0 l\u2019entendre ?  <\/p>\n<p>&#8211; Oui !  <\/p>\n<p>&#8211; Parce qu&#8217;il y a quelques mois, peut-\u00eatre m\u00eame quelques jours, ces petits malins croyaient encore au P\u00e8re-No\u00ebl ! Et lorsqu&#8217;ils ont d\u00e9couvert la \u00abv\u00e9rit\u00e9\u00bb, ils se sont sentis b\u00eates ! S&#8217;ils se sont acharn\u00e9s sur toi, ce n&#8217;est pas pour te rendre intelligente, mais parce qu&#8217;ils avaient besoin de se sentir intelligents !  <\/p>\n<p>&#8211; Mais le P\u00e8re-No\u00ebl n&#8217;existe pas !  <\/p>\n<p>&#8211; Viens avec moi !  <\/p>\n<p>Nous avons de la chance en France, car la nuit tombe t\u00f4t en hiver. Il \u00e9tait \u00e0 peine 17h30, et les d\u00e9corations urbaines commen\u00e7aient \u00e0 s&#8217;illuminer. Partout, il y avait \u00e9crit \u00abJoyeuses F\u00eates ! \u00bb, \u00abJoyeux No\u00ebl\u00bb&#8230; J&#8217;ai fait un tour en voiture avec ma fille au centre-ville. Nous avons compt\u00e9 au moins 40 d\u00e9corations qui repr\u00e9sentaient le P\u00e8re-No\u00ebl, un traineau, des rennes&#8230; Ensuite, je me suis rendu au magasin de jouets qui se trouve \u00e0 2km de la maison. Plus de 20 personnes faisaient la queue \u00e0 chaque caisse !  <\/p>\n<p>&#8211; Tu vois tous ces gens ? Ce sont des parents qui viennent acheter des cadeaux \u00e0 leurs enfants. Vois-tu un enfant de moins de 8 ans avec eux ? Pas un seul ! POURQUOI ?  <\/p>\n<p>&#8211; Parce qu&#8217;ils ne veulent pas qu&#8217;ils sachent que c&#8217;est ici qu&#8217;ils ach\u00e8tent leurs cadeaux&#8230; Ils veulent que leurs enfants croient au P\u00e8re-No\u00ebl ?  <\/p>\n<p>&#8211; C&#8217;est \u00e7a ! Tu vois ce papa qui a une cravate bleue \u00e0 rayure ? Aujourd&#8217;hui il est sorti plus t\u00f4t du bureau. D&#8217;habitude il n&#8217;a pas le temps de se promener dans les rayons. Mais aujourd&#8217;hui, il a PRIS LE TEMPS. S&#8217;il ne trouve pas l\u2019un des cadeaux qui est sur sa liste, il ira \u00e0 Champigny, S&#8217;il ne trouve pas \u00e0 Champigny, il ira \u00e0 Paris, ou alors il t\u00e9l\u00e9phonera \u00e0 son fr\u00e8re qui habite pr\u00e8s d&#8217;un magasin de jouets&#8230; Et s&#8217;il ne trouve toujours pas, il commandera sur Internet&#8230; Et m\u00eame si le cadeau arrive en retard, il racontera que le P\u00e8re-No\u00ebl l&#8217;a d\u00e9pos\u00e9 dans le jardin et que personne ne l&#8217;a vu avant&#8230; Mais il va finir par y arriver ! Tu crois qu&#8217;il fait \u00e7a juste mentir \u00e0 ses enfants ? Moi \u00e7a me para\u00eet trop !&#8230;  <\/p>\n<p>Nous sommes entr\u00e9s dans le magasin. En arrivant devant le rayon des jouets de son \u00e2ge, j&#8217;ai commenc\u00e9 \u00e0 ralentir (oui, je suis un manipulateur !). Ma fille tira un jouet qui permet de \u00abfaire la cuisine comme un chef\u00bb !  <\/p>\n<p>&#8211; Ca c&#8217;est vraiment super comme cadeau, me dit-elle !  <\/p>\n<p>&#8211; Ah oui !!! Je suis s\u00fbr que \u00e7a fera un beau cadeau pour ta s\u0153ur&#8230;  <\/p>\n<p>&#8211; Et moi ???  <\/p>\n<p>&#8211; Toi tu ne crois plus au P\u00e8re-No\u00ebl. Ta s\u0153ur y croit encore !  <\/p>\n<p>&#8211; Mais&#8230;  <\/p>\n<p>&#8211; Sois intelligente, ma fille&#8230; Tu sais bien que tout \u00e7a : ces couleurs, ces emballages, ces lumi\u00e8res, ces parents qui courent dans les rayons, ces vendeurs d\u00e9bord\u00e9s&#8230; C&#8217;est un gros mensonge ! C&#8217;est fait pour les gens b\u00eates ! Nous on peut passer devant tout \u00e7a et nous moquer d&#8217;eux, parce qu&#8217;on conna\u00eet la v\u00e9rit\u00e9 !  <\/p>\n<p>&#8211; Tu peux m&#8217;offrir un cadeau, TOI !  <\/p>\n<p>&#8211; MOI ?  <\/p>\n<p>&#8211; Bein oui !  <\/p>\n<p>&#8211; Mais moi&#8230; Moi&#8230; Je n&#8217;ai pas assez d&#8217;argent pour \u00e7a&#8230; Et puis moi, je n&#8217;ai pas le temps&#8230; Et puis j&#8217;ai la flemme de faire des emballages&#8230; Et je me demande pourquoi je suis sorti, alors qu&#8217;il fait si froid dehors&#8230; Et puis tu sais que j&#8217;ai horreur de faire la queue&#8230; Ah non, vraiment, l\u00e0, c&#8217;est au-dessus de mes forces ! Je n&#8217;ai pas assez d&#8217;\u00e9nergie pour \u00e7a. On va gagner du temps et de l&#8217;argent en prenant la sortie sans achats !  <\/p>\n<p>&#8211; Arr\u00eate !!! D&#8217;accord ! Je crois au P\u00e8re-No\u00ebl !  <\/p>\n<p>&#8211; Tu en as marre d&#8217;\u00eatre intelligente ?  <\/p>\n<p>&#8211; Oui !  <\/p>\n<p>&#8211; Tu es pr\u00eate \u00e0 faire comme si c&#8217;\u00e9tait VRAI ?  <\/p>\n<p>&#8211; Oui !  <\/p>\n<p>&#8211; Alors tu auras un VRAI cadeau&#8230; Tu vas l\u2019emballer toi-m\u00eame, et tu vas te l\u2019offrir \u00e0 No\u00ebl !  <\/p>\n<h2>A chaque saison, son Energie&#8230;<\/h2>\n<p>Sur le chemin du retour, j&#8217;ai expliqu\u00e9 le principe de l&#8217;Energie \u00e0 ma fille&#8230; Je lui ai dit que parfois, m\u00eame \u00e0 bout de force, m\u00eame si l&#8217;aventure parait compliqu\u00e9e ou b\u00eate ou inutile&#8230; On peut trouver en soi la force d&#8217;y croire encore ! Je lui ai \u00e9galement expliqu\u00e9 le principe de l&#8217;Energie collective : celle qu&#8217;on trouve dans des lieux comme les salles de sport, les biblioth\u00e8ques, les lieux de culte, les salles de conf\u00e9rences, l&#8217;\u00e9cole, les stations de ski, les villages de vacances&#8230; Toutes ces Energies qui permettent d&#8217;agir dans un sens pr\u00e9cis, parce que tout le monde est l\u00e0 pour la m\u00eame raison&#8230;  <\/p>\n<p>Je lui ai expliqu\u00e9 que le P\u00e8re-No\u00ebl \u00e9tait une \u00e9norme Energie Collective, mais que les petits enfants (et beaucoup d&#8217;adultes) ne savent pas ce qu&#8217;est l&#8217;Energie, ou n&#8217;osent pas en parler parce que \u00e7a ne se voit pas&#8230; Alors puisqu&#8217;ils ont besoin de voir pour y croire, on leur a invent\u00e9 un petit bonhomme au chapeau pointu, et on l&#8217;a habill\u00e9 en rouge. Lorsqu&#8217;ils commencent \u00e0 se demander comment un homme seul peut faire autant de choses, on leur dit qu&#8217;il est aid\u00e9 par des petits lutins.  <\/p>\n<p>Puis je lui ai avou\u00e9 que je croyais au P\u00e8re-No\u00ebl ! C&#8217;est le nom que je donne \u00e0 <strong>l&#8217;Energie du d\u00e9but de l&#8217;hiver<\/strong>. J\u2019aurais pu l\u2019appeler \u00abChakra Anahata\u00bb, mais je l\u2019ai appel\u00e9 P\u00e8re-No\u00ebl&#8230; Il suffit d&#8217;y croire pour en profiter, et en faire profiter ceux qu&#8217;on aime. <strong>Lorsqu&#8217;on croit en quelque chose, on en b\u00e9n\u00e9fice<\/strong>. Lorsqu&#8217;on n&#8217;y croit pas, les chances d&#8217;en tirer un quelconque profit sont minces&#8230; On ne peut \u00e0 la fois bouder le P\u00e8re-No\u00ebl, et lui demander de vider sa hotte sous notre sapin. Mais ce qui r\u00e9duit nos chances \u00e0 n\u00e9ant, c\u2019est de d\u00e9courager ceux qui y croient encore. Au mieux, on aura un cadeau tomb\u00e9 du camion&#8230; Miracle ! <\/p>\n<p>Le soir de No\u00ebl, ma fille d\u00e9cida de nous aider \u00e0 maintenir le r\u00eave de ses deux petites s\u0153urs. Jamais nous n&#8217;avons eu une aide aussi pr\u00e9cieuse : quelques minutes avant minuit, un traineau traversa le ciel&#8230; Puis ce fut le tour des lutins qui couraient dans le jardin. Enfin, lorsque le P\u00e8re-No\u00ebl (qui avait les m\u00eames chaussures que leur grand cousin) arriva avec sa barbe blanche et son chapeau pointu, elle les rassura, leur montrant que cette ann\u00e9e, elle n&#8217;avait pas peur&#8230; Nous avons pris une belle photo.  <\/p>\n<p>En fin de soir\u00e9e, ma fille vint nous remercier discr\u00e8tement pour ses cadeaux, sur lesquels elle posera d\u00e9sormais un nouveau regard. Je l&#8217;ai prise dans mes bras, et tout en l&#8217;embrassant je lui ai dit :  <\/p>\n<p>&#8211; Tu sais que tu nous as fait un beau cadeau toi aussi ?  <\/p>\n<p>&#8211; Ah bon ? <\/p>\n<p>&#8211; Oui&#8230;Tu nous as offert ton intelligence !  <\/p>\n<p>A++  <\/p>\n<p><strong>St\u00e9phane SOLOMON<\/strong><\/p>\n<!--themify_builder_content-->\n<div id=\"themify_builder_content-1067\" data-postid=\"1067\" class=\"themify_builder_content themify_builder_content-1067 themify_builder tf_clear\">\n    <\/div>\n<!--\/themify_builder_content-->\n","protected":false},"excerpt":{"rendered":"<p>Ma fille ne croit plus au P\u00e8re-No\u00ebl depuis quelques semaines&#8230; Nous avons tout fait pour l&#8217;aider \u00e0 y croire encore une ann\u00e9e de plus, mais elle est tomb\u00e9e sur des briseurs de r\u00eaves&#8230; Quelques camarades de classe ont d\u00e9cid\u00e9 de lui donner une le\u00e7on de d\u00e9sillusion. Ils lui ont donc expliqu\u00e9 comme s&#8217;organisait la mascarade, [&hellip;]<\/p>\n","protected":false},"author":1,"featured_media":0,"parent":0,"menu_order":0,"comment_status":"open","ping_status":"open","template":"","meta":[],"builder_content":"","_links":{"self":[{"href":"https:\/\/auto-coaching.fr\/index.php\/wp-json\/wp\/v2\/pages\/1067"}],"collection":[{"href":"https:\/\/auto-coaching.fr\/index.php\/wp-json\/wp\/v2\/pages"}],"about":[{"href":"https:\/\/auto-coaching.fr\/index.php\/wp-json\/wp\/v2\/types\/page"}],"author":[{"embeddable":true,"href":"https:\/\/auto-coaching.fr\/index.php\/wp-json\/wp\/v2\/users\/1"}],"replies":[{"embeddable":true,"href":"https:\/\/auto-coaching.fr\/index.php\/wp-json\/wp\/v2\/comments?post=1067"}],"version-history":[{"count":5,"href":"https:\/\/auto-coaching.fr\/index.php\/wp-json\/wp\/v2\/pages\/1067\/revisions"}],"predecessor-version":[{"id":1072,"href":"https:\/\/auto-coaching.fr\/index.php\/wp-json\/wp\/v2\/pages\/1067\/revisions\/1072"}],"wp:attachment":[{"href":"https:\/\/auto-coaching.fr\/index.php\/wp-json\/wp\/v2\/media?parent=1067"}],"curies":[{"name":"wp","href":"https:\/\/api.w.org\/{rel}","templated":true}]}}