{"id":1073,"date":"2013-12-27T15:04:43","date_gmt":"2013-12-27T13:04:43","guid":{"rendered":"http:\/\/www.auto-coaching.fr\/?page_id=1073"},"modified":"2013-12-27T16:02:32","modified_gmt":"2013-12-27T14:02:32","slug":"c-est-couru-d-avance","status":"publish","type":"page","link":"https:\/\/auto-coaching.fr\/index.php\/c-est-couru-d-avance\/","title":{"rendered":"C&rsquo;est couru d&rsquo;avance !"},"content":{"rendered":"<p>Avant de commenter cette vid\u00e9o de 2 minutes 49, regardez-la bien jusqu\u2019au bout :<\/p>\n<div id=\"scid:5737277B-5D6D-4f48-ABFC-DD9C333F4C5D:7b57c8e5-b9c6-43f6-9812-bd3255d6d86d\" class=\"wlWriterEditableSmartContent\" style=\"float: none; padding-bottom: 0px; padding-top: 0px; padding-left: 0px; margin: 0px; display: inline; padding-right: 0px\">\n<div><object width=\"570\" height=\"319\"><param name=\"movie\" value=\"http:\/\/www.youtube.com\/v\/70UF82nysIU?hl=en&amp;hd=1\"><\/param><\/object><\/div>\n<\/div>\n<p>Source originale : <a href=\"http:\/\/www.youtube.com\/watch?v=70UF82nysIU\">http:\/\/www.youtube.com\/watch?v=70UF82nysIU<\/a><\/p>\n<p>Cette course est c\u00e9l\u00e8bre ! De nombreuses personnes qui s\u2019int\u00e9ressent \u00e0 la motivation l\u2019ont prise pour exemple et l\u2019ont comment\u00e9e, chacun \u00e0 sa fa\u00e7on. Certains en ont fait un exercice de \u00abvisualisation du succ\u00e8s\u00bb, d\u2019autres s\u2019en sont servis pour illustrer la t\u00e9nacit\u00e9, le courage la d\u00e9termination&#8230; D\u2019autres encore, le d\u00e9passement de soi, la deuxi\u00e8me chance, le nouveau d\u00e9part&#8230;<\/p>\n<p>Tout \u00e7a est bon \u00e0 prendre ! Si vous avez quelques minutes \u00e0 accorder aux nombreux hommages qui ont \u00e9t\u00e9 faits \u00e0 Heather (Dorniden) Kampf, vous comprendrez que les m\u00eames images, le m\u00eame \u00e9v\u00e8nement, la m\u00eame information, peuvent \u00eatre per\u00e7us de diff\u00e9rentes fa\u00e7ons&#8230; Tout d\u00e9pend de votre \u00e9tat d\u2019esprit.<\/p>\n<p>Il est m\u00eame certain qu\u2019en regardant cette vid\u00e9o dans 3 mois, vous y verrez autre chose qu\u2019aujourd\u2019hui :<\/p>\n<p>J\u2019ai montr\u00e9 cette vid\u00e9o \u00e0 un client qui vient de traverser une p\u00e9riode difficile apr\u00e8s un jugement du Tribunal du Commerce. A la fin, il s\u2019est exclam\u00e9 :<\/p>\n<p><em>&#8211; Il y a une Justice !<\/em><\/p>\n<p>J\u2019ai montr\u00e9 cette vid\u00e9o \u00e0 une amie coach, et elle m\u2019a dit :<\/p>\n<p><em>&#8211; Tu vois ! Ce qui fait le succ\u00e8s de cette fille, c\u2019est sa chute, puis son attitude face \u00e0 la chute ! Aujourd\u2019hui, elle est reconnue davantage dans le milieu du D\u00e9veloppement Personnel que dans le milieu Sportif, parce qu\u2019elle est tomb\u00e9e, et elle s\u2019est relev\u00e9e !<\/em><\/p>\n<p>J\u2019ai montr\u00e9 cette vid\u00e9o \u00e0 un client convaincu que \u00abtout est complot\u00bb, que nous vivons dans un monde de mensonge, o\u00f9 tout est couru d\u2019avance&#8230; et il m\u2019a dit :<\/p>\n<p><em>&#8211; C\u2019est truqu\u00e9 ! On voit que ce sont des com\u00e9diennes qui courent&#8230;<\/em><\/p>\n<p>L\u2019ensemble de ce partage m\u2019a enrichi ! En particulier le dernier, qui m\u00e9rite un recadrage :<\/p>\n<p>Ce qui est truqu\u00e9, ce ne sont ni les images, ni l\u2019\u00e9v\u00e8nement. C\u2019est le mental de cette jeune-femme&#8230; C\u2019est s\u00fbr, elle a un truc ! Combien auraient abandonn\u00e9 ? Combien se seraient assis par-terre, le visage entre leurs mains ? Combien auraient fait mine de s\u2019\u00eatre bless\u00e9 pour \u00e9viter le ridicule ?<\/p>\n<blockquote>\n<p>Heather a un \u00abtruc\u00bb dans sa t\u00eate !<\/p>\n<\/blockquote>\n<p>Le coaching et le D\u00e9veloppement Personnel servent \u00e0 \u00e7a : avoir plein de \u00abtrucs\u00bb dans sa t\u00eate. Si \u00e7a vous tente, vous avez diff\u00e9rents th\u00e8mes expos\u00e9s dans la colonne de droite : choisissez vos trucages concernant la m\u00e9moire, la pens\u00e9e positive, la Confiance en soi, la proactivit\u00e9, la gestion du stress, le rapport \u00e0 l\u2019argent&#8230; Choisissez vos trucs !<\/p>\n<p>Pour accompagner cette derni\u00e8re vid\u00e9o de l\u2019ann\u00e9e, je souhaite \u00e0 toutes celles et ceux qui ont besoin de se relever, un prompt retour parmi les gagnants !<\/p>\n<p>Bon r\u00e9veillon, et bonnes r\u00e9solutions.<\/p>\n<p><strong>St\u00e9phane SOLOMON<\/strong><\/p>\n<p>PS : Un autre angle de prise de vue de la m\u00eame course :<\/p>\n<div id=\"scid:5737277B-5D6D-4f48-ABFC-DD9C333F4C5D:3a2edcc2-49d6-445f-b697-5d6374dc90b0\" class=\"wlWriterEditableSmartContent\" style=\"float: none; padding-bottom: 0px; padding-top: 0px; padding-left: 0px; margin: 0px; display: inline; padding-right: 0px\">\n<div><object width=\"579\" height=\"325\"><param name=\"movie\" value=\"http:\/\/www.youtube.com\/v\/uqnqLrakxY8?hl=en&amp;hd=1\"><\/param><\/object><\/div>\n<\/div>\n<p>Source originale : <a href=\"http:\/\/www.youtube.com\/watch?v=uqnqLrakxY8\">http:\/\/www.youtube.com\/watch?v=uqnqLrakxY8<\/a><\/p>\n<!--themify_builder_content-->\n<div id=\"themify_builder_content-1073\" data-postid=\"1073\" class=\"themify_builder_content themify_builder_content-1073 themify_builder tf_clear\">\n    <\/div>\n<!--\/themify_builder_content-->\n","protected":false},"excerpt":{"rendered":"<p>Avant de commenter cette vid\u00e9o de 2 minutes 49, regardez-la bien jusqu\u2019au bout : Source originale : http:\/\/www.youtube.com\/watch?v=70UF82nysIU Cette course est c\u00e9l\u00e8bre ! De nombreuses personnes qui s\u2019int\u00e9ressent \u00e0 la motivation l\u2019ont prise pour exemple et l\u2019ont comment\u00e9e, chacun \u00e0 sa fa\u00e7on. Certains en ont fait un exercice de \u00abvisualisation du succ\u00e8s\u00bb, d\u2019autres s\u2019en sont [&hellip;]<\/p>\n","protected":false},"author":1,"featured_media":0,"parent":0,"menu_order":0,"comment_status":"open","ping_status":"open","template":"","meta":[],"builder_content":"","_links":{"self":[{"href":"https:\/\/auto-coaching.fr\/index.php\/wp-json\/wp\/v2\/pages\/1073"}],"collection":[{"href":"https:\/\/auto-coaching.fr\/index.php\/wp-json\/wp\/v2\/pages"}],"about":[{"href":"https:\/\/auto-coaching.fr\/index.php\/wp-json\/wp\/v2\/types\/page"}],"author":[{"embeddable":true,"href":"https:\/\/auto-coaching.fr\/index.php\/wp-json\/wp\/v2\/users\/1"}],"replies":[{"embeddable":true,"href":"https:\/\/auto-coaching.fr\/index.php\/wp-json\/wp\/v2\/comments?post=1073"}],"version-history":[{"count":10,"href":"https:\/\/auto-coaching.fr\/index.php\/wp-json\/wp\/v2\/pages\/1073\/revisions"}],"predecessor-version":[{"id":1083,"href":"https:\/\/auto-coaching.fr\/index.php\/wp-json\/wp\/v2\/pages\/1073\/revisions\/1083"}],"wp:attachment":[{"href":"https:\/\/auto-coaching.fr\/index.php\/wp-json\/wp\/v2\/media?parent=1073"}],"curies":[{"name":"wp","href":"https:\/\/api.w.org\/{rel}","templated":true}]}}