{"id":1084,"date":"2013-12-31T16:03:33","date_gmt":"2013-12-31T14:03:33","guid":{"rendered":"http:\/\/www.auto-coaching.fr\/?page_id=1084"},"modified":"2013-12-31T16:14:22","modified_gmt":"2013-12-31T14:14:22","slug":"pour-une-belle-transition","status":"publish","type":"page","link":"https:\/\/auto-coaching.fr\/index.php\/pour-une-belle-transition\/","title":{"rendered":"Pour une belle transition"},"content":{"rendered":"<p>La nouvelle ann\u00e9e est un grand \u00e9v\u00e8nement pour beaucoup de gens. Mais, si on observe les choses de loin, comme un Grand Philosophe qui a un bon recul sur le monde qui l&#8217;entoure, on peut toujours se dire que tout ceci n&#8217;est qu&#8217;une invention et que nous aurions tr\u00e8s bien pu d\u00e9cider de faire la transition \u00e0 un autre moment, de cr\u00e9er des mois de 20 jours et des ann\u00e9es de 18 mois en rattrapant une journ\u00e9e de temps en temps. D&#8217;ailleurs, m\u00eame la semaine de 7 jours ne veut rien dire, nous pourrions la r\u00e9duire \u00e0 4, et d\u00e9cider qu&#8217;une heure fait 100 minutes. Ce qui serait bien plus rond que 60 minutes et plus commode pour faire des calculs li\u00e9s au temps.  <\/p>\n<p>Car mis \u00e0 part la r\u00e9volution de la terre autour du soleil, tout \u00e7a n&#8217;est que convention&#8230;  <\/p>\n<p>Que dis-je ? M\u00eame la d\u00e9cision de mesurer l&#8217;ann\u00e9e en fonction du soleil est une convention. Les juifs et les musulmans ont des ann\u00e9es lunaires, non solaires, et ce n&#8217;est pas plus b\u00eate. C&#8217;est juste une autre convention.  <\/p>\n<h2>Conventions&#8230;<\/h2>\n<p>Savez-vous pourquoi le mois de septembre commence par SEPT ? Tout simplement parce que pendant des si\u00e8cles ce fut le septi\u00e8me mois ! Le mois d&#8217;octobre \u00e9tait le huiti\u00e8me (octo = 8 en latin), novembre le neuvi\u00e8me, d\u00e9cembre le dixi\u00e8me etc. Du temps de l&#8217;empire romain, l&#8217;ann\u00e9e commen\u00e7ait au mois de Martius (mars).  <\/p>\n<p>Alors voyez&#8230; Finalement, nous pourrions d\u00e9cider en observant des faits historiques, que la grande f\u00eate que nous allons c\u00e9l\u00e9brer ce soir n&#8217;est qu&#8217;une vaste fumisterie, et que rien de sp\u00e9cial ne se produira r\u00e9ellement entre aujourd&#8217;hui et demain !  <\/p>\n<h2>Et pourtant&#8230;<\/h2>\n<p>Pourtant, ce soir, des milliards de personnes vont c\u00e9l\u00e9brer cette transition en comptant \u00e0 rebours les derni\u00e8res secondes de l&#8217;ann\u00e9e. Puis ils vont s&#8217;embrasser en se souhaitant mutuellement une belle et heureuse ann\u00e9e. Quelque chose de magique va se produire \u00e0 ce moment-l\u00e0 entre les Etres&#8230; Une sorte d&#8217;Energie va passer : une source d\u2019Energie va se rel\u00e2cher, et une autre na\u00eetra aussit\u00f4t.  <\/p>\n<p>Ca peut para\u00eetre absurde lorsqu&#8217;on observe le monde de haut. Et pourtant, quelque chose de joli va EXISTER v\u00e9ritablement \u00e0 ce moment-l\u00e0, parce que nous aurons d\u00e9cid\u00e9 de le faire exister. Ce n&#8217;est pas l&#8217;Energie qui est belle en soi : ce sont ceux qui s&#8217;en servent qui la rendent belle ! La beaut\u00e9 cr\u00e9e la beaut\u00e9&#8230;  <\/p>\n<p>Beaucoup de gens ne comprennent pas \u00e7a. Ils cr\u00e9ent une sorte de \u00abtristesse intelligente\u00bb en regardant les gens s&#8217;embrasser tout en se persuadant qu&#8217;ils sont en train de vivre un jour comme les autres, et que le 31 d\u00e9cembre \u00e0 minuit, rien de sp\u00e9cial ne se produit. Ils sont m\u00eame capables de revenir quelques minutes au temps de l&#8217;empire romain, pour se convaincre que ces gens qui font la f\u00eate se trompent : qu&#8217;il reste encore 2 mois avant Martius&#8230; Et cette \u00abintelligence\u00bb fera appara\u00eetre un rictus ironique, parfois cynique sur le visage.  <\/p>\n<p>Ils ont tort, puisque CONCRETEMENT il se passe quelque chose sous leurs yeux. Mais ils ont aussi raison ! S&#8217;ils d\u00e9cident de ne rien faire de sp\u00e9cial, il ne se passera rien de sp\u00e9cial POUR EUX&#8230; D&#8217;autres profiteront de l&#8217;instant magique pour \u00e9changer un premier baiser. Un baiser interminable, dont le destin d\u00e9pendait de deux c\u0153urs qui battaient \u00e0 l&#8217;unisson avant de s&#8217;exprimer, d\u2019un commun accord&#8230;  <\/p>\n<h2>Participez !<\/h2>\n<p>Ce soir \u00e0 minuit, vous pourrez profiter de la chaleur humaine DISPONIBLE, pr\u00eate \u00e0 vous r\u00e9chauffer. Ce soir \u00e0 minuit vous pourrez contribuer \u00e0 cette chaleur en ouvrant vos bras \u00e0 ceux qui sont en qu\u00eate de chaleur. Il y aura de l&#8217;offre et de la demande&#8230; <\/p>\n<blockquote>\n<p>Faites circuler l&#8217;Energie ! Soyez acteur, b\u00e9n\u00e9ficiaire ou spectateur b\u00e9at, mais soyez ! <\/p>\n<\/blockquote>\n<p>Lorsque le Bonheur est \u00e0 votre port\u00e9e, laissez l&#8217;histoire, la g\u00e9ographie, la cosmologie, les math\u00e9matiques, la philosophie, de c\u00f4t\u00e9 ! <\/p>\n<p>Savoir r\u00e9soudre une \u00e9quation \u00e0 deux inconnues, est-ce vraiment plus intelligent que de savoir chanter, danser ou raconter une histoire ? Je pense que ceux qui le croient commettent une faute d&#8217;intelligence grave : ils oublient que l&#8217;intelligence \u00e0 laquelle nous sommes form\u00e9s ob\u00e9it aussi \u00e0 des conventions&#8230; <\/p>\n<p>Nous sommes de plus en plus nombreux \u00e0 nous enthousiasmer \u00e0 l\u2019id\u00e9e, qu&#8217;une maman qui ne conna\u00eet pas sa table de multiplications, mais qui sait consoler son enfant lorsqu&#8217;il a besoin de r\u00e9confort, est une maman intelligente !  <\/p>\n<p>L&#8217;intelligence, c&#8217;est de vivre heureux, et de diffuser son bonheur !  <\/p>\n<p>Je vous souhaite une belle transition 2013-2014, heureuse ET intelligente.  <\/p>\n<p><strong>St\u00e9phane SOLOMON<\/strong><\/p>\n<!--themify_builder_content-->\n<div id=\"themify_builder_content-1084\" data-postid=\"1084\" class=\"themify_builder_content themify_builder_content-1084 themify_builder tf_clear\">\n    <\/div>\n<!--\/themify_builder_content-->\n","protected":false},"excerpt":{"rendered":"<p>La nouvelle ann\u00e9e est un grand \u00e9v\u00e8nement pour beaucoup de gens. Mais, si on observe les choses de loin, comme un Grand Philosophe qui a un bon recul sur le monde qui l&#8217;entoure, on peut toujours se dire que tout ceci n&#8217;est qu&#8217;une invention et que nous aurions tr\u00e8s bien pu d\u00e9cider de faire la [&hellip;]<\/p>\n","protected":false},"author":1,"featured_media":0,"parent":0,"menu_order":0,"comment_status":"open","ping_status":"open","template":"","meta":[],"builder_content":"","_links":{"self":[{"href":"https:\/\/auto-coaching.fr\/index.php\/wp-json\/wp\/v2\/pages\/1084"}],"collection":[{"href":"https:\/\/auto-coaching.fr\/index.php\/wp-json\/wp\/v2\/pages"}],"about":[{"href":"https:\/\/auto-coaching.fr\/index.php\/wp-json\/wp\/v2\/types\/page"}],"author":[{"embeddable":true,"href":"https:\/\/auto-coaching.fr\/index.php\/wp-json\/wp\/v2\/users\/1"}],"replies":[{"embeddable":true,"href":"https:\/\/auto-coaching.fr\/index.php\/wp-json\/wp\/v2\/comments?post=1084"}],"version-history":[{"count":3,"href":"https:\/\/auto-coaching.fr\/index.php\/wp-json\/wp\/v2\/pages\/1084\/revisions"}],"predecessor-version":[{"id":1087,"href":"https:\/\/auto-coaching.fr\/index.php\/wp-json\/wp\/v2\/pages\/1084\/revisions\/1087"}],"wp:attachment":[{"href":"https:\/\/auto-coaching.fr\/index.php\/wp-json\/wp\/v2\/media?parent=1084"}],"curies":[{"name":"wp","href":"https:\/\/api.w.org\/{rel}","templated":true}]}}