{"id":1088,"date":"2014-01-07T16:09:21","date_gmt":"2014-01-07T14:09:21","guid":{"rendered":"http:\/\/www.auto-coaching.fr\/?page_id=1088"},"modified":"2019-04-16T10:17:04","modified_gmt":"2019-04-16T08:17:04","slug":"le-cadeau-de-mon-fils","status":"publish","type":"page","link":"https:\/\/auto-coaching.fr\/index.php\/le-cadeau-de-mon-fils\/","title":{"rendered":"Le cadeau de mon fils"},"content":{"rendered":"<p>Le soir de No\u00ebl, mon fils (11 ans) m&#8217;a offert un beau cadeau. Je le sentais impatient depuis plusieurs jours : il m&#8217;a dit, 5 jours avant la soir\u00e9e, qu&#8217;il avait un super cadeau pour moi. Quelque chose que je n&#8217;ai pas encore et que j&#8217;aimerais bien avoir !  <\/p>\n<p>Il m&#8217;a achet\u00e9 le livre \u00ab<a href=\"http:\/\/www.amazon.fr\/gp\/product\/B00FQHJGLQ\/ref=as_li_ss_tl?ie=UTF8&amp;camp=1642&amp;creative=19458&amp;creativeASIN=B00FQHJGLQ&amp;linkCode=as2&amp;tag=tc07a-21\">L&#8217;\u00e9l\u00e9ment<\/a><img decoding=\"async\" loading=\"lazy\" style=\"border-top-style: none !important; border-bottom-style: none !important; border-right-style: none !important; margin: 0px; border-left-style: none !important\" border=\"0\" alt=\"\" src=\"http:\/\/ir-fr.amazon-adsystem.com\/e\/ir?t=tc07a-21&amp;l=as2&amp;o=8&amp;a=B00FQHJGLQ\" width=\"1\" height=\"1\"\/>\u00bb de Sir Ken ROBINSON. Comment a-t-il su que c&#8217;\u00e9tait exactement le cadeau qu&#8217;il fallait me faire ? Facile ! 3 semaines auparavant, Ken ROBINSON \u00e9tait l&#8217;invit\u00e9 d&#8217;Antoine DE CAUNES dans l&#8217;\u00e9mission \u00abLe Grand Journal\u00bb. D\u00e8s que je l&#8217;ai reconnu, j&#8217;ai sursaut\u00e9, j&#8217;ai mont\u00e9 le son et j&#8217;ai demand\u00e9 \u00e0 tout le monde de se taire&#8230;  <\/p>\n<p>Ken ROBINSON a dit quelques mots avec l&#8217;humour et l&#8217;intelligence qu&#8217;on lui conna\u00eet. Il a fait la promo de son livre, puis Antoine DE CAUNES lui a dit \u00e0 quel point il l&#8217;appr\u00e9ciait et respectait sa vision de l&#8217;Education. 6 minutes de plaisir et d&#8217;\u00e9coute. Un peu court \u00e0 mon go\u00fbt, mais c&#8217;est toujours \u00e7a&#8230;  <\/p>\n<p>Mon gar\u00e7on n&#8217;a pas r\u00e9agi tout de suite. Mais une dizaine de jours plus tard, lorsqu&#8217;il s&#8217;est demand\u00e9 ce qu&#8217;il pourrait m&#8217;offrir, il y a tout de suite pens\u00e9 : il a cherch\u00e9 dans ses \u00abcrochets-m\u00e9moire\u00bb (une technique que je lui ai apprise depuis qu&#8217;il a 4 ans) et il a trouv\u00e9 instantan\u00e9ment LE cadeau . Par pr\u00e9caution, il est descendu en douce dans mon bureau, a fait le tour des livres dont la couverture ressemblait \u00e0 celle qu&#8217;il a vue \u00e0 la t\u00e9l\u00e9, et a constat\u00e9 que je n&#8217;avais pas encore \u00abL&#8217;ELEMENT\u00bb. Il s&#8217;est pr\u00e9cipit\u00e9 sur AMAZON avec la complicit\u00e9 de sa maman, et il m&#8217;a achet\u00e9 le dernier exemplaire !  <\/p>\n<p>J&#8217;ai aim\u00e9 sa fa\u00e7on de me raconter les d\u00e9tails : le site affichait qu&#8217;il n&#8217;en restait qu&#8217;un ! Et je veux bien le croire, car le livre est en rupture de stock depuis plusieurs semaines. Un tel succ\u00e8s en France, c\u2019est rare ! En attendant la prochaine \u00e9dition, les exemplaires d&#8217;occasion se vendent autour de 40 euros, soit le double du neuf ! Vous pouvez toutefois vous procurer la version num\u00e9rique pour une dizaine d&#8217;euros, car \u00e0 ce niveau, il n&#8217;y a pas de rupture de stock. C&#8217;est l&#8217;un des nombreux avantages du num\u00e9rique.  <\/p>\n<p>En ouvrant le paquet le jour J, j&#8217;ai \u00e9t\u00e9 tr\u00e8s surpris ! Ce cadeau a pris une dimension particuli\u00e8re pour moi&#8230; Pourquoi pensez-vous ?  <\/p>\n<p>&#8211; Parce que c&#8217;est un livre sur le D\u00e9veloppement Personnel ?<br \/>&#8211; Non, j&#8217;en ai des centaines, et quelques dizaines que je n&#8217;ai pas encore lus ou termin\u00e9s !<br \/>&#8211; Parce que c&#8217;est le livre de mon conf\u00e9rencier pr\u00e9f\u00e9r\u00e9 ?<br \/>&#8211; Non plus ! En tout cas, ce n&#8217;est pas la raison principale&#8230;<br \/>&#8211; Parce que c&#8217;est le dernier exemplaire de la premi\u00e8re \u00e9dition ?<br \/>&#8211; Toujours pas&#8230; C&#8217;est amusant, mais ce n&#8217;est pas le sentiment qui m&#8217;habitait.<br \/>&#8211; Parce que c&#8217;est mon fils qui me l&#8217;a offert ?<br \/>&#8211; On y est presque&#8230; Mais il y a plus, beaucoup plus :  <\/p>\n<h2>L&#8217;ELEMENT <\/h2>\n<p>Je vais vous faire un aveu, mais gardez \u00e7a pour vous, car mon fils n&#8217;est pas au courant ! J&#8217;avais d\u00e9j\u00e0 achet\u00e9 le livre de Ken ROBINSON. Il est en num\u00e9rique dans mon application Kindle. Mon gar\u00e7on ne pouvait pas le savoir, ou du moins il n&#8217;a pas pens\u00e9 \u00e0 faire le tour de cette biblioth\u00e8que-l\u00e0. C&#8217;est l&#8217;un des inconv\u00e9nients du virtuel. Ceux qui sont n\u00e9s dedans sont certes plus \u00e0 l&#8217;aise, mais quoi qu&#8217;on fasse, c&#8217;est moins palpable. Il va falloir des ann\u00e9es d&#8217;innovations pour \u00e9galer, sur certains points, ce que les livres-papier nous apportent. J&#8217;ai donc fait mine de ne pas conna\u00eetre le livre, et j&#8217;ai commenc\u00e9 \u00e0 le feuilleter, comme si je le d\u00e9couvrais pour la premi\u00e8re fois&#8230;  <\/p>\n<p>Et vous savez quoi ? <strong>Je l&#8217;ai d\u00e9couvert pour la premi\u00e8re fois !<\/strong> C&#8217;\u00e9tait le m\u00eame r\u00e9cit que sur la version num\u00e9rique, et pourtant, tout semblait diff\u00e9rent ! Je lisais la m\u00eame histoire (que j&#8217;avais lue un mois auparavant), mais ce que je ressentais, ce que j&#8217;en retirais \u00e9tait nouveau !  <\/p>\n<p>Les pragmatiques me diront que c&#8217;est toujours comme \u00e7a : on comprend mieux les nuances la deuxi\u00e8me fois. Je suis d&#8217;accord, et je suis r\u00f4d\u00e9 \u00e0 l&#8217;exercice. Mais cette fois, c&#8217;\u00e9tait beaucoup plus intense, plus profond&#8230; Le fait que le cadeau vienne de mon fils y est certainement pour quelque chose. Mais ce n&#8217;est pas tout. Je pense que le cadeau vient aussi de mon p\u00e8re, et de l&#8217;amour du papier qu&#8217;il m&#8217;a transmis dans son atelier d&#8217;imprimerie (j&#8217;en parle dans le programme <a href=\"http:\/\/www.auto-coaching.fr\/la-peau-de-banane\/\">LA PEAU DE BANANE<\/a>).  <\/p>\n<p>Emu par ce que j&#8217;\u00e9tais en train de vivre, j&#8217;ai d\u00e9cid\u00e9 de sauter quelques pages&#8230; J&#8217;\u00e9tais si troubl\u00e9 qu&#8217;en feuilletant le livre, il m&#8217;est tomb\u00e9 des mains !  <\/p>\n<p>J&#8217;aime bien quand ce genre de trucs m&#8217;arrive, car ce \u00abl\u00e2cher-prise\u00bb est parfois une technique volontaire : je prends un livre que j&#8217;ai d\u00e9j\u00e0 lu, et tout en le feuilletant, je le laisse tomber, et je me dis qu&#8217;il est tomb\u00e9 sur la bonne page : celle que je dois relire ! N&#8217;allez pas croire que je sois un mystique&#8230; Je suis tout \u00e0 fait conscient que c&#8217;est moi qui fais tomber le livre \u00e0 un instant pr\u00e9cis, d&#8217;une hauteur pr\u00e9cise, en le tournant d&#8217;une fa\u00e7on pr\u00e9cise&#8230; C&#8217;est entre mes mains ! La page sur laquelle le livre est tomb\u00e9 a forc\u00e9ment quelque chose \u00e0 me dire, parce que <strong>j&#8217;ai quelque chose \u00e0 me dire !<\/strong>  <\/p>\n<p>Bon d&#8217;accord, c&#8217;est un peu mystique&#8230; Mais pas tant que \u00e7a : reconna\u00eetre qu&#8217;on peut s&#8217;associer au \u00abhasard qui fait bien les choses\u00bb, tenter de \u00abprovoquer sa chance\u00bb&#8230; C&#8217;est peut-\u00eatre mystique pour certains, mais c&#8217;est tr\u00e8s proactif pour d&#8217;autres !  <\/p>\n<p>Le livre est tomb\u00e9 pages 112-113. Je lis le seul intertitre qui s&#8217;y trouve :  <\/p><p style=\"font-size: 16pt\" align=\"center\"><strong>Inspirer les autres<\/strong> <\/p>\n<p>Je dois vous avouer qu&#8217;apr\u00e8s avoir lu ce livre la premi\u00e8re fois, je l\u2019ai trouv\u00e9 tr\u00e8s int\u00e9ressant, mais je m&#8217;interrogeais encore sur l\u2019El\u00e9ment qui me concerne\u2026 En suivant les propositions de l&#8217;auteur, je me suis pos\u00e9e plusieurs fois la question:  <\/p>\n<blockquote><p> <\/p>\n<p>Quand suis-je dans mon El\u00e9ment ? <\/p>\n<\/blockquote>\n<p>J&#8217;aime chanter, j&#8217;aime \u00e9crire, j&#8217;aime composer, j&#8217;aime le contact avec les gens, j&#8217;aime parler avec des enfants, j&#8217;aime la science, j&#8217;aime l&#8217;Energie des cr\u00e9ateurs d&#8217;entreprise, les technologies&#8230; C&#8217;est difficile de trouve son El\u00e9ment ! <strong>En aurais-je plusieurs ?<\/strong> Si oui, pourquoi Sir ROBINSON parle de <b>\u00abL&#8217;El\u00e9ment\u00bb<\/b> au singulier ?  <\/p>\n<p>Et voil\u00e0 que ce livre qui me tombe des mains me fait un clin-d&#8217;\u0153il, et me dit :  <\/p>\n<blockquote><p> <\/p>\n<p>Ton \u00e9l\u00e9ment, c&#8217;est d&#8217;inspirer les autres ! Peu importe le lieu, l&#8217;activit\u00e9, l&#8217;art associ\u00e9, le chemin qui t&#8217;y m\u00e8ne&#8230; Tu es touch\u00e9 par la gr\u00e2ce d\u00e8s que tu peux partager, r\u00e9v\u00e9ler, \u00e9mouvoir, faire briller&#8230; <\/p>\n<\/blockquote>\n<p>Je n&#8217;aurais jamais re\u00e7u ce message de fa\u00e7on aussi percutante avec la version num\u00e9rique du livre&#8230; Au mieux, si j&#8217;avais fait tomber mon Kindle, il serait kaputt ! Certes il suffit d&#8217;acheter un autre support pour retrouver tous ses livres en quelques minutes (encore un avantage ind\u00e9niable des Droits Num\u00e9riques), mais personne n&#8217;a encore invent\u00e9 l&#8217;e-book qu&#8217;on peut laisser glisser de ses mains&#8230; Ce qui \u00e9tait une technique dans mon monde physique, palpable, mat\u00e9riel&#8230; devient un incident dans mon monde num\u00e9rique&#8230;  <\/p>\n<p>Instinctivement, j&#8217;ai lanc\u00e9 mon application Kindle, et j&#8217;ai cherch\u00e9 le mot \u00abinspirer\u00bb dans le livre de Ken ROBINSON. Il apparait 21 fois sous diff\u00e9rents d\u00e9clinaisons&#8230; On peut faire cette recherche avec n&#8217;importe quel mot dans n&#8217;importe quel livre num\u00e9rique : le mot \u00abmath\u00e9matiques\u00bb appara\u00eet 76 fois, le mot \u00abdessin\u00bb, 35 fois&#8230; Et en un clic, on peut acc\u00e9der directement \u00e0 la bonne page !  <\/p>\n<p>Tiens&#8230; Si je n\u2019avais achet\u00e9 que la version num\u00e9rique, je n\u2019aurais pas pu le faire. Pourtant, c&#8217;est un support technique irrempla\u00e7able pour une personne qui aime <strong>lire dans le but d&#8217;inspirer&#8230;<\/strong>  <\/p>\n<h2>R\u00e9solution<\/h2>\n<p>Ce soir-l\u00e0, j&#8217;ai pris une r\u00e9solution : chez moi, <b>dans ma maison<\/b>, les livres num\u00e9riques ne remplaceront pas les livres broch\u00e9s, et l\u2019inverse non plus. Selon le contexte, le th\u00e8me ou l&#8217;auteur, je choisirai le meilleur support, non en fonction du temps ou de l&#8217;argent qu&#8217;il me fait gagner, mais surtout en fonction de l&#8217;inspiration qu&#8217;il peut m&#8217;apporter. Parfois, j&#8217;ach\u00e8terai le m\u00eame livre sur les deux supports, pour plus d&#8217;inspiration. C&#8217;est \u00abL&#8217;El\u00e9ment\u00bb qui a lanc\u00e9 l&#8217;id\u00e9e par accident, ou devrais-je dire (pour les initi\u00e9s) par S\u00e9rendipit\u00e9 : voil\u00e0 un \u00abheureux hasard\u00bb, que je peux r\u00e9utiliser. Je peux r\u00e9p\u00e9ter ce qui m&#8217;a r\u00e9ussi pour d&#8217;autres livres d\u00e9j\u00e0 lus, et \u00e0 lire&#8230; Si le support m&#8217;inspire tant de choses diff\u00e9rentes, alors je vais mettre toutes les chances de mon c\u00f4t\u00e9 en multipliant les supports, car inspirer, c&#8217;est mon truc !  <\/p>\n<p>Mon fils ne m&#8217;a pas offert qu&#8217;un livre intitul\u00e9 \u00abL\u2019ELEMENT\u00bb. Il m&#8217;a offert MON ELEMENT ! Je sais d\u00e9sormais que mon El\u00e9ment n&#8217;est pas sp\u00e9cifiquement le D\u00e9veloppement Personnel. Je pourrais aussi bien communiquer autour de mes connaissances technologiques ou math\u00e9matiques avec la m\u00eame Energie. Car ce n&#8217;est pas uniquement le th\u00e8me qui me porte, mais le fait de partager et d&#8217;inspirer ceux qui sont en qu\u00eates de partage et d&#8217;inspiration.  <\/p>\n<p>Je sais aussi que l\u2019expression \u00e9crite par courrier \u00e9lectronique est un support pour vous comme pour moi, mais qu\u2019il est temps d\u2019introduire d\u2019autres supports qui pourraient nous rapprocher davantage.  <\/p>\n<p>Est-ce que le cadeau de mon fils s&#8217;arr\u00eate l\u00e0 ? En fait, il y a bien d&#8217;autres choses que j&#8217;ai re\u00e7ues du petit coach en herbe, mais j&#8217;en parlerai dans d&#8217;autres articles. Pour l&#8217;heure, j&#8217;aimerais conclure sur le cadeau qu&#8217;il VOUS a fait :  <\/p>\n<p>Puisque vous et moi nous sommes en contact et que j&#8217;ai trouv\u00e9 mon El\u00e9ment, mon fils vient de vous offrir une ann\u00e9e 2014 encore plus inspirante ! Voil\u00e0 pourquoi l\u2019article s\u2019intitule, \u00able cadeau de mon fils\u00bb.  <\/p>\n<p>Tous mes v\u0153ux pour cette nouvelle ann\u00e9e, qui s&#8217;annonce sous le signe de l&#8217;Inspiration, gr\u00e2ce \u00e0 un petit gar\u00e7on de 11 ans, qui a juste voulu faire plaisir \u00e0 son papa !  <\/p>\n<p>A m\u00e9diter&#8230;  <\/p>\n<p>Bonne ann\u00e9e 2014 !!!  <\/p>\n<p><strong>St\u00e9phane SOLOMON<\/strong><\/p>\n<!--themify_builder_content-->\n<div id=\"themify_builder_content-1088\" data-postid=\"1088\" class=\"themify_builder_content themify_builder_content-1088 themify_builder tf_clear\">\n    <\/div>\n<!--\/themify_builder_content-->","protected":false},"excerpt":{"rendered":"<p>Le soir de No\u00ebl, mon fils (11 ans) m&#8217;a offert un beau cadeau. Je le sentais impatient depuis plusieurs jours : il m&#8217;a dit, 5 jours avant la soir\u00e9e, qu&#8217;il avait un super cadeau pour moi. Quelque chose que je n&#8217;ai pas encore et que j&#8217;aimerais bien avoir ! Il m&#8217;a achet\u00e9 le livre \u00abL&#8217;\u00e9l\u00e9ment\u00bb [&hellip;]<\/p>\n","protected":false},"author":1,"featured_media":5044,"parent":0,"menu_order":0,"comment_status":"open","ping_status":"open","template":"","meta":[],"builder_content":"","_links":{"self":[{"href":"https:\/\/auto-coaching.fr\/index.php\/wp-json\/wp\/v2\/pages\/1088"}],"collection":[{"href":"https:\/\/auto-coaching.fr\/index.php\/wp-json\/wp\/v2\/pages"}],"about":[{"href":"https:\/\/auto-coaching.fr\/index.php\/wp-json\/wp\/v2\/types\/page"}],"author":[{"embeddable":true,"href":"https:\/\/auto-coaching.fr\/index.php\/wp-json\/wp\/v2\/users\/1"}],"replies":[{"embeddable":true,"href":"https:\/\/auto-coaching.fr\/index.php\/wp-json\/wp\/v2\/comments?post=1088"}],"version-history":[{"count":7,"href":"https:\/\/auto-coaching.fr\/index.php\/wp-json\/wp\/v2\/pages\/1088\/revisions"}],"predecessor-version":[{"id":5046,"href":"https:\/\/auto-coaching.fr\/index.php\/wp-json\/wp\/v2\/pages\/1088\/revisions\/5046"}],"wp:featuredmedia":[{"embeddable":true,"href":"https:\/\/auto-coaching.fr\/index.php\/wp-json\/wp\/v2\/media\/5044"}],"wp:attachment":[{"href":"https:\/\/auto-coaching.fr\/index.php\/wp-json\/wp\/v2\/media?parent=1088"}],"curies":[{"name":"wp","href":"https:\/\/api.w.org\/{rel}","templated":true}]}}