{"id":1094,"date":"2014-01-08T15:00:24","date_gmt":"2014-01-08T13:00:24","guid":{"rendered":"http:\/\/www.auto-coaching.fr\/?page_id=1094"},"modified":"2014-01-08T15:05:47","modified_gmt":"2014-01-08T13:05:47","slug":"vivez-2014","status":"publish","type":"page","link":"https:\/\/auto-coaching.fr\/index.php\/vivez-2014\/","title":{"rendered":"Vivez 2014 !"},"content":{"rendered":"<p>Pour cette nouvelle ann\u00e9e, j&#8217;aimerais commencer par une petite histoire. Vous reconna\u00eetrez peut-\u00eatre le d\u00e9but, car l&#8217;anecdote originale est tr\u00e8s populaire en Communication et en Marketing. Dans le cadre qui nous int\u00e9resse (le coaching), j&#8217;ai d\u00e9cid\u00e9 d&#8217;en modifier la fin :  <\/p>\n<p>&#8212;&#8211;  <\/p>\n<p>Il \u00e9tait une fois dans un petit village, un vieux paysan, qui par contrainte plus que par envie, d\u00e9cida de vendre sa vache laiti\u00e8re. Il se rendit au march\u00e9 de la ville la plus proche, et s&#8217;adressa ainsi aux passants :  <\/p>\n<div class=\"dialogue\">\n<p>Messieurs-dames, c&#8217;est avec une grande amertume que je dois vendre ma vache, mais je n&#8217;ai pas le choix. Si je veux survivre \u00e0 mon 71\u00e8me hiver, je dois r\u00e9parer ma toiture, et le lait que je vends me permet \u00e0 peine de survivre. Cette vache ne vous encombrera pas, ne vous fera aucun tort, ne vous donnera aucun souci. Elle n&#8217;a aucun caract\u00e8re.  <\/p>\n<p>Je me dois d&#8217;\u00eatre honn\u00eate : elle ne produit que 7 litres de lait par jour&#8230; C&#8217;est 2 fois moins que la plupart des laiti\u00e8res de notre r\u00e9gion, mais peut-\u00eatre qu&#8217;avec une meilleure alimentation elle vous donnera quelques litres de plus. J&#8217;aurais aim\u00e9 la garder car j&#8217;y suis attach\u00e9, mais elle en est \u00e0 ses derni\u00e8res lactations, et sa performance se d\u00e9gradera ces 5 prochaines ann\u00e9es. J&#8217;en appelle \u00e0 votre g\u00e9n\u00e9rosit\u00e9&#8230; <\/p>\n<\/div>\n<p>Les passants s&#8217;arr\u00eataient quelques secondes devant le pauvre homme, puis repartaient en courant, comme pour rattraper le temps perdu&#8230; La matin\u00e9e passa ainsi, sans aucune proposition.  <\/p>\n<p>A mi-journ\u00e9e, un homme portant un costume \u00e9l\u00e9gant, assorti \u00e0 un sourire chaleureux s&#8217;approcha du paysan. \u00abJe vais faire quelque chose pour vous !\u00bb, lui dit-il. Le laitier pensa qu&#8217;il avait enfin trouv\u00e9 acqu\u00e9reur, mais \u00e0 sa grande surprise, l&#8217;homme se pla\u00e7a devant lui et s&#8217;adressa \u00e0 la foule :  <\/p>\n<div class=\"dialogue\">\n<p>Mesdames, messieurs, approchez et tendez bien l&#8217;oreille, car vous avez le privil\u00e8ge d&#8217;assister \u00e0 un \u00e9v\u00e8nement hors du commun, et il prend naissance devant vous, aujourd&#8217;hui. Je ne pense pas que vous soyez l\u00e0 par hasard&#8230; Je pense que si vous \u00eates l\u00e0, c&#8217;est parce que vous m\u00e9ritez d&#8217;en profiter. Vous \u00eates des privil\u00e9gi\u00e9s :  <\/p>\n<p>L&#8217;homme que vous voyez \u00e0 mes c\u00f4t\u00e9s a perc\u00e9 le myst\u00e8re qui nous lie \u00e0 la Nature et ses bienfaits&#8230; J&#8217;en veux pour preuve cette vache sacr\u00e9e que vous voyez \u00e0 ses c\u00f4t\u00e9s, mais avant de vous parler d&#8217;elle, je vous demande d&#8217;observer attentivement son propri\u00e9taire : il a 71 ans et il a parcouru plus de 10 kilom\u00e8tres \u00e0 pieds ce matin pour se pr\u00e9senter devant vous. Il se tient debout, et en pleine forme. Il parcourra la m\u00eame distance au retour. D&#8217;o\u00f9 tient-il sa force ? De ce lait ! De ce nectar absolument incroyable que je vais vous proposer de go\u00fbter dans quelques instants.  <\/p>\n<p>Observez cette vache laiti\u00e8re : elle nous \u00e9coute, elle nous contemple, elle nous comprend&#8230; Son lait est une source d&#8217;\u00e9nergies sacr\u00e9es : il donne \u00e0 chacun ce dont il a besoin pour accomplir sa mission : si vous avez besoin de force, ce lait vous donnera de la force. Si vous avez besoin de sagesse, il vous permettra d&#8217;y acc\u00e9der. Le lait qu&#8217;elle produit est dans la m\u00eame vibration que vos aspirations les plus profondes, et cette g\u00e9n\u00e9reuse cr\u00e9ature en donne jusqu&#8217;\u00e0 7 litres par jours !  <\/p>\n<p>Son ma\u00eetre est un \u00e9leveur exceptionnel. Si vous poss\u00e9dez des animaux, vous pouvez lui demander conseil : il vous r\u00e9pondra avec des mots simples, que vous pourrez comprendre. A pr\u00e9sent, nous allons proc\u00e9der \u00e0 la d\u00e9gustation, et vous m&#8217;en direz des nouvelles. <\/p>\n<\/div>\n<p>La d\u00e9gustation commen\u00e7a&#8230; Les petits comme les grands trouv\u00e8rent la boisson excellente&#8230; Tr\u00e8s diff\u00e9rente du lait insipide qu&#8217;ils buvaient habituellement. Les fermiers des alentours, intrigu\u00e9s, d\u00e9cid\u00e8rent \u00e9galement d&#8217;y go\u00fbter, et subjugu\u00e9s, ils demand\u00e8rent au vieil homme de leur donner quelques secrets d&#8217;\u00e9levage. Ils furent \u00e9tonn\u00e9s d&#8217;apprendre que sa vache allait atteindre sa 12\u00e8me ann\u00e9e. La plupart des vaches laiti\u00e8res cessaient toute production vers l&#8217;\u00e2ge de 8 ans.  <\/p>\n<p>Il partagea volontiers son exp\u00e9rience qui, pour beaucoup d&#8217;\u00e9leveurs, \u00e9taient des connaissances&#8230;  <\/p>\n<p>Une heure plus tard, il se sentit tr\u00e8s \u00e0 l&#8217;aise parmi ses nouveaux amis. Tout le monde l&#8217;admirait et le consid\u00e9rait comme un mod\u00e8le. Il en fut tr\u00e8s \u00e9tonn\u00e9, et surtout g\u00ean\u00e9&#8230; Il s&#8217;adressa discr\u00e8tement \u00e0 son bienfaiteur, et lui dit :  <\/p>\n<p>&#8211; Comment allez-vous me sortir de ce mensonge ?  <\/p>\n<p>&#8211; Quel mensonge ? lui r\u00e9pondit-il&#8230; A quel moment ai-je menti ?  <\/p>\n<p>A partir de ce jour, le vieux paysan devint incontournable. Des centaines de personnes d\u00e9filaient devant sa ferme chaque matin, pr\u00eats \u00e0 payer le verre de lait au prix du litre. Il se demanda comment satisfaire une demande de plus en plus croissante. Puis, le miracle s&#8217;accomplit : les fermiers alentour lui demand\u00e8rent d&#8217;accompagner la premi\u00e8re lactation de leurs g\u00e9nisses. Il se retrouva avec un petit b\u00e9tail en pension dont la production de lait lui appartenait. Puis, des jeunes-gens, sur le point de \u00abmonter vers la capitale\u00bb, revinrent sur leur d\u00e9cision en observant ce succ\u00e8s local. Ils lui demand\u00e8rent de devenir leur mentor, et lui promirent de perp\u00e9tuer son enseignement.  <\/p>\n<p>&#8212;&#8211;  <\/p>\n<p>Avez-vous tendance, comme ce fermier, et comme 9 personnes sur 10, \u00e0 d\u00e9valoriser vos plus belles r\u00e9alisations et \u00e0 m\u00e9sestimer votre potentiel ? Serait-il possible que vous disposiez de ressources exceptionnelles et de comp\u00e9tences hors du commun, sans en avoir conscience ? Au point que la moindre flatterie et certaines opportunit\u00e9s vous mettent dans l&#8217;embarras, voire dans la m\u00e9fiance&#8230;  <\/p>\n<p>Il suffit parfois de poser un regard diff\u00e9rent, pour que de nouvelles r\u00e9alit\u00e9s apparaissent et rayonnent tout autour de vous. Vous pourrez en b\u00e9n\u00e9ficier, et surtout contribuer au monde&#8230; Vos actions auront alors une port\u00e9e au del\u00e0 de votre pr\u00e9sence ici et maintenant.  <\/p>\n<p>&#8212;&#8211;  <\/p>\n<p>Pour cette nouvelle ann\u00e9e, je vous souhaite, ainsi qu&#8217;\u00e0 vos proches, Sant\u00e9, Bonheur, et Prosp\u00e9rit\u00e9 dans tous les domaines qui vous tiennent \u00e0 c\u0153ur. Que les ressources int\u00e9rieures et ext\u00e9rieures dont vous disposez se r\u00e9v\u00e8lent, et que votre \u00e2me vous guide r\u00e9guli\u00e8rement au bon endroit, au bon moment, afin que vous puissiez agir en science et en conscience.  <\/p>\n<p>Vivez 2014 !  <\/p>\n<p><strong>St\u00e9phane SOLOMON<br \/>et son \u00e9quipe<\/strong><\/p>\n<!--themify_builder_content-->\n<div id=\"themify_builder_content-1094\" data-postid=\"1094\" class=\"themify_builder_content themify_builder_content-1094 themify_builder tf_clear\">\n    <\/div>\n<!--\/themify_builder_content-->\n","protected":false},"excerpt":{"rendered":"<p>Pour cette nouvelle ann\u00e9e, j&#8217;aimerais commencer par une petite histoire. Vous reconna\u00eetrez peut-\u00eatre le d\u00e9but, car l&#8217;anecdote originale est tr\u00e8s populaire en Communication et en Marketing. Dans le cadre qui nous int\u00e9resse (le coaching), j&#8217;ai d\u00e9cid\u00e9 d&#8217;en modifier la fin : &#8212;&#8211; Il \u00e9tait une fois dans un petit village, un vieux paysan, qui par [&hellip;]<\/p>\n","protected":false},"author":1,"featured_media":0,"parent":0,"menu_order":0,"comment_status":"open","ping_status":"open","template":"","meta":[],"builder_content":"","_links":{"self":[{"href":"https:\/\/auto-coaching.fr\/index.php\/wp-json\/wp\/v2\/pages\/1094"}],"collection":[{"href":"https:\/\/auto-coaching.fr\/index.php\/wp-json\/wp\/v2\/pages"}],"about":[{"href":"https:\/\/auto-coaching.fr\/index.php\/wp-json\/wp\/v2\/types\/page"}],"author":[{"embeddable":true,"href":"https:\/\/auto-coaching.fr\/index.php\/wp-json\/wp\/v2\/users\/1"}],"replies":[{"embeddable":true,"href":"https:\/\/auto-coaching.fr\/index.php\/wp-json\/wp\/v2\/comments?post=1094"}],"version-history":[{"count":3,"href":"https:\/\/auto-coaching.fr\/index.php\/wp-json\/wp\/v2\/pages\/1094\/revisions"}],"predecessor-version":[{"id":1098,"href":"https:\/\/auto-coaching.fr\/index.php\/wp-json\/wp\/v2\/pages\/1094\/revisions\/1098"}],"wp:attachment":[{"href":"https:\/\/auto-coaching.fr\/index.php\/wp-json\/wp\/v2\/media?parent=1094"}],"curies":[{"name":"wp","href":"https:\/\/api.w.org\/{rel}","templated":true}]}}