{"id":1114,"date":"2014-01-10T11:03:34","date_gmt":"2014-01-10T09:03:34","guid":{"rendered":"http:\/\/www.auto-coaching.fr\/?page_id=1114"},"modified":"2014-01-10T13:31:51","modified_gmt":"2014-01-10T11:31:51","slug":"qui-suis-je-pour-ne-pas-etre-fait-pour","status":"publish","type":"page","link":"https:\/\/auto-coaching.fr\/index.php\/qui-suis-je-pour-ne-pas-etre-fait-pour\/","title":{"rendered":"Qui suis-je pour ne pas &ecirc;tre fait pour&#8230;?"},"content":{"rendered":"<p>Vers l&#8217;\u00e2ge de 7 ans, j&#8217;ai dit \u00e0 mon p\u00e8re que j&#8217;entendais des musiques dans ma t\u00eate. J&#8217;entendais du violon, du piano, de la guitare&#8230; C&#8217;\u00e9tait discret : comme cette petite voix qui vous dit fais ceci, fais cela (ou ne fais pas ceci, ne fais pas cela)&#8230;  <\/p>\n<p>Suite \u00e0 un \u00e9v\u00e8nement remarquable (que je vous raconterai une autre fois), mon p\u00e8re d\u00e9cida de m&#8217;inscrire au conservatoire pour apprendre le piano. J&#8217;ai \u00e9t\u00e9 re\u00e7u par monsieur DRACO ! Le chef du Conservatoire, qui avait un faible pour la rigueur&#8230;  <\/p>\n<p>J&#8217;ai suivi 2 cours m\u00e9morables, puis, apr\u00e8s m&#8217;avoir presque referm\u00e9 le capot sur les doigts en me d\u00e9laissant pendant une heure au profit d&#8217;un petit g\u00e9nie, il dit \u00e0 mon p\u00e8re qui vint me chercher :  <\/p>\n<p>&#8211; Votre fils n&#8217;est pas fait pour la musique !  <\/p>\n<p>Il l&#8217;a dit devant moi (sinon, je pense que son niveau de satisfaction aurait \u00e9t\u00e9 moindre). Ainsi, un professeur de musique, Directeur de conservatoire jouissant d&#8217;une belle renomm\u00e9e locale, a bris\u00e9 mon r\u00eave de pouvoir un jour r\u00e9aliser concr\u00e8tement, ce que je concevais dans ma t\u00eate&#8230;  <\/p>\n<p>Cet incident a eu une port\u00e9e qui d\u00e9passa le cadre de la musique. Durant longtemps, chaque chose que je voulais r\u00e9aliser, restait dans ma t\u00eate !  <\/p>\n<p>Heureusement pour moi, mon p\u00e8re composait des chansons avec 2 doigts, et il n&#8217;en avait jamais honte. Au contraire : une fois ses musiques termin\u00e9es, il faisait appel \u00e0 des musiciens et des arrangeurs pour qu&#8217;ils \u00e9crivent les partitions et habillent ses \u0153uvres. Il jouait avec ses deux doigts, les super pros prenaient des notes et ex\u00e9cutaient avec technique ce que mon p\u00e8re concevait avec g\u00e9nie.  <\/p>\n<p>Je crois que Monsieur DRACO a gratt\u00e9 davantage de partitions que mon p\u00e8re avait compos\u00e9es, que ses propres compositions. Je ne suis m\u00eame pas s\u00fbr qu&#8217;il savait composer. En tout cas, il n&#8217;a pas su composer avec moi !  <\/p>\n<p>Parfois, en secret, lorsqu&#8217;il n&#8217;y avait personne dans la maison, je me mettais au piano, et je me r\u00e9alisais avec deux doigts. En secret, parce que j&#8217;avais honte ! Je n&#8217;\u00e9tais pas fait pour \u00e7a ! C&#8217;\u00e9tait une certitude absolue&#8230; Le ma\u00eetre en la mati\u00e8re a regard\u00e9 mon p\u00e8re dans les yeux pour l&#8217;affirmer !  <\/p>\n<p>Mon histoire avec la musique, et en particulier avec le piano est assez tourment\u00e9e. Je pense que Monsieur DRACO y est pour quelque chose. J&#8217;\u00e9tais trop petit pour savoir qu&#8217;il \u00e9tait possible de se servir positivement de son jugement. Je n&#8217;ai donc jamais v\u00e9cu le plaisir de jouer devant les tatas et les tontons admiratifs. Mais j&#8217;avais des musiques plein la t\u00eate ! Et j&#8217;avais un mod\u00e8le, mon p\u00e8re, qui m&#8217;a appris sans jamais me l&#8217;enseigner, comment faire pour r\u00e9aliser ce qu&#8217;on con\u00e7oit, m\u00eame si on n&#8217;est pas fait pour \u00e7a !  <\/p>\n<p>En regardant cette pr\u00e9sentation de Benjamin ZANDER, j&#8217;ai \u00e9t\u00e9 tr\u00e8s \u00e9mu. Pour plusieurs raisons :  <\/p>\n<ul>\n<li>Il m&#8217;affirme tout au long que tout le monde est fait pour la musique !\n<li>Il m&#8217;explique (\u00e0 13 minutes), que lorsque je compose une musique dans ma t\u00eate, j&#8217;ai quelque chose \u00e0 exprimer. J&#8217;avais donc tant des choses \u00e0 exprimer \u00e0 7 ans&#8230;\n<li>Il me souffle, quelques minutes plus loin, que la musique est un moyen de faire la paix. En particulier, la paix int\u00e9rieure.\n<li>Il me raconte comment, \u00e0 l&#8217;\u00e2ge de 45 ans, apr\u00e8s avoir \u00e9t\u00e9 chef d&#8217;orchestre durant 20 ans, il est enfin devenu&#8230; chef d&#8217;orchestre : \u00abj&#8217;avais r\u00e9alis\u00e9 que mon boulot c&#8217;est de cr\u00e9er des possibilit\u00e9s chez les autres\u00bb, dit-il en agitant une baguette imaginaire.\n<li>Il me donne sa d\u00e9finition du succ\u00e8s : \u00ab\u00e7a n&#8217;a pas \u00e0 voir avec la fortune, la renomm\u00e9e ou le pouvoir. Ca a avoir avec le nombre d&#8217;yeux qui brillent autour de vous\u00bb.\n<li>Enfin, il d\u00e9cline pour moi, sous plusieurs formes une question existentielle qui m\u00e9rite toute mon attention : \u00abQui suis-je pour ne pas \u00eatre&#8230;?\u00bb.<\/li>\n<\/ul>\n<p>A bien y r\u00e9fl\u00e9chir, ne trouvez-vous pas que les gens qui disent qu\u2019ils \u00abne sont pas faits pour&#8230;\u00bb, sont finalement,tr\u00e8s pr\u00e9tentieux ? Aussi pr\u00e9tentieux que ceux qui affirment ce genre de choses \u00e0 propos des autres ! Et probablement, aussi malheureux que l\u2019ombre qu\u2019ils laissent dans leurs yeux&#8230;<\/p>\n<p>En regardant cette vid\u00e9o la premi\u00e8re fois l&#8217;ann\u00e9e derni\u00e8re, je me suis pos\u00e9 une question :  <\/p>\n<p>&#8211; Que se serait-il pass\u00e9 si, \u00e0 l&#8217;\u00e2ge de 7 ans, au lieu de rencontrer Monsieur DRACO, j&#8217;avais rencontr\u00e9 Monsieur ZANDER ?  <\/p>\n<p>Je ne regrette pas ma vie et je ne souhaite pas en changer. Mais je peux l\u2019am\u00e9liorer chaque jour. Qui suis-je pour ne pas am\u00e9liorer ma vie ? <\/p>\n<p>Am\u00e9liorer sa vie, la rendre plus p\u00e9tillante, est une belle musique. Et tout le monde est fait pour cette musique. Les yeux brillants, je vous propose de regarder cette vid\u00e9o, qui a transcend\u00e9 plusieurs millions de personnes \u00e0 travers le monde.  <\/p>\n<p>Musique Maestro : <iframe loading=\"lazy\" height=\"360\" src=\"http:\/\/embed.ted.com\/talks\/lang\/fr\/benjamin_zander_on_music_and_passion.html\" frameborder=\"0\" width=\"640\" scrolling=\"no\" allowfullscreen mozallowfullscreen webkitallowfullscreen><\/iframe> <\/p>\n<p>Source originale : <a href=\"http:\/\/www.ted.com\/talks\/benjamin_zander_on_music_and_passion.html\">http:\/\/www.ted.com\/talks\/benjamin_zander_on_music_and_passion.html<\/a><\/p>\n<!--themify_builder_content-->\n<div id=\"themify_builder_content-1114\" data-postid=\"1114\" class=\"themify_builder_content themify_builder_content-1114 themify_builder tf_clear\">\n    <\/div>\n<!--\/themify_builder_content-->\n","protected":false},"excerpt":{"rendered":"<p>Vers l&#8217;\u00e2ge de 7 ans, j&#8217;ai dit \u00e0 mon p\u00e8re que j&#8217;entendais des musiques dans ma t\u00eate. J&#8217;entendais du violon, du piano, de la guitare&#8230; C&#8217;\u00e9tait discret : comme cette petite voix qui vous dit fais ceci, fais cela (ou ne fais pas ceci, ne fais pas cela)&#8230; Suite \u00e0 un \u00e9v\u00e8nement remarquable (que je [&hellip;]<\/p>\n","protected":false},"author":1,"featured_media":0,"parent":0,"menu_order":0,"comment_status":"open","ping_status":"open","template":"","meta":[],"builder_content":"","_links":{"self":[{"href":"https:\/\/auto-coaching.fr\/index.php\/wp-json\/wp\/v2\/pages\/1114"}],"collection":[{"href":"https:\/\/auto-coaching.fr\/index.php\/wp-json\/wp\/v2\/pages"}],"about":[{"href":"https:\/\/auto-coaching.fr\/index.php\/wp-json\/wp\/v2\/types\/page"}],"author":[{"embeddable":true,"href":"https:\/\/auto-coaching.fr\/index.php\/wp-json\/wp\/v2\/users\/1"}],"replies":[{"embeddable":true,"href":"https:\/\/auto-coaching.fr\/index.php\/wp-json\/wp\/v2\/comments?post=1114"}],"version-history":[{"count":6,"href":"https:\/\/auto-coaching.fr\/index.php\/wp-json\/wp\/v2\/pages\/1114\/revisions"}],"predecessor-version":[{"id":1120,"href":"https:\/\/auto-coaching.fr\/index.php\/wp-json\/wp\/v2\/pages\/1114\/revisions\/1120"}],"wp:attachment":[{"href":"https:\/\/auto-coaching.fr\/index.php\/wp-json\/wp\/v2\/media?parent=1114"}],"curies":[{"name":"wp","href":"https:\/\/api.w.org\/{rel}","templated":true}]}}