{"id":1121,"date":"2014-01-16T16:30:46","date_gmt":"2014-01-16T14:30:46","guid":{"rendered":"http:\/\/www.auto-coaching.fr\/?page_id=1121"},"modified":"2014-01-16T19:44:49","modified_gmt":"2014-01-16T17:44:49","slug":"une-nature-transcendante","status":"publish","type":"page","link":"https:\/\/auto-coaching.fr\/index.php\/une-nature-transcendante\/","title":{"rendered":"Une Nature transcendante"},"content":{"rendered":"<p>Je devais approcher de mes 20 ans. J&#8217;\u00e9tais formateur en informatique, l&#8217;un des plus jeunes, et aussi l&#8217;un de ceux qui connaissaient le plus de logiciels et qui savait transmettre son savoir de fa\u00e7on naturelle.  <\/p>\n<p>C&#8217;est justement de Nature que je voudrais vous parler, ou plut\u00f4t des arbres&#8230; Et puisque le principe de ce partage est d&#8217;\u00e9voquer des exp\u00e9riences inspirantes, je vais vous parler de MON arbre.  <\/p>\n<p>J&#8217;\u00e9tais donc formateur vacataire, ma carri\u00e8re d\u00e9marrait bien car je suis tomb\u00e9 dans la marmite de l&#8217;informatique \u00e9tant petit. J&#8217;ai cr\u00e9\u00e9 (et particip\u00e9 \u00e0 la cr\u00e9ation) de plusieurs clubs d&#8217;informatique durant mon adolescence, ce qui m&#8217;a permis de d\u00e9couvrir la p\u00e9dagogie assez jeune.  <\/p>\n<p>Chaque matin, je partais \u00e0 pied vers le RER de Champigny-Sur-Marne. Sur le chemin, dans le petit jardinet qui longeait le cin\u00e9ma un arbre \u00e9tait plant\u00e9. Magnifique ! J&#8217;ai d\u00e9cid\u00e9 de l&#8217;apprivoiser un jour d&#8217;automne. Il faut que je vous avoue que je ne sais m\u00eame pas de quel arbre il s&#8217;agissait. C&#8217;\u00e9tait peut-\u00eatre un platane, un \u00e9rable, un ch\u00eane&#8230; Peu importe : pour moi c&#8217;\u00e9tait juste un \u00abarbre de ville\u00bb qui \u00e9tait sur mon chemin.  <\/p>\n<p>Au d\u00e9but, la relation \u00e9tait timide : je le regardais de loin, et en passant devant lui, je d\u00e9tachais mon regard tout en inspirant profond\u00e9ment, puis en expirant lentement, au passage&#8230; C&#8217;\u00e9tait une relation scientifique : il me donnait son oxyg\u00e8ne et je lui donnais mon dioxyde de carbone. C&#8217;\u00e9tait rassurant d&#8217;associer \u00e0 cet acte \u00e9trange quelque chose de rationnel.  <\/p>\n<p>Puis je me suis dit que nous devions partager davantage : j&#8217;ai d\u00e9cid\u00e9 de m&#8217;arr\u00eater une minute, et en bon pragmatique je prenais plusieurs respirations profondes, tout en le regardant \u00ables yeux dans les branches\u00bb. Parfois ses feuilles fr\u00e9missaient ! Le vent sans doute&#8230;  <\/p>\n<p>Peu \u00e0 peu, notre relation devint plus intime : un matin de f\u00e9vrier, je me suis approch\u00e9 pour poser mes mains sur son tronc. C&#8217;est l\u00e0 que le pragmatisme m&#8217;a quitt\u00e9, laissant place \u00e0 une relation plus spirituelle. J&#8217;\u00e9tais convaincu que mon arbre et moi \u00e9changions bien plus que des gaz&#8230; Qu&#8217;il y avait un \u00abau de\u00e7\u00e0\u00bb dans cette relation, qu&#8217;aucune science n&#8217;avait encore d\u00e9couvert.  <\/p>\n<p>Lorsqu&#8217;il faisait beau, je m&#8217;asseyais par terre en m&#8217;adossant \u00e0 l&#8217;arbre et je pr\u00e9parais ma journ\u00e9e pendant 10 minutes. Avant d&#8217;atteindre ce niveau, je planifiais dans le train. Mais \u00e0 mesure que le soleil nous offrait ses rayons matinaux, je d\u00e9cidai d&#8217;\u00e9tablir ma liste sous la bienveillance de mon arbre. Je sortais donc 10 minutes plus t\u00f4t.  <\/p>\n<p>Evidemment, je gardais tout \u00e7a pour moi : d&#8217;une part parce qu&#8217;\u00e0 20 ans j&#8217;\u00e9tais tr\u00e8s sensible au \u00abqu&#8217;en dira-t-on\u00bb, et d&#8217;autre part, parce que je croyais \u00eatre le seul au monde \u00e0 ressentir ce genre de choses. Personne ne devait savoir que j&#8217;avais un grain !  <\/p>\n<p>De jour en jour, l&#8217;exercice me paraissait int\u00e9ressant, stimulant, motivant. Je me souviens qu&#8217;une fois, les ouvriers urbains ont taill\u00e9 les branches de l&#8217;arbre pour lui refaire une beaut\u00e9. Eh bien ce jour-l\u00e0, j&#8217;ai d\u00e9cid\u00e9 d&#8217;aller chez le coiffeur moi aussi. Quelques mois apr\u00e8s la naissance de mon fils, juste \u00e0 c\u00f4t\u00e9 de mon arbre, une jeune pousse commen\u00e7ait \u00e0 s&#8217;exprimer. Ce genre de synchronicit\u00e9 peut faire peur. Moi, j&#8217;ai souri&#8230;  <\/p>\n<p>Un jour (j&#8217;\u00e9tais en pleine formation), j&#8217;ai \u00e9t\u00e9 pris d&#8217;un vertige soudain. Je croyais que \u00e7a allait passer, car le vertige est ma fa\u00e7on d&#8217;exprimer un mal-\u00eatre, un stress incontr\u00f4l\u00e9, etc. Mais \u00e7a ne s&#8217;est pas arr\u00eat\u00e9. C&#8217;est mon cours qu&#8217;on a d\u00fb interrompre pour me donner les premiers soins. Le m\u00e9decin du SAMU a diagnostiqu\u00e9 du surmenage, et m&#8217;a prescrit du repos. Le responsable de formation qui m&#8217;appr\u00e9ciait beaucoup m&#8217;a fait remplacer et m&#8217;a demand\u00e9 de prendre soin de moi. Il m&#8217;a accompagn\u00e9 jusqu&#8217;\u00e0 la bouche du m\u00e9tro, me demandant au moins 30 fois si j&#8217;\u00e9tais s\u00fbr de pouvoir rentrer tout seul.  <\/p>\n<p>En arrivant \u00e0 la gare de Champigny, plus je me dirigeais vers chez moi, plus j&#8217;acc\u00e9l\u00e9rais le pas pour retrouver mon arbre afin de prendre quelques respirations. Mais je sentais que quelque chose n&#8217;allait pas : comme si le contact a \u00e9t\u00e9 rompu ou qu&#8217;il se dissipait. Arriv\u00e9 \u00e0 hauteur du petit jardinet qui longeait le cin\u00e9ma, j&#8217;ai compris mon malaise : on a abattu mon arbre ce matin-l\u00e0. Il ne restait plus qu&#8217;un tron\u00e7on. M\u00eame la petite pousse a \u00e9t\u00e9 arrach\u00e9e. Quelques branchages jonchaient sur le sol&#8230;  <\/p>\n<p>J&#8217;ai pleur\u00e9&#8230;  <\/p>\n<p>Pas tr\u00e8s cart\u00e9sien tout \u00e7a !  <\/p>\n<p>Pendant des ann\u00e9es, je ne me suis plus int\u00e9ress\u00e9 aux arbres. J&#8217;avais m\u00eame d\u00e9velopp\u00e9 une sorte de phobie des for\u00eats. Rien de grave, mais je regardais par terre en marchant, et d\u00e8s qu&#8217;on m&#8217;invitait \u00e0 regarder en hauteur, j&#8217;\u00e9tais pris de vertiges rien qu&#8217;\u00e0 l&#8217;id\u00e9e de le faire.  <\/p>\n<p>Mais un jour, il y a 12 ans, la communaut\u00e9 juive de la Queue en Brie m&#8217;a invit\u00e9 \u00e0 planter un arbre pour \u00abTou Bichvat\u00bb (le nouvel an des arbres). En couvrant les racines avec la terre fraiche, j&#8217;ai ressenti un vertige soudain, puis un apaisement : je venais de retrouver quelque chose. Je ne saurais vous dire quoi, mais depuis, chaque ann\u00e9e, je plante un arbre !  <\/p>\n<p>Planter un arbre \u00e0 \u00abTou Bichvat\u00bb n&#8217;est pas une pratique religieuse. Les rituels consistent plut\u00f4t \u00e0 manger des fruits en gratifiant les arbres ou les plantes qui les ont produits et en faisant quelques all\u00e9gories pour rapprocher le fruit \u00e0 l&#8217;\u00eatre humain et \u00e0 ses aspirations : la datte repr\u00e9sente la douceur et la sant\u00e9, la grenade symbolise l&#8217;abondance, l&#8217;olive repr\u00e9sente la lumi\u00e8re (la clart\u00e9) et la long\u00e9vit\u00e9, etc.  <\/p>\n<p>Planter un arbre \u00e9tait donc une initiative personnelle du Pr\u00e9sident de cette communaut\u00e9, qui a ajout\u00e9 sa touche spirituelle aux traditions. Ca m&#8217;a plu, alors j&#8217;ai gard\u00e9 l&#8217;id\u00e9e. Lorsque je suis d\u00e9bord\u00e9 ce jour-l\u00e0, je d\u00e9l\u00e8gue : il y a une multitude d&#8217;Associations qui proposent de planter des arbres pour vous, partout dans le monde.  <\/p>\n<p>J&#8217;ai donc gard\u00e9 pour moi une pratique qui n&#8217;ob\u00e9it \u00e0 aucune contrainte. Elle d\u00e9passe le cadre du plaisir (puisque je peux d\u00e9l\u00e9guer) ou du devoir (c&#8217;est une pratique libre). C&#8217;est inexplicable, c&#8217;est puissant, \u00e7a me d\u00e9passe, c&#8217;est transcendant&#8230; Et dans ce cas pr\u00e9cis, c&#8217;est auto-transcendant. Toutefois, je le fais toujours le jour de Tou Bichvat. Est-ce un point d\u2019ancrage avec ma religion ? Est-ce une fa\u00e7on de comm\u00e9morer le jour o\u00f9 je me suis reconnect\u00e9 \u00e0 la Nature ? Est-ce parce que j&#8217;aime ajouter ma force au mouvement d&#8217;autres personnes, en m\u00eame temps qu&#8217;elles ?  <\/p>\n<p>L&#8217;avantage lorsqu&#8217;on fait quelque chose de transcendant, c&#8217;est qu&#8217;on n&#8217;a pas besoin de savoir pr\u00e9cis\u00e9ment POURQUOI. On le fait parce que \u00e7a nous d\u00e9passe !  <\/p>\n<p>Lorsque je raconte mon exp\u00e9rience avec mon arbre, certaines personnes confirment un doute qu&#8217;elles avaient depuis longtemps : j&#8217;ai un grain ! Bien que j&#8217;aie de moins en moins envie de les contredire, je rappelle que planter un arbre, c&#8217;est tr\u00e8s terre-\u00e0-terre \ud83d\ude09  <\/p>\n<p>A++  <\/p>\n<p><strong>St\u00e9phane SOLOMON<\/strong><\/p>\n<!--themify_builder_content-->\n<div id=\"themify_builder_content-1121\" data-postid=\"1121\" class=\"themify_builder_content themify_builder_content-1121 themify_builder tf_clear\">\n    <\/div>\n<!--\/themify_builder_content-->\n","protected":false},"excerpt":{"rendered":"<p>Je devais approcher de mes 20 ans. J&#8217;\u00e9tais formateur en informatique, l&#8217;un des plus jeunes, et aussi l&#8217;un de ceux qui connaissaient le plus de logiciels et qui savait transmettre son savoir de fa\u00e7on naturelle. C&#8217;est justement de Nature que je voudrais vous parler, ou plut\u00f4t des arbres&#8230; Et puisque le principe de ce partage [&hellip;]<\/p>\n","protected":false},"author":1,"featured_media":0,"parent":0,"menu_order":0,"comment_status":"open","ping_status":"open","template":"","meta":[],"builder_content":"","_links":{"self":[{"href":"https:\/\/auto-coaching.fr\/index.php\/wp-json\/wp\/v2\/pages\/1121"}],"collection":[{"href":"https:\/\/auto-coaching.fr\/index.php\/wp-json\/wp\/v2\/pages"}],"about":[{"href":"https:\/\/auto-coaching.fr\/index.php\/wp-json\/wp\/v2\/types\/page"}],"author":[{"embeddable":true,"href":"https:\/\/auto-coaching.fr\/index.php\/wp-json\/wp\/v2\/users\/1"}],"replies":[{"embeddable":true,"href":"https:\/\/auto-coaching.fr\/index.php\/wp-json\/wp\/v2\/comments?post=1121"}],"version-history":[{"count":7,"href":"https:\/\/auto-coaching.fr\/index.php\/wp-json\/wp\/v2\/pages\/1121\/revisions"}],"predecessor-version":[{"id":1129,"href":"https:\/\/auto-coaching.fr\/index.php\/wp-json\/wp\/v2\/pages\/1121\/revisions\/1129"}],"wp:attachment":[{"href":"https:\/\/auto-coaching.fr\/index.php\/wp-json\/wp\/v2\/media?parent=1121"}],"curies":[{"name":"wp","href":"https:\/\/api.w.org\/{rel}","templated":true}]}}