{"id":1131,"date":"2014-01-16T21:18:50","date_gmt":"2014-01-16T19:18:50","guid":{"rendered":"http:\/\/www.auto-coaching.fr\/?page_id=1131"},"modified":"2014-01-17T15:01:37","modified_gmt":"2014-01-17T13:01:37","slug":"journee-mondiale-des-calins","status":"publish","type":"page","link":"https:\/\/auto-coaching.fr\/index.php\/journee-mondiale-des-calins\/","title":{"rendered":"Journ&eacute;e mondiale des c&acirc;lins"},"content":{"rendered":"<p>Le 2 mai 2012, au lendemain de la f\u00eate du travail, j\u2019ai publi\u00e9 un article intitul\u00e9 \u00abQue la f\u00eate continue !\u00bb. L\u2019id\u00e9e \u00e9tait de choisir dans le calendrier des journ\u00e9es mondiales ou nationales qui comm\u00e9morent, c\u00e9l\u00e8brent ou am\u00e8nent vers des r\u00e9flexions ou des actions, au del\u00e0 des anniversaires historiques.<\/p>\n<p>Par exemple, si vous travaillez dans le domaine m\u00e9dical ou si vous \u00eates sensible au don du sang, il est congruent de noter dans votre calendrier que le 14 juin est une date importante POUR VOUS.<\/p>\n<p>Choisir des journ\u00e9es sp\u00e9ciales, o\u00f9 vous serez particuli\u00e8rement efficace, fait partie des technique anti-procrastination : vous vous pr\u00e9parez d\u2019avance \u00e0 une \u00abjourn\u00e9e de super-h\u00e9ro\u00bb, o\u00f9 :<\/p>\n<ul>\n<li>Vous ferez plus de choses en moins de temps<\/li>\n<li>Vous contacterez des personnes qui attachent de l\u2019importance \u00e0 ces valeurs<\/li>\n<li>Vous m\u00e8nerez des actions communes avec des partenaires<\/li>\n<li>Vous lancerez un produit en rapport avec l\u2019\u00e9v\u00e8nement<\/li>\n<li>Vous pensez \u00e0 faire un acte transcendant (comme planter un arbre, par exemple)<\/li>\n<li>etc.<\/li>\n<\/ul>\n<p>C\u2019est un rendez-vous qui correspond \u00e0 des valeurs personnelles, mais qui concerne beaucoup de monde. Si vous croyez aux effets de l\u2019Energie Collective, \u00e7a vaut le coup d\u2019essayer de mener des actions sp\u00e9cifiques ces jours-l\u00e0. Par exemple, je connais un confr\u00e8re qui a arr\u00eat\u00e9 de fumer \u00e0 partir du 31 mai : journ\u00e9e nationale sans tabac. Il a tenu une journ\u00e9e avec ses coll\u00e8gues, puis il s\u2019est dit que c\u2019\u00e9tait un bon d\u00e9but.<\/p>\n<p>Sur le site <a href=\"http:\/\/www.journee-mondiale.com\/\">journ\u00e9e-mondiale.com<\/a>, vous trouverez plus de 250 sources de motivation. Evidemment, il va falloir choisir. Pour \u00e9viter d\u2019y passer top de temps, notez simplement les \u00e9v\u00e8nements importants POUR VOUS sur les 30 prochains jours. Et renouvelez l\u2019op\u00e9ration toutes les 2 \u00e0 3 semaines. Cela vous prendra 5 minutes.<\/p>\n<p>Il existe m\u00eame une \u00abjourn\u00e9e de la procrastination\u00bb (le 25 mars). Le probl\u00e8me, c\u2019est que tout le monde se dit : je f\u00eaterai \u00e7a demain&#8230; C\u2019est peut-\u00eatre pour cette raison que le 26 mars est un jour libre <img decoding=\"async\" class=\"wlEmoticon wlEmoticon-winkingsmile\" style=\"border-top-style: none; border-bottom-style: none; border-right-style: none; border-left-style: none\" alt=\"Clignement d'&oelig;il\" src=\"http:\/\/www.auto-coaching.fr\/wp-content\/uploads\/2014\/01\/wlEmoticon-winkingsmile.png\"><\/p>\n<p>Mardi prochain, le 21 janvier, ce sera la <a href=\"http:\/\/www.journee-mondiale.com\/304\/journee-internationale-des-calins.htm\">Journ\u00e9e Internationale des c\u00e2lins<\/a>. Si vous y \u00eates sensible, vous pouvez pr\u00e9parer cette superbe journ\u00e9e, comme un \u00e9diteur se pr\u00e9pare \u00e0 la Journ\u00e9e Mondiale du livre. Il s\u2019agit simplement d\u2019en faire PLUS ce jour-l\u00e0.<\/p>\n<h2>Free hugs<\/h2>\n<p>Connaissez-vous le mouvement <a href=\"http:\/\/fr.wikipedia.org\/wiki\/Free_Hugs\">Free Hugs<\/a> ? Le principe est de distribuer des c\u00e2lins gratuits (des \u00e9treintes ou des accolades furtives, mais sinc\u00e8res) dans des lieux publics.<\/p>\n<p>Ce mouvement a \u00e9t\u00e9 lanc\u00e9 en 2004 par un homme tr\u00e8s courageux, appel\u00e9 Juan Mann. Je parle de courage, parce qu\u2019il a \u00e9t\u00e9 le premier, et qu\u2019il a agi seul. Il a ensuite mont\u00e9 une campagne vid\u00e9o pour encourager les duplicateurs :<\/p>\n<div id=\"scid:5737277B-5D6D-4f48-ABFC-DD9C333F4C5D:bf86ef66-ff8a-4c33-bc1e-3a7e221e80ba\" class=\"wlWriterEditableSmartContent\" style=\"float: none; padding-bottom: 0px; padding-top: 0px; padding-left: 0px; margin: 0px; display: inline; padding-right: 0px\">\n<div><object width=\"571\" height=\"321\"><param name=\"movie\" value=\"http:\/\/www.youtube.com\/v\/vr3x_RRJdd4?hl=en&amp;hd=1\"><\/param><\/object><\/div>\n<\/div>\n<p>La vid\u00e9o originale (74 millions de vues sur Youtube) : <a href=\"http:\/\/www.youtube.com\/watch?v=vr3x_RRJdd4\">http:\/\/www.youtube.com\/watch?v=vr3x_RRJdd4<\/a>  <\/p>\n<p>Depuis, des groupes se sont cr\u00e9\u00e9s \u00e0 travers le monde et les initiatives se multiplient. Les \u00abc\u00e2lins gratuits\u00bb ou les \u00ab\u00e9treintes libres\u00bb ont atteint les c\u00f4tes fran\u00e7aises en 2007, et deviennent populaires.<\/p>\n<p>Alors si mardi prochain vous voyez une jeune-fille ou un jeune-homme que vous ne connaissez pas vous proposer un c\u00e2lin, quitte \u00e0 changer de paradigmes, dites-vous que c\u2019est \u00abnormal\u00bb :<\/p>\n<div id=\"scid:5737277B-5D6D-4f48-ABFC-DD9C333F4C5D:ad153dd4-4af4-41d7-a8ca-f59f11580fb6\" class=\"wlWriterEditableSmartContent\" style=\"float: none; padding-bottom: 0px; padding-top: 0px; padding-left: 0px; margin: 0px; display: inline; padding-right: 0px\">\n<div><object width=\"569\" height=\"320\"><param name=\"movie\" value=\"http:\/\/www.youtube.com\/v\/ZKHs2BOXpps?hl=en&amp;hd=1\"><\/param><\/object><\/div>\n<\/div>\n<p>Vid\u00e9o originale : <a href=\"http:\/\/www.youtube.com\/watch?v=ZKHs2BOXpps\">http:\/\/www.youtube.com\/watch?v=ZKHs2BOXpps<\/a><\/p>\n<p>A++<\/p>\n<p><strong>St\u00e9phane SOLOMON<\/strong><\/p>\n<!--themify_builder_content-->\n<div id=\"themify_builder_content-1131\" data-postid=\"1131\" class=\"themify_builder_content themify_builder_content-1131 themify_builder tf_clear\">\n    <\/div>\n<!--\/themify_builder_content-->\n","protected":false},"excerpt":{"rendered":"<p>Le 2 mai 2012, au lendemain de la f\u00eate du travail, j\u2019ai publi\u00e9 un article intitul\u00e9 \u00abQue la f\u00eate continue !\u00bb. L\u2019id\u00e9e \u00e9tait de choisir dans le calendrier des journ\u00e9es mondiales ou nationales qui comm\u00e9morent, c\u00e9l\u00e8brent ou am\u00e8nent vers des r\u00e9flexions ou des actions, au del\u00e0 des anniversaires historiques. Par exemple, si vous travaillez dans [&hellip;]<\/p>\n","protected":false},"author":1,"featured_media":0,"parent":0,"menu_order":0,"comment_status":"open","ping_status":"open","template":"","meta":[],"builder_content":"","_links":{"self":[{"href":"https:\/\/auto-coaching.fr\/index.php\/wp-json\/wp\/v2\/pages\/1131"}],"collection":[{"href":"https:\/\/auto-coaching.fr\/index.php\/wp-json\/wp\/v2\/pages"}],"about":[{"href":"https:\/\/auto-coaching.fr\/index.php\/wp-json\/wp\/v2\/types\/page"}],"author":[{"embeddable":true,"href":"https:\/\/auto-coaching.fr\/index.php\/wp-json\/wp\/v2\/users\/1"}],"replies":[{"embeddable":true,"href":"https:\/\/auto-coaching.fr\/index.php\/wp-json\/wp\/v2\/comments?post=1131"}],"version-history":[{"count":3,"href":"https:\/\/auto-coaching.fr\/index.php\/wp-json\/wp\/v2\/pages\/1131\/revisions"}],"predecessor-version":[{"id":1134,"href":"https:\/\/auto-coaching.fr\/index.php\/wp-json\/wp\/v2\/pages\/1131\/revisions\/1134"}],"wp:attachment":[{"href":"https:\/\/auto-coaching.fr\/index.php\/wp-json\/wp\/v2\/media?parent=1131"}],"curies":[{"name":"wp","href":"https:\/\/api.w.org\/{rel}","templated":true}]}}