{"id":1137,"date":"2014-01-21T20:24:36","date_gmt":"2014-01-21T18:24:36","guid":{"rendered":"http:\/\/www.auto-coaching.fr\/?page_id=1137"},"modified":"2014-01-21T20:32:52","modified_gmt":"2014-01-21T18:32:52","slug":"dame-calins","status":"publish","type":"page","link":"https:\/\/auto-coaching.fr\/index.php\/dame-calins\/","title":{"rendered":"Dame C&acirc;lins"},"content":{"rendered":"<p>Aujourd&#8217;hui, c&#8217;\u00e9tait la journ\u00e9e internationale des c\u00e2lins. Aussi, ai-je r\u00e9solu de marquer le coup, en en faisant plus que d&#8217;habitude&#8230; Comme je vous l&#8217;ai d\u00e9j\u00e0 \u00e9crit, ces journ\u00e9es sp\u00e9ciales o\u00f9 de nombreuses personnes d\u00e9cident d&#8217;agir dans le m\u00eame sens, peuvent avoir un bel effet sur votre motivation. Lors de la journ\u00e9e mondiale du don du sang, il y a beaucoup plus de dons que le reste de l&#8217;ann\u00e9e. Rien que l&#8217;effet d&#8217;annonce est d\u00e9j\u00e0 stimulant ! On s&#8217;y pr\u00e9pare, et on se lance !  <\/p>\n<p>Donc ce matin, apr\u00e8s la distribution de c\u00e2lins familiaux, j&#8217;ai d\u00e9pos\u00e9 ma fille \u00e0 la maternelle. En entrant, j&#8217;ai trouv\u00e9 Maryline, fid\u00e8le au poste, en train d&#8217;accueillir les enfants (et les parents), comme chaque jour.  <\/p>\n<p>Qui est Maryline ? La premi\u00e8re fois qu&#8217;elle m&#8217;a \u00e9t\u00e9 pr\u00e9sent\u00e9e, c&#8217;\u00e9tait il y a 8 ans lors de l&#8217;entr\u00e9e de mon fils en maternelle : la Directrice, qui \u00e9tait \u00e9galement institutrice de sa classe, a fait une r\u00e9union d&#8217;information pour les parents qui ne connaissaient pas l&#8217;\u00e9cole. Sa pr\u00e9sentation \u00e9tait faite d&#8217;un ton tr\u00e8s sec et tr\u00e8s dur. Ma compagne et moi, nous nous regardions inquiets : c&#8217;est \u00e0 cette personne qu&#8217;on allait confier notre petit bout&#8217;chou ?  <\/p>\n<p>Vers la fin de la r\u00e9union, la Directrice-Institutrice nous a lanc\u00e9 :  <\/p>\n<p><em>\u00abVos enfants doivent \u00eatre propres. Ils ne sont plus \u00e0 la cr\u00e8che ! Vous devez \u00e9galement leur apprendre \u00e0 se moucher. Je m&#8217;occupe exclusivement de l&#8217;enseignement. En cas d&#8217;incident de pipi ou \u00abplus\u00bb, il y a Maryline ! C&#8217;est elle qui s&#8217;occupe \u00e9galement des c\u00e2lins si besoin&#8230;\u00bb<\/em>  <\/p>\n<p>Elle pointa Maryline du doigt, tournant \u00e0 peine la t\u00eate vers elle.  <\/p>\n<p>Je suffoquais, je fulminais&#8230; Une institutrice de maternelle qui d\u00e9l\u00e8gue les c\u00e2lins ! Beurk ! J&#8217;ai m\u00eame pens\u00e9 \u00e0 changer de ville pour changer d&#8217;\u00e9cole ! Mais le regard de Maryline a chang\u00e9 le mien : tranquille, elle nous observait en souriant, d&#8217;un air de dire \u00abrassurez-vous, je g\u00e8re !\u00bb.  <\/p>\n<p>Premier contact&#8230;  <\/p>\n<p align=\"center\">***  <\/p>\n<p>(La Directrice a fini par partir quelques mois plus tard. D&#8217;apr\u00e8s les bruits de couloir, elle souffrait d&#8217;une d\u00e9pression).  <\/p>\n<p>La deuxi\u00e8me fois qu&#8217;une personne a qualifi\u00e9e Maryline en ma pr\u00e9sence, c&#8217;\u00e9tait presque pire : il s&#8217;agissait d&#8217;un parent d&#8217;\u00e9l\u00e8ve qui discutait avec une maman sur le trottoir qui m\u00e8ne vers l&#8217;\u00e9cole :  <\/p>\n<p>&#8211; J&#8217;vais pas pouvoir venir chercher ma fille ce midi. Tu crois que je peux la laisser ?<br \/>&#8211; Si tu veux qu&#8217;elle mange \u00e0 la cantine exceptionnellement, demande \u00e0 Maryline !<br \/>&#8211; C&#8217;est qui Maryline ?<br \/>&#8211; C&#8217;est la dame qui est \u00e0 l&#8217;entr\u00e9e&#8230;<br \/>&#8211; La p\u2019tite grosse ?<br \/>&#8211; Oui<br \/>&#8211; Je croyais qu&#8217;elle \u00e9tait Dame-pipi !<br \/>&#8211; Elle s&#8217;occupe aussi des inscriptions \u00e0 la Cantine&#8230;<br \/>&#8211; OK&#8230; J&#8217;savais pas ! Merci du tuyau.  <\/p>\n<p>Dame-pipi ! Je n&#8217;en croyais pas mes oreilles&#8230; Quel @&amp;\u00b5%# !!!  <\/p>\n<p>Remarquez, \u00e0 ce moment-l\u00e0, je pensais au m\u00e9tier qui consiste \u00e0 nettoyer les chiottes des lieux publiques, apr\u00e8s le passage des \u00e9nergum\u00e8nes qui ne savent pas viser&#8230; Mais en \u00e9crivant ce billet, je deviens un peu plus tol\u00e9rant : je me dis qu&#8217;en changeant de regard sur cet homme et en faisant abstraction du c\u00f4t\u00e9 p\u00e9joratif du terme, \u00e7a pouvait \u00eatre une fa\u00e7on gentille d&#8217;identifier la d\u00e9licate et g\u00e9n\u00e9reuse quinquag\u00e9naire qui s&#8217;occupe de son fils lorsqu&#8217;il veut faire pipi, et qui le change et le console s&#8217;il s&#8217;y est pris trop tard.  <\/p>\n<p>Dans ce contexte, \u00abDame-pipi\u00bb, \u00e7a pourrait m\u00eame \u00eatre le titre d&#8217;un po\u00e8me !  <\/p>\n<p>D\u00e9cid\u00e9ment, pour garder ma bonne humeur, il faut que je me rappelle que beaucoup de gens ne savent pas forc\u00e9ment communiquer, m\u00eame si le c\u0153ur y est. Il y a bien une Dame-cantine \u00e0 l&#8217;\u00e9cole, alors finalement, Dame-pipi, \u00e7a peut passer&#8230; Et si je fais un \u00e9norme effort, m\u00eame \u00abla p&#8217;tite grosse\u00bb, pourrait \u00eatre une fa\u00e7on affective de distinguer une personne.  <\/p>\n<p>Mais revenons \u00e0 aujourd&#8217;hui : En d\u00e9posant ma fille, je suis all\u00e9 vers Maryline, et je lui ai annonc\u00e9 de but en blanc :  <\/p>\n<p>&#8211; Maryline, aujourd&#8217;hui, c&#8217;est la journ\u00e9e Internationale de C\u00e2lins !  <\/p>\n<p>Aussit\u00f4t, elle afficha son meilleur sourire, et alors que j&#8217;\u00e9tais pr\u00eat \u00e0 \u00e9changer une belle accolade fa\u00e7on \u00abfree hugs\u00bb, elle se dirigea vers ma fille et l&#8217;enroula chaleureusement de ses bras, mettant sa joue contre la sienne !  <\/p>\n<p>Je relance :  <\/p>\n<p>&#8211; Mais Maryline, je ne pensais pas \u00e0 elle&#8230; Je pensais \u00e0 moi ! Entre vous et ma fille, la journ\u00e9e internationale des c\u00e2lins, c&#8217;est du lundi au vendredi ! Mais moi, j&#8217;ai juste droit \u00e0 2 bises pour la bonne ann\u00e9e, puis \u00e0 la fin de l&#8217;ann\u00e9e scolaire&#8230;  <\/p>\n<p>Apr\u00e8s 5 secondes d&#8217;h\u00e9sitation, Maryline rougit et m&#8217;ouvrit ses bras.  <\/p>\n<p align=\"center\">***  <\/p>\n<p>Je peux vous dire que recevoir un \u00abfree hug\u00bb d&#8217;une personne qui a pour mission de c\u00e2liner les enfants tous les jours, \u00e7a fait un dr\u00f4le d&#8217;effet ! Cumul\u00e9 \u00e0 ma motivation de marquer la journ\u00e9e, \u00e7a m&#8217;a donn\u00e9 un sacr\u00e9 moral !  <\/p>\n<p>Merci Dame-C\u00e2lins&#8230;  <\/p>\n<p>A++  <\/p>\n<p><strong>St\u00e9phane SOLOMON<\/strong>  <\/p>\n<p>PS : je crois que je m\u00e9rite mes galons d&#8217;auto-coach ! Et vous chers confr\u00e8res ? Comment avez-vous marqu\u00e9 cette journ\u00e9e ?<\/p>\n<!--themify_builder_content-->\n<div id=\"themify_builder_content-1137\" data-postid=\"1137\" class=\"themify_builder_content themify_builder_content-1137 themify_builder tf_clear\">\n    <\/div>\n<!--\/themify_builder_content-->\n","protected":false},"excerpt":{"rendered":"<p>Aujourd&#8217;hui, c&#8217;\u00e9tait la journ\u00e9e internationale des c\u00e2lins. Aussi, ai-je r\u00e9solu de marquer le coup, en en faisant plus que d&#8217;habitude&#8230; Comme je vous l&#8217;ai d\u00e9j\u00e0 \u00e9crit, ces journ\u00e9es sp\u00e9ciales o\u00f9 de nombreuses personnes d\u00e9cident d&#8217;agir dans le m\u00eame sens, peuvent avoir un bel effet sur votre motivation. Lors de la journ\u00e9e mondiale du don du [&hellip;]<\/p>\n","protected":false},"author":1,"featured_media":0,"parent":0,"menu_order":0,"comment_status":"open","ping_status":"open","template":"","meta":[],"builder_content":"","_links":{"self":[{"href":"https:\/\/auto-coaching.fr\/index.php\/wp-json\/wp\/v2\/pages\/1137"}],"collection":[{"href":"https:\/\/auto-coaching.fr\/index.php\/wp-json\/wp\/v2\/pages"}],"about":[{"href":"https:\/\/auto-coaching.fr\/index.php\/wp-json\/wp\/v2\/types\/page"}],"author":[{"embeddable":true,"href":"https:\/\/auto-coaching.fr\/index.php\/wp-json\/wp\/v2\/users\/1"}],"replies":[{"embeddable":true,"href":"https:\/\/auto-coaching.fr\/index.php\/wp-json\/wp\/v2\/comments?post=1137"}],"version-history":[{"count":3,"href":"https:\/\/auto-coaching.fr\/index.php\/wp-json\/wp\/v2\/pages\/1137\/revisions"}],"predecessor-version":[{"id":1140,"href":"https:\/\/auto-coaching.fr\/index.php\/wp-json\/wp\/v2\/pages\/1137\/revisions\/1140"}],"wp:attachment":[{"href":"https:\/\/auto-coaching.fr\/index.php\/wp-json\/wp\/v2\/media?parent=1137"}],"curies":[{"name":"wp","href":"https:\/\/api.w.org\/{rel}","templated":true}]}}