{"id":1157,"date":"2014-02-05T16:42:07","date_gmt":"2014-02-05T14:42:07","guid":{"rendered":"http:\/\/www.auto-coaching.fr\/?page_id=1157"},"modified":"2014-02-05T18:00:26","modified_gmt":"2014-02-05T16:00:26","slug":"amalgame-et-jeu-concours","status":"publish","type":"page","link":"https:\/\/auto-coaching.fr\/index.php\/amalgame-et-jeu-concours\/","title":{"rendered":"Amalgame (et jeu concours)"},"content":{"rendered":"<p>Juste un tr\u00e8s court message concernant <a href=\"http:\/\/www.auto-coaching.fr\/index.php\/fin-des-programmes-d-auto-coaching-payants\/\">l&#8217;article envoy\u00e9 ce matin<\/a> : <\/p>\n<p>J\u2019ai re\u00e7u au moins une dizaine de courriers, de lecteurs qui croient que je ferme TIME-COACH&#8230; Ces courriers sont mitig\u00e9s entre Gratitude et amertume. <\/p>\n<p>Pourtant, j&#8217;ai \u00e9crit clairement que <strong>TIME-COACH continue !<\/strong> Seuls les programmes payants s&#8217;arr\u00eatent, et ce, uniquement \u00e0 cause de leur manque de rentabilit\u00e9. <\/p>\n<h2>TIME-COACH est rentable !<\/h2>\n<p>Oui, vous avez bien lu : les programmes payants ne sont pas rentables, et le programme gratuit est tr\u00e8s rentable ! <\/p>\n<h2>Comment est-ce possible ???<\/h2>\n<p>R\u00e9fl\u00e9chissez-y, et publiez votre r\u00e9ponse (en commentant cet article). Si votre r\u00e9ponse est juste, et si elle appara\u00eet dans les 10 premiers commentaires, vous gagnerez une entr\u00e9e gratuite au programme de votre choix. <\/p>\n<p><strong>R\u00e8gle 1 :<\/strong> n&#8217;avancez qu&#8217;<strong>une seule r\u00e9ponse<\/strong>. Evitons de nous \u00e9tendre sur les 1.001 fa\u00e7ons de rentabiliser une action gratuite&#8230; Restons dans le cadre. <\/p>\n<p><strong>R\u00e8gle 2 :<\/strong> si vous voyez qu&#8217;un autre lecteur qui vous a pr\u00e9c\u00e9d\u00e9 a d\u00e9j\u00e0 donn\u00e9 la r\u00e9ponse \u00e0 laquelle vous pensiez, reformulez la m\u00eame r\u00e9ponse avec vos propres mots. <strong>Il peut y avoir plusieurs gagnants<\/strong>. <\/p>\n<p><strong>R\u00e8gle 3 :<\/strong> je parle bien de <strong>rentabilit\u00e9 financi\u00e8re<\/strong>. Car si vous \u00e9num\u00e9rez tout ce que je gagne humainement ou spirituellement en partageant des id\u00e9es, autant \u00e9crire un livre ! <\/p>\n<p>A++ <\/p>\n<p><strong>St\u00e9phane SOLOMON<\/strong><\/p>\n<!--themify_builder_content-->\n<div id=\"themify_builder_content-1157\" data-postid=\"1157\" class=\"themify_builder_content themify_builder_content-1157 themify_builder tf_clear\">\n    <\/div>\n<!--\/themify_builder_content-->\n","protected":false},"excerpt":{"rendered":"<p>Juste un tr\u00e8s court message concernant l&#8217;article envoy\u00e9 ce matin : J\u2019ai re\u00e7u au moins une dizaine de courriers, de lecteurs qui croient que je ferme TIME-COACH&#8230; Ces courriers sont mitig\u00e9s entre Gratitude et amertume. Pourtant, j&#8217;ai \u00e9crit clairement que TIME-COACH continue ! Seuls les programmes payants s&#8217;arr\u00eatent, et ce, uniquement \u00e0 cause de leur [&hellip;]<\/p>\n","protected":false},"author":1,"featured_media":0,"parent":0,"menu_order":0,"comment_status":"open","ping_status":"open","template":"","meta":[],"builder_content":"","_links":{"self":[{"href":"https:\/\/auto-coaching.fr\/index.php\/wp-json\/wp\/v2\/pages\/1157"}],"collection":[{"href":"https:\/\/auto-coaching.fr\/index.php\/wp-json\/wp\/v2\/pages"}],"about":[{"href":"https:\/\/auto-coaching.fr\/index.php\/wp-json\/wp\/v2\/types\/page"}],"author":[{"embeddable":true,"href":"https:\/\/auto-coaching.fr\/index.php\/wp-json\/wp\/v2\/users\/1"}],"replies":[{"embeddable":true,"href":"https:\/\/auto-coaching.fr\/index.php\/wp-json\/wp\/v2\/comments?post=1157"}],"version-history":[{"count":3,"href":"https:\/\/auto-coaching.fr\/index.php\/wp-json\/wp\/v2\/pages\/1157\/revisions"}],"predecessor-version":[{"id":1160,"href":"https:\/\/auto-coaching.fr\/index.php\/wp-json\/wp\/v2\/pages\/1157\/revisions\/1160"}],"wp:attachment":[{"href":"https:\/\/auto-coaching.fr\/index.php\/wp-json\/wp\/v2\/media?parent=1157"}],"curies":[{"name":"wp","href":"https:\/\/api.w.org\/{rel}","templated":true}]}}