{"id":1161,"date":"2014-02-07T12:48:36","date_gmt":"2014-02-07T10:48:36","guid":{"rendered":"http:\/\/www.auto-coaching.fr\/?page_id=1161"},"modified":"2014-02-07T15:30:32","modified_gmt":"2014-02-07T13:30:32","slug":"la-bonne-reponse-1-2","status":"publish","type":"page","link":"https:\/\/auto-coaching.fr\/index.php\/la-bonne-reponse-1-2\/","title":{"rendered":"La bonne r&eacute;ponse (1\/2)"},"content":{"rendered":"<p>Il y a 7 gagnants au jeu concours de mercredi ! D\u00e8s que la zone des commentaires a \u00e9t\u00e9 ouverte, il y a eu une certaine pr\u00e9cipitation et les 10 premiers commentaires ont \u00e9t\u00e9 publi\u00e9s en moins de 15 minutes. <\/p>\n<p>Je vous propose de d\u00e9couvrir la bonne r\u00e9ponse, dont diff\u00e9rentes formulations ont \u00e9t\u00e9 donn\u00e9es par les lecteurs. Certaines sont tr\u00e8s joliment exprim\u00e9es. <\/p>\n<h2>La bonne r\u00e9ponse \u00e0 la question<\/h2>\n<p>Je suis coach et formateur ! Je ne suis pas virtuel. TIME-COACH est un apporteur de clients. C&#8217;est un processus gagnant\/gagnant, un \u00e9chantillon gratuit, une d\u00e9monstration de savoir-faire. Gr\u00e2ce \u00e0 cet \u00e9chantillon, je cr\u00e9e un contact UTILE avec des \u00abpassants\u00bb, que ce soit pour les int\u00e9resser personnellement ou pour provoquer le bouche-\u00e0-oreille. Ces lecteurs sont sensibles \u00e0 ma fa\u00e7on de travailler et de communiquer. En 5 ans, pr\u00e8s de 14.000 personnes sont entr\u00e9es dans TIME-COACH. Avec un taux de conversion de 4 pour 1.000, j&#8217;ai d\u00e9croch\u00e9 environ 60 clients. <\/p>\n<p>Ca para\u00eet peu, mais un Coaching, une Formation, une prestation de Conseil ou d&#8217;Innovation se facture plusieurs milliers d&#8217;euros. Et un client satisfait ne s&#8217;arr\u00eate pas \u00e0 une prestation : il r\u00e9investit une partie de ses gains dans la m\u00eame \u00e9quipe gagnante. Equipe dont je fais partie. Je suis le co-\u00e9quipier de 60 structures qui font appel \u00e0 moi r\u00e9guli\u00e8rement. <\/p>\n<p>Sur 14.000 lecteurs (en 5 ans), il en reste 6.000 aujourd&#8217;hui. Vous en faites partie puisque vous lisez ces lignes. 8.000 lecteurs ont donc quitt\u00e9 TIME-COACH, parfois en claquant la porte. Il y a plusieurs raisons, mais elles peuvent toutes \u00eatre ramen\u00e9es \u00e0 une seule : <\/p>\n<p align=\"center\"><b>Dans mes articles j&#8217;aborde des th\u00e8mes<br \/>qui sortent les lecteurs de leur zone de confort<\/b><\/p>\n<p>Par exemple, je viens de vous expliquer que TIME-COACH est une commercial automatique ! Or pour certaines personnes je suis sens\u00e9 \u00eatre un bon samaritain qui donne de son temps pour aider les autres. Elles vont donc se d\u00e9sinscrire parce que je suis un salaud qui trompe son monde ! <\/p>\n<p>Ces personnes ne s\u2019autorisent pas \u00e0 penser que je puisse faire LES DEUX : <strong>aider mon prochain tout en gagnant ma vie<\/strong>. C\u2019est tr\u00e8s inconfortable pour ceux qui veulent absolument que le travail soit une peine, et que l\u2019aide soit TOUJOURS d\u00e9sint\u00e9ress\u00e9e&#8230; <\/p>\n<p>Ce que je viens de dire est encore tr\u00e8s d\u00e9sagr\u00e9ables pour beaucoup : \u00abvous excluez des \u00abgens bien\u00bb en les jugeant durement !\u00bb. Pas du tout ! Je leur dit simplement que s&#8217;ils veulent que je les conforte dans l&#8217;id\u00e9e qu&#8217;ils doivent souffrir au travail et s&#8217;\u00e9panouir en contribuant \u00e0 un monde meilleur, ils sont au mauvais endroit. Come eux, je contribue \u00e0 un monde meilleur. Je m&#8217;autorise simplement le faire faire plus lontemps : en faisant un travail congruent avec ma personnalit\u00e9. <\/p>\n<p>Pour certaines personnes, <b>sortir du confort<\/b> est motivant, source de nouvelles d\u00e9couvertes, de progr\u00e8s&#8230; Pour d&#8217;autres, c&#8217;est une erreur, un accident, une terrible m\u00e9prise, qu&#8217;il faut r\u00e9parer au plus vite en rentrant au bercail. Pour ces derni\u00e8res, j&#8217;ai mis en place une \u00absortie de secours\u00bb : le bouton de d\u00e9sinscription qui appara\u00eet en gros, avant et apr\u00e8s chaque article. <\/p>\n<h4><\/h4>\n<h2>Auto-s\u00e9lection<\/h2>\n<p>Beaucoup de lecteurs se sont interrog\u00e9s en voyant ce bouton appara\u00eetre&#8230; La plupart des process marketing le glissent discr\u00e8tement \u00e0 la fin de la pub avec une police de petite taille, juste pour rester dans le cadre l\u00e9gal (c\u2019est ce que je faisais aussi au d\u00e9but).  <\/p>\n<p>&#8211; Pourquoi incitez-vous vos lecteurs \u00e0 se d\u00e9sinscrire ? M&#8217;a-t-on demand\u00e9 plus d&#8217;une fois.  <\/p>\n<p>C&#8217;est \u00e9vident :  <\/p>\n<ul>\n<li>Comment voulez-vous que je coache quelqu&#8217;un qui me fait un malaise vagal d\u00e8s que je lui parle d&#8217;Intuition, de Gratitude, de Responsabilit\u00e9, d&#8217;Engagement, de Pens\u00e9e Positive, d&#8217;Argent&#8230; C&#8217;est impossible !\n<li>Comment voulez-vous coacher une personne, si \u00e0 chaque fois que vous lui faites une proposition (une simple id\u00e9e \u00e0 prendre ou \u00e0 laisser), a l&#8217;impression qu&#8217;elle est oblig\u00e9e d&#8217;accepter ?\n<li>Comment voulez-vous coacher une personne qui croit que si vous ne faites pas le m\u00eame m\u00e9tier qu&#8217;elle, si vous n&#8217;avez pas eu la m\u00eame vie qu&#8217;elle, si vous n&#8217;avez pas choisi les m\u00eames outils qu&#8217;elle, vous ne pouvez pas l&#8217;aider&#8230;?\n<li>Comment voulez-vous coacher une personne qui est intimement convaincue qu&#8217;elle est n\u00e9e pour souffrir ?<\/li>\n<\/ul>\n<p>Avant d&#8217;entamer un coaching avec moi, un client potentiel doit s&#8217;autoriser \u00e0 croire que sa vie est entre ses mains, m\u00eame s&#8217;il a des petites mains.  <\/p>\n<p>J&#8217;irais plus loin : m\u00eame s&#8217;il n&#8217;a pas de mains !  <\/p>\n<p>C&#8217;est tr\u00e8s dur, trop dur \u00e0 entendre pour beaucoup de gens ! Alors ils prennent la poudre d&#8217;escampette en cliquant sur le bouton que j&#8217;ai g\u00e9n\u00e9reusement agrandi \u00e0 leur intention, en leur souhaitant (de tout c\u0153ur) de trouver d&#8217;autres solutions que les miennes.  <\/p>\n<p>Eh oui : TIME-COACH est un outil de s\u00e9lection de client\u00e8le. Je n&#8217;oblige personne \u00e0 rester, je n&#8217;oblige personne \u00e0 partir. je n\u2019ai JAMAIS inscrit personne \u00e0 son insu, et je n&#8217;ai JAMAIS d\u00e9sinscrit un lecteur parce qu&#8217;il m&#8217;ennuyait ou m&#8217;insultait. Venir, partir ou rester est un choix personnel. Ce qui fait de TIME-COACH un outil d&#8217;auto-s\u00e9lection.  <\/p>\n<h2>S\u00e9rendipit\u00e9<\/h2>\n<p>Vous allez me dire :  <\/p>\n<p>&#8211; Mais St\u00e9phane, si c&#8217;est uniquement un processus commercial, vous \u00eates sacr\u00e9ment patient ! En 5 ans, vous avez d\u00e9croch\u00e9 60 clients. Mais il reste encore 5940 lecteurs qui profitent gratuitement de votre syst\u00e8me, et qui ne deviendront jamais clients ! Au bout de 5 ann\u00e9es de gratuit\u00e9, ils ont pris l&#8217;habitude de vous prendre pour un samaritain !  <\/p>\n<p>Vous avez raison ! Jusqu&#8217;\u00e0 pr\u00e9sent, 95% des clients amen\u00e9s par TIME-COACH ont pass\u00e9 leur premi\u00e8re commande dans les 4 \u00e0 9 mois qui ont suivi leur inscription. Ce qui signifie que d&#8217;un point de vue strictement pragmatique, TIME-COACH devrait s&#8217;arr\u00eater au bout de 9 mois ! Le temps d&#8217;une gestation. \ud83d\ude09  <\/p>\n<p>Mais quelque chose d&#8217;inattendu est arriv\u00e9 : mes articles, de simples courriers d&#8217;une \u00e0 trois pages, ont accompagn\u00e9 bon nombre de lecteurs vers des r\u00e9ussites qui vont bien au del\u00e0 de \u00abl&#8217;\u00e9chantillon\u00bb. Au bout de quelques mois, j&#8217;ai re\u00e7u des dizaines de messages de Gratitude de personnes qui m&#8217;ont \u00e9crit :<\/p>\n<ul>\n<li>Gr\u00e2ce \u00e0 votre accompagnement \u00e9pistolaire, j&#8217;ai repris le tir \u00e0 l&#8217;arc et le th\u00e9\u00e2tre ! C&#8217;est fou ce que \u00e7a change de prendre le temps, au lieu de chercher \u00e0 l&#8217;avoir. Merci mille fois !\n<li>Je suis d\u00e9sormais beaucoup plus attentive aux messages subliminaux que mes enfants m&#8217;envoient. Merci pour tous ces recadrages qui me permettent de grandir avec mes enfants.\n<li>J&#8217;ai toujours repouss\u00e9 mon intuition, pensant qu&#8217;il s&#8217;agissait d&#8217;impulsions&#8230; Vous m&#8217;avez aid\u00e9e \u00e0 me r\u00e9concilier avec mon int\u00e9rieur. Aujourd&#8217;hui, je m&#8217;\u00e9coute, et miracle : des douleurs abdominales que je trainais depuis des ann\u00e9es ont compl\u00e8tement disparu ! Merci pour ce double b\u00e9n\u00e9fice.\n<li>J&#8217;ai mis un temps fou \u00e0 comprendre la pens\u00e9e positive, et en deux paragraphes, vous avez \u00e9clair\u00e9 mon esprit. Merci de m&#8217;aider \u00e0 penser autrement. \u00c7a ouvre des horizons.\n<li>Etc.<\/li>\n<\/ul>\n<p>Ca vous dresse les poils !<strong> Qui l\u00e2cherait \u00e7a ?<\/strong> C&#8217;est un cas de s\u00e9rendipit\u00e9 exceptionnel : j&#8217;ai mis en place un processus de s\u00e9lection de personnes pr\u00e9dispos\u00e9es, et ce m\u00eame processus a cr\u00e9\u00e9 des pr\u00e9dispositions ! Des personnes \u00abincoachables\u00bb sont entr\u00e9es dans le syst\u00e8me, et en quelques mois, elles sont devenues \u00abcoachables\u00bb !  <\/p>\n<p>En bon auto-coach, j\u2019ai d\u00e9cid\u00e9 de d\u00e9velopper \u00e7a ! Je suis coach et coach\u00e9 ! La performance m&#8217;int\u00e9resse ! Surtout dans un domaine qui contribue \u00e0 un monde meilleur.  <\/p>\n<p>Plus \u00e9go\u00efstement : <strong>vous abandonneriez votre talent cach\u00e9 ?<\/strong> Je savais que j&#8217;avais de l&#8217;Energie \u00e0 revendre en pr\u00e9sentiel ou par t\u00e9l\u00e9phone. Mais par \u00e9crit \u00e0 des milliers de personnes ?!!! C&#8217;\u00e9tait nouveau !  <\/p>\n<p>J&#8217;ai donc d\u00e9cid\u00e9 de passer \u00e0 la vitesse sup\u00e9rieure : cr\u00e9er des programmes d&#8217;auto-coaching sur diverses th\u00e9matiques. Il y a une condition \u00e0 l&#8217;entr\u00e9e : s&#8217;autoriser \u00e0 investir en soi. C\u2019est aussi une pr\u00e9s\u00e9lection : osez mettre 39 euros dans un processus qui vous remplit de Confiance, en acceptant l&#8217;id\u00e9e que c&#8217;est un b\u00e9n\u00e9fice \u00e0 vie !  <\/p>\n<p>Je me suis donc lanc\u00e9 dans l&#8217;aventure des programmes payants en \u00e9coutant les lecteurs de TIME-COACH. En r\u00e9pondant \u00e0 leurs questions, en partageant leurs peurs, en m&#8217;int\u00e9ressant \u00e0 eux de pr\u00e8s, passant parfois des heures \u00e0 correspondre sans contrepartie financi\u00e8re. Chaque \u00e9change, chaque r\u00e9action devenait un sujet passionnant pour \u00e9crire un article.  <\/p>\n<p>Tout en diffusant ces programmes d&#8217;auto-coaching, je recevais de nouveaux t\u00e9moignages de Gratitude : <\/p>\n<ul>\n<li>C&#8217;est la premi\u00e8re fois que je commande sur Internet, et je le fais parce que j&#8217;ai confiance en vous. Merci ! C&#8217;est bon d&#8217;\u00eatre confiant&#8230;\n<li>Je commence \u00e0 aimer l&#8217;argent et il me le rend bien ! Merci de m&#8217;avoir \u00e9veill\u00e9 sur la riche attitude.\n<li>Il y a un an, je m&#8217;ennuyais dans une administration derri\u00e8re mon PC, aujourd&#8217;hui je me pr\u00e9pare \u00e0 passer ma certification de coache. Je vous adresse toute ma Gratitude de m&#8217;avoir inspir\u00e9e et aussi de m&#8217;avoir \u00e9clair\u00e9e sur mes objectifs.\n<li>Gr\u00e2ce \u00e0 vos programmes, je sais ce que je veux Devenir. Je ne suis plus une victime, je veux profiter de ma vie, et j&#8217;ai compris que j&#8217;en suis l&#8217;actrice principale.<\/li>\n<\/ul>\n<p>Ca ne se l\u00e2che pas !  <\/p>\n<p>Et pourtant, j&#8217;ai l\u00e2ch\u00e9-prise. Pourquoi ?  <\/p>\n<h2>R\u00e9ponse partielle<\/h2>\n<p>Ma question \u00e9tait celle-ci : <\/p>\n<p><b>[&#8230;] les programmes payants ne sont pas rentables, et le programme gratuit est tr\u00e8s rentable ! Comment est-ce possible ???<\/b> <\/p>\n<p>Et pourtant, une bonne partie des participants n&#8217;a r\u00e9pondu que partiellement. Ils ont fait comme si j&#8217;ai demand\u00e9 \u00abpourquoi le programme gratuit est-il rentable ?\u00bb. <\/p>\n<p>Ce point est \u00e9clairci : TIME-COACH est un commercial automatique qui m&#8217;apporte des clients, il d\u00e9s\u00e9lectionne les incoachables chroniques, et il \u00e9veille les coachables qui s&#8217;ignorent&#8230; <\/p>\n<p>Mais pourriez-vous r\u00e9pondre \u00e0 la deuxi\u00e8me partie de la question ? Pourquoi les programmes payants ne sont pas rentables au point d&#8217;\u00eatre supprim\u00e9s du catalogue ? Ils sont d\u00e9j\u00e0 \u00e9crits ; qu&#8217;est-ce qui m&#8217;emp\u00eache de les laisser l\u00e0 ? M\u00eame s&#8217;il n&#8217;y a qu&#8217;une inscription par semaine, c&#8217;est toujours \u00e7a de pris ! <\/p>\n<p>Alors pourquoi ? Il y a des indices dans cet article et dans les pr\u00e9c\u00e9dents.Allez ! Encore des places gratuites \u00e0 gagner, si votre r\u00e9ponse est bonne et qu&#8217;elle se trouve dans les 10 premi\u00e8res r\u00e9actions (m\u00eame r\u00e8gles que mercredi). <\/p>\n<p>J&#8217;ouvre les commentaires \u00e0 14h30. Faites sonner votre montre ! <\/p>\n<p>A++  <\/p>\n<p><b>St\u00e9phane SOLOMON<\/b><\/p>\n<!--themify_builder_content-->\n<div id=\"themify_builder_content-1161\" data-postid=\"1161\" class=\"themify_builder_content themify_builder_content-1161 themify_builder tf_clear\">\n    <\/div>\n<!--\/themify_builder_content-->\n","protected":false},"excerpt":{"rendered":"<p>Il y a 7 gagnants au jeu concours de mercredi ! D\u00e8s que la zone des commentaires a \u00e9t\u00e9 ouverte, il y a eu une certaine pr\u00e9cipitation et les 10 premiers commentaires ont \u00e9t\u00e9 publi\u00e9s en moins de 15 minutes. Je vous propose de d\u00e9couvrir la bonne r\u00e9ponse, dont diff\u00e9rentes formulations ont \u00e9t\u00e9 donn\u00e9es par [&hellip;]<\/p>\n","protected":false},"author":1,"featured_media":0,"parent":0,"menu_order":0,"comment_status":"open","ping_status":"open","template":"","meta":[],"builder_content":"","_links":{"self":[{"href":"https:\/\/auto-coaching.fr\/index.php\/wp-json\/wp\/v2\/pages\/1161"}],"collection":[{"href":"https:\/\/auto-coaching.fr\/index.php\/wp-json\/wp\/v2\/pages"}],"about":[{"href":"https:\/\/auto-coaching.fr\/index.php\/wp-json\/wp\/v2\/types\/page"}],"author":[{"embeddable":true,"href":"https:\/\/auto-coaching.fr\/index.php\/wp-json\/wp\/v2\/users\/1"}],"replies":[{"embeddable":true,"href":"https:\/\/auto-coaching.fr\/index.php\/wp-json\/wp\/v2\/comments?post=1161"}],"version-history":[{"count":4,"href":"https:\/\/auto-coaching.fr\/index.php\/wp-json\/wp\/v2\/pages\/1161\/revisions"}],"predecessor-version":[{"id":1165,"href":"https:\/\/auto-coaching.fr\/index.php\/wp-json\/wp\/v2\/pages\/1161\/revisions\/1165"}],"wp:attachment":[{"href":"https:\/\/auto-coaching.fr\/index.php\/wp-json\/wp\/v2\/media?parent=1161"}],"curies":[{"name":"wp","href":"https:\/\/api.w.org\/{rel}","templated":true}]}}