{"id":1167,"date":"2014-02-12T11:44:51","date_gmt":"2014-02-12T09:44:51","guid":{"rendered":"http:\/\/www.auto-coaching.fr\/?page_id=1167"},"modified":"2014-02-12T12:38:50","modified_gmt":"2014-02-12T10:38:50","slug":"la-bonne-reponse-2-2","status":"publish","type":"page","link":"https:\/\/auto-coaching.fr\/index.php\/la-bonne-reponse-2-2\/","title":{"rendered":"La bonne r&eacute;ponse (2\/2)"},"content":{"rendered":"<p>Mercredi dernier, je vous ai demand\u00e9 pour quelles raisons un programme gratuit comme TIME-COACH \u00e9tait rentable, alors que les programmes payants ne l&#8217;\u00e9taient pas. Les participants ont r\u00e9pondu majoritairement \u00e0 la premi\u00e8re partie de la question, mais la raison pour laquelle les programmes payants me p\u00e9nalisent a \u00e0 peine \u00e9t\u00e9 \u00e9voqu\u00e9e.  <\/p>\n<p>J&#8217;ai donc r\u00e9it\u00e9r\u00e9 ma question vendredi, afin que vous me parliez des programmes payants. Et l\u00e0, il s&#8217;est pass\u00e9 un truc tr\u00e8s dr\u00f4le : vous avez \u00e9t\u00e9 3 fois moins nombreux \u00e0 participer&#8230;  <\/p>\n<p>Bein oui, d\u00e8s qu&#8217;on parle de programmes payants, il y a beaucoup moins de monde !  <\/p>\n<p>Dans les r\u00e9ponses donn\u00e9es, il y a un peu de tout : la facturation, la comptabilit\u00e9, les impay\u00e9s, l&#8217;administration informatique, etc. C&#8217;est vrai que c&#8217;est lourd \u00e0 g\u00e9rer, mais c&#8217;est g\u00e9rable et automatisable \u00e0 80%&#8230; Aucune entreprise ne se plaindra de facturer ses clients ou de devoir payer un comptable pour son bilan, du moment que les chiffres sont bons. C&#8217;est uniquement lorsque le bilan est mauvais, que le travail administratif devient une aberration, et que le comptable appara\u00eet comme un \u00abescroc\u00bb qui demande de l&#8217;argent, alors qu&#8217;il voit tr\u00e8s bien qu&#8217;il n&#8217;y en a pas !  <\/p>\n<p>Les \u00absouffre-douleur\u00bb cit\u00e9s sont les activit\u00e9s qui devraient \u00eatre fluides (ou qui aspirent \u00e0 le devenir), mais qui sont p\u00e9nalisants, parce qu&#8217;en amont, il y a un autre probl\u00e8me : il n&#8217;y a pas de quoi les payer. C&#8217;est l&#8217;arbre qui cache la for\u00eat&#8230; <\/p>\n<h2><strong>R\u00e9sum\u00e9<\/strong><\/h2>\n<p>Au d\u00e9but, TIME-COACH \u00e9tait un outil de prospection. Un \u00abcommercial virtuel\u00bb qui m&#8217;a rapport\u00e9 environ 60 clients en 5 ans. Des clients avec lesquels j&#8217;ai r\u00e9alis\u00e9 un Chiffre d&#8217;Affaires qui se situe entre 600 et 8.400 euros (pour le moment), avec une moyenne de 1.800 euros par client et par an.  <\/p>\n<p>Aujourd&#8217;hui, \u00e7a continue : les nouveaux arrivants re\u00e7oivent les messages \u00e9crits il y a 5 ans. Le processus est automatique, il est r\u00f4d\u00e9, et il fonctionne sans moi&#8230; Qu&#8217;est-ce qui me reste \u00e0 faire ?  <\/p>\n<ul>\n<li>Pour faire entrer 1.000 nouveaux lecteurs, il faut que je d\u00e9bourse environ 800 euros. Je le fais volontiers, car je sais que ce sera rentable : l&#8217;investissement me rapportera entre 3 et 5 clients.\n<li>Lorsqu&#8217;un nouveau lecteur me pose des questions, je lui r\u00e9ponds, et je m&#8217;en donne \u00e0 c\u0153ur joie, car <b>toute relation commerciale commence par une question<\/b>.<\/li>\n<\/ul>\n<h2>R\u00e9f\u00e9rentiel inertiel<\/h2>\n<p>En sciences physiques en appelle ce genre de syst\u00e8me un \u00abr\u00e9f\u00e9rentiel inertiel\u00bb : le syst\u00e8me est en mouvement rectiligne et uniforme, imperturbable&#8230; Les forces d\u00e9ploy\u00e9es par le pass\u00e9 sont toujours pr\u00e9sentes. Il n&#8217;y a rien \u00e0 ajouter, rien \u00e0 enlever. \u00c7a avance&#8230; Toute action ext\u00e9rieure au syst\u00e8me trouve une r\u00e9action int\u00e9rieure, instantan\u00e9ment.  <\/p>\n<p>J&#8217;avais 3 partenaires qui me sugg\u00e9raient des id\u00e9es, \u00e9crivaient des \u00e9bauches d&#8217;articles, r\u00e9pondaient aux lecteurs, etc. Mais apr\u00e8s 2 ans d&#8217;activit\u00e9 et 10.000 lecteurs, nous avons fait le point et nous avons constat\u00e9 que nos clients, dans leur grosse majorit\u00e9 s&#8217;\u00e9taient manifest\u00e9s dans les 9 premiers mois qui ont suivi leur inscription. Au-del\u00e0, nous \u00e9tions catalogu\u00e9s \u00abm\u00e9dia gratuit\u00bb.  <\/p>\n<p>L&#8217;\u00e9criture de nouveaux articles devenait donc inutile d&#8217;un point de vue commercial. Mes collaborateurs ont lev\u00e9 le pied, pr\u00eats \u00e0 l\u00e2cher prise sur un lectorat de plusieurs milliers de personnes. J&#8217;ai alors fait cette proposition \u00e0 mon \u00e9quipe :  <\/p>\n<blockquote>\n<p>Sur 10.000 lecteurs, nous avons 40 clients \u00e0 1.800\u20ac par an. Que diriez-vous si j&#8217;allais chercher dans ce m\u00eame lectorat, 1.800 clients \u00e0 40\u20ac par an ?<\/p>\n<\/blockquote>\n<p>Il suffit de proposer une alternative : des programmes d&#8217;auto-coaching \u00e0 des tarifs accessibles&#8230; J&#8217;ai d\u00e9j\u00e0 un bon d\u00e9but avec 2 programmes pilotes (MEMORY-COACH et OBJECTIFS-COACH). On peut mettre les bouch\u00e9es doubles pour convaincre plus de monde, et \u00e9crire de nouveaux programmes pour int\u00e9resser un public plus large.  <\/p>\n<p>J&#8217;ai montr\u00e9 les t\u00e9moignages qui prouvaient que le processus \u00e9crit donnait des r\u00e9sultats probants, et mes partenaires ont accept\u00e9 d&#8217;investir du temps et de l&#8217;argent dans ce nouveau projet.  <\/p>\n<p>En interne, il y avait donc 2 TIME-COACH :  <\/p>\n<ul>\n<li>Le premier d&#8217;une dur\u00e9e de 9 mois, servait \u00e0 s\u00e9duire de \u00abgros clients\u00bb, partants pour des prestations \u00e0 forte valeur ajout\u00e9e\n<li>Le deuxi\u00e8me d&#8217;une dur\u00e9e ind\u00e9termin\u00e9e, prenait le relai pour convaincre des \u00abpetits clients\u00bb, pr\u00e9f\u00e9rant un itin\u00e9raire bis, plus lent et plus \u00abtranquille\u00bb. <\/li>\n<\/ul>\n<h2>Un d\u00e9but prometteur<\/h2>\n<p>La d\u00e9cision de cr\u00e9er un catalogue de programmes d&#8217;auto-coaching a \u00e9t\u00e9 ent\u00e9rin\u00e9e en mai 2011. A cette \u00e9poque, les deux programmes pilotes affichaient un score de 600 clients \u00e0 14\u20ac en moyenne. Nous avons lanc\u00e9 deux nouveaux programmes, et fin 2011, nous avons atteint 900 clients pour une moyenne de 20 euros. Juste avec 4 programmes, et une promotion douce. C&#8217;est encourageant n&#8217;est-ce pas ?  <\/p>\n<p>Mais plus je multipliais les programmes, plus je constatais la faille : le nombre de clients n&#8217;augmentait pratiquement pas ! A chaque lancement, les m\u00eames noms apparaissaient ! Impossible d&#8217;atteindre le but annonc\u00e9 de 1.800 clients. Nous en \u00e9tions tr\u00e8s loin. Le projet a \u00e9t\u00e9 abandonn\u00e9 par l&#8217;\u00e9quipe. Le seul moyen de poursuivre \u00e9tait d&#8217;en faire une \u00abMission\u00bb. Ma mission consistait donc \u00e0 CONVAINCRE des centaines de lecteurs \u00e0 entrer dans le mouvement.  <\/p>\n<p>Ici je dois marquer une pause pour rappeler une chose essentielle : je ne l&#8217;aurais jamais fait si c&#8217;\u00e9tait uniquement pour l&#8217;argent. Pour gagner de l&#8217;argent il y a plein de solutions. Je pourrais vendre de la drogue, embaucher des hommes de mains pour racketter des commer\u00e7ants, r\u00e9duire \u00e0 l\u2019esclavage sexuel des jeunes filles que je livrerai \u00e0 des addicts en manque d\u2019affection. Il y a une \u00abclient\u00e8le\u00bb pour ce genre d\u2019activit\u00e9s dans tous les milieux sociaux. Il y a m\u00eame des gens qui, tout en gagnant un salaire de mis\u00e8re, trouveront toujours de l&#8217;argent pour \u00e7a.  <\/p>\n<p>Si je cite ces exemples, c&#8217;est parce qu&#8217;\u00e0 chaque lancement de programme, plus j&#8217;essayais de convaincre, plus on me reprochait d&#8217;exploiter la mis\u00e8re du monde en vendant du r\u00eave, et en cr\u00e9ant des peurs ou des addictions ! Parfois les reproches \u00e9taient d&#8217;une telle violence, que j&#8217;avais l&#8217;impression d&#8217;\u00eatre Al Capone : un personnage charismatique aux activit\u00e9s occultes.  <\/p>\n<p>J&#8217;ai d&#8217;ailleurs \u00e9crit quelques articles sur ces paradigmes qui associent syst\u00e9matiquement l&#8217;argent au mal, et qui stigmatisent les gens qui aiment gagner de l\u2019argent en les comparant \u00e0 des mafieux&#8230; C&#8217;est tr\u00e8s ancr\u00e9 dans les mentalit\u00e9s fran\u00e7aises. Les m\u00e9dias y sont pour beaucoup. <\/p>\n<p>Attention, je ne dis pas que l&#8217;argent n&#8217;est pas une source de conflits et de comportements toxiques, j&#8217;ai juste conscience que ce n&#8217;est pas \u00e0 cause de l&#8217;argent, mais \u00e0 cause du sentiment de <b>manque<\/b> d&#8217;argent ou de la <b>peur<\/b> d&#8217;en manquer. Ces sentiments existent tant chez les riches que chez les pauvres, et il provoque les m\u00eames d\u00e9g\u00e2ts. <\/p>\n<p>La diff\u00e9rence vient du fait qu&#8217;avec de l&#8217;argent, on \u00e9tend son influence au-del\u00e0 du cercle intime. Ce qui fait des riches toxiques, des personnes extr\u00eamement dangereuses pour le monde, et des riches bienveillants, des personnes qui am\u00e9liorent le monde. La vraie question est donc : <b>qui \u00eates-vous ?<\/b> Si vous \u00eates quelqu&#8217;un de bien, je vous recommande vivement de gagner beaucoup, beaucoup d&#8217;argent, afin d&#8217;\u00e9tendre votre influence au-del\u00e0 du cercle intime. Le monde a besoin de vous !  <\/p>\n<p>Fin de la pause&#8230; Retournons \u00e0 nos moutons.  <\/p>\n<h2>Convaincre co\u00fbte cher !<\/h2>\n<p>Les petites pauses comme celle que je viens de faire ont fait le succ\u00e8s de TIME-COACH. Ces moments d&#8217;\u00e9veils, qu&#8217;ils concernent l&#8217;Argent, la Communication, la Sant\u00e9, l&#8217;Education, le Travail, la Spiritualit\u00e9&#8230; ont produit des effets b\u00e9n\u00e9fiques sur des centaines de lecteurs. \u00c7a donne envie \u00abd&#8217;aller vers&#8230;\u00bb, \u00e7a maintient la forme !  <\/p>\n<p>Mais la contrepartie financi\u00e8re n&#8217;est pas au rendez-vous. Ce qui me co\u00fbte le plus cher dans ce syst\u00e8me, c&#8217;est l&#8217;\u00e9criture d&#8217;articles gratuits destin\u00e9s \u00e0 convaincre les lecteurs d&#8217;en acheter d&#8217;autres&#8230; Car <strong>le gratuit suffit<\/strong> \u00e0 la majorit\u00e9 d&#8217;entre eux ! <\/p>\n<p>C&#8217;est comme si je gonflais les 4 pneus d&#8217;une voiture et je disais :  <\/p>\n<p>&#8211; Je vous propose de gonfler vos autres pneus \u00e0 un tarif abordable<br \/>&#8211; Quels pneus ? Me r\u00e9pondent la plupart des lecteurs. Une voiture n&#8217;a que 4 pneus !  <\/p>\n<p>Il en ressort que j&#8217;ai beaucoup de lecteurs gonfl\u00e9s \u00e0 bloc, qui ont peur d&#8217;exploser ! Plus je donne gratuitement, moins il y a d&#8217;inscriptions aux programme payants. Il y en a m\u00eame qui se plaignent parce que cette profusion finit par les gonfler&#8230;  <\/p>\n<p>J&#8217;essaye de convaincre encore :  <\/p>\n<p>&#8211; Avez-vous pens\u00e9 \u00e0 votre roue de secours ? Mon travail commence, lorsque vous pensez \u00e0 ce pneu-l\u00e0 ! Avez-vous un v\u00e9lo ? Une moto ? Une fourgonnette ? Un petit parc de voitures de fonction ? Mon offre s&#8217;adresse \u00e0 des gens qui roulent !  <\/p>\n<h2>La bonne r\u00e9ponse<\/h2>\n<p>Argumenter pour vendre \u00e0 des personnes r\u00e9fractaires \u00e0 vos produits, demande une grande disponibilit\u00e9. Nous sommes loin du r\u00e9f\u00e9rentiel inertiel imperturbable. Il faut souvent r\u00e9agir au quart de tour, ce qui se fait forc\u00e9ment au d\u00e9triment d&#8217;autres activit\u00e9s. C&#8217;est un temps que vous pourriez consacrer \u00e0 un gros client, au d\u00e9veloppement de votre entreprise, \u00e0 la recherche de nouvelles id\u00e9es, ou \u00e0 vos enfants : ce qui n&#8217;a pas de prix&#8230;  <\/p>\n<p>Je me suis beaucoup occup\u00e9 des lecteurs qui ne veulent pas acheter, ne souhaitant pas les laisser pour compte. Grosse erreur ! Pendant ce temps, ceux qui voulaient vraiment investir en eux, attendaient que \u00e7a bouge ! Il y avait donc des laiss\u00e9s pour compte&#8230;  <\/p>\n<p>Je ne dis pas que l&#8217;argumentation \u00e9tait inutile, puisqu&#8217;elle a \u00e9veill\u00e9 beaucoup de lecteurs. Je dis que 5 ans, c&#8217;est trop long ! Aujourd&#8217;hui, mes arguments ne produisent plus rien de concret chez les r\u00e9fractaires chroniques, et les lecteurs qui ont adh\u00e9r\u00e9 \u00e0 mes programmes payants attendent quelque chose de plus cons\u00e9quent \u00e0 se mettre sous la dent. Pour eux, le prix est devenu un crit\u00e8re secondaire, du moment qu&#8217;ils en ont pour leur argent.  <\/p>\n<p>Je ne sais pas encore ce que je vais proposer pr\u00e9cis\u00e9ment. J&#8217;attends le 20 f\u00e9vrier pour l\u00e2cher compl\u00e8tement prise sur les anciens produits et commencer \u00e0 visualiser les nouveaux. Le temps de rebondir, TIME-COACH gardera sa vocation : garder le contact avec ceux qui veulent avancer !  <\/p>\n<p>A++  <\/p>\n<p><strong>St\u00e9phane SOLOMON<\/strong>  <\/p>\n<p>PS : Vous pouvez encore vous inscrire aux programmes payants jusqu&#8217;au 20 f\u00e9vrier. Si vous avez cru que votre inscription allait me p\u00e9naliser \u00e0 cause du travail qui en r\u00e9sulte, vous savez maintenant que ce n&#8217;est pas le probl\u00e8me. Le plus dur est de CONVAINCRE. Si cet article vous a convaincu, le plus dur est derri\u00e8re nous.<\/p>\n<!--themify_builder_content-->\n<div id=\"themify_builder_content-1167\" data-postid=\"1167\" class=\"themify_builder_content themify_builder_content-1167 themify_builder tf_clear\">\n    <\/div>\n<!--\/themify_builder_content-->\n","protected":false},"excerpt":{"rendered":"<p>Mercredi dernier, je vous ai demand\u00e9 pour quelles raisons un programme gratuit comme TIME-COACH \u00e9tait rentable, alors que les programmes payants ne l&#8217;\u00e9taient pas. Les participants ont r\u00e9pondu majoritairement \u00e0 la premi\u00e8re partie de la question, mais la raison pour laquelle les programmes payants me p\u00e9nalisent a \u00e0 peine \u00e9t\u00e9 \u00e9voqu\u00e9e. J&#8217;ai donc r\u00e9it\u00e9r\u00e9 ma [&hellip;]<\/p>\n","protected":false},"author":1,"featured_media":0,"parent":0,"menu_order":0,"comment_status":"open","ping_status":"open","template":"","meta":[],"builder_content":"","_links":{"self":[{"href":"https:\/\/auto-coaching.fr\/index.php\/wp-json\/wp\/v2\/pages\/1167"}],"collection":[{"href":"https:\/\/auto-coaching.fr\/index.php\/wp-json\/wp\/v2\/pages"}],"about":[{"href":"https:\/\/auto-coaching.fr\/index.php\/wp-json\/wp\/v2\/types\/page"}],"author":[{"embeddable":true,"href":"https:\/\/auto-coaching.fr\/index.php\/wp-json\/wp\/v2\/users\/1"}],"replies":[{"embeddable":true,"href":"https:\/\/auto-coaching.fr\/index.php\/wp-json\/wp\/v2\/comments?post=1167"}],"version-history":[{"count":11,"href":"https:\/\/auto-coaching.fr\/index.php\/wp-json\/wp\/v2\/pages\/1167\/revisions"}],"predecessor-version":[{"id":1178,"href":"https:\/\/auto-coaching.fr\/index.php\/wp-json\/wp\/v2\/pages\/1167\/revisions\/1178"}],"wp:attachment":[{"href":"https:\/\/auto-coaching.fr\/index.php\/wp-json\/wp\/v2\/media?parent=1167"}],"curies":[{"name":"wp","href":"https:\/\/api.w.org\/{rel}","templated":true}]}}