{"id":119,"date":"2012-07-03T15:01:23","date_gmt":"2012-07-03T15:01:23","guid":{"rendered":"http:\/\/www.auto-coaching.fr\/?page_id=119"},"modified":"2012-07-03T17:04:51","modified_gmt":"2012-07-03T17:04:51","slug":"le-saut-quantique","status":"publish","type":"page","link":"https:\/\/auto-coaching.fr\/index.php\/le-saut-quantique\/","title":{"rendered":"Le saut quantique"},"content":{"rendered":"<p style=\"margin: 10px 0px 0px\">Mi-juin, cette ann\u00e9e, je discutais avec le moniteur de tennis de mon fils (9 ans). Je venais de renouveler son inscription pour l&#8217;ann\u00e9e prochaine, et j&#8217;ai confi\u00e9 \u00e0 qui de droit, que la d\u00e9cision a \u00e9t\u00e9 prise in-extr\u00e9mis, car mon fils n&#8217;avait pas progress\u00e9 de l&#8217;ann\u00e9e. Sauf&#8230; au d\u00e9but du mois de juin, sentant que sa r\u00e9inscription \u00e9tait en jeu.<\/p>\n<p style=\"margin: 10px 0px 0px\">C&#8217;est incroyable les progr\u00e8s qu&#8217;on fait avec une \u00e9p\u00e9e de Damocl\u00e8s sur la t\u00eate.<\/p>\n<p style=\"margin: 10px 0px 0px\">Son moniteur de Tennis a alors hoch\u00e9 la t\u00eate et m&#8217;a confi\u00e9 le secret :<\/p>\n<div style=\"text-align: left; padding-bottom: 10px; background-color: rgb(214,222,231); margin: 12px 0px 0px 20px; padding-left: 10px; padding-right: 10px; padding-top: 10px\">\n<div>\n<p style=\"text-indent: -8px; margin: 6px 0px 0px 8px\">&#8211; C&#8217;est gr\u00e2ce \u00e0 Roland Garros !<\/p>\n<p style=\"text-indent: -8px; margin: 6px 0px 0px 8px\">&#8211; Comment \u00e7a ? Il progresse en regardant des tournois \u00e0 la t\u00e9l\u00e9 ?<\/p>\n<p style=\"text-indent: -8px; margin: 6px 0px 0px 8px\">&#8211; Oui ! Il observe les champions et il voit qu&#8217;ils ne l\u00e2chent aucune balle. Que m\u00eame apr\u00e8s 4 balles de match, une \u00ab teigne \u00bb comme Jokovic continue \u00e0 aller chercher la balle l\u00e0 o\u00f9 elle se trouve !<\/p>\n<p style=\"text-indent: -8px; margin: 6px 0px 0px 8px\">&#8211; Mais moi aussi j&#8217;ai vu les matchs, et je n&#8217;ai pas progress\u00e9&#8230;<\/p>\n<p style=\"text-indent: -8px; margin: 6px 0px 0px 8px\">&#8211; C&#8217;est parce que vous ne regardez pas de la m\u00eame fa\u00e7on : vous, vous SAVEZ que c&#8217;est possible, vous avez vu Borg, Mc Enroe et bien d&#8217;autres champions reprendre leur place en finale.<\/p>\n<p style=\"text-indent: -8px; margin: 6px 0px 0px 8px\">&#8211; Mais \u00e7a me surprend toujours !<\/p>\n<p style=\"text-indent: -8px; margin: 6px 0px 0px 8px\">&#8211; Ca vous surprend, mais \u00e7a reste possible ! Pour votre fils, c&#8217;est une vraie d\u00e9couverte. Alors il fait comme les champions : il va chercher les balles \u00abimpossibles\u00bb !<\/p>\n<p style=\"text-indent: -8px; margin: 6px 0px 0px 8px\">&#8211; Mais c&#8217;est \u00e9norme ce que vous dites l\u00e0 ! Ca veut dire qu&#8217;il apprend un sport en regardant passivement la t\u00e9l\u00e9 ?<\/p>\n<p style=\"text-indent: -8px; margin: 6px 0px 0px 8px\">&#8211; Passivement ? Prenez son pouls lorsque l&#8217;arbitre annonce \u00ab balle de match \u00bb, et vous verrez si c&#8217;est passif ! Regardez ses pieds, ses bras, ses yeux, son front \u00e0 chaque \u00e9change : les gosses passionn\u00e9s de tennis sont plein de spasmes lorsqu&#8217;ils regardent un match de champions. Tout ce qu&#8217;ils ont appris durant l&#8217;ann\u00e9e devient applicable !<\/p>\n<p style=\"text-indent: -8px; margin: 6px 0px 0px 8px\">&#8211; Donc sans Roland Garros vous n&#8217;auriez pas autant de r\u00e9inscriptions ?<\/p>\n<p style=\"text-indent: -8px; margin: 6px 0px 0px 8px\">&#8211; Evidemment ! Pourquoi pensez-vous que les inscriptions se font au mois de juin, alors que les cours commencent en septembre ?<\/p>\n<\/div>\n<\/div>\n<p style=\"margin: 10px 0px 0px\">Ca fait r\u00e9fl\u00e9chir&#8230; Je ne sais pas ce que \u00e7a \u00e9voque en vous, mais personnellement, c\u2019est \u00e9norme ! Il y a de quoi \u00e9crire 10 articles autour de ce sujet, et c\u2019est un excellent d\u00e9but de conf\u00e9rence ou de cours : les comp\u00e9tences latentes qui se r\u00e9v\u00e8lent soudainement, la t\u00e9nacit\u00e9 contagieuse des champions, les diff\u00e9rentes \u00e9nergies du sport, les mod\u00e8les de notre enfance et ce qu&#8217;ils nous ont laiss\u00e9s, les \u00e9v\u00e8nements exceptionnels qui boostent le commerce&#8230; C&#8217;est \u00e9norme !<\/p>\n<p style=\"margin: 10px 0px 0px\">Ca m&#8217;a \u00e9galement fait r\u00e9fl\u00e9chir \u00e0 propos d&#8217;une question qu&#8217;on me pose souvent : <strong>peut-on progresser<\/strong>, apprendre, se motiver, <strong>assis derri\u00e8re un \u00e9cran<\/strong> ? Je suis souvent critiqu\u00e9 \u00e0 cause de ce choix&#8230; Y compris par des gens tr\u00e8s intelligents, y compris par des gens qui m&#8217;admirent dans \u00abla vraie vie\u00bb, hors de \u00abla matrice\u00bb&#8230;<\/p>\n<p style=\"margin: 10px 0px 0px\">Et puis, j&#8217;ai eu ma r\u00e9ponse de fa\u00e7on assez inattendue quelques jours plus tard : alors que je procrastinais dans mon lit un dimanche matin devant la t\u00e9l\u00e9, un commentateur des 24h du mans a d\u00e9crit le parcours de Jordan TRESSON. Ce fran\u00e7ais de 23 ans est pass\u00e9 du pilotage virtuel sur PlayStation au pilotage r\u00e9el d&#8217;une voiture de course sur la l\u00e9gendaire piste du Mans. L&#8217;histoire a commenc\u00e9 il y a 2 ans, lors d&#8217;un concours organis\u00e9 par Sony et Nissan : La GT Acad\u00e9my (concours international autour du jeu \u00abGran Turismo\u00bb).<\/p>\n<p style=\"margin: 10px 0px 0px\">Gagnant virtuel, Jordan TRESSON s&#8217;est vu proposer une s\u00e9rie de stages par les organisateurs de l&#8217;\u00e9v\u00e8nement. 2 ans plus tard, le voil\u00e0 \u00e0 bord d&#8217;un bolide de Signatech-Nissan, affrontant les plus grands champions. Il a obtenu un score plus qu&#8217;honorable, salu\u00e9 par les principaux acteurs de la course automobile (y compris la presse sp\u00e9cialis\u00e9e).<\/p>\n<p style=\"margin: 10px 0px 0px\">Tout a commenc\u00e9 derri\u00e8re un \u00e9cran, une manette en mains !<\/p>\n<h2 style=\"margin: 28px 0px 0px; font-size: 14pt; font-weight: bold\">Le saut quantique<\/h2>\n<p style=\"margin: 10px 0px 0px\">Vous venez de recevoir un courrier \u00e9lectronique&#8230; C&#8217;est virtuel !<\/p>\n<p style=\"margin: 10px 0px 0px\">Qu&#8217;allez-vous pouvoir en faire dans le monde r\u00e9el ? Que vous soyez chef d&#8217;entreprise, cadre, commer\u00e7ant ou parent, vous pouvez trouver dans ce message une source d\u2019\u00e9nergie pour passer \u00e0 l&#8217;action. Il ne m&#8217;appartient pas de vous dicter cette action. Je n&#8217;ai aucun exercice \u00e0 vous proposer, et je ne distribue pas de notes non plus&#8230;<\/p>\n<p style=\"margin: 10px 0px 0px\">Cr\u00e9ez votre propre exercice dans la vraie vie ! C&#8217;est la diff\u00e9rence entre un auto-coaching et une formation. Je peux faire des propositions, raconter une anecdote, sugg\u00e9rer des id\u00e9es, mais au final, chaque lecteur de ce message peut agir d&#8217;une fa\u00e7on unique. C&#8217;est \u00e0 vous d&#8217;en tirer un b\u00e9n\u00e9fice.<\/p>\n<p style=\"margin: 10px 0px 0px\">Relisez mon petit dialogue avec le moniteur de tennis, et envisagez une action imm\u00e9diate. Elle peut \u00eatre d\u2019ordre familial, sportif, commercial\u2026<\/p>\n<p style=\"margin: 10px 0px 0px\">Si vous voulez t\u00e9moigner ou donner vos impressions, j&#8217;attends vos commentaires ou vos id\u00e9es.<\/p>\n<p style=\"margin: 10px 0px 0px\">A++<\/p>\n<p style=\"margin: 10px 0px 0px\"><strong style=\"line-height: 12pt; font-size: 10pt\">St\u00e9phane SOLOMON<\/strong><\/p>\n<!--themify_builder_content-->\n<div id=\"themify_builder_content-119\" data-postid=\"119\" class=\"themify_builder_content themify_builder_content-119 themify_builder tf_clear\">\n    <\/div>\n<!--\/themify_builder_content-->\n","protected":false},"excerpt":{"rendered":"<p>Mi-juin, cette ann\u00e9e, je discutais avec le moniteur de tennis de mon fils (9 ans). Je venais de renouveler son inscription pour l&#8217;ann\u00e9e prochaine, et j&#8217;ai confi\u00e9 \u00e0 qui de droit, que la d\u00e9cision a \u00e9t\u00e9 prise in-extr\u00e9mis, car mon fils n&#8217;avait pas progress\u00e9 de l&#8217;ann\u00e9e. Sauf&#8230; au d\u00e9but du mois de juin, sentant que [&hellip;]<\/p>\n","protected":false},"author":1,"featured_media":0,"parent":0,"menu_order":0,"comment_status":"open","ping_status":"open","template":"","meta":[],"builder_content":"","_links":{"self":[{"href":"https:\/\/auto-coaching.fr\/index.php\/wp-json\/wp\/v2\/pages\/119"}],"collection":[{"href":"https:\/\/auto-coaching.fr\/index.php\/wp-json\/wp\/v2\/pages"}],"about":[{"href":"https:\/\/auto-coaching.fr\/index.php\/wp-json\/wp\/v2\/types\/page"}],"author":[{"embeddable":true,"href":"https:\/\/auto-coaching.fr\/index.php\/wp-json\/wp\/v2\/users\/1"}],"replies":[{"embeddable":true,"href":"https:\/\/auto-coaching.fr\/index.php\/wp-json\/wp\/v2\/comments?post=119"}],"version-history":[{"count":5,"href":"https:\/\/auto-coaching.fr\/index.php\/wp-json\/wp\/v2\/pages\/119\/revisions"}],"predecessor-version":[{"id":125,"href":"https:\/\/auto-coaching.fr\/index.php\/wp-json\/wp\/v2\/pages\/119\/revisions\/125"}],"wp:attachment":[{"href":"https:\/\/auto-coaching.fr\/index.php\/wp-json\/wp\/v2\/media?parent=119"}],"curies":[{"name":"wp","href":"https:\/\/api.w.org\/{rel}","templated":true}]}}