{"id":1191,"date":"2014-02-20T17:16:25","date_gmt":"2014-02-20T15:16:25","guid":{"rendered":"http:\/\/www.auto-coaching.fr\/?page_id=1191"},"modified":"2014-02-20T17:37:43","modified_gmt":"2014-02-20T15:37:43","slug":"demain-il-sera-trop-tard","status":"publish","type":"page","link":"https:\/\/auto-coaching.fr\/index.php\/demain-il-sera-trop-tard\/","title":{"rendered":"Demain, il sera trop tard !?"},"content":{"rendered":"<p>Si vous avez lu mes articles ces 4 derni\u00e8res semaines, vous savez que j&#8217;ai d\u00e9cid\u00e9 de l\u00e2cher prise sur les programmes payants que je propose depuis plusieurs ann\u00e9es. Depuis cette annonce, je me sens beaucoup plus libre, car n&#8217;ayant plus rien \u00e0 vous vendre, il m&#8217;est plus facile de communiquer en profondeur. Par exemple, je peux vous parler de biais cognitifs, sans me dire qu&#8217;on va me sauter dessus pour me dire que c&#8217;est \u00abune ficelle de vente\u00bb. Une manipulation marketing qui am\u00e8nerait mes lecteurs \u00e0 se dire :  <\/p>\n<blockquote>\n<p>Il a raison St\u00e9phane ! Ca fait des ann\u00e9es que je procrastine mon inscription \u00e0 CONFIANCE-COACH. Je me suis d&#8217;abord dit que c&#8217;\u00e9tait trop cher, puis que je n&#8217;allais pas avoir le temps, puis j&#8217;ai eu peur que ma femme tombe sur cet achat et se mette \u00e0 me juger, puis je me suis dit qu&#8217;il vaudrait mieux attendre la fin des \u00e9lections, puis j&#8217;ai fini par oublier&#8230; Donc mon but \u00e9tait d&#8217;oublier l&#8217;offre, et j&#8217;ai utilis\u00e9 diff\u00e9rents biais pour y parvenir&#8230; Mais pourquoi ai-je besoin de pr\u00e9texte pour NE PAS y aller ? Il suffirait de dire non avec simplicit\u00e9&#8230; Ce doit \u00eatre parce que j&#8217;en ai besoin, mais je n&#8217;ose pas me l&#8217;avouer&#8230; Je vais essayer ! Qu&#8217;est-ce que je risque ? <\/p>\n<\/blockquote>\n<p>Je viens de prendre un risque en \u00e9crivant \u00e7a, parce que l&#8217;inscription aux programmes est encore ouverte. Elle sera d\u00e9sactiv\u00e9e ce soir \u00e0 23h59. Donc je suis encore \u00abun vulgaire vendeur\u00bb aux yeux de beaucoup de lecteurs, et le sch\u00e9ma de pens\u00e9e que je viens d&#8217;explorer ne peut les atteindre, car quoi que je dise mon but cach\u00e9 est d&#8217;all\u00e9ger leur portefeuille.  <\/p>\n<p>C&#8217;est pourquoi, \u00e0 partir de demain, \u00e7a va devenir beaucoup plus simple pour moi. Je pourrai vous dire plein de trucs qui vont mieux percuter dans votre esprit, parce que j&#8217;aurai perdu mon statut de vendeur, et par cons\u00e9quent ma vulgarit\u00e9. Je vais devenir plus intelligent, plus g\u00e9n\u00e9reux, plus l\u00e9gitime.  <\/p>\n<p>Mmmm&#8230; Vivement demain !  <\/p>\n<p><strong>Vous vous rendez compte de tout ce que ce l\u00e2cher-prise va m&#8217;apporter ? <\/strong> <\/p>\n<p>Imaginez ! Je vais vous \u00e9crire un article comme \u00abLe temps ami\u00bb, sans proposer en dessous une invitation vers PENSEE++, TIME-COACH PLUS ou MEMORY-COACH&#8230; Forc\u00e9ment, ce courrier va devenir plus amical ! Le m\u00eame article, qui n&#8217;\u00e9tait qu&#8217;un texte de vente il y a 2 mois, va devenir une technique de gestion du temps d\u00e8s ce soir minuit&#8230; Abracadabra !!!  <\/p>\n<p>Je vais m\u00eame pouvoir gagner un temps fou, car je pourrai vous renvoyer les m\u00eames articles qu&#8217;avant, en supprimant 2 ou 3 paragraphes. Et hop ! D\u00e9nu\u00e9s de leur v\u00e9nalit\u00e9, ces articles vont devenir lumineux ! Vous aurez l&#8217;impression que vous les lisez pour la premi\u00e8re fois !  <\/p>\n<p>C&#8217;est pourquoi je voudrais remercier, gratifier, honorer&#8230; celles et ceux qui ont su profiter de mes articles bien avant ce l\u00e2cher-prise, et plus particuli\u00e8rement celles et ceux qui, apr\u00e8s avoir trouv\u00e9 un article lumineux, ont accept\u00e9 d&#8217;adh\u00e9rer \u00e0 un programme payant pour encore plus de clart\u00e9.  <\/p>\n<p>MERCI DU FOND DU C\u0152UR : en achetant mes programmes, vous avez fait de moi bien plus qu&#8217;un vendeur !  <\/p>\n<h2>Une demande particuli\u00e8re <\/h2>\n<p>A pr\u00e9sent, je m&#8217;adresse aux lecteurs qui h\u00e9sitaient, qui h\u00e9sitent encore, et qui vont prendre leur d\u00e9cision demain ou la semaine prochaine :  <\/p>\n<p>S&#8217;il vous pla\u00eet, respectez ma d\u00e9cision !  <\/p>\n<p>J&#8217;attache beaucoup d&#8217;importance au l\u00e2cher-prise de mes coach\u00e9s, et comme je suis souvent mon propre coach, ce l\u00e2cher-prise est tr\u00e8s important pour moi. Voil\u00e0 4 semaines que je communique sur la fin de ces programmes, j&#8217;ai attendu ce jour avec impatience, je vous ai laiss\u00e9 un d\u00e9lai suppl\u00e9mentaire, au cas o\u00f9&#8230; Mais apr\u00e8s la d\u00e9sactivation de ce soir, je ne changerai pas d&#8217;avis !  <\/p>\n<p>Cet article est donc une ultime invitation \u00e0 devenir client, il est inutile de m&#8217;\u00e9crire demain pour me demander un traitement de faveur. C&#8217;est MON l\u00e2cher-prise, et le seul qui m\u00e9rite un traitement de faveur, c&#8217;est MOI !  <\/p>\n<h2>Trop tard !? <\/h2>\n<p>Je fais partie de ceux qui estiment qu&#8217;il n&#8217;est jamais trop tard et qu&#8217;il y a toujours des ouvertures, car nous vivons dans un Univers particuli\u00e8rement g\u00e9n\u00e9reux. Ceci dit, pour profiter de cette profusion de solutions, vous devez vous autoriser \u00e0 distinguer le QUOI du COMMENT.  <\/p>\n<p>Par exemple, si vous voulez acqu\u00e9rir une meilleure confiance en soi pour prendre des d\u00e9cisions plus rapidement, entreprendre de nouveaux projets, communiquer davantage, transmettre vos valeurs \u00e0 vos enfants, etc. CONFIANCE-COACH \u00e9tait l&#8217;une des solutions : un super programme \u00e9crit par mes soins et comment\u00e9 par des auto-coaches. Il est peut-\u00eatre encore temps de vous inscrire, mais si vous lise cet article apr\u00e8s minuit, il est trop tard !  <\/p>\n<p>C&#8217;est trop tard pour CONFIANCE-COACH, mais il n&#8217;est pas trop tard pour la confiance en soi. Il y a une multitude de livres, de formations, de s\u00e9minaires, de sites qui sont consacr\u00e9s \u00e0 ce th\u00e8me. Ce ne sera plus \u00abdu St\u00e9phane SOLOMON&#8230;\u00bb, et alors ? Si je d\u00e9cide de devenir sauveteur alpin, vous ne lirez plus de Newsletter sur le D\u00e9veloppement Personnel ? Soyons s\u00e9rieux ! Il y a beaucoup d&#8217;autres auteurs, et beaucoup d&#8217;autres m\u00e9thodes. Trouvez v\u00f4tre solution, et laissez-moi skier !  <\/p>\n<p>Il est souvent trop tard pour un COMMENT, mais il n&#8217;est jamais trop tard pour votre QUOI.  <\/p>\n<p>Il y a 3 semaines j&#8217;ai voulu ouvrir un compte en banque et on me l&#8217;a refus\u00e9 \u00e0 cause d&#8217;un d\u00e9p\u00f4t de bilan qui date de 1995 (il y a 19 ans !). Je suis all\u00e9 voir une autre banque&#8230; Idem ! J&#8217;ai pris un troisi\u00e8me rendez-vous avec une troisi\u00e8me banque, et \u00e7a y est, l&#8217;ouverture est accord\u00e9e, avec une facilit\u00e9 de tr\u00e9sorerie en prime ! Beaucoup de gens abandonnent au premier ou au deuxi\u00e8me refus, pensant \u00abtoutes les m\u00eames !\u00bb. A cause d&#8217;un COMMENT qui \u00e9choue, ils abandonnent leur QUOI !  <\/p>\n<p>Alors faites-vous une faveur : si vous lisez ce message \u00abtrop tard\u00bb, au lieu de me solliciter, rendez-vous dans une librairie de proximit\u00e9 ou en ligne, et offrez-vous un bon bouquin sur le th\u00e8me de votre choix. Offrez un COMMENT \u00e0 votre QUOI !  <\/p>\n<p>Pour les autres, ceux qui lisent cet article avant 23h59, il est encore temps d&#8217;offrir \u00e0 votre QUOI un produit qui est dans la m\u00eame lign\u00e9e que ceux que vous lisez depuis plusieurs ann\u00e9es :  <\/p>\n<div style=\"margin-top: 60px\">\n<h2 style=\"font-size: 16pt; text-align: center\">Choisissez vos derni\u00e8res s\u00e9ances<\/h2>\n<table cellspacing=\"1\" cellpadding=\"3\" border=\"1\">\n<tbody>\n<tr>\n<th style=\"border-left-width: 1px; font-size: small; border-right-width: 1px; font-variant: small-caps; border-bottom-width: 1px; text-align: center; border-top-width: 1px\">Intitul\u00e9<\/th>\n<th style=\"border-left-width: 1px; font-size: small; border-right-width: 1px; font-variant: small-caps; width: 354px; border-bottom-width: 1px; text-align: center; border-top-width: 1px\">Description <\/th>\n<th style=\"border-left-width: 1px; font-size: small; border-right-width: 1px; font-variant: small-caps; width: 69px; border-bottom-width: 1px; text-align: center; border-top-width: 1px\"> Prix<br \/>TTC<\/th>\n<\/tr>\n<tr>\n<td style=\"border-left-width: 1px; font-size: 10pt; border-right-width: 1px; width: 140px; border-bottom-width: 1px; border-top-width: 1px\"><a href=\"http:\/\/www.coupon-reponse.fr\/solution.aspx?code=MC6TU6I9&amp;origine=tropTard\">MEMORY-COACH<\/a><\/td>\n<td style=\"border-left-width: 1px; font-size: 10pt; border-right-width: 1px; width: 354px; border-bottom-width: 1px; border-top-width: 1px\">D\u00e9couvrez les bases de la mn\u00e9motechnie <\/td>\n<td style=\"border-left-width: 1px; border-right-width: 1px; width: 69px; border-bottom-width: 1px; text-align: center; border-top-width: 1px\"> 10 \u20ac<\/td>\n<\/tr>\n<tr>\n<td style=\"border-left-width: 1px; font-size: 10pt; border-right-width: 1px; width: 140px; border-bottom-width: 1px; border-top-width: 1px\"><a href=\"http:\/\/www.inscription-minute.fr\/solution.aspx?code=OC07RI91&amp;origine=tropTard\">OBJECTIFS-COACH<\/a><\/td>\n<td style=\"border-left-width: 1px; font-size: 10pt; border-right-width: 1px; width: 354px; border-bottom-width: 1px; border-top-width: 1px\">D\u00e9finissez et clarifiez vos objectifs <\/td>\n<td style=\"border-left-width: 1px; border-right-width: 1px; width: 69px; border-bottom-width: 1px; text-align: center; border-top-width: 1px\"> 20 \u20ac<\/td>\n<\/tr>\n<tr>\n<td style=\"border-left-width: 1px; font-size: 10pt; height: 25px; border-right-width: 1px; width: 140px; border-bottom-width: 1px; border-top-width: 1px\"><a href=\"http:\/\/www.inscription-minute.fr\/solution.aspx?code=ATT117OA&amp;origine=tropTard\">ATTITUDE-COACH<\/a><\/td>\n<td style=\"border-left-width: 1px; font-size: 10pt; height: 25px; border-right-width: 1px; width: 354px; border-bottom-width: 1px; border-top-width: 1px\">Si le d\u00e9veloppement personnel m&#8217;\u00e9tait cont\u00e9&#8230;<\/td>\n<td style=\"border-left-width: 1px; height: 25px; border-right-width: 1px; width: 69px; border-bottom-width: 1px; text-align: center; border-top-width: 1px\"> 20 \u20ac<\/td>\n<\/tr>\n<tr>\n<td style=\"border-left-width: 1px; font-size: 10pt; border-right-width: 1px; width: 140px; border-bottom-width: 1px; border-top-width: 1px\"><a href=\"http:\/\/www.coupon-reponse.fr\/solution.aspx?code=TCP074IP&amp;origine=tropTard\">TIME-COACH PLUS<\/a><\/td>\n<td style=\"border-left-width: 1px; font-size: 10pt; border-right-width: 1px; width: 354px; border-bottom-width: 1px; border-top-width: 1px\">De la d\u00e9cision \u00e0 l&#8217;action : les techniques des pros !<\/td>\n<td style=\"border-left-width: 1px; border-right-width: 1px; width: 69px; border-bottom-width: 1px; text-align: center; border-top-width: 1px\"> 77 \u20ac<\/td>\n<\/tr>\n<tr>\n<td style=\"border-left-width: 1px; font-size: 10pt; border-right-width: 1px; width: 140px; border-bottom-width: 1px; border-top-width: 1px\"><a href=\"http:\/\/www.inscription-minute.fr\/solution.aspx?code=CC30CR91&amp;origine=tropTard\">CONFIANCE-COACH<\/a><\/td>\n<td style=\"border-left-width: 1px; font-size: 10pt; border-right-width: 1px; width: 354px; border-bottom-width: 1px; border-top-width: 1px\">Les meilleures pratiques de la confiance en soi <\/td>\n<td style=\"border-left-width: 1px; border-right-width: 1px; width: 69px; border-bottom-width: 1px; text-align: center; border-top-width: 1px\"> 39 \u20ac<\/td>\n<\/tr>\n<tr>\n<td style=\"border-left-width: 1px; font-size: 10pt; height: 25px; border-right-width: 1px; width: 140px; border-bottom-width: 1px; border-top-width: 1px\"><a href=\"http:\/\/www.inscription-minute.fr\/solution.aspx?code=PP20INS7&amp;origine=tropTard\">PENSEE++<\/a><\/td>\n<td style=\"border-left-width: 1px; font-size: 10pt; height: 25px; border-right-width: 1px; width: 354px; border-bottom-width: 1px; border-top-width: 1px\">La pens\u00e9e positive au service de vos actions <\/td>\n<td style=\"border-left-width: 1px; border-right-width: 1px; width: 69px; border-bottom-width: 1px; text-align: center; border-top-width: 1px\"> 20 \u20ac<\/td>\n<\/tr>\n<tr>\n<td style=\"border-left-width: 1px; font-size: 10pt; border-right-width: 1px; width: 140px; border-bottom-width: 1px; border-top-width: 1px\"><a href=\"http:\/\/www.inscription-minute.fr\/solution.aspx?code=RA20IN07&amp;origine=tropTard\">RICHE-ATTITUDE<\/a><\/td>\n<td style=\"border-left-width: 1px; font-size: 10pt; border-right-width: 1px; width: 354px; border-bottom-width: 1px; border-top-width: 1px\">Am\u00e9liorez votre rapport \u00e0 l\u2019argent <\/td>\n<td style=\"border-left-width: 1px; border-right-width: 1px; width: 69px; border-bottom-width: 1px; text-align: center; border-top-width: 1px\"> 20 \u20ac<\/td>\n<\/tr>\n<tr>\n<td style=\"border-left-width: 1px; font-size: 10pt; border-right-width: 1px; width: 140px; border-bottom-width: 1px; border-top-width: 1px\"><a href=\"http:\/\/www.inscription-minute.fr\/solution.aspx?code=ZC07RI91&amp;origine=tropTard\">ZEN-COACH<\/a><\/td>\n<td style=\"border-left-width: 1px; font-size: 10pt; border-right-width: 1px; width: 354px; border-bottom-width: 1px; border-top-width: 1px\">L\u2019atelier antistress <\/td>\n<td style=\"border-left-width: 1px; border-right-width: 1px; width: 69px; border-bottom-width: 1px; text-align: center; border-top-width: 1px\"> 29 \u20ac<\/td>\n<\/tr>\n<tr>\n<td style=\"border-left-width: 1px; font-size: 10pt; height: 25px; border-right-width: 1px; width: 140px; border-bottom-width: 1px; border-top-width: 1px\"><a href=\"http:\/\/www.inscription-minute.fr\/solution.aspx?code=MA29IN07&amp;origine=tropTard\">MOTIVATION++<\/a><\/td>\n<td style=\"border-left-width: 1px; font-size: 10pt; height: 25px; border-right-width: 1px; width: 354px; border-bottom-width: 1px; border-top-width: 1px\">L&#8217;intelligence de l&#8217;action enfin d\u00e9voil\u00e9e <\/td>\n<td style=\"border-left-width: 1px; border-right-width: 1px; width: 69px; border-bottom-width: 1px; text-align: center; border-top-width: 1px\"> 29 \u20ac<\/td>\n<\/tr>\n<tr>\n<td style=\"border-left-width: 1px; font-size: 10pt; border-right-width: 1px; width: 140px; border-bottom-width: 1px; border-top-width: 1px\"><a href=\"http:\/\/www.inscription-minute.fr\/solution.aspx?code=CR07RI91&amp;origine=tropTard\">CROYANCES++<\/a><\/td>\n<td style=\"border-left-width: 1px; font-size: 10pt; border-right-width: 1px; width: 354px; border-bottom-width: 1px; border-top-width: 1px\">Donnez le meilleur de vous-m\u00eame <\/td>\n<td style=\"border-left-width: 1px; border-right-width: 1px; width: 69px; border-bottom-width: 1px; text-align: center; border-top-width: 1px\"> 25 \u20ac<\/td>\n<\/tr>\n<\/tbody>\n<\/table>\n<\/div>\n<p>A++  <\/p>\n<p><strong>St\u00e9phane SOLOMON<\/strong><\/p>\n<!--themify_builder_content-->\n<div id=\"themify_builder_content-1191\" data-postid=\"1191\" class=\"themify_builder_content themify_builder_content-1191 themify_builder tf_clear\">\n    <\/div>\n<!--\/themify_builder_content-->\n","protected":false},"excerpt":{"rendered":"<p>Si vous avez lu mes articles ces 4 derni\u00e8res semaines, vous savez que j&#8217;ai d\u00e9cid\u00e9 de l\u00e2cher prise sur les programmes payants que je propose depuis plusieurs ann\u00e9es. Depuis cette annonce, je me sens beaucoup plus libre, car n&#8217;ayant plus rien \u00e0 vous vendre, il m&#8217;est plus facile de communiquer en profondeur. Par exemple, je [&hellip;]<\/p>\n","protected":false},"author":1,"featured_media":0,"parent":0,"menu_order":0,"comment_status":"open","ping_status":"open","template":"","meta":[],"builder_content":"","_links":{"self":[{"href":"https:\/\/auto-coaching.fr\/index.php\/wp-json\/wp\/v2\/pages\/1191"}],"collection":[{"href":"https:\/\/auto-coaching.fr\/index.php\/wp-json\/wp\/v2\/pages"}],"about":[{"href":"https:\/\/auto-coaching.fr\/index.php\/wp-json\/wp\/v2\/types\/page"}],"author":[{"embeddable":true,"href":"https:\/\/auto-coaching.fr\/index.php\/wp-json\/wp\/v2\/users\/1"}],"replies":[{"embeddable":true,"href":"https:\/\/auto-coaching.fr\/index.php\/wp-json\/wp\/v2\/comments?post=1191"}],"version-history":[{"count":5,"href":"https:\/\/auto-coaching.fr\/index.php\/wp-json\/wp\/v2\/pages\/1191\/revisions"}],"predecessor-version":[{"id":1196,"href":"https:\/\/auto-coaching.fr\/index.php\/wp-json\/wp\/v2\/pages\/1191\/revisions\/1196"}],"wp:attachment":[{"href":"https:\/\/auto-coaching.fr\/index.php\/wp-json\/wp\/v2\/media?parent=1191"}],"curies":[{"name":"wp","href":"https:\/\/api.w.org\/{rel}","templated":true}]}}