{"id":1198,"date":"2014-03-05T20:36:36","date_gmt":"2014-03-05T18:36:36","guid":{"rendered":"http:\/\/www.auto-coaching.fr\/?page_id=1198"},"modified":"2014-03-05T20:44:17","modified_gmt":"2014-03-05T18:44:17","slug":"camera-cachee-2","status":"publish","type":"page","link":"https:\/\/auto-coaching.fr\/index.php\/camera-cachee-2\/","title":{"rendered":"Cam&eacute;ra cach&eacute;e 2"},"content":{"rendered":"<p>Il y a plus d&#8217;un mois maintenant, je vous ai pr\u00e9sent\u00e9 une vid\u00e9o intitul\u00e9e \u00abCam\u00e9ra cach\u00e9e\u00bb. En commentaires, vous pouviez me laisser vos impressions, et nous devions enchainer avec cette deuxi\u00e8me partie, mais je suis tomb\u00e9 sur un os : nous sommes partis en biais ! <\/p>\n<p>Pourtant, j&#8217;ai tout fait l&#8217;\u00e9viter. Je vous ai propos\u00e9 de regarder cette vid\u00e9o 2 fois : une fois pour rire (c&#8217;est le but de l&#8217;\u00e9mission), et une deuxi\u00e8me fois pour analyser la s\u00e9quence avec un regard plus aiguis\u00e9&#8230; Un peu comme un film dont on connait le d\u00e9nouement et qu&#8217;on peut d\u00e9cortiquer \u00e0 partir du deuxi\u00e8me visionnage, pour mieux appr\u00e9cier le jeu des acteurs, la fa\u00e7on de filmer, les coups de th\u00e9\u00e2tre sc\u00e9naristiques, etc. <\/p>\n<p>Mais la plupart des lecteurs <b>qui se sont exprim\u00e9s<\/b>, n&#8217;y a rien trouv\u00e9 de dr\u00f4le, et avait besoin de me le dire ! Finalement, j&#8217;ai rat\u00e9 mon coup : je voulais mettre en veilleuse une \u00e9motion (le rire) pour analyser les \u00e9v\u00e8nements avec plus de profondeur, mais je n&#8217;ai pas \u00e9chapp\u00e9 \u00e0 une autre \u00e9motion, redoutable et tr\u00e8s difficile \u00e0 contenir : l&#8217;empathie ! <\/p>\n<p>&#8211; Ce qu&#8217;on a fait \u00e0 cette passante ne se fait pas !!! Comment peut-on traiter les gens de la sorte ??? Et comment pouvez-vous trouver \u00e7a dr\u00f4le, vous St\u00e9phane ?! <\/p>\n<p>J&#8217;ai donc ouvert deux parenth\u00e8ses pour marquer deux pauses : <\/p>\n<ul>\n<li>La premi\u00e8re pause sugg\u00e9rait une empathie plus \u00abglobale\u00bb, qui va jusqu&#8217;au bout : la personne \u00e0 laquelle on s\u2019identifie n&#8217;est pas juste une victime ; elle brille par son attitude, et lorsque les masques tombent, elle rit d&#8217;elle-m\u00eame. Donc je ris \u00e0 la fin de l&#8217;histoire, par empathie. Elle tombe, et elle se rel\u00e8ve&#8230; J\u2019ai mal avec elle dans sa chute, et je resplendis avec elle lorsqu\u2019elle reprend sa place&#8230; <\/li>\n<li>La deuxi\u00e8me pause, plus complexe peut-\u00eatre, m&#8217;a permis de d\u00e9tailler quelques biais qui r\u00e9duisent le discernement, parmi lesquels le biais d&#8217;appariement : en se focalisant sur l&#8217;\u00e9nonc\u00e9 (le fait que je trouve cette vid\u00e9o dr\u00f4le), les \u00ablecteurs rebelles\u00bb ont oubli\u00e9 l&#8217;exercice (il y a un outil d&#8217;auto-coaching int\u00e9ressant \u00e0 aborder, et \u00e9ventuellement, \u00e0 d\u00e9velopper)&#8230;<\/li>\n<\/ul>\n<p>Aujourd&#8217;hui nous y sommes : alors si cette vid\u00e9o vous fait rire, mettez le rire de c\u00f4t\u00e9, et si votre empathie vous met dans un \u00e9tat anxiog\u00e8ne, oubliez quelque minutes ce malaise qui s&#8217;empare de votre esprit, et passons en \u00abmode laboratoire\u00bb en observant plut\u00f4t qu\u2019en ressentant. <\/p>\n<h2>Manipulation<\/h2>\n<p>Ce canular est une manipulation : des sc\u00e9naristes, des acteurs, des techniciens, des maquilleurs, des habilleurs, des d\u00e9corateurs&#8230; ont pr\u00e9par\u00e9 ce gag en coulisses pour pi\u00e9ger des passants et les mettre dans \u00e0 une situation invraisemblable, bouleversant ainsi leur r\u00e9alit\u00e9 pendant quelques minutes. Le principe de cette manipulation <b>longuement pr\u00e9par\u00e9e d&#8217;avance<\/b> est d&#8217;utiliser la candeur, la na\u00efvet\u00e9, la gentillesse, le manque de connaissances, les faiblesses, les peurs, les sources d&#8217;indignation des gens&#8230; pour les emmener vers l&#8217;improbable. Peu \u00e0 peu la situation devient rocambolesque, mais entrain\u00e9e par la progression de l&#8217;histoire, la victime ne se rend pas compte de l&#8217;incroyable engrenage qui l&#8217;a d\u00e9connect\u00e9e de la r\u00e9alit\u00e9. <\/p>\n<p>Toute une \u00e9quipe de professionnels est donc de connivence pour coincer cette femme. En moins de 15 minutes, elle perd le nord&#8230; Sa seule porte de sortie est de reconna\u00eetre la c\u00e9l\u00e9brit\u00e9 (Elodie GOSSUIN : Miss France), et d&#8217;en conclure qu&#8217;il s&#8217;agit d&#8217;une fausse polici\u00e8re. Mais il semble que sa perception ait \u00e9t\u00e9 touch\u00e9e. Quelque chose l&#8217;emp\u00eache de voir ce qui pourrait la tirer d\u2019affaire, et ce n&#8217;est pas d\u00fb qu&#8217;au d\u00e9guisement&#8230; <\/p>\n<p>Lorsqu\u2019on lui annonce que tout \u00e9tait faux (que c&#8217;est une cam\u00e9ra cach\u00e9e) elle retrouve imm\u00e9diatement le sourire&#8230; On appelle \u00e7a <b>un changement de feedback<\/b> (de ressenti). En g\u00e9n\u00e9ral, ce type de changement demande du temps (le feedback change par \u00e9rosion, \u00e9tape par \u00e9tape). Mais dans le cas d&#8217;une r\u00e9v\u00e9lation, il est instantan\u00e9. <\/p>\n<h2>Et dans la vraie vie ?<\/h2>\n<p>Pensez-vous qu&#8217;une situation \u00e9quivalente pourrait exister sans aucune volont\u00e9 malicieuse ? Que ce genre de choses pourrait arriver sans \u00abassociation de malfaiteurs\u00bb, ni aucune pr\u00e9m\u00e9ditation ? Qu&#8217;une personne pourrait se retrouver dans le m\u00eame \u00e9tat que cette passante, alors que rien ne se tramait en coulisse pour la manipuler ? <\/p>\n<p>Je vous propose d&#8217;y r\u00e9fl\u00e9chir, en posant un nouveau regard sur cette vid\u00e9o. Ces quelques questions pourront guider votre raisonnement : <\/p>\n<ul>\n<li>D\u2019apr\u00e8s vous, qu&#8217;est-ce qui pousse la passante \u00e0 accepter de garder cet enfant ? Ce m\u00eame vecteur pourrait-il exister sans l&#8217;insistance de la m\u00e8re (sans manipulation) ?<\/li>\n<li>Voyez-vous d&#8217;autres changements de feedback que celui qui accompagne le d\u00e9nouement ? Si oui, \u00e0 quel(s) moment(s) ?<\/li>\n<li>A quel moment la perception de la victime a-t-elle chut\u00e9 (comme si on posait un voile sur ses yeux ou comme si on lui bouchait les oreilles) ? Comment cela pourrait-il arriver dans la vraie vie (sans manipulation volontaire) ?<\/li>\n<li>La victime s&#8217;enfonce dans un sc\u00e9nario improbable (pour le spectateur, qui conna\u00eet la machination). De plus, il y a escalade&#8230;, ce genre de situation vous est-il d\u00e9j\u00e0 arriv\u00e9, sans que personne n&#8217;en soit responsable (\u00e0 part vous-m\u00eame) ?<\/li>\n<li>Lorsque la production estime qu&#8217;il est temps de mettre fin au gag et que les acteurs tentent de le faire, comment r\u00e9agit la victime ?<\/li>\n<\/ul>\n<p>Les 5 questions pos\u00e9es sont pour vous : pour vous apporter des \u00e9l\u00e9ments de r\u00e9flexion. Il ne s&#8217;agit pas d&#8217;un examen en 5 \u00e9tapes (mes articles ne sont pas des cours, et je ne vais pas vous noter). Vous pouvez r\u00e9pondre \u00e0 ces questions dans les commentaires si vous le souhaitez, mais je m&#8217;attends plut\u00f4t \u00e0 des commentaires plus \u00ablibres\u00bb issus de votre r\u00e9flexion. <\/p>\n<p>J&#8217;esp\u00e8re que ce nouveau visionnage vous permettra de mieux analyser la situation. Il vous permettra de vous armer contre d\u2019\u00e9ventuelles manipulations subversives, et en particulier contre une forme de manipulation que l&#8217;on soup\u00e7onne peu, et qui est pourtant la plus efficace&#8230; Laquelle est-ce ?<\/p>\n<div id=\"scid:5737277B-5D6D-4f48-ABFC-DD9C333F4C5D:d6ead991-3fe1-4252-93ae-3d5e201d8749\" class=\"wlWriterEditableSmartContent\" style=\"float: none; padding-bottom: 0px; padding-top: 0px; padding-left: 0px; margin: 0px; display: inline; padding-right: 0px\">\n<div><object width=\"574\" height=\"322\"><param name=\"movie\" value=\"http:\/\/www.youtube.com\/v\/mwqzA4-OP5k?hl=en&amp;hd=1\"><\/param><\/object><\/div>\n<\/div>\n<p>&nbsp; <\/p>\n<p>Suite au prochain num\u00e9ro ! <\/p>\n<p>A++ <\/p>\n<p><b>St\u00e9phane SOLOMON<\/b><\/p>\n<!--themify_builder_content-->\n<div id=\"themify_builder_content-1198\" data-postid=\"1198\" class=\"themify_builder_content themify_builder_content-1198 themify_builder tf_clear\">\n    <\/div>\n<!--\/themify_builder_content-->\n","protected":false},"excerpt":{"rendered":"<p>Il y a plus d&#8217;un mois maintenant, je vous ai pr\u00e9sent\u00e9 une vid\u00e9o intitul\u00e9e \u00abCam\u00e9ra cach\u00e9e\u00bb. En commentaires, vous pouviez me laisser vos impressions, et nous devions enchainer avec cette deuxi\u00e8me partie, mais je suis tomb\u00e9 sur un os : nous sommes partis en biais ! Pourtant, j&#8217;ai tout fait l&#8217;\u00e9viter. Je vous ai propos\u00e9 [&hellip;]<\/p>\n","protected":false},"author":1,"featured_media":0,"parent":0,"menu_order":0,"comment_status":"open","ping_status":"open","template":"","meta":[],"builder_content":"","_links":{"self":[{"href":"https:\/\/auto-coaching.fr\/index.php\/wp-json\/wp\/v2\/pages\/1198"}],"collection":[{"href":"https:\/\/auto-coaching.fr\/index.php\/wp-json\/wp\/v2\/pages"}],"about":[{"href":"https:\/\/auto-coaching.fr\/index.php\/wp-json\/wp\/v2\/types\/page"}],"author":[{"embeddable":true,"href":"https:\/\/auto-coaching.fr\/index.php\/wp-json\/wp\/v2\/users\/1"}],"replies":[{"embeddable":true,"href":"https:\/\/auto-coaching.fr\/index.php\/wp-json\/wp\/v2\/comments?post=1198"}],"version-history":[{"count":3,"href":"https:\/\/auto-coaching.fr\/index.php\/wp-json\/wp\/v2\/pages\/1198\/revisions"}],"predecessor-version":[{"id":1201,"href":"https:\/\/auto-coaching.fr\/index.php\/wp-json\/wp\/v2\/pages\/1198\/revisions\/1201"}],"wp:attachment":[{"href":"https:\/\/auto-coaching.fr\/index.php\/wp-json\/wp\/v2\/media?parent=1198"}],"curies":[{"name":"wp","href":"https:\/\/api.w.org\/{rel}","templated":true}]}}