{"id":1232,"date":"2014-03-14T13:52:29","date_gmt":"2014-03-14T11:52:29","guid":{"rendered":"http:\/\/www.auto-coaching.fr\/?page_id=1232"},"modified":"2014-03-14T17:49:55","modified_gmt":"2014-03-14T15:49:55","slug":"situation-de-crise-4-4","status":"publish","type":"page","link":"https:\/\/auto-coaching.fr\/index.php\/situation-de-crise-4-4\/","title":{"rendered":"Situation de crise 4\/4"},"content":{"rendered":"<p>2 semaines apr\u00e8s son retour \u00e0 l&#8217;emploi, Martine re\u00e7ut une visite inattendue. Au d\u00e9but, elle ne reconnut pas l&#8217;homme qui se tenait devant elle avec un bouquet de fleurs. Puis elle fr\u00e9mit en reconnaissant St\u00e9phane.  <\/p>\n<div class=\"dialogue\">\n<p>&#8211; On peut parler 20 minutes, lui dit-il ?  <\/p>\n<p>&#8211; Comment va Julien, s&#8217;inqui\u00e9ta-t-elle aussit\u00f4t ?  <\/p>\n<p>&#8211; Il va tr\u00e8s bien ! On s&#8217;\u00e9clate tous les deux !  <\/p>\n<p>&#8211; Tant mieux, soupira Martine.  <\/p>\n<p>&#8211; Ce bouquet est aussi de sa part, mais je lui ai demand\u00e9 de ne pas m&#8217;accompagner&#8230; <\/p>\n<\/div>\n<p>St\u00e9phane tendit d\u00e9licatement \u00e0 Martine la composition florale \u00e0 dominance violette, dont la verdure \u00e9tait constitu\u00e9e de rameaux d&#8217;olivier. Se pourrait-il que St\u00e9phane connaisse le langage de fleurs, S\u2019interrogea Martine ? Elle tenta une boutade :  <\/p>\n<div class=\"dialogue\">\n<p>&#8211; Toute une symbolique de paix&#8230; Vous avez fait appel \u00e0 un coach ?  <\/p>\n<p>&#8211; Non, on a fait un petit tout sur Wikip\u00e9dia&#8230;<\/p>\n<\/div>\n<p>Martine est \u00e9tonn\u00e9e par la r\u00e9ponse de St\u00e9phane. Elle s&#8217;attendait \u00e0 ce qu&#8217;il lui raconte une histoire \u00e0 dormir debout, du genre \u00abJ&#8217;ai un olivier tricentenaire dans mon jardin&#8230;\u00bb ou une autre ficelle Marketing dont il usait r\u00e9guli\u00e8rement. Mais non&#8230; Il lui a donn\u00e9 une r\u00e9ponse \u00abtoute pourrie\u00bb qui ne pouvait \u00eatre que vraie.  <\/p>\n<p>Cette sinc\u00e9rit\u00e9 la rassure. Elle enchaine :  <\/p>\n<div class=\"dialogue\">\n<p>&#8211; En tout cas personne d&#8217;autre n&#8217;y a pens\u00e9&#8230; Tu te sens coupable ?  <\/p>\n<p>&#8211; Il y a longtemps que j&#8217;ai laiss\u00e9 le sentiment de culpabilit\u00e9 derri\u00e8re moi.  <\/p>\n<p>&#8211; Et comment tu fais ?  <\/p>\n<p>&#8211; Je suis contre le passeport jaune ! <\/p>\n<\/div>\n<p>Martine est cultiv\u00e9e. Elle conna\u00eet l&#8217;histoire du passeport jaune. Elle l&#8217;a d\u00e9couverte en lisant \u00abLes Mis\u00e9rables\u00bb. Mais Victor HUGO, selon elle, n&#8217;a jamais fait le lien entre le passeport jaune et la culpabilit\u00e9. Elle ne comprend pas la m\u00e9taphore&#8230; St\u00e9phane remarque le point d&#8217;interrogation qui se dessine sur son visage. Il s&#8217;explique :  <\/p>\n<div class=\"dialogue\">\n<p>&#8211; Tu sais ce qu&#8217;est un passeport jaune ?  <\/p>\n<p>&#8211; Oui&#8230; Je ne suis pas idiote.  <\/p>\n<p>&#8211; Il y a plein de gens intelligents qui ne le savent pas. Mais puisque tu le sais, est-ce que tu peux m&#8217;expliquer avec tes mots ?  <\/p>\n<p>&#8211; C&#8217;est le passeport qu&#8217;on remettait aux bagnards au moment de leur lib\u00e9ration. Ca compliquait leur r\u00e9insertion puisqu&#8217;ils \u00e9taient oblig\u00e9s de le montrer pour trouver du travail. Il y avait donc des employeurs qui les rejetaient, et d&#8217;autres qui les exploitaient en leur payant un demi salaire. Victor HUGO en parle beaucoup dans \u00abLes Mis\u00e9rables\u00bb.  <\/p>\n<p>&#8211; Bravo ! Je suis impressionn\u00e9&#8230; Et qu&#8217;est-ce que tu fais de tout \u00e7a ?  <\/p>\n<p>&#8211; C&#8217;est l\u00e0 que je ne te suis plus&#8230;  <\/p>\n<p>&#8211; Si \u00e7a peut t&#8217;aider, c&#8217;est aussi la couleur du passeport que devaient porter les prostitu\u00e9es dans l&#8217;empire russe. <\/p>\n<\/div>\n<p>Martine r\u00e9fl\u00e9chit tout haut :  <\/p>\n<div class=\"dialogue\">\n<p>&#8211; La pi\u00e8ce d\u2019identit\u00e9 fait l\u2019identit\u00e9&#8230; Le passeport jaune emp\u00eache son titulaire de vivre uen autre vie&#8230; Mais quel rapport avec la culpabilit\u00e9 ?  <\/p>\n<p>&#8211; La culpabilit\u00e9 est ton passeport jaune ! Elle te prive de ton identit\u00e9 : elle t&#8217;emp\u00eache d&#8217;\u00eatre toi-m\u00eame ! D\u00e8s que tu te lib\u00e8res du passeport jaune, tu passes de bagnard \u00e0 notable&#8230; Du mis\u00e9rable Jean VALJEAN au respectable Monsieur MADELEIENE&#8230; De femme de petite vertu \u00e0 dame du monde\u2026  <\/p>\n<p>&#8211; Il va falloir que j&#8217;aille voir Richard pour qu&#8217;il me rende mon vrai passeport.  <\/p>\n<p>&#8211; Richard ? Mais qu&#8217;est-ce qu&#8217;il a \u00e0 voir l\u00e0-dedans ?  <\/p>\n<p>&#8211; Il m&#8217;a manipul\u00e9e comme une d\u00e9butante !  <\/p>\n<p>&#8211; Impossible ! Je connais Richard et je connais la manipulation. Ils ne se sont jamais rencontr\u00e9s ces deux-l\u00e0 ! Richard est incapable de manipuler un morceau de sucre : il le laisse fondre tout seul ! <\/p>\n<\/div>\n<p>Cette nouvelle image amuse Martine. Il est vrai que Richard ne touille jamais son caf\u00e9, et l&#8217;association d&#8217;id\u00e9es que St\u00e9phane vient de faire la fait sourire. Mais o\u00f9 va-t-il chercher tout \u00e7a ?  <\/p>\n<div class=\"dialogue\">\n<p>&#8211; Si Richard ne m&#8217;a pas manipul\u00e9e, qui l&#8217;a fait ? s&#8217;interroge Martine tout en interrogeant son visiteur.  <\/p>\n<p>&#8211; Je ne sais pas&#8230; En tout cas, lorsqu&#8217;il anime une r\u00e9union, je prends du Guronsan pour rester r\u00e9veill\u00e9. Il ne donne que de l&#8217;info soporifique. Si tu veux trouver de l&#8217;int\u00e9r\u00eat dans ce qu&#8217;il raconte, tu es oblig\u00e9e d&#8217;activer ton imagination. Il n&#8217;a pas le sens du myst\u00e8re, il n&#8217;a pas de p\u00e9dagogie, il ne te motive pas, il ne te livre jamais ses sentiments&#8230; Tout ce qu&#8217;il dit est plat, sur un ton monocorde. Tu es oblig\u00e9e de mettre ses paroles en musique&#8230;  <\/p>\n<p>&#8211; Tu veux dire que c\u2019est moi qui ai cr\u00e9\u00e9 toute cette histoire ? Que je me suis manipul\u00e9e toute seule ?  <\/p>\n<p>&#8211; Je ne sais pas. Mais en tout cas c&#8217;est ce que je fais avec lui : \u00e0 chaque fois qu&#8217;il me cause, je sais que c&#8217;est \u00e0 moi de cr\u00e9er les effets&#8230; <\/p>\n<\/div>\n<p>C&#8217;est vrai ! Martine revoit la sc\u00e8ne : Richard lui a donn\u00e9 les informations d\u00e9cisionnelles d&#8217;abord. Puis elle a pos\u00e9 des questions et il y a r\u00e9pondu sans porter de jugement&#8230; Ensuite elle a m\u00e9dit \u00e0 propos de St\u00e9phane, en cr\u00e9ant une histoire avec un gentil, un m\u00e9chant et un sauveur. C&#8217;est elle qui a d\u00e9cid\u00e9 de \u00absauver Julien\u00bb et qui a cr\u00e9\u00e9 une relation protectrice que l\u2019int\u00e9ress\u00e9 a refus\u00e9.<\/p>\n<p>En se rem\u00e9morant le dialogue elle se dit qu&#8217;il est m\u00eame possible qu&#8217;elle ait manipul\u00e9 Richard entre le d\u00e9but et le fin du dialogue. Ce recadrage la bouscule, mais il la rassure par la m\u00eame occasion : ce n&#8217;est pas la soci\u00e9t\u00e9 qui lui a attribu\u00e9 son passeport jaune, c&#8217;est elle-m\u00eame ! Et c&#8217;est \u00e0 elle de s&#8217;en affranchir. <\/p>\n<p>Des larmes commenc\u00e8rent \u00e0 se former dans ses yeux, puis \u00e0 perler sur ses joues. Ces derniers jours elle avait beaucoup pleur\u00e9, mais ces larmes-l\u00e0 ne ressemblaient pas aux pr\u00e9c\u00e9dentes. Elles \u00e9taient plus consistantes, elles coulaient plus lentement&#8230; M\u00eame leur go\u00fbt \u00e9tait diff\u00e9rent.<\/p>\n<p>St\u00e9phane reviendra souvent lui parler de cette exp\u00e9rience. Il lui expliquera la cause de sa frustration en d\u00e9composant d\u2019autres moments de l\u2019histoire dont il connaitra les deux versions. Il lui fera vivre une exp\u00e9rience qui lui montrera \u00e0 quel point la frustration cr\u00e9e un manque de discernement. Ce sentiment pose un voile sur les autres \u00e9motions, ternissant ainsi l\u2019image des autres, et l\u2019image de soi. Il l\u2019am\u00e8nera \u00e0 \u00eatre moins ISO 9001 avec elle-m\u00eame, lui apportant de nouvelles techniques plus adapt\u00e9es aux relations interpersonnelles et intra-personnelles. Il lui expliquera pourquoi la correction d\u2019une erreur ne passe pas obligatoirement par une action corrective&#8230;<\/p>\n<p>St\u00e9phane n\u2019a rien invent\u00e9. Il lit des livres sur l\u2019\u00e9panouissement personnel et les relation humaines, il les comprend, puis il les r\u00e9explique \u00e0 sa mani\u00e8re. Transformant les concepts compliqu\u00e9s en partages simples.<\/p>\n<p>A mesure que le temps passera Martine qualifiera son exp\u00e9rience d\u2019enrichissante. Non seulement elle la trouvera riche de sens, mais les le\u00e7ons qu\u2019elle en tirera la renforceront. Elle qui croyait que tout ceci allait la diminuer&#8230;<\/p>\n<p>Julien a \u00e9galement profit\u00e9 des petits partages de St\u00e9phane. Celui-ci le sortait souvent de sa zone de confort, en toute complicit\u00e9. Julien savait \u00e0 qui il avait \u00e0 faire, et il gratifiait cette relation. Il savait qu&#8217;une exp\u00e9rience nouvelle allait forc\u00e9ment l&#8217;enrichir, s&#8217;il s&#8217;autorisait \u00e0 la vivre, en sachant qu&#8217;au pire des cas, il aura fait une erreur.  <\/p>\n<p>Par exemple, un jour St\u00e9phane proposa \u00e0 Julien de retravailler avec Martine&#8230; Il accepta le d\u00e9fi, ce qui n&#8217;\u00e9tait pas gagn\u00e9 d&#8217;avance ! Apr\u00e8s la r\u00e9ussite du projet, ils f\u00eat\u00e8rent l\u2019\u00e9v\u00e8nement. Ou plut\u00f4t, ils f\u00eat\u00e8rent tout-court&#8230; ne sachant pas pr\u00e9cis\u00e9ment quel \u00e9v\u00e8nement ils f\u00eataient.<\/p>\n<p><p>Un jour, St\u00e9phane dira \u00e0 Martine :  <\/p>\n<div class=\"dialogue\">\n<p>&#8211; Tu sais Martine, je t&#8217;ai menti ! Je t&#8217;ai manipul\u00e9e !  <\/p>\n<p>&#8211; Ah bon, quand ?  <\/p>\n<p>&#8211; Le jour o\u00f9 je suis venu te voir dans ton bureau avec un bouquet&#8230;  <\/p>\n<p>&#8211; A propos de quoi as-tu menti ?  <\/p>\n<p>&#8211; A propos du langage des fleurs. Je ne suis pas all\u00e9 sur Wikip\u00e9dia&#8230; J&#8217;ai des campanules, des crocus, des glycines, des lilas et de la lavande dans mon jardin&#8230; Et aussi, un olivier tricentenaire !  <\/p>\n<p>&#8211; Tu as bien fait, lui dit-elle ! Si tu m&#8217;avais dit \u00e7a \u00e0 l&#8217;\u00e9poque, nous n&#8217;aurions m\u00eame pas abord\u00e9 la discussion sur le passeport jaune. Je t&#8217;aurais pris les fleurs, et je t&#8217;aurais renvoy\u00e9e \u00e0 tes affaires avec un sentiment coupable. Merci pour toutes ces strat\u00e9gies.<\/p>\n<\/div>\n<p>A++  <\/p>\n<p><strong>St\u00e9phane SOLOMON<\/strong><\/p>\n<div style=\"font-size: 10pt; font-family: arial,sans-serif; width: 250px; text-align: center; margin-top: 0px\">\n<div style=\"text-align: center; margin-top: 24px\"><a href=\"http:\/\/www.inscription-minute.fr\/solution.aspx?code=PWYW1376\"><img decoding=\"async\" loading=\"lazy\" style=\"border-left-width: 0px; border-right-width: 0px; border-top-color: white; border-bottom-width: 0px; border-left-color: white; border-bottom-color: white; border-right-color: white; border-top-width: 0px\" border=\"0\" alt=\"Payez ce que vous voulez\" src=\"http:\/\/www.inscription-minute.fr\/adherents\/logoPwyw.jpg\" width=\"230\" longdesc=\"Payez ce que vous voulez\" height=\"115\"><br \/>Payez ce que vous voulez<\/a> <\/div>\n<\/div>\n<!--themify_builder_content-->\n<div id=\"themify_builder_content-1232\" data-postid=\"1232\" class=\"themify_builder_content themify_builder_content-1232 themify_builder tf_clear\">\n    <\/div>\n<!--\/themify_builder_content-->\n","protected":false},"excerpt":{"rendered":"<p>2 semaines apr\u00e8s son retour \u00e0 l&#8217;emploi, Martine re\u00e7ut une visite inattendue. Au d\u00e9but, elle ne reconnut pas l&#8217;homme qui se tenait devant elle avec un bouquet de fleurs. Puis elle fr\u00e9mit en reconnaissant St\u00e9phane. &#8211; On peut parler 20 minutes, lui dit-il ? &#8211; Comment va Julien, s&#8217;inqui\u00e9ta-t-elle aussit\u00f4t ? &#8211; Il va tr\u00e8s [&hellip;]<\/p>\n","protected":false},"author":1,"featured_media":0,"parent":0,"menu_order":0,"comment_status":"open","ping_status":"open","template":"","meta":[],"builder_content":"","_links":{"self":[{"href":"https:\/\/auto-coaching.fr\/index.php\/wp-json\/wp\/v2\/pages\/1232"}],"collection":[{"href":"https:\/\/auto-coaching.fr\/index.php\/wp-json\/wp\/v2\/pages"}],"about":[{"href":"https:\/\/auto-coaching.fr\/index.php\/wp-json\/wp\/v2\/types\/page"}],"author":[{"embeddable":true,"href":"https:\/\/auto-coaching.fr\/index.php\/wp-json\/wp\/v2\/users\/1"}],"replies":[{"embeddable":true,"href":"https:\/\/auto-coaching.fr\/index.php\/wp-json\/wp\/v2\/comments?post=1232"}],"version-history":[{"count":13,"href":"https:\/\/auto-coaching.fr\/index.php\/wp-json\/wp\/v2\/pages\/1232\/revisions"}],"predecessor-version":[{"id":1246,"href":"https:\/\/auto-coaching.fr\/index.php\/wp-json\/wp\/v2\/pages\/1232\/revisions\/1246"}],"wp:attachment":[{"href":"https:\/\/auto-coaching.fr\/index.php\/wp-json\/wp\/v2\/media?parent=1232"}],"curies":[{"name":"wp","href":"https:\/\/api.w.org\/{rel}","templated":true}]}}