{"id":1247,"date":"2014-03-14T18:14:15","date_gmt":"2014-03-14T16:14:15","guid":{"rendered":"http:\/\/www.auto-coaching.fr\/?page_id=1247"},"modified":"2014-03-14T18:50:16","modified_gmt":"2014-03-14T16:50:16","slug":"a-propos-de-nos-erreurs","status":"publish","type":"page","link":"https:\/\/auto-coaching.fr\/index.php\/a-propos-de-nos-erreurs\/","title":{"rendered":"A propos de nos erreurs"},"content":{"rendered":"<p>Que voyez-vous sur cette image ? Une jeune femme ou une vieille sorci\u00e8re ?<\/p>\n<p><a href=\"http:\/\/www.auto-coaching.fr\/wp-content\/uploads\/2014\/03\/illusion_sorciere.jpg\"><img decoding=\"async\" loading=\"lazy\" style=\"background-image: none; padding-top: 0px; padding-left: 0px; display: inline; padding-right: 0px; border: 0px;\" title=\"illusion_sorciere\" alt=\"illusion_sorciere\" src=\"http:\/\/www.auto-coaching.fr\/wp-content\/uploads\/2014\/03\/illusion_sorciere_thumb.jpg\" width=\"176\" height=\"204\" border=\"0\" \/><\/a><\/p>\n<ul>\n<li>Si vous voyez une jeune femme, figurez-vous que certaines personnes se trompent ! Elles voient une vieille sorci\u00e8re !<\/li>\n<li>Si vous voyez une vieille sorci\u00e8re, vous allez rire : certaines personnes se couvrent de ridicule en voyant une jeune femme&nbsp;!<\/li>\n<\/ul>\n<p>Vous me direz qu&#8217;ils voient la m\u00eame chose, mais qu&#8217;ils n&#8217;interpr\u00e8te ce qu&#8217;ils voient de la m\u00eame mani\u00e8re&#8230; Ca va plus loin que \u00e7a : ils ne voient pas la m\u00eame chose ! D&#8217;ailleurs, si vous vous exercez bien, vous pourrez voir alternativement la jeune femme et la sorci\u00e8re.\u00a0Ca demande un peu d&#8217;entrainement&#8230;<\/p>\n<p>La vid\u00e9o de la semaine concerne les erreurs. pas n\u2019importe quelles erreurs&#8230; <strong>Vos erreurs&nbsp;!<\/strong><\/p>\n<p>Kathryn Schulz est \u00abErreurologue\u00bb ! Comme elle le dit si bien dans cette vid\u00e9o, l\u2019avantage est qu\u2019il n\u2019y a pas de concurrence.<\/p>\n<p><iframe loading=\"lazy\" src=\"http:\/\/embed.ted.com\/talks\/lang\/fr\/kathryn_schulz_on_being_wrong.html\" height=\"360\" width=\"640\" allowfullscreen=\"\" frameborder=\"0\" scrolling=\"no\"><\/iframe><br \/>\nOriginal : <a title=\"http:\/\/www.ted.com\/talks\/kathryn_schulz_on_being_wrong?language=fr\" href=\"http:\/\/www.ted.com\/talks\/kathryn_schulz_on_being_wrong?language=fr\">http:\/\/www.ted.com\/talks\/kathryn_schulz_on_being_wrong?language=fr<\/a><\/p>\n<p>A++<\/p>\n<p><strong>St\u00e9phane SOLOMON<\/strong><\/p>\n<!--themify_builder_content-->\n<div id=\"themify_builder_content-1247\" data-postid=\"1247\" class=\"themify_builder_content themify_builder_content-1247 themify_builder tf_clear\">\n    <\/div>\n<!--\/themify_builder_content-->\n","protected":false},"excerpt":{"rendered":"<p>Que voyez-vous sur cette image ? Une jeune femme ou une vieille sorci\u00e8re ? Si vous voyez une jeune femme, figurez-vous que certaines personnes se trompent ! Elles voient une vieille sorci\u00e8re ! Si vous voyez une vieille sorci\u00e8re, vous allez rire : certaines personnes se couvrent de ridicule en voyant une jeune femme&nbsp;! Vous [&hellip;]<\/p>\n","protected":false},"author":1,"featured_media":0,"parent":0,"menu_order":0,"comment_status":"open","ping_status":"open","template":"","meta":[],"builder_content":"","_links":{"self":[{"href":"https:\/\/auto-coaching.fr\/index.php\/wp-json\/wp\/v2\/pages\/1247"}],"collection":[{"href":"https:\/\/auto-coaching.fr\/index.php\/wp-json\/wp\/v2\/pages"}],"about":[{"href":"https:\/\/auto-coaching.fr\/index.php\/wp-json\/wp\/v2\/types\/page"}],"author":[{"embeddable":true,"href":"https:\/\/auto-coaching.fr\/index.php\/wp-json\/wp\/v2\/users\/1"}],"replies":[{"embeddable":true,"href":"https:\/\/auto-coaching.fr\/index.php\/wp-json\/wp\/v2\/comments?post=1247"}],"version-history":[{"count":5,"href":"https:\/\/auto-coaching.fr\/index.php\/wp-json\/wp\/v2\/pages\/1247\/revisions"}],"predecessor-version":[{"id":1254,"href":"https:\/\/auto-coaching.fr\/index.php\/wp-json\/wp\/v2\/pages\/1247\/revisions\/1254"}],"wp:attachment":[{"href":"https:\/\/auto-coaching.fr\/index.php\/wp-json\/wp\/v2\/media?parent=1247"}],"curies":[{"name":"wp","href":"https:\/\/api.w.org\/{rel}","templated":true}]}}