{"id":126,"date":"2012-07-06T17:37:22","date_gmt":"2012-07-06T17:37:22","guid":{"rendered":"http:\/\/www.auto-coaching.fr\/?page_id=126"},"modified":"2012-07-06T18:37:26","modified_gmt":"2012-07-06T18:37:26","slug":"temoignages-riche-attitude","status":"publish","type":"page","link":"https:\/\/auto-coaching.fr\/index.php\/temoignages-riche-attitude\/","title":{"rendered":"Riche-Attitude : Les lecteurs parlent aux lecteurs"},"content":{"rendered":"<p>Vous trouverez ci-dessous les t\u00e9moignage des lecteurs qui ont termin\u00e9 la lecture du programme <a href=\"http:\/\/www.inscription-minute.fr\/solution.aspx?code=RA20IN07\" target=\"_blank\">Riche-Attitude<\/a>. Cette page est faite pour les personnes qui h\u00e9sitent \u00e0 s\u2019inscrire \u00e0 ce programme. Elle vous aidera \u00e0 prendre votre d\u00e9cision. Merci d\u2019avance pour l\u2019attention que vous porterez \u00e0 ces pionniers, qui ont la vocation de vous encourager \u00e0 vivre une belle exp\u00e9rience.<\/p>\n<p>Le premier t\u00e9moignage est de moi.<\/p>\n<p>St\u00e9phane SOLOMON<\/p>\n<!--themify_builder_content-->\n<div id=\"themify_builder_content-126\" data-postid=\"126\" class=\"themify_builder_content themify_builder_content-126 themify_builder tf_clear\">\n    <\/div>\n<!--\/themify_builder_content-->\n","protected":false},"excerpt":{"rendered":"<p>Vous trouverez ci-dessous les t\u00e9moignage des lecteurs qui ont termin\u00e9 la lecture du programme Riche-Attitude. Cette page est faite pour les personnes qui h\u00e9sitent \u00e0 s\u2019inscrire \u00e0 ce programme. Elle vous aidera \u00e0 prendre votre d\u00e9cision. Merci d\u2019avance pour l\u2019attention que vous porterez \u00e0 ces pionniers, qui ont la vocation de vous encourager \u00e0 vivre [&hellip;]<\/p>\n","protected":false},"author":1,"featured_media":0,"parent":0,"menu_order":0,"comment_status":"open","ping_status":"open","template":"","meta":[],"builder_content":"","_links":{"self":[{"href":"https:\/\/auto-coaching.fr\/index.php\/wp-json\/wp\/v2\/pages\/126"}],"collection":[{"href":"https:\/\/auto-coaching.fr\/index.php\/wp-json\/wp\/v2\/pages"}],"about":[{"href":"https:\/\/auto-coaching.fr\/index.php\/wp-json\/wp\/v2\/types\/page"}],"author":[{"embeddable":true,"href":"https:\/\/auto-coaching.fr\/index.php\/wp-json\/wp\/v2\/users\/1"}],"replies":[{"embeddable":true,"href":"https:\/\/auto-coaching.fr\/index.php\/wp-json\/wp\/v2\/comments?post=126"}],"version-history":[{"count":9,"href":"https:\/\/auto-coaching.fr\/index.php\/wp-json\/wp\/v2\/pages\/126\/revisions"}],"predecessor-version":[{"id":135,"href":"https:\/\/auto-coaching.fr\/index.php\/wp-json\/wp\/v2\/pages\/126\/revisions\/135"}],"wp:attachment":[{"href":"https:\/\/auto-coaching.fr\/index.php\/wp-json\/wp\/v2\/media?parent=126"}],"curies":[{"name":"wp","href":"https:\/\/api.w.org\/{rel}","templated":true}]}}