{"id":1313,"date":"2014-03-25T17:56:09","date_gmt":"2014-03-25T15:56:09","guid":{"rendered":"http:\/\/www.auto-coaching.fr\/?page_id=1313"},"modified":"2014-03-25T18:12:22","modified_gmt":"2014-03-25T16:12:22","slug":"passage-en-locus-externe","status":"publish","type":"page","link":"https:\/\/auto-coaching.fr\/index.php\/passage-en-locus-externe\/","title":{"rendered":"Passage en locus externe"},"content":{"rendered":"<p>Depuis que j&#8217;ai relanc\u00e9 le PWYW il y a 3 semaines, le Chiffre d&#8217;Affaires est de 958 euros pour \u00e0 peine une vingtaine de participants. Si le chiffre a presque doubl\u00e9 depuis la semaine derni\u00e8re, c&#8217;est parce que j&#8217;ai re\u00e7u un r\u00e8glement de 300 euros, et deux autres de 100 euros ce week-end. Mais le nombre de participants est toujours tr\u00e8s faible.  <\/p>\n<p>J&#8217;ai \u00e9galement re\u00e7u des messages sur des \u00abintentions de vote\u00bb, mais avec une impossibilit\u00e9 de fixer un prix, et de profondes h\u00e9sitations&#8230; Le but du PWYW est de favoriser le \u00ablocus de contr\u00f4le interne\u00bb : <strong>vous prenez vos d\u00e9cisions en toute conscience en pesant le pour et le contre, et en dosant votre niveau d\u2019implication<\/strong>. Mais c\u2019est parfois un exercice difficile. Beaucoup de lecteur me demandent de fixer moi-m\u00eame mes tarifs. De les imposer, car ils se sentent incapables de donner un prix&#8230; Nous allons donc arranger \u00e7a, en ajoutant un peu de \u00ablocus de contr\u00f4le externe\u00bb : le nombre de choix va se r\u00e9duire progressivement jusqu&#8217;\u00e0 disparition totale du PWYW. Ce qui va forc\u00e9ment cr\u00e9er une certaine \u00aburgence\u00bb. <\/p>\n<p>Le locus de contr\u00f4le externe est parfois n\u00e9cessaire, et lorsque vous ne parvenez pas \u00e0 prendre une d\u00e9cision je vous invite \u00e0 \u00eatre <b>en demande<\/b>. Vous pourriez, par exemple, tirer \u00e0 pile ou face (en vous engageant pr\u00e9alablement \u00e0 respecter le jugement du lancer). Mais vous pouvez aussi demander \u00e0 une personne, en qui vous avez confiance et qui conna\u00eet assez bien votre personnalit\u00e9, de prendre une d\u00e9cision \u00e0 votre place. Je le fais souvent avec mes enfants lorsqu&#8217;ils sont dans l&#8217;ind\u00e9cision. Et ma compagne n&#8217;h\u00e9site pas \u00e0 me sortir de mes tergiversations lorsque \u00e7a traine un peu trop&#8230; Je lui dis souvent merci pour \u00e7a, car je sais qu&#8217;elle m&#8217;aime.  <\/p>\n<p>Ne pouvant vous aider individuellement, je vais d\u00e9finir des r\u00e8gles collectives qui ajoutent de la pression. En g\u00e9n\u00e9ral on de divulgue pas son plan en Marketing : on met la pression pour faire bouger les procrastinateurs, mais sans le dire. Mais je pense que vous avez compris le but de la man\u0153uvre : cet article concerne la prise de d\u00e9cision. Mon Marketing ne consiste pas \u00e0 vous mettre dans l&#8217;embarras, mais \u00e0 vous donner des trucs et des astuces pour passer \u00e0 l&#8217;action (ou pour limiter les pressions ext\u00e9rieures).  <\/p>\n<p>J&#8217;esp\u00e8re que ces techniques (que vous pouvez appliquer en solo dans le cadre d&#8217;un auto-coaching) vous donneront envie de contribuer financi\u00e8rement \u00e0 la vie de TIME-COACH, tout simplement parce qu&#8217;elles vous auront apport\u00e9 quelque chose. Je ne veux rien recevoir de la part de lecteurs qui n&#8217;ont obtenu aucun r\u00e9sultat depuis qu&#8217;ils me lisent. Par contre, j&#8217;adore l&#8217;argent que je re\u00e7ois lorsque je suis utile. J&#8217;aimerais \u00eatre utile \u00e0 des millions de personnes !  <\/p>\n<p>Nous allons donc proc\u00e9der en douceur pour ajouter de la pression, sachant que le PWYW n&#8217;est pas obligatoire, et que ceux qui ne payeront pas continueront \u00e0 recevoir TIME-COACH comme ceux qui payent, et quelle que soit la somme. Cette r\u00e8gle-l\u00e0 ne change pas. Passons aux changements :  <\/p>\n<h2>Disparition progressive<\/h2>\n<p>Le PWYW va dispara\u00eetre ! J&#8217;ai d\u00e9cid\u00e9 de l\u00e2cher prise sur ce syst\u00e8me qui ne fonctionne pas. Je vous en parlerai de moins en moins, et dans quelques semaines, l&#8217;ic\u00f4ne dispara\u00eetra du site. C&#8217;est ainsi dans la vraie vie : toute chose \u00e0 laquelle vous n&#8217;accordez pas de l&#8217;importance dispara\u00eet de votre univers. Le PWYW ne fera pas exception.  <\/p>\n<p>Je ne peux pas vous donner une date exacte de retrait du PWYW car elle d\u00e9pend de l&#8217;ensemble des lecteurs. Voici les r\u00e8gles :  <\/p>\n<p>Aujourd&#8217;hui, j&#8217;ai supprim\u00e9 tous les prix auxquels jamais personne n&#8217;a accord\u00e9 de l&#8217;importance depuis un an :  <\/p>\n<p>\u00b7 Personne n&#8217;a jamais r\u00e9gl\u00e9 500 euros. Ce montant va donc dispara\u00eetre de la liste : il n&#8217;et pas important.  <\/p>\n<ul>\n<li>Pareil pour 400 euros : c&#8217;est un prix compl\u00e8tement inutile, il prend de la place pour rien.\n<li>Je garde 300 ! Eh oui&#8230; Ce montant a \u00e9t\u00e9 utilis\u00e9 une fois samedi dernier (merci Thierry).\n<li>Je vais \u00e9galement supprimer d\u00e8s aujourd&#8217;hui 200\u20ac, 150\u20ac et 40\u20ac&#8230; Ces prix n&#8217;ont jamais int\u00e9ress\u00e9 personne<\/li>\n<\/ul>\n<p>Ceci r\u00e9duit le nombre de choix, mais je ne pense pas que \u00e7a impactera grand-monde, puisque ces prix n&#8217;ont jamais attir\u00e9 personne. C&#8217;est donc juste un premier pas non agressif.  <\/p>\n<p>Mais voici la suite des \u00e9v\u00e8nements :  <\/p>\n<ul>\n<li>Demain soir, je ferai dispara\u00eetre les prix qui n&#8217;ont \u00e9t\u00e9 utilis\u00e9s qu&#8217;une seule fois : 4\u20ac, 70\u20ac et 300\u20ac.\n<li>Dans deux jours, je ferai dispara\u00eetre 100\u20ac, car il n&#8217;a \u00e9t\u00e9 utilis\u00e9 deux fois.\n<li>Dans 3 jours, je ferai dispara\u00eetre 50\u20ac, car il n&#8217;a \u00e9t\u00e9 utilis\u00e9 que 3 fois.\n<li>Etc.<\/li>\n<\/ul>\n<p>Je vais donc faire dispara\u00eetre progressivement les choix. Sauf, bien-s\u00fbr, si vous d\u00e9cidez de prolonger leur vie de quelques jours. Par exemple, si je re\u00e7ois 4 r\u00e8glements de 300\u20ac, je vais retarder la disparition de cette somme de 4 jours de plus.  <\/p>\n<p>Passons aux deux sommes les plus utilis\u00e9es depuis le lancement du PWYW (il y a un an) :  <\/p>\n<ul>\n<li>18 r\u00e8glements de 20 euros\n<li>32 r\u00e8glements de 10 euros<\/li>\n<\/ul>\n<p>Dans 18 jours, si rien ne bouge, ils dispara\u00eetront tous les deux en m\u00eame temps. Pourquoi ensemble ? Parce que si je laisse le prix de 10 euros seul, ce n&#8217;est plus du \u00abPay What You Want\u00bb. Pour payer ce que vous voulez, il faut au moins deux choix.  <\/p>\n<p>Combien de temps le PWYW tiendra-t-il ? Je n&#8217;en ai aucune id\u00e9e, car \u00e7a ne d\u00e9pend plus de moi. Je l\u00e2che prise ! J&#8217;ai m\u00eame d\u00e9cid\u00e9 d&#8217;ouvrir les commentaires concernant cette op\u00e9ration, car jusqu&#8217;\u00e0 pr\u00e9sent, je collectais les remarques dans ma boite de r\u00e9ception, sans les diffuser. Le but \u00e9tait de garder le contr\u00f4le total.  <\/p>\n<p>A pr\u00e9sent, vous pouvez vous influencer mutuellement, me traiter de manipulateur, qualifier le PWYW d&#8217;id\u00e9e d\u00e9bile, etc. Ou alors, d\u00e9fendre le morceau&#8230; Ce n\u2019est plus entre mes mains. Je passe, moi aussi, en locus externe&#8230; La d\u00e9cision appartient d\u00e9sormais \u00abau march\u00e9\u00bb. <\/p>\n<p>A++  <\/p>\n<p><b>St\u00e9phane SOLOMON<\/b><\/p>\n<!--themify_builder_content-->\n<div id=\"themify_builder_content-1313\" data-postid=\"1313\" class=\"themify_builder_content themify_builder_content-1313 themify_builder tf_clear\">\n    <\/div>\n<!--\/themify_builder_content-->\n","protected":false},"excerpt":{"rendered":"<p>Depuis que j&#8217;ai relanc\u00e9 le PWYW il y a 3 semaines, le Chiffre d&#8217;Affaires est de 958 euros pour \u00e0 peine une vingtaine de participants. Si le chiffre a presque doubl\u00e9 depuis la semaine derni\u00e8re, c&#8217;est parce que j&#8217;ai re\u00e7u un r\u00e8glement de 300 euros, et deux autres de 100 euros ce week-end. Mais le [&hellip;]<\/p>\n","protected":false},"author":1,"featured_media":0,"parent":0,"menu_order":0,"comment_status":"open","ping_status":"open","template":"","meta":[],"builder_content":"","_links":{"self":[{"href":"https:\/\/auto-coaching.fr\/index.php\/wp-json\/wp\/v2\/pages\/1313"}],"collection":[{"href":"https:\/\/auto-coaching.fr\/index.php\/wp-json\/wp\/v2\/pages"}],"about":[{"href":"https:\/\/auto-coaching.fr\/index.php\/wp-json\/wp\/v2\/types\/page"}],"author":[{"embeddable":true,"href":"https:\/\/auto-coaching.fr\/index.php\/wp-json\/wp\/v2\/users\/1"}],"replies":[{"embeddable":true,"href":"https:\/\/auto-coaching.fr\/index.php\/wp-json\/wp\/v2\/comments?post=1313"}],"version-history":[{"count":4,"href":"https:\/\/auto-coaching.fr\/index.php\/wp-json\/wp\/v2\/pages\/1313\/revisions"}],"predecessor-version":[{"id":1317,"href":"https:\/\/auto-coaching.fr\/index.php\/wp-json\/wp\/v2\/pages\/1313\/revisions\/1317"}],"wp:attachment":[{"href":"https:\/\/auto-coaching.fr\/index.php\/wp-json\/wp\/v2\/media?parent=1313"}],"curies":[{"name":"wp","href":"https:\/\/api.w.org\/{rel}","templated":true}]}}