{"id":1318,"date":"2014-03-26T19:50:26","date_gmt":"2014-03-26T17:50:26","guid":{"rendered":"http:\/\/www.auto-coaching.fr\/?page_id=1318"},"modified":"2014-03-26T20:28:54","modified_gmt":"2014-03-26T18:28:54","slug":"technique-action-reflexion","status":"publish","type":"page","link":"https:\/\/auto-coaching.fr\/index.php\/technique-action-reflexion\/","title":{"rendered":"Technique : Action-&gt;r&eacute;flexion&#8230;"},"content":{"rendered":"<p>Hier j&#8217;ai re\u00e7u un message qui m&#8217;interpelle de la part d&#8217;un lecteur (nous l\u2019appellerons \u00abAlex\u00bb). Alex me dit :  <\/p>\n<p>&#8211; Mais pourquoi voulez-vous tuer le PWYW ?  <\/p>\n<p>Cette interrogation est suivie de tout un argumentaire (de 3 pages) qui propose \u00abtout simplement\u00bb de laisser le PWYW en acc\u00e8s libre. Ou alors d&#8217;en parler \u00e0 la fin de chaque message, en laissant les lecteurs payer (ou pas) sans manipulation, ni culpabilisation, ni aucune forme d\u2019encouragement.  <\/p>\n<blockquote>\n<p>Payera qui voudra : c&#8217;est toujours \u00e7a de pris !<\/p>\n<\/blockquote>\n<p>Pour Alex, le vrai l\u00e2cher-prise serait de cet ordre-l\u00e0&#8230;  <\/p>\n<p>&#8212;&#8211;  <\/p>\n<p>Il y a 3 th\u00e8mes dans cette r\u00e9action, donc 3 r\u00e9ponses de ma part :  <\/p>\n<h2>Je ne veux pas tuer le PWYW<\/h2>\n<p>J\u2019aimerais bien le sauver, mais \u00e7a ne d\u00e9pend plus de moi. J\u2019ai atteint mes limites. Je suis all\u00e9 au del\u00e0 de ma zone de confort, je me suis promen\u00e9 dans ma zone de d\u00e9veloppement, et j\u2019arrive au seuil de la zone de danger ! Ca fait 3 semaines que je me bats pour le r\u00e9animer, mais je ne peux pas faire \u00e7a ad vitam aeternam. Ou alors ce serait au d\u00e9triment de beaucoup d&#8217;autres priorit\u00e9s auxquelles je tiens \u00e9norm\u00e9ment. Parmi lesquelles l\u2019avenir de TIME-COACH. <\/p>\n<p>Je pousse la voiture en panne de batterie, je lui donne un \u00e9lan initial en faisant tout mon possible, mais ensuite, elle doit rouler toute seule et la batterie doit pouvoir se recharger pour que le syst\u00e8me devienne autonome.  <\/p>\n<p>Hier, j&#8217;ai envoy\u00e9 un article qui a g\u00e9n\u00e9r\u00e9 4 r\u00e8glements :  <\/p>\n<ul>\n<li>Un r\u00e8glement de 3 euros, qui a prolong\u00e9 la vie de ce choix d&#8217;un jour\n<li>Un r\u00e8glement de 15 euros qui a prolong\u00e9 la vie de ce choix d&#8217;un jour\n<li>Deux r\u00e8glements de 20 euros, qui ont prolong\u00e9 la vie de ce choix de 2 jours, mais par la m\u00eame occasion, ils prolongent la vie du PWYW.<\/li>\n<\/ul>\n<p>Comme je l&#8217;ai \u00e9crit \u00e0 la fin de mon pr\u00e9c\u00e9dent article, les \u00abtop PWYW\u00bb sont de 10 euros et 20 euros avec respectivement 32 r\u00e8glements et 18 r\u00e8glements. Je n&#8217;ai jamais dit que TIME-COACH valait ces sommes. Elles ont \u00e9t\u00e9 \u00e9lues par la majorit\u00e9. Une majorit\u00e9 qui est pass\u00e9e \u00e0 l\u2019action. <\/p>\n<p>Dans l&#8217;\u00e9tat actuel des choses, chaque r\u00e8glement de 20 euros prolonge la vie du PWYW d\u2019une journ\u00e9e (j&#8217;ai d\u00e9j\u00e0 gagn\u00e9 2 jours). Demain, je vais supprimer le choix 100 euros, et apr\u00e8s-demain, j&#8217;en ferai autant avec 50. Ces propositions sont en fin de vie, et c&#8217;est toujours le march\u00e9 qui en a d\u00e9cid\u00e9. Le seul moyen de les sauver est de leur accorder de l&#8217;importance. Mais il faudrait que ce soit assez massif pour supplanter les \u00abtop PWYW\u00bb actuels.  <\/p>\n<p>Donc, si vous voulez contribuer \u00e0 hauteur de 100 euros, c&#8217;est un choix respectable, mais il y a peu de chances que \u00e7a sauve le PWYW, car les r\u00e8gles ont chang\u00e9 hier. C\u2019est moi qui les ai fix\u00e9es et je les respecterai. Par contre, en payant 20 euros par semaine dans les 5 semaines \u00e0 venir, vous payerez ce que vous voudrez ET EN MEME TEMPS vous prolongerez la vie du PWYW de 5 jours. Ca donne une dimension diff\u00e9rente \u00e0 l&#8217;acte, et je le pr\u00e9f\u00e8re ! Parce que pendant ces 5 jours de sursis, d&#8217;autres lecteurs viendront peut-\u00eatre ajouter leur effort, et remettre le bateau \u00e0 flot. <\/p>\n<p>Pourrez-vous passer \u00e0 l\u2019action suite \u00e0 ma r\u00e9flexion ? Ou avez-vous besoin d\u2019y r\u00e9fl\u00e9chir encore ? De continuer \u00e0 r\u00e9fl\u00e9chir pour moi ? <\/p>\n<h2>Le PWYW en acc\u00e8s libre<\/h2>\n<p>Je suis \u00e9tonn\u00e9 de cette proposition Alex, car j&#8217;ai d\u00e9j\u00e0 essay\u00e9 \u00e7a ! J&#8217;ai d\u00e9pens\u00e9 beaucoup d&#8217;\u00e9nergie pour le lancer en mars 2013, mais apr\u00e8s quelques participations stimul\u00e9es par l&#8217;op\u00e9ration, le PWYW est devenu plus discret. R\u00e9sultat : il n&#8217;y a eu que 3 r\u00e8glements en 11 mois.  <\/p>\n<p>Ca c&#8217;est fait ! Je passe \u00e0 autre chose.  <\/p>\n<p><h2>Le PWYW en fin de chaque article<\/h2>\n<p>Alors \u00e7a, c&#8217;est le gros gros probl\u00e8me. Un probl\u00e8me que j&#8217;ai remarqu\u00e9 depuis le d\u00e9but de TIME-COACH et que j\u2019ai r\u00e9ussi \u00e0 d\u00e9m\u00ealer chez certains lecteurs. Mais la majorit\u00e9 reste bloqu\u00e9e :  <\/p>\n<p>D\u00e8s qu&#8217;il est question d&#8217;argent dans ce syst\u00e8me, la plupart des lecteurs deviennent moins \u00abenseignables\u00bb. Le simple fait que je propose de payer TIME-COACH provoque chez beaucoup de lecteurs le sentiment que l&#8217;article n&#8217;est pas une technique int\u00e9ressante \u00e0 exp\u00e9rimenter, adapter, am\u00e9liorer&#8230; Mais qu&#8217;il s&#8217;agit d&#8217;une manipulation qui m\u00e8ne vers la caisse ! Je suis apparemment tr\u00e8s d\u00e9cevant lorsque je parle d\u2019argent.  <\/p>\n<p>Ce sentiment est plus ou moins vif selon les profils. Il est parfois inconscient, mais il s&#8217;exprime dans les commentaires de fa\u00e7on plus ou moins subliminale. Voici le dialogue int\u00e9rieur que provoquent mes propositions de payer chez certains lecteurs :  <\/p>\n<blockquote>\n<p>\u00d4 rage ! \u00d4 d\u00e9sespoir ! \u00d4 argent Ennemi !<br \/>N\u2019ai-je donc lu tout ceci que pour cette infamie ?<br \/>Et ne suis-je pour cet homme qui semblait toucher ciel<br \/>Qu\u2019un pantin sans cervelle, d\u00e9biteur \u00e9ternel ?<\/p>\n<\/blockquote>\n<p>Ou plus populairement :<\/p>\n<blockquote>\n<p>St\u00e9phane n&#8217;est pas le bon samaritain que je m&#8217;\u00e9tais imagin\u00e9&#8230; Il veut du pognon, comme tous ces vendeurs de vent ! Il dit qu&#8217;il va nous donner des techniques et des outils, et au final, ce qu&#8217;il \u00e9crit n&#8217;est qu&#8217;une vulgaire lettre de vente, sans int\u00e9r\u00eat. Je me suis (encore) fait avoir par un marchand de bonheur !<\/p>\n<\/blockquote>\n<p>Vous imaginez bien que ce lecteur s&#8217;interdira de pratiquer ce qui est propos\u00e9 dans mon article, puisque son \u00abrapport \u00e0 l&#8217;argent\u00bb d\u00e9forme mes propos. Il va donc d\u00e9montrer qu\u2019il n\u2019est pas un pantin, en se d\u00e9solidarisant de la conclusion (qui propose de payer) ET AUSSI de la technique explor\u00e9e (puisqu\u2019il la r\u00e9duit \u00e0 un argumentaire de vente).  <\/p>\n<p>Cependant, malgr\u00e9 tout ce qu\u2019il imagine, j\u2019ai communiqu\u00e9 et partag\u00e9 gratuitement, avec autant de g\u00e9n\u00e9rosit\u00e9 avec lui qu\u2019avec mes clients.  <\/p>\n<p>Il n\u2019y a pas que le \u00abrapport \u00e0 l\u2019argent\u00bb qui obscurcit la perception de g\u00e9n\u00e9rosit\u00e9 et de partage. Si je me mettais \u00e0 proposer des techniques issues de la bible, toutes les personnes qui ont un \u00abrapport \u00e0 la religion\u00bb tourment\u00e9 vont soudainement me trouver moins intelligent. Si je me mettais \u00e0 parler politique, les militants qui ne partagent pas mes valeurs vont me trouver m\u00e9chant. Si je me mettais \u00e0 parler de sexe, tous les complex\u00e9s du zboub vont me trouver soudainement vulgaire.  <\/p>\n<p>Mais l\u2019argent c\u2019est le top sujet : d\u00e8s que j\u2019en parle, on me trouve \u00e0 la fois b\u00eate, m\u00e9chant et vulgaire&#8230;&nbsp; Un tout en un qui me fait gagner beaucoup de temps. Et le temps, c\u2019est de l\u2019argent ! <\/p>\n<p>Observez les commentaires sous l&#8217;article d&#8217;hier. Certaines personnes parlent du locus interne et de locus externe, mais d&#8217;autres ont compl\u00e8tement occult\u00e9 le fond de l&#8217;article et se sont attach\u00e9s \u00e0 la forme, me faisant diverses remarques sur le PWYW. Pourquoi ?  <\/p>\n<p>Pourquoi l&#8217;essentiel des commentaires ne porte pas sur ces outils de prise de d\u00e9cision externes :  <\/p>\n<ul>\n<li>Tirer \u00e0 pile ou face\n<li>Demander \u00e0 quelqu&#8217;un d&#8217;autre de choisir pour vous\n<li>Demander \u00e0 un panel de personnes (le march\u00e9) de choisir pour vous, et vous fier au plus grand nombre.\n<li>Fixer des r\u00e8gles immuables d&#8217;\u00e9limination de choix pour faire dispara\u00eetre progressivement quelque chose de p\u00e9nalisant, \u00e0 moins que&#8230; A moins que cette chose ne se r\u00e9v\u00e8le soudainement. Qu&#8217;elle devienne importante gr\u00e2ce \u00e0 un plan d&#8217;action, et en pleine action. <strong>Action-&gt;R\u00e9fl\u00e9xion<\/strong><\/li>\n<\/ul>\n<p>Il y a tant de choses \u00e0 dire sur le locus ! Par exemple, tirer \u00e0 pile ou face, est-ce vraiment du locus externe ? Qui tient la pi\u00e8ce entre ses mains ?&#8230;<\/p>\n<p>Je ne dis pas qu&#8217;il ne faut pas parler du PWYW. Je dis qu\u2019hier j\u2019ai envoy\u00e9 <strong>un article sur la prise de d\u00e9cision en mode \u00ablocus externe\u00bb<\/strong>. Le PWYW est un exemple d\u2019application, une illustration vivante et d\u2019actualit\u00e9. Mais cet exemple doit-il poser un \u00e9cran de fum\u00e9e sur le concept de fond ? Chose qui ne serait pas arriv\u00e9e avec un autre exemple, moins en rapport avec l\u2019argent&#8230;  <\/p>\n<p>Plus vous irez vers la question de fond dans vos raisonnements, plus nous pourrons avancer. Et le temps presse ! Je n&#8217;ai plus que 20 jours pour vous aider \u00e0 mesurer votre \u00e9tat d&#8217;avancement, et&#8230; <strong>payer ce que vous voulez<\/strong> entre les choix qui resteront lorsque vous aurez pris votre d\u00e9cision. En attendant, ces choix s\u2019amenuisent. Et si vous laissiez sa chance au produit en le laissant respirer ? <\/p>\n<p>Alex semble tenir au PWYW en me donnant des conseils, mais il oublie de faire l\u2019essentiel : <strong>participer \u00e0 ce qui lui tient \u00e0 coeur ! <\/strong> <\/p>\n<p>Pour sauver le PWYW, la solution la plus viable est de reconna\u00eetre le b\u00e9n\u00e9fice que vous tirez de mes articles, et de les payer 10\u20ac ou 20\u20ac. Si 100 personnes font comme vous, \u00e7a laissera le temps de r\u00e9fl\u00e9chir. En p\u00e9riode trouble et face au temps qu&#8217;il nous reste, toute autre initiative est risqu\u00e9e. A commencer par celle qui consiste \u00e0 refaire ce que j&#8217;ai d\u00e9j\u00e0 fait, et qui a obtenu de tr\u00e8s mauvais r\u00e9sultats.  <\/p>\n<p>Passez d\u2019abord \u00e0 l\u2019action qui permettra de donner \u00e0 VOS PROJETS le temps de la r\u00e9flexion : Action-&gt;R\u00e9flexion. En ce qui concerne le PWYW, commencez par : <\/p>\n<p><a href=\"http:\/\/inscription-minute.fr\/solution.aspx?code=PWYW1376&amp;origine=actionReflexion\">Payer ce que vous voulez !<\/a>  <\/p>\n<p>Oups&#8230; Je n\u2019ai pas pu m\u2019en emp\u00eacher ! Cette conclusion tr\u00e8s \u00abargent\u00e9e\u00bb risque-t-elle de vous faire oublier le but profond de cet article ? Si vous parvenez \u00e0 vous pr\u00e9server du sentiment qui transforme le coach en racketteur, cet article vous r\u00e9v\u00e8lera plusieurs techniques, et c\u2019est aussi une clef pour poser un nouveau regard sur beaucoup d\u2019autres articles re\u00e7us et \u00e0 recevoir.  <\/p>\n<p>Alors, vous pourrez \u00e9valuer le b\u00e9n\u00e9fice tir\u00e9 par ce programme et&#8230;  <\/p>\n<p><a href=\"http:\/\/inscription-minute.fr\/solution.aspx?code=PWYW1376&amp;origine=actionReflexion\">Payer ce que vous voulez<\/a>  <\/p>\n<p>A++  <\/p>\n<p><strong>St\u00e9phane SOLOMON<\/strong><\/p>\n<!--themify_builder_content-->\n<div id=\"themify_builder_content-1318\" data-postid=\"1318\" class=\"themify_builder_content themify_builder_content-1318 themify_builder tf_clear\">\n    <\/div>\n<!--\/themify_builder_content-->\n","protected":false},"excerpt":{"rendered":"<p>Hier j&#8217;ai re\u00e7u un message qui m&#8217;interpelle de la part d&#8217;un lecteur (nous l\u2019appellerons \u00abAlex\u00bb). Alex me dit : &#8211; Mais pourquoi voulez-vous tuer le PWYW ? Cette interrogation est suivie de tout un argumentaire (de 3 pages) qui propose \u00abtout simplement\u00bb de laisser le PWYW en acc\u00e8s libre. Ou alors d&#8217;en parler \u00e0 la [&hellip;]<\/p>\n","protected":false},"author":1,"featured_media":0,"parent":0,"menu_order":0,"comment_status":"open","ping_status":"open","template":"","meta":[],"builder_content":"","_links":{"self":[{"href":"https:\/\/auto-coaching.fr\/index.php\/wp-json\/wp\/v2\/pages\/1318"}],"collection":[{"href":"https:\/\/auto-coaching.fr\/index.php\/wp-json\/wp\/v2\/pages"}],"about":[{"href":"https:\/\/auto-coaching.fr\/index.php\/wp-json\/wp\/v2\/types\/page"}],"author":[{"embeddable":true,"href":"https:\/\/auto-coaching.fr\/index.php\/wp-json\/wp\/v2\/users\/1"}],"replies":[{"embeddable":true,"href":"https:\/\/auto-coaching.fr\/index.php\/wp-json\/wp\/v2\/comments?post=1318"}],"version-history":[{"count":17,"href":"https:\/\/auto-coaching.fr\/index.php\/wp-json\/wp\/v2\/pages\/1318\/revisions"}],"predecessor-version":[{"id":1335,"href":"https:\/\/auto-coaching.fr\/index.php\/wp-json\/wp\/v2\/pages\/1318\/revisions\/1335"}],"wp:attachment":[{"href":"https:\/\/auto-coaching.fr\/index.php\/wp-json\/wp\/v2\/media?parent=1318"}],"curies":[{"name":"wp","href":"https:\/\/api.w.org\/{rel}","templated":true}]}}