{"id":1381,"date":"2014-04-03T19:09:53","date_gmt":"2014-04-03T17:09:53","guid":{"rendered":"http:\/\/www.auto-coaching.fr\/?page_id=1381"},"modified":"2014-04-03T20:32:58","modified_gmt":"2014-04-03T18:32:58","slug":"la-mesurabilite-2-2","status":"publish","type":"page","link":"https:\/\/auto-coaching.fr\/index.php\/la-mesurabilite-2-2\/","title":{"rendered":"La mesurabilite (2\/2)"},"content":{"rendered":"<p>Il y a quelques ann\u00e9es (bien avant d&#8217;entamer ma carri\u00e8re de coach), l&#8217;un de mes amis et partenaires en affaires, m&#8217;a demand\u00e9 d&#8217;utiliser mes comp\u00e9tences en informatique et en math\u00e9matiques appliqu\u00e9es, pour monter un dossier technique. Il avait rendez-vous avec le responsable-produit de Carrefour la semaine suivante, et avait peur d&#8217;arriver uniquement avec du \u00abbla bla\u00bb&#8230; Il avait besoin d&#8217;\u00e9l\u00e9ments techniques infaillibles.  <\/p>\n<p>J&#8217;ai fait tourner 3 ordinateurs pendant quatre jours et quatre nuits, pour collecter des informations et calculer des probabilit\u00e9s. J&#8217;ai ensuite cr\u00e9\u00e9 une vingtaine de graphiques et de tableaux crois\u00e9s. La veille du rendez-vous, j&#8217;ai pass\u00e9 3 heures avec lui, pour lui expliquer comment il devait pr\u00e9senter les choses.  <\/p>\n<p>Il \u00e9tait subjugu\u00e9 ! Il a dormi sur ses deux oreilles, et le lendemain, il est parti confiant \u00e0 son rendez-vous. Il est revenu avec \u00able bon de commande de sa vie\u00bb, d&#8217;un montant de 142.000 euros ! Je m&#8217;appr\u00eatais \u00e0 n\u00e9gocier ma commission, mais il m&#8217;a dit qu&#8217;il n&#8217;a pas eu besoin de mon travail ! Le dossier que j&#8217;avais mont\u00e9 n&#8217;est m\u00eame pas sorti de sa mallette&#8230; Son produit et son talent de communicateur lui ont permis de s\u00e9duire le client sans aucun support.  <\/p>\n<p>C&#8217;est un gar\u00e7on honn\u00eate, donc je n&#8217;ai pas insist\u00e9. J&#8217;ai reconnu, comme lui, que mon super-dossier n&#8217;a jou\u00e9 aucun r\u00f4le dans cette r\u00e9ussite. Il m&#8217;a pay\u00e9 mes heures de travail d&#8217;informaticien, car \u00abtout travail m\u00e9rite salaire\u00bb, mais je n&#8217;ai pas eu ma commission sur le gros ch\u00e8que&#8230;  <\/p>\n<h4>L&#8217;en-de\u00e7\u00e0<\/h4>\n<p>Aujourd&#8217;hui, je sais que nous avons eu tout faux ! Parce qu&#8217;au moment o\u00f9 il m&#8217;a appel\u00e9 pour me demander de l&#8217;aide, sa voix tremblait au t\u00e9l\u00e9phone. Il se sentait tout petit, et semblait me dire que moi, l&#8217;informaticien-math\u00e9maticien, formateur de talent, j&#8217;avais ce qu&#8217;il fallait pour r\u00e9ussir&#8230; Alors que lui, pauvre de lui, n&#8217;avait rien. Il avait une peur bleue \u00e0 l&#8217;id\u00e9e de cette rencontre ! Il m&#8217;a m\u00eame confi\u00e9 qu&#8217;il n&#8217;irait peut-\u00eatre pas au rendez-vous, de peur de para\u00eetre ridicule \u00e0 la premi\u00e8re question embarrassante. Il fallait que je l&#8217;aide !  <\/p>\n<p>Une fois que j&#8217;ai mont\u00e9 son dossier, son attitude mentale a chang\u00e9 : il avait confiance en lui, son produit avait m\u00eame pris une dimension qu&#8217;il ne soup\u00e7onnait pas. Le simple fait de savoir qu&#8217;il pouvait d\u00e9gainer cette ressource technique pour \u00e9tayer son argumentation le rassurait. Il avait donc tous les \u00e9l\u00e9ments pour r\u00e9ussir. M\u00eame s&#8217;il n&#8217;a pas eu besoin d&#8217;utiliser le dossier, \u00e7a a jou\u00e9 un r\u00f4le d\u00e9terminant dans sa posture lors du rendez-vous.  <\/p>\n<p>Comment voulez-vous mesurer \u00e7a ? Combien \u00e7a vaut ?  <\/p>\n<p>J&#8217;en reviens \u00e0 la \u00abmesurabilite\u00bb&#8230; Cette maladie qui a tant besoin de concret pour prendre une d\u00e9cision. La confiance en soi n&#8217;est pas mesurable. Intellectuellement, m\u00eame si mon ami reconnaissait \u00abl&#8217;en-de\u00e7\u00e0\u00bb de mon action, il ne pouvait lui affecter aucune valeur.  <\/p>\n<p>Mais il y a quelque chose de merveilleux dans les relations sinc\u00e8res : jamais aucun bienfait ne se perd&#8230; M\u00eame s&#8217;il n&#8217;a jamais pu \u00e9valuer la valeur r\u00e9elle de mon action, mon ami m&#8217;a soutenu dans tout ce que j&#8217;ai fait par la suite. Lorsque j&#8217;ai d\u00e9cid\u00e9 de devenir coach, il m&#8217;a encourag\u00e9, me disant que j&#8217;\u00e9tais fait pour \u00e7a ! Il a fait taire d&#8217;un regard des briseurs de r\u00eaves. Une fois que j&#8217;\u00e9tais install\u00e9, il est devenu mon client et m&#8217;a pr\u00e9sent\u00e9 \u00e0 des VIP qu&#8217;il connaissait (il a fait du chemin depuis). Il m&#8217;a aid\u00e9 \u00e0 financer TIME-COACH lors du lancement, me disant que c&#8217;\u00e9tait une super-id\u00e9e ! Qu&#8217;il aurait voulu l&#8217;avoir&#8230;  <\/p>\n<p>Je serais malhonn\u00eate de dire qu&#8217;il n&#8217;a pas reconnu l&#8217;en-de\u00e7\u00e0 de mon action. Certes, ce n&#8217;est pas une reconnaissance officielle, nous n&#8217;avons pas de registre recettes\/d\u00e9penses&#8230; mais toutes formes d&#8217;Energies circulent entre nous.  <\/p>\n<p>Lors d&#8217;une conf\u00e9rence qu&#8217;il a anim\u00e9e pour de jeunes entrepreneurs et inventeurs, et \u00e0 laquelle j&#8217;ai eu le plaisir d&#8217;assister, il a dit ceci :  <\/p>\n<p>Les \u00abrendez-vous de l&#8217;extr\u00eame\u00bb auxquels vous serez convi\u00e9s d\u00e9pendent en grande partie de votre pr\u00e9paration mentale, et accessoirement du produit que vous repr\u00e9senterez. Dans la majorit\u00e9 des cas, votre produit aura \u00e9t\u00e9 \u00e9tudi\u00e9 de fond en comble avant le rendez-vous. Il n&#8217;a plus rien \u00e0 prouver&#8230; Lorsqu&#8217;on souhaitera vous rencontrer, la pr\u00e9sentation du produit ne sera qu&#8217;un pr\u00e9texte pour vous voir \u00e0 l&#8217;\u0153uvre. C&#8217;est comme l&#8217;oral du bac : on ne s&#8217;attend pas \u00e0 d\u00e9couvrir Victor HUGO, mais la personne qui en parle !  <\/p>\n<p>Conna\u00eetre le produit sur le bout des doigts a pour principal int\u00e9r\u00eat de rassurer l&#8217;orateur, pas l&#8217;auditoire. L&#8217;auditoire a besoin de faire connaissance avec un magicien qui a plus d&#8217;un tour dans son sac, m\u00eame s&#8217;il ne s&#8217;en sert pas. Alors remplissez vos sacs de tours, cela vous permettra de rouler assur\u00e9s&#8230; Rassur\u00e9s&#8230; C&#8217;est ainsi qu&#8217;on roule confiants et qu&#8217;on cumule les bonus. Mais rappelez-vous que l&#8217;inventeur est indissociable de l&#8217;invention, le vendeur indissociable du produit, et le magicien indissociable de la magie. Soyez magiques !  <\/p>\n<p>Je ne sais pas s&#8217;il aurait dit \u00e7a en mon absence, mais en tout cas, j&#8217;\u00e9tais l\u00e0, et j&#8217;ai entendu&#8230;  <\/p>\n<h4>Auto-coaching<\/h4>\n<p>La plupart des business-coachs que je connais \u00e9vitent de coacher les d\u00e9butants en coaching. Ils gagnent beaucoup de temps en s&#8217;adressant directement \u00e0 des personnes qui connaissent les dimensions cach\u00e9es du processus. Les d\u00e9butants ach\u00e8tent un plan d&#8217;action, alors que les habitu\u00e9s ach\u00e8tent \u00abl&#8217;en-de\u00e7\u00e0\u00bb du plan d&#8217;action. Personnellement, je ne filtre pas mes clients. Je dirais m\u00eame que j&#8217;ai une l\u00e9g\u00e8re r\u00e9f\u00e9rence pour les d\u00e9butants. Le d\u00e9fi me para\u00eet plus int\u00e9ressant, et j&#8217;apprends beaucoup de choses.  <\/p>\n<p>Vous pouvez consid\u00e9rer le PWYW comme un exercice pratique sur l&#8217;en-de\u00e7\u00e0 ! Ceux qui y ont contribu\u00e9 vous le confirmeront : ils n&#8217;ont pas achet\u00e9 une quantit\u00e9 de mails, ni un nombre de pages imprim\u00e9es, ni m\u00eame des id\u00e9es ou des techniques. Ils n&#8217;ont pas achet\u00e9 TIME-COACH, puisque TIME-COACH est gratuit ! Je l&#8217;ai r\u00e9p\u00e9t\u00e9 \u00e0 diff\u00e9rentes reprises : que vous payiez ou pas, et quelle que soit la somme, vous recevrez la suite de TIME-COACH.  <\/p>\n<p>Alors qu&#8217;ont-ils achet\u00e9 ? En dehors des quelques \u00abcoupables chroniques\u00bb, la plupart des personnes qui ont particip\u00e9 au PWYW ont reconnu les effets secondaires que cette Newsletter a eu sur eux en-de\u00e7\u00e0 de la th\u00e9matique des articles. Il n&#8217;y a pas de mesure possible dans ce domaine, et il ne m&#8217;appartient pas d&#8217;en juger. C&#8217;est pour cette raison que j&#8217;ai demand\u00e9 \u00e0 chacun d&#8217;\u00e9valuer la valeur de SON en-de\u00e7\u00e0.  <\/p>\n<p>Je sais que l&#8217;exercice est difficile, c&#8217;est pourquoi j&#8217;aimerais f\u00e9liciter ceux qui y ont particip\u00e9, sans bl\u00e2mer les autres, ni comparer les diff\u00e9rents montants. Chacun a particip\u00e9 en fonction de son possible.  <\/p>\n<p>Aujourd&#8217;hui, je propose aux h\u00e9sitants de d\u00e9couvrir un nouveau possible : soignez votre \u00abmesurabilite chronique\u00bb en reconnaissant l&#8217;en-de\u00e7\u00e0. TIME-COACH est gratuit, l&#8217;en-de\u00e7\u00e0 est payant. Gageons que cet article et les suivants vous permettront d&#8217;en b\u00e9n\u00e9ficier. Vous pourrez ainsi payer ce que vous voulez.  <\/p>\n<div style=\"text-align: center; margin-top: 80px\"><img decoding=\"async\" loading=\"lazy\" style=\"border-left-width: 0px; border-right-width: 0px; border-top-color: white; border-bottom-width: 0px; border-left-color: white; border-bottom-color: white; border-right-color: white; border-top-width: 0px\" border=\"0\" alt=\"Payez ce que vous voulez\" src=\"http:\/\/www.inscription-minute.fr\/adherents\/logoPwyw.jpg\" width=\"230\" longdesc=\"Payez ce que vous voulez\" height=\"115\"><br \/><a href=\"http:\/\/www.inscription-minute.fr\/solution.aspx?code=PWYW1376&amp;origine=mesurabilite2\">Payez ce que vous voulez<\/a><\/div>\n<p>A++  <\/p>\n<p>St\u00e9phane SOLOMON<\/p>\n<!--themify_builder_content-->\n<div id=\"themify_builder_content-1381\" data-postid=\"1381\" class=\"themify_builder_content themify_builder_content-1381 themify_builder tf_clear\">\n    <\/div>\n<!--\/themify_builder_content-->\n","protected":false},"excerpt":{"rendered":"<p>Il y a quelques ann\u00e9es (bien avant d&#8217;entamer ma carri\u00e8re de coach), l&#8217;un de mes amis et partenaires en affaires, m&#8217;a demand\u00e9 d&#8217;utiliser mes comp\u00e9tences en informatique et en math\u00e9matiques appliqu\u00e9es, pour monter un dossier technique. Il avait rendez-vous avec le responsable-produit de Carrefour la semaine suivante, et avait peur d&#8217;arriver uniquement avec du \u00abbla [&hellip;]<\/p>\n","protected":false},"author":1,"featured_media":0,"parent":0,"menu_order":0,"comment_status":"open","ping_status":"open","template":"","meta":[],"builder_content":"","_links":{"self":[{"href":"https:\/\/auto-coaching.fr\/index.php\/wp-json\/wp\/v2\/pages\/1381"}],"collection":[{"href":"https:\/\/auto-coaching.fr\/index.php\/wp-json\/wp\/v2\/pages"}],"about":[{"href":"https:\/\/auto-coaching.fr\/index.php\/wp-json\/wp\/v2\/types\/page"}],"author":[{"embeddable":true,"href":"https:\/\/auto-coaching.fr\/index.php\/wp-json\/wp\/v2\/users\/1"}],"replies":[{"embeddable":true,"href":"https:\/\/auto-coaching.fr\/index.php\/wp-json\/wp\/v2\/comments?post=1381"}],"version-history":[{"count":6,"href":"https:\/\/auto-coaching.fr\/index.php\/wp-json\/wp\/v2\/pages\/1381\/revisions"}],"predecessor-version":[{"id":1388,"href":"https:\/\/auto-coaching.fr\/index.php\/wp-json\/wp\/v2\/pages\/1381\/revisions\/1388"}],"wp:attachment":[{"href":"https:\/\/auto-coaching.fr\/index.php\/wp-json\/wp\/v2\/media?parent=1381"}],"curies":[{"name":"wp","href":"https:\/\/api.w.org\/{rel}","templated":true}]}}