{"id":1389,"date":"2014-04-03T22:46:12","date_gmt":"2014-04-03T20:46:12","guid":{"rendered":"http:\/\/www.auto-coaching.fr\/?page_id=1389"},"modified":"2019-10-02T18:49:30","modified_gmt":"2019-10-02T16:49:30","slug":"hommage-la-chevre-du-bonheur","status":"publish","type":"page","link":"https:\/\/auto-coaching.fr\/index.php\/hommage-la-chevre-du-bonheur\/","title":{"rendered":"Hommage : la ch&egrave;vre du Bonheur"},"content":{"rendered":"<p>Ce jour est un jour anniversaire. C\u2019est la date de comm\u00e9moration du d\u00e9c\u00e8s de mon p\u00e8re.<\/p>\n\n\n\n<p>Triste anniversaire, me direz-vous ?&#8230; Pas tant que \u00e7a !<\/p>\n\n\n\n<p>Il y a encore 3 ans, je ne pouvais pas parler de mon p\u00e8re sans pleurer. Je pouvais l\u2019\u00e9voquer puis changer de sujet rapidement, mais une discussion en profondeur \u00e9tait toujours accompagn\u00e9e de larmes&#8230;<\/p>\n\n\n\n<p>Est-ce que ces larmes s\u2019effacent parce que je l\u2019ai oubli\u00e9 ou parce que les souvenirs s\u2019\u00e9tiolent ? Pas du tout&nbsp; ! Si je ne pleure plus, c\u2018est parce que je r\u00e9sous peu \u00e0 peu <strong>mes inachev\u00e9s<\/strong>.<\/p>\n\n\n\n<p>Depuis l\u2019ann\u00e9e derni\u00e8re, je partage avec ceux qui le souhaitent le programme \u00abLa peau de banane\u00bb. Ce programme, ou du moins quelque chose qui devait mettre en valeur l\u2019attitude que mon p\u00e8re m\u2019a transmise, \u00e9tait un inachev\u00e9. Mon inachev\u00e9 ne vient pas d\u2019une r\u00e9bellion contre cette attitude (je me suis toujours comport\u00e9 comme un bon ramasseur de peaux de bananes), l\u2019inachev\u00e9 tien au fait que je ne lui ai jamais exprim\u00e9 ma Gratitude pour cet h\u00e9ritage&#8230; C\u2019est chose faite.<\/p>\n\n\n\n<p>Cette ann\u00e9e je vais vous raconter son histoire pr\u00e9f\u00e9r\u00e9e. L\u2019histoire est simple et courte, au premier degr\u00e9 elle va simplement vous faire sourire, sans plus&#8230; Et si nous allions chercher ce PLUS vous et moi ?<\/p>\n\n\n\n<p>Mon p\u00e8re a d\u00fb me raconter cette histoire des dizaines de fois. Il n\u2019\u00e9tait pas g\u00e2teux&#8230; S\u2019il me l\u2019a r\u00e9p\u00e9t\u00e9e, c\u2019est certainement parce qu\u2019\u00e0 chaque fois, elle \u00e9tait d\u2019actualit\u00e9 : il me proposait une solution.<\/p>\n\n\n\n<p>J\u2019ai eu l\u2019occasion de diffuser cette historie il y a 4 ans. Le pionniers doivent s\u2019en souvenir. Mais si votre inscription date de 3 ans ou moins, vous ne l\u2019avez certainement jamais entendue. Pour ceux qui s\u2019en souviennent, il y a une nouveaut\u00e9 qui vaut le d\u00e9tour : je vous la raconte en vid\u00e9o, et il y a m\u00eame une petite surprise li\u00e9e \u00e0 mon inachev\u00e9 de cette ann\u00e9e.<\/p>\n\n\n\n<p>Voil\u00e0 qui est fait :<\/p>\n\n\n\n<figure class=\"wp-block-embed-youtube wp-block-embed is-type-video is-provider-youtube wp-embed-aspect-16-9 wp-has-aspect-ratio\"><div class=\"wp-block-embed__wrapper\">\n<div class=\"post-video\"><iframe loading=\"lazy\" title=\"La ch\u00e8vre du Bonheur\" width=\"1165\" height=\"655\" src=\"https:\/\/www.youtube.com\/embed\/Fx3BKbHTAhQ?feature=oembed\" frameborder=\"0\" allow=\"accelerometer; autoplay; clipboard-write; encrypted-media; gyroscope; picture-in-picture\" allowfullscreen><\/iframe><\/div>\n<\/div><\/figure>\n\n\n\n<p>A++<\/p>\n\n\n\n<p><strong>St\u00e9phane SOLOMON<\/strong><\/p>\n\n\n\n<p>PS : Merci \u00e0 Catalina pour les illustrations. Travailler avec vous fut un plaisir et une exp\u00e9rience remarquable.<\/p>\n\n<!--themify_builder_content-->\n<div id=\"themify_builder_content-1389\" data-postid=\"1389\" class=\"themify_builder_content themify_builder_content-1389 themify_builder tf_clear\">\n    <\/div>\n<!--\/themify_builder_content-->","protected":false},"excerpt":{"rendered":"<p>Ce jour est un jour anniversaire. C\u2019est la date de comm\u00e9moration du d\u00e9c\u00e8s de mon p\u00e8re. Triste anniversaire, me direz-vous ?&#8230; Pas tant que \u00e7a ! Il y a encore 3 ans, je ne pouvais pas parler de mon p\u00e8re sans pleurer. Je pouvais l\u2019\u00e9voquer puis changer de sujet rapidement, mais une discussion en profondeur [&hellip;]<\/p>\n","protected":false},"author":1,"featured_media":0,"parent":0,"menu_order":0,"comment_status":"open","ping_status":"open","template":"","meta":[],"builder_content":"","_links":{"self":[{"href":"https:\/\/auto-coaching.fr\/index.php\/wp-json\/wp\/v2\/pages\/1389"}],"collection":[{"href":"https:\/\/auto-coaching.fr\/index.php\/wp-json\/wp\/v2\/pages"}],"about":[{"href":"https:\/\/auto-coaching.fr\/index.php\/wp-json\/wp\/v2\/types\/page"}],"author":[{"embeddable":true,"href":"https:\/\/auto-coaching.fr\/index.php\/wp-json\/wp\/v2\/users\/1"}],"replies":[{"embeddable":true,"href":"https:\/\/auto-coaching.fr\/index.php\/wp-json\/wp\/v2\/comments?post=1389"}],"version-history":[{"count":11,"href":"https:\/\/auto-coaching.fr\/index.php\/wp-json\/wp\/v2\/pages\/1389\/revisions"}],"predecessor-version":[{"id":6039,"href":"https:\/\/auto-coaching.fr\/index.php\/wp-json\/wp\/v2\/pages\/1389\/revisions\/6039"}],"wp:attachment":[{"href":"https:\/\/auto-coaching.fr\/index.php\/wp-json\/wp\/v2\/media?parent=1389"}],"curies":[{"name":"wp","href":"https:\/\/api.w.org\/{rel}","templated":true}]}}