{"id":1391,"date":"2014-04-04T14:43:01","date_gmt":"2014-04-04T12:43:01","guid":{"rendered":"http:\/\/www.auto-coaching.fr\/?page_id=1391"},"modified":"2014-04-04T14:43:43","modified_gmt":"2014-04-04T12:43:43","slug":"un-exemple-d-en-deca","status":"publish","type":"page","link":"https:\/\/auto-coaching.fr\/index.php\/un-exemple-d-en-deca\/","title":{"rendered":"Un exemple d&rsquo;en-de&ccedil;&agrave;"},"content":{"rendered":"<p>Suite \u00e0 mon article d\u2019hier, j\u2019ai re\u00e7u ce courrier de Jo\u00eblle :<\/p>\n<p>Cher St\u00e9phane,<\/p>\n<p>J\u2019ai aim\u00e9 votre premi\u00e8re partie concernant la \u00abmesurabilite\u00bb, et encore plus la deuxi\u00e8me, car elle a eu l\u2019effet d\u2019une prise de conscience, que je vous expose ci-dessous :<\/p>\n<p>Lorsque vous avez commenc\u00e9 \u00e0 nous proposer votre s\u00e9lection de vid\u00e9os, je n\u2019ai pas accroch\u00e9. Votre choix est sans doute int\u00e9ressant pour beaucoup de gens, mais il ne me touche pas. Par exemple, le combat de Ken ROBINSON me para\u00eet illusoire, m\u00eame si son talent d\u2019orateur est exceptionnel. Vous avez propos\u00e9 d\u2019acheter son livre, et \u00e7a ne m\u2019a pas du tout attir\u00e9. Donc on pourrait penser que vous ne m\u2019avez rien apport\u00e9, et m\u00eame que j\u2019ai perdu mon temps en regardant cette vid\u00e9o.<\/p>\n<p>Par contre, je ne connaissais pas les conf\u00e9rences TED. L\u2019ambiance qui r\u00e9gnait dans la salle tandis que Ken ROBINSON racontait son histoire, m\u2019a incit\u00e9e \u00e0 chercher des vid\u00e9os sur mes sujets de pr\u00e9dilection. Depuis, je regarde au moins une conf\u00e9rence par jour (l\u2019avantage avec TED, c\u2019est la limite impos\u00e9e de 18 minutes, donc on sait quand \u00e7a s\u2019arr\u00eatera). Ca fait presque 4 mois que je fais \u00e7a chaque jour, et je dois avouer que je ressens de profonds changement en moi, et comme vous le dites si bien : mon monde ext\u00e9rieur change aussi.<\/p>\n<p>Ce que je trouve ingrat dans mon attitude, c\u2019est que je me suis tellement appropri\u00e9 l\u2019id\u00e9e, que je ne me souvenais plus que c\u2019est vous qui m\u2019avez pr\u00e9sent\u00e9 les conf\u00e9rences TED. Vous m\u2019avez apport\u00e9 cet \u00aben-de\u00e7\u00e0\u00bb, j\u2019en ai pris conscience hier, car votre vid\u00e9o est arriv\u00e9e au moment o\u00f9 je terminais ma conf\u00e9rence du jour&#8230; J\u2019ai donc d\u00e9cid\u00e9 de participer au PWYW en payant le maximum propos\u00e9 : 30 euros.<\/p>\n<p>Merci pour tout,<\/p>\n<p>Jo\u00eblle.<\/p>\n<!--themify_builder_content-->\n<div id=\"themify_builder_content-1391\" data-postid=\"1391\" class=\"themify_builder_content themify_builder_content-1391 themify_builder tf_clear\">\n    <\/div>\n<!--\/themify_builder_content-->\n","protected":false},"excerpt":{"rendered":"<p>Suite \u00e0 mon article d\u2019hier, j\u2019ai re\u00e7u ce courrier de Jo\u00eblle : Cher St\u00e9phane, J\u2019ai aim\u00e9 votre premi\u00e8re partie concernant la \u00abmesurabilite\u00bb, et encore plus la deuxi\u00e8me, car elle a eu l\u2019effet d\u2019une prise de conscience, que je vous expose ci-dessous : Lorsque vous avez commenc\u00e9 \u00e0 nous proposer votre s\u00e9lection de vid\u00e9os, je n\u2019ai [&hellip;]<\/p>\n","protected":false},"author":1,"featured_media":0,"parent":0,"menu_order":0,"comment_status":"open","ping_status":"open","template":"","meta":[],"builder_content":"","_links":{"self":[{"href":"https:\/\/auto-coaching.fr\/index.php\/wp-json\/wp\/v2\/pages\/1391"}],"collection":[{"href":"https:\/\/auto-coaching.fr\/index.php\/wp-json\/wp\/v2\/pages"}],"about":[{"href":"https:\/\/auto-coaching.fr\/index.php\/wp-json\/wp\/v2\/types\/page"}],"author":[{"embeddable":true,"href":"https:\/\/auto-coaching.fr\/index.php\/wp-json\/wp\/v2\/users\/1"}],"replies":[{"embeddable":true,"href":"https:\/\/auto-coaching.fr\/index.php\/wp-json\/wp\/v2\/comments?post=1391"}],"version-history":[{"count":1,"href":"https:\/\/auto-coaching.fr\/index.php\/wp-json\/wp\/v2\/pages\/1391\/revisions"}],"predecessor-version":[{"id":1392,"href":"https:\/\/auto-coaching.fr\/index.php\/wp-json\/wp\/v2\/pages\/1391\/revisions\/1392"}],"wp:attachment":[{"href":"https:\/\/auto-coaching.fr\/index.php\/wp-json\/wp\/v2\/media?parent=1391"}],"curies":[{"name":"wp","href":"https:\/\/api.w.org\/{rel}","templated":true}]}}