{"id":1393,"date":"2014-04-04T15:01:12","date_gmt":"2014-04-04T13:01:12","guid":{"rendered":"http:\/\/www.auto-coaching.fr\/?page_id=1393"},"modified":"2014-04-04T15:52:44","modified_gmt":"2014-04-04T13:52:44","slug":"l-en-deca-de-la-machine-laver","status":"publish","type":"page","link":"https:\/\/auto-coaching.fr\/index.php\/l-en-deca-de-la-machine-laver\/","title":{"rendered":"L&rsquo;en-de&ccedil;&agrave; de la machine &agrave; laver"},"content":{"rendered":"<p>Vous souvenez-vous de l\u2019article o\u00f9 j\u2019ai compar\u00e9 les articles de TIME-COACH \u00e0 un d\u00e9clencheur qui peut vous entrainer vers un D\u00e9veloppement Personnel plus intense ? J\u2019ai utilis\u00e9 la m\u00e9taphore d\u2019une dizaine de graines de bl\u00e9 offerts en cadeau : chacun vous donnera un \u00e9pi de 50 \u00e0 100 graines. Vous pourrez commencer \u00e0 consommer le fruit de votre r\u00e9colte, mais pour en profiter dans l\u2019absolu, il faudra penser \u00e0 en replanter une partie, de pr\u00e9f\u00e9rence de plus en plus.<\/p>\n<p>C\u2019est ainsi que fonctionne aussi le commerce, l\u2019industrie, et lorsque nous nous \u00e9veillerons aux v\u00e9ritables innovations \u00e9cologiques, ce sera la m\u00eame chose : chaque innovation sera la source de centaines d\u2019autres. Encore faut-il commencer par semer des id\u00e9es qui ne nous \u00e9jectent pas \u00e0 100 lieux de notre zone de confort (c\u2019est malheureusement le d\u00e9faut de nombreux \u00e9cologistes qui \u00e9laborent des plans de privation).<\/p>\n<p>La vid\u00e9o que voici m\u2019a \u00e9t\u00e9 envoy\u00e9e par Florence, une lectrice de longue date. J\u2019ai ador\u00e9 cette conf\u00e9rence, parce qu\u2019elle est courte et efficace (9 minutes).<\/p>\n<p>Ne vous m\u00e9prenez pas sur le comique qui \u00e9volue sur sc\u00e8ne. Hans ROSLING est une grosse-t\u00eate : il a \u00e9t\u00e9 cit\u00e9 parmi les 100 premiers penseurs de la plan\u00e8te par le \u00abForeign Policy Magazine\u00bb, puis comme l\u2019une de 100 personnes les plus cr\u00e9atives du monde des affaires par le magazine \u00abFast Company\u00bb. (<a href=\"http:\/\/fr.wikipedia.org\/wiki\/Hans_Rosling\">Wikip\u00e9dia<\/a>)<\/p>\n<p>Hans ROSLING est m\u00e9decin, chercheur, th\u00e9oricien, statisticien, ing\u00e9nieur, inventeur&#8230; et comme vous allez le voir, conf\u00e9rencier hors-pair :<\/p>\n<p><iframe loading=\"lazy\" height=\"360\" src=\"http:\/\/embed.ted.com\/talks\/lang\/fr\/hans_rosling_and_the_magic_washing_machine.html\" frameborder=\"0\" width=\"640\" scrolling=\"no\" webkitallowfullscreen mozallowfullscreen allowfullscreen><\/iframe> <\/p>\n<p>Source originale : <a title=\"http:\/\/www.ted.com\/talks\/hans_rosling_and_the_magic_washing_machine?language=fr\" href=\"http:\/\/www.ted.com\/talks\/hans_rosling_and_the_magic_washing_machine?language=fr\">http:\/\/www.ted.com\/talks\/hans_rosling_and_the_magic_washing_machine?language=fr<\/a><\/p>\n<p>Merci Florence,<\/p>\n<p>A++<\/p>\n<p>St\u00e9phane<\/p>\n<!--themify_builder_content-->\n<div id=\"themify_builder_content-1393\" data-postid=\"1393\" class=\"themify_builder_content themify_builder_content-1393 themify_builder tf_clear\">\n    <\/div>\n<!--\/themify_builder_content-->\n","protected":false},"excerpt":{"rendered":"<p>Vous souvenez-vous de l\u2019article o\u00f9 j\u2019ai compar\u00e9 les articles de TIME-COACH \u00e0 un d\u00e9clencheur qui peut vous entrainer vers un D\u00e9veloppement Personnel plus intense ? J\u2019ai utilis\u00e9 la m\u00e9taphore d\u2019une dizaine de graines de bl\u00e9 offerts en cadeau : chacun vous donnera un \u00e9pi de 50 \u00e0 100 graines. Vous pourrez commencer \u00e0 consommer le [&hellip;]<\/p>\n","protected":false},"author":1,"featured_media":0,"parent":0,"menu_order":0,"comment_status":"open","ping_status":"open","template":"","meta":[],"builder_content":"","_links":{"self":[{"href":"https:\/\/auto-coaching.fr\/index.php\/wp-json\/wp\/v2\/pages\/1393"}],"collection":[{"href":"https:\/\/auto-coaching.fr\/index.php\/wp-json\/wp\/v2\/pages"}],"about":[{"href":"https:\/\/auto-coaching.fr\/index.php\/wp-json\/wp\/v2\/types\/page"}],"author":[{"embeddable":true,"href":"https:\/\/auto-coaching.fr\/index.php\/wp-json\/wp\/v2\/users\/1"}],"replies":[{"embeddable":true,"href":"https:\/\/auto-coaching.fr\/index.php\/wp-json\/wp\/v2\/comments?post=1393"}],"version-history":[{"count":4,"href":"https:\/\/auto-coaching.fr\/index.php\/wp-json\/wp\/v2\/pages\/1393\/revisions"}],"predecessor-version":[{"id":1397,"href":"https:\/\/auto-coaching.fr\/index.php\/wp-json\/wp\/v2\/pages\/1393\/revisions\/1397"}],"wp:attachment":[{"href":"https:\/\/auto-coaching.fr\/index.php\/wp-json\/wp\/v2\/media?parent=1393"}],"curies":[{"name":"wp","href":"https:\/\/api.w.org\/{rel}","templated":true}]}}