{"id":14,"date":"2011-08-28T00:11:22","date_gmt":"2011-08-28T00:11:22","guid":{"rendered":"http:\/\/www.auto-coaching.fr\/?page_id=14"},"modified":"2011-08-28T00:11:22","modified_gmt":"2011-08-28T00:11:22","slug":"generalites","status":"publish","type":"page","link":"https:\/\/auto-coaching.fr\/index.php\/generalites\/","title":{"rendered":"G\u00e9n\u00e9ralit\u00e9s"},"content":{"rendered":"<p>L&#8217;auto-coaching est une m\u00e9thode qui permet de se coacher soi-m\u00eame<\/p>\n<!--themify_builder_content-->\n<div id=\"themify_builder_content-14\" data-postid=\"14\" class=\"themify_builder_content themify_builder_content-14 themify_builder tf_clear\">\n    <\/div>\n<!--\/themify_builder_content-->\n","protected":false},"excerpt":{"rendered":"<p>L&#8217;auto-coaching est une m\u00e9thode qui permet de se coacher soi-m\u00eame<\/p>\n","protected":false},"author":1,"featured_media":0,"parent":0,"menu_order":0,"comment_status":"open","ping_status":"open","template":"","meta":[],"builder_content":"","_links":{"self":[{"href":"https:\/\/auto-coaching.fr\/index.php\/wp-json\/wp\/v2\/pages\/14"}],"collection":[{"href":"https:\/\/auto-coaching.fr\/index.php\/wp-json\/wp\/v2\/pages"}],"about":[{"href":"https:\/\/auto-coaching.fr\/index.php\/wp-json\/wp\/v2\/types\/page"}],"author":[{"embeddable":true,"href":"https:\/\/auto-coaching.fr\/index.php\/wp-json\/wp\/v2\/users\/1"}],"replies":[{"embeddable":true,"href":"https:\/\/auto-coaching.fr\/index.php\/wp-json\/wp\/v2\/comments?post=14"}],"version-history":[{"count":1,"href":"https:\/\/auto-coaching.fr\/index.php\/wp-json\/wp\/v2\/pages\/14\/revisions"}],"predecessor-version":[{"id":15,"href":"https:\/\/auto-coaching.fr\/index.php\/wp-json\/wp\/v2\/pages\/14\/revisions\/15"}],"wp:attachment":[{"href":"https:\/\/auto-coaching.fr\/index.php\/wp-json\/wp\/v2\/media?parent=14"}],"curies":[{"name":"wp","href":"https:\/\/api.w.org\/{rel}","templated":true}]}}