{"id":1409,"date":"2014-04-10T11:43:45","date_gmt":"2014-04-10T09:43:45","guid":{"rendered":"http:\/\/www.auto-coaching.fr\/?page_id=1409"},"modified":"2014-04-10T13:11:39","modified_gmt":"2014-04-10T11:11:39","slug":"merveilles-du-monde","status":"publish","type":"page","link":"https:\/\/auto-coaching.fr\/index.php\/merveilles-du-monde\/","title":{"rendered":"Merveilles du monde"},"content":{"rendered":"<h2>Vous souvenez-vous du chocolat \u00abMerveilles du Monde\u00bb ? <\/h2>\n<p>C&#8217;\u00e9tait un chocolat d\u00e9licieux ! Et de plus c&#8217;\u00e9tait sympa : des moulages d&#8217;animaux amusants + une \u00abfiche animal sauvage\u00bb pour notre culture g\u00e9n\u00e9rale, et parfois des bonus comme des tatouages, etc. J&#8217;aurais bien aim\u00e9 acheter ce chocolat \u00e0 mes enfants&#8230;  <\/p>\n<p>Oui, j&#8217;en parle au pass\u00e9, parce que ce chocolat n&#8217;existe plus. On l&#8217;a arr\u00eat\u00e9 ! La communication officielle du Service Consommateurs de NESTLE fut celle-ci :  <\/p>\n<blockquote>\n<p>La demande de ce produit \u00e9tant trop faible, nous avons \u00e9t\u00e9 contraints d&#8217;arr\u00eater sa fabrication<\/p>\n<\/blockquote>\n<p>Mon grand-p\u00e8re \u00e9tait un vrai fan de ce produit. Son plaisir \u00e9tait immense lorsqu&#8217;il me r\u00e9unissait avec mes fr\u00e8res, mes s\u0153urs, mes cousins et mes cousines pour offrir un carr\u00e9 de chocolat myst\u00e8re \u00e0 chacun. Nous retournions le carr\u00e9 de chocolat sur la table, et Merveille ! On d\u00e9couvrait un tigre, un koala, un kangourou, un lion&#8230; Nous imitions leurs cris (j&#8217;imite le singe comme personne !).  <\/p>\n<p>Mais bon&#8230; C&#8217;est du pass\u00e9&#8230;  <\/p>\n<p>Mais \u00e7a me fait du bien d&#8217;en parler : je me souviens que ma tante nous achetait aussi du chocolat. Je dois avouer que je ne me rappelle m\u00eame pas de la marque, parce que tout nous d\u00e9plaisait dans son chocolat : le go\u00fbt, l&#8217;odeur, la texture, l&#8217;emballage&#8230; Parfois on oubliait de le manger et il fondait sur la table ou sur le lit. Elle nous criait dessus \u00e0 cause des t\u00e2ches et du g\u00e2chis. <\/p>\n<p>Une fois, je lui ai sugg\u00e9r\u00e9 :  <\/p>\n<p>&#8211; Tu n&#8217;as qu&#8217;\u00e0 nous acheter \u00abMerveilles Du Monde\u00bb, c&#8217;est un chocolat qui ne fait pas de t\u00e2ches !  <\/p>\n<p>Elle ne l&#8217;a jamais fait&#8230; Mais ce jour-l\u00e0, elle prit la d\u00e9cision de ne plus nous acheter de chocolat, puisque nous \u00e9tions des enfants ingrats ! C&#8217;est l\u00e0 que j&#8217;ai pris une grande le\u00e7on de Communication : il suffit de Communiquer sur le bon canal pour obtenir les bons r\u00e9sultats !  <\/p>\n<h2>Une place au Paradis<\/h2>\n<p>Pour ma tante, il n&#8217;y avait pas de bon ni de mauvais chocolat : \u00e7a fond, \u00e7a salit les v\u00eatements, et il est inutile de le mouler sous diverses formes, car de toute fa\u00e7on, \u00abil finit en bouille dans le ventre et ressort en boudin par le trou de balle !\u00bb  <\/p>\n<p>Le palais de ma tante n&#8217;\u00e9tait ni d\u00e9velopp\u00e9, ni d\u00e9licat&#8230;  <\/p>\n<p>Quoi qu&#8217;il en soit, \u00e7a l&#8217;arrangeait de radiner sur notre plaisir, tout en traitant mon grand-p\u00e8re d&#8217;inconscient parce qu&#8217;\u00abil se ruinait en achetant du chocolat 2 fois trop cher\u00bb. Mais jamais le chocolat de mon grand-p\u00e8re ne fondait, parce que nous savions que si nous ne lui accordions pas notre importance, l&#8217;animal sauvage risquait de dispara\u00eetre&#8230;  <\/p>\n<p>Ce que ma tante ne savait pas, c&#8217;est que mon grand-p\u00e8re \u00e9tait l&#8217;homme le plus riche du monde ! Ce n&#8217;\u00e9tait pas sa petite retraite qui le rendait riche, c&#8217;est ce qu&#8217;il en faisait : il achetait des merveilles \u00e0 ses merveilles, et des p\u00e9pites brillaient dans son regard lorsqu&#8217;il nous observait croquer les petits bouts de noisette. Parfois il fermait ses yeux et respirait profond\u00e9ment. C&#8217;\u00e9tait certainement pour emporter ces moments de gr\u00e2ce au Paradis.  <\/p>\n<p>En effet, il y avait une autre diff\u00e9rence entre mon grand-p\u00e8re et ma tante : cette derni\u00e8re \u00e9tait convaincue que plus on souffrait sur terre, plus on m\u00e9ritait sa place au Paradis ! Alors que mon grand-p\u00e8re nous soutenait que le Paradis \u00e9tait un jardin dans lequel on retrouvait toutes les merveilles qu&#8217;on a collect\u00e9es pendant notre s\u00e9jour sur terre. Il fabriquait donc son Eden jour apr\u00e8s jour. Je suis s\u00fbr qu&#8217;aujourd&#8217;hui, il coule des jours heureux dans son petit coin de Paradis. Il m&#8217;arrive parfois de r\u00eaver de lui : il m&#8217;invite dans son jardin, et m\u2019offre g\u00e9n\u00e9reusement des merveilles d&#8217;un autre monde&#8230;  <\/p>\n<p>Mon grand-p\u00e8re doit avoir l&#8217;un des plus grand stock de \u00abMerveilles Du Monde\u00bb&#8230;  <\/p>\n<h2>Trop de chance !<\/h2>\n<p>Vous allez me dire que j&#8217;ai eu de la chance d&#8217;avoir un grand-p\u00e8re comme \u00e7a. Je suis d&#8217;accord ! Mais je voudrais vous rappeler que j&#8217;ai eu aussi une tante tr\u00e8s envahissante, et que j&#8217;ai choisi les croyances de mon grand-p\u00e8re. Vous allez r\u00e9pliquer que le lien de parent\u00e9 \u00e9tait plus fort, ce qui explique mon choix&#8230; Et je vous r\u00e9pondrai que mon cousin a \u00e9galement choisi la programmation de son grand-p\u00e8re ! Il respecte sa m\u00e8re, il est \u00e0 l&#8217;\u00e9coute de ses besoins, mais il m&#8217;a confi\u00e9 encore r\u00e9cemment \u00abmon mod\u00e8le c\u2019est p\u00e9p\u00e9 !\u00bb. Il a fait un choix, probablement plus courageux que le mien, parce qu&#8217;il a eu moins de \u00abchance\u00bb que moi.  <\/p>\n<p>Mais au fond, il a fait une chose simple : il a attach\u00e9 de l&#8217;IMPORTANCE \u00e0 ce que lui disait son grand-p\u00e8re, et les bonnes paroles sont rest\u00e9es ancr\u00e9es en lui. Aujourd&#8217;hui, il les transmet \u00e0 ses enfants, parce qu&#8217;il sait que toute chose \u00e0 laquelle nous n&#8217;accordons pas d&#8217;IMPORTANCE dispara\u00eet de notre univers. C&#8217;est ce que nous dit NESTLE :  <\/p>\n<blockquote>\n<p>La demande de ce produit \u00e9tant trop faible, nous avons \u00e9t\u00e9 contraints d&#8217;arr\u00eater sa fabrication<\/p>\n<\/blockquote>\n<p>Vous pouvez adapter le principe de l\u2019IMPORTANCE \u00e0 un tas d\u2019autres choses : par exemple si vous cessez de VALORISER vos pens\u00e9es positives, vos g\u00e9n\u00e9rateurs de pens\u00e9es produisent des pens\u00e9es n\u00e9gatives ! Essayez de leur demander o\u00f9 est pass\u00e9 votre optimisme, et ils vous r\u00e9pondront :  <\/p>\n<blockquote>\n<p>La demande de ce produit \u00e9tant trop faible, nous avons \u00e9t\u00e9 contraints d&#8217;arr\u00eater sa fabrication<\/p>\n<\/blockquote>\n<p>Il reste les pens\u00e9es qui ne valent rien d&#8217;autre que \u00able boudin qui ressort par le trou de balle\u00bb !  <\/p>\n<p>Heureusement c\u2019est r\u00e9versible.  <\/p>\n<h2>La loi de l\u2019IMPORTANCE<\/h2>\n<p>La loi de L&#8217;IMPORTANCE est valable pour tout ! Prenons l&#8217;exemple du temps. Vous croyez que les gens qui manquent de temps sont n\u00e9s avec seulement 24 heures par jour, alors que les autres en ont 30 ? Pfff ! Arr\u00eatez ! Les gens qui manquent de temps ont un seul probl\u00e8me : ils ne lui accordent pas assez d&#8217;IMPORTANCE ! Ils n&#8217;arrivent pas \u00e0 comprendre que leur temps aime \u00eatre manipul\u00e9, qu&#8217;il convient d&#8217;en prendre soin, de le chouchouter, le valoriser, lui faire des cadeaux, le regarder couler, le caresser, le sentir, en dire du bien en public&#8230; Pour avoir plus de temps, il convient d\u2019\u00eatre EN DEMANDE afin que l&#8217;offre soit \u00e0 la hauteur. Sinon, que se passe-t-il ?  <\/p>\n<blockquote>\n<p>La demande de ce produit \u00e9tant trop faible, nous avons \u00e9t\u00e9 contraints d&#8217;arr\u00eater sa fabrication<\/p>\n<\/blockquote>\n<p>Pourquoi j&#8217;en reviens au chocolat ? Rassurez-vous, je n&#8217;ai pas l&#8217;intention de vous en vendre, et je n\u2019ai pas conclu un partenariat avec NESTLE. C&#8217;est juste pour faire un rapprochement avec un produit que je vais retirer du march\u00e9 : une v\u00e9ritable merveille appel\u00e9e PWYW !  <\/p>\n<p>Pourquoi ce retrait ?  <\/p>\n<blockquote>\n<p>La demande de ce produit \u00e9tant trop faible, je me vois contraint d&#8217;arr\u00eater sa diffusion<\/p>\n<\/blockquote>\n<p>En attendant, il reste un peu de stock :  <\/p>\n<div style=\"text-align: center; margin-top: 80px\"><a href=\"http:\/\/www.inscription-minute.fr\/solution.aspx?code=PWYW1376&amp;origine=MerveillesMonde\"><img decoding=\"async\" loading=\"lazy\" style=\"border-left-width: 0px; border-right-width: 0px; border-top-color: white; border-bottom-width: 0px; border-left-color: white; border-bottom-color: white; border-right-color: white; border-top-width: 0px\" border=\"0\" alt=\"Payez ce que vous voulez\" src=\"http:\/\/www.inscription-minute.fr\/adherents\/logoPwyw.jpg\" width=\"230\" longdesc=\"Payez ce que vous voulez\" height=\"115\"><br \/>Payez ce que vous voulez<\/a><\/div>\n<p>A++  <\/p>\n<p>St\u00e9phane SOLOMON<\/p>\n<!--themify_builder_content-->\n<div id=\"themify_builder_content-1409\" data-postid=\"1409\" class=\"themify_builder_content themify_builder_content-1409 themify_builder tf_clear\">\n    <\/div>\n<!--\/themify_builder_content-->\n","protected":false},"excerpt":{"rendered":"<p>Vous souvenez-vous du chocolat \u00abMerveilles du Monde\u00bb ? C&#8217;\u00e9tait un chocolat d\u00e9licieux ! Et de plus c&#8217;\u00e9tait sympa : des moulages d&#8217;animaux amusants + une \u00abfiche animal sauvage\u00bb pour notre culture g\u00e9n\u00e9rale, et parfois des bonus comme des tatouages, etc. J&#8217;aurais bien aim\u00e9 acheter ce chocolat \u00e0 mes enfants&#8230; Oui, j&#8217;en parle au pass\u00e9, parce [&hellip;]<\/p>\n","protected":false},"author":1,"featured_media":0,"parent":0,"menu_order":0,"comment_status":"open","ping_status":"open","template":"","meta":[],"builder_content":"","_links":{"self":[{"href":"https:\/\/auto-coaching.fr\/index.php\/wp-json\/wp\/v2\/pages\/1409"}],"collection":[{"href":"https:\/\/auto-coaching.fr\/index.php\/wp-json\/wp\/v2\/pages"}],"about":[{"href":"https:\/\/auto-coaching.fr\/index.php\/wp-json\/wp\/v2\/types\/page"}],"author":[{"embeddable":true,"href":"https:\/\/auto-coaching.fr\/index.php\/wp-json\/wp\/v2\/users\/1"}],"replies":[{"embeddable":true,"href":"https:\/\/auto-coaching.fr\/index.php\/wp-json\/wp\/v2\/comments?post=1409"}],"version-history":[{"count":11,"href":"https:\/\/auto-coaching.fr\/index.php\/wp-json\/wp\/v2\/pages\/1409\/revisions"}],"predecessor-version":[{"id":1420,"href":"https:\/\/auto-coaching.fr\/index.php\/wp-json\/wp\/v2\/pages\/1409\/revisions\/1420"}],"wp:attachment":[{"href":"https:\/\/auto-coaching.fr\/index.php\/wp-json\/wp\/v2\/media?parent=1409"}],"curies":[{"name":"wp","href":"https:\/\/api.w.org\/{rel}","templated":true}]}}