{"id":1422,"date":"2014-04-10T23:18:09","date_gmt":"2014-04-10T21:18:09","guid":{"rendered":"http:\/\/www.auto-coaching.fr\/?page_id=1422"},"modified":"2014-04-11T13:10:42","modified_gmt":"2014-04-11T11:10:42","slug":"plume-d-ange","status":"publish","type":"page","link":"https:\/\/auto-coaching.fr\/index.php\/plume-d-ange\/","title":{"rendered":"Plume d&rsquo;ange"},"content":{"rendered":"<p>Vous est-il d\u00e9j\u00e0 arriv\u00e9 de croire en quelque chose d\u2019absurde ? Quelque chose qui vous donne le sentiment qu\u2019il vous sera possible de changer le monde (ou m\u00eame votre petit monde) tout simplement parce que vous l\u2019aurez partag\u00e9&#8230; Il suffirait que les gens vous croient !<\/p>\n<p>Vous commencez par en parler \u00e0 vos proches, mais \u00abnul n\u2019est proph\u00e8te en son pays\u00bb : ils vous ram\u00e8neront \u00e0 la r\u00e9alit\u00e9&#8230; Au mieux, ils vous diront que c\u2019est possible, mais que vous n\u2019\u00eates pas fait pour \u00e7a&#8230; Au pire, ils vous proposeront de prendre du repos parce que vous avez l\u2019air fatigu\u00e9. Entre les deux, il y a ceux qui d\u00e9formeront vos propos, essayant de m\u00ealer le pragmatisme \u00e0 l\u2019irrationnel.<\/p>\n<p>D\u00e9cid\u00e9 de trouver votre public, vous d\u00e9cidez d\u2019aller vers ceux qui vous croiront \u00e0 coup s\u00fbr. Et l\u00e0&#8230; vous h\u00e9sitez :<\/p>\n<p>&#8211; Mon id\u00e9e me fragilise, comment puis-je la proposer \u00e0 ceux qui me ressemblent ? Je vais les fragiliser eux aussi&#8230;<\/p>\n<p>&#8211; Et si eux aussi ne me croyaient pas ? Je vais me sentir bien seul !<\/p>\n<p>Alors vous procrastinez, procrastinez, procrastinez&#8230; \u00e0 en devenir suspect : vous avez \u00e0 peine rep\u00e9r\u00e9 votre public, que d\u00e9j\u00e0 les bien-pensants commencent \u00e0 vous soup\u00e7onner de vouloir manipuler, mentir, et profiter de la fragilit\u00e9 des autres ! Un peu comme si votre peur se r\u00e9alisait \u00e0 force d\u2019y penser&#8230;<\/p>\n<p>Mais l\u2019id\u00e9e est trop forte, alors vous passez \u00e0 l\u2019action ! Et \u00e0 peine avez-vous eu le temps d\u2019ouvrir la bouche que l\u2019autorit\u00e9 qui vous surveillait vous arr\u00eate ! Elle \u00e9tait l\u00e0 pr\u00eate \u00e0 vous freiner au premier \u00e9lan, parce que l\u2019\u00e9lan a tard\u00e9&#8230;<\/p>\n<p>Et apr\u00e8s ?<\/p>\n<p>Je pr\u00e9f\u00e8re laisser l\u2019artiste surnomm\u00e9 \u00able petit taureau\u00bb vous raconter l\u2019histoire&#8230; Attention, \u00e2mes sensibles, ne regardez pas \u00e7a au bureau. Transf\u00e9rez cette adresse \u00e0 la maison pour la regarder ce week-end :<\/p>\n<p><iframe loading=\"lazy\" style=\"height: 461px; width: 568px\" height=\"370\" src=\"http:\/\/www.youtube.com\/embed\/lw-33ArEzZ0\" frameborder=\"0\" width=\"490\" allowfullscreen=\"allowfullscreen\" data-link=\"http:\/\/www.youtube.com\/watch?v=lw-33ArEzZ0\"><\/iframe> <\/p>\n<p align=\"center\">Merci \u00e0 <a href=\"http:\/\/www.ruby-coach-voix.fr\/?o=TC\">Philippe RUBY<\/a> pour cette belle ressource<\/p>\n<h2>Hommage<\/h2>\n<p>Lorsque j\u2019entends ce po\u00e8me, je pense \u00e0 Philippe Ignace SEMMELWEIS. Ce nom ne vous dit peut-\u00eatre rien (sauf si vous avez suivi RICHE-ATTITUDE).<\/p>\n<p>En 1847 le taux de mortalit\u00e9 maternelle et n\u00e9onatale \u00e9tait de 12% \u00e0 18% dans la plupart des \u00e9tablissements m\u00e9dicaux. Le femmes n\u2019osaient plus accoucher dans les cliniques de peur de mourir de la fi\u00e8vre puerp\u00e9rale avec leur b\u00e9b\u00e9. SEMMELWEIS trouva une solution g\u00e9niale, qu\u2019il proposa \u00e0 l\u2019ensemble de la profession. Elle fut rejet\u00e9e.<\/p>\n<p>La solution de SEMMELWEIS posait trois probl\u00e8mes :<\/p>\n<ol>\n<li>Elle \u00e9tait d\u2019une simplicit\u00e9 humiliante : les m\u00e9decins ne pouvaient avouer qu\u2019il aurait suffi de faire une chose aussi simple pour sauver tant de vies.\n<li>Elle ne reposait sur aucune base scientifique. Aucune science (de l\u2019\u00e9poque) ne pouvait expliquer ce miracle.\n<li>Sa solution \u00e9tait \u00e9crite dans les livres sacr\u00e9s depuis plus de 2.000 ans, et pratiqu\u00e9e par les sages-femmes religieuses. L\u2019autorit\u00e9 m\u00e9dicale ne supportait pas l\u2019id\u00e9e que l\u2019on puisse introduire une quelconque pratique religieuse dans leurs cliniques, sans l\u2019\u00e9tayer par la science !<\/li>\n<\/ol>\n<p>Bien des femmes continu\u00e8rent \u00e0 mourir avec leurs b\u00e9b\u00e9s. SEMMELWEISS tenta de convaincre ses confr\u00e8res. Il fit de nombreuses recherches pendant des ann\u00e9es pour trouver une raison rationnelle \u00e0 sa bonne pratique&#8230; Mais il ne trouva rien de convainquant. Il en devint aigri, et parfois violent dans ses propos, au point de se faire renvoyer de sa clinique. Ce n\u2019est qu\u2019en quittant Vienne pour la Hongrie, qu\u2019il put faire valoir ses r\u00e9sultats, loin du regard de ceux qui le connaissaient&#8230; Le taux de mortalit\u00e9 baissa \u00e0 moins de 1%. Sa pratique fut g\u00e9n\u00e9ralis\u00e9e en Hongrie, mais Vienne s\u2019y opposait toujours&#8230;<\/p>\n<p>SEMMELWEIS fit une d\u00e9pression nerveuse. Maltrait\u00e9 dans un h\u00f4pital psychiatrique, il mourut \u00e0 l\u2019\u00e2ge de 47 ans, sans savoir que sa pratique allait \u00eatre g\u00e9n\u00e9ralis\u00e9e et ritualis\u00e9e dans le monde entier, quelques d\u00e9cennies plus tard, lorsque Pasteur expliqua le ph\u00e9nom\u00e8ne.<\/p>\n<p>De \u00abmystique\u00bb, la pratique devint logique puis obligatoire&#8230; <\/p>\n<p>A++<\/p>\n<p><strong>St\u00e9phane SOLOMON<\/strong><\/p>\n<p>PS : Ah&#8230; J\u2019ai failli oublier de vous dire quelle est cette pratique \u00e9sot\u00e9rique, qui sauve tant de femmes et d\u2019enfants&#8230; Ce rituel simple, rapide et efficace, qui fut refus\u00e9 principalement pas d\u00e9ni religieux : SEMMELWEIS proposait \u00e0 ses confr\u00e8res de se laver les mains avant de proc\u00e9der \u00e0 un accouchement ! Une id\u00e9e qui, pour l\u2019\u00e9poque, devait \u00eatre aussi choquante que le PWYW&#8230;<\/p>\n<!--themify_builder_content-->\n<div id=\"themify_builder_content-1422\" data-postid=\"1422\" class=\"themify_builder_content themify_builder_content-1422 themify_builder tf_clear\">\n    <\/div>\n<!--\/themify_builder_content-->\n","protected":false},"excerpt":{"rendered":"<p>Vous est-il d\u00e9j\u00e0 arriv\u00e9 de croire en quelque chose d\u2019absurde ? Quelque chose qui vous donne le sentiment qu\u2019il vous sera possible de changer le monde (ou m\u00eame votre petit monde) tout simplement parce que vous l\u2019aurez partag\u00e9&#8230; Il suffirait que les gens vous croient ! Vous commencez par en parler \u00e0 vos proches, mais [&hellip;]<\/p>\n","protected":false},"author":1,"featured_media":0,"parent":0,"menu_order":0,"comment_status":"open","ping_status":"open","template":"","meta":[],"builder_content":"","_links":{"self":[{"href":"https:\/\/auto-coaching.fr\/index.php\/wp-json\/wp\/v2\/pages\/1422"}],"collection":[{"href":"https:\/\/auto-coaching.fr\/index.php\/wp-json\/wp\/v2\/pages"}],"about":[{"href":"https:\/\/auto-coaching.fr\/index.php\/wp-json\/wp\/v2\/types\/page"}],"author":[{"embeddable":true,"href":"https:\/\/auto-coaching.fr\/index.php\/wp-json\/wp\/v2\/users\/1"}],"replies":[{"embeddable":true,"href":"https:\/\/auto-coaching.fr\/index.php\/wp-json\/wp\/v2\/comments?post=1422"}],"version-history":[{"count":6,"href":"https:\/\/auto-coaching.fr\/index.php\/wp-json\/wp\/v2\/pages\/1422\/revisions"}],"predecessor-version":[{"id":1428,"href":"https:\/\/auto-coaching.fr\/index.php\/wp-json\/wp\/v2\/pages\/1422\/revisions\/1428"}],"wp:attachment":[{"href":"https:\/\/auto-coaching.fr\/index.php\/wp-json\/wp\/v2\/media?parent=1422"}],"curies":[{"name":"wp","href":"https:\/\/api.w.org\/{rel}","templated":true}]}}