{"id":1429,"date":"2014-04-17T15:48:04","date_gmt":"2014-04-17T13:48:04","guid":{"rendered":"http:\/\/www.auto-coaching.fr\/?page_id=1429"},"modified":"2014-04-17T16:32:04","modified_gmt":"2014-04-17T14:32:04","slug":"fin-de-l-operation-pwyw","status":"publish","type":"page","link":"https:\/\/auto-coaching.fr\/index.php\/fin-de-l-operation-pwyw\/","title":{"rendered":"Fin de l&rsquo;op&eacute;ration PWYW"},"content":{"rendered":"<p>L\u2019op\u00e9ration PWYW touche \u00e0 sa fin. Que vous ayez particip\u00e9 ou pas, je vous serais reconnaissant de r\u00e9pondre \u00e0 ces quelques questions (dur\u00e9e estim\u00e9e : 4 minutes)<\/p>\n<p><iframe loading=\"lazy\" height=\"900\" marginheight=\"0\" src=\"https:\/\/docs.google.com\/forms\/d\/1ZJNA5yiXSKkoD0Wi_jRov2VbKSnAUf50UuhYW9iQc0w\/viewform?embedded=true\" frameborder=\"0\" width=\"600\" marginwidth=\"0\">Chargement en cours&#8230;<\/iframe><\/p>\n<!--themify_builder_content-->\n<div id=\"themify_builder_content-1429\" data-postid=\"1429\" class=\"themify_builder_content themify_builder_content-1429 themify_builder tf_clear\">\n    <\/div>\n<!--\/themify_builder_content-->\n","protected":false},"excerpt":{"rendered":"<p>L\u2019op\u00e9ration PWYW touche \u00e0 sa fin. Que vous ayez particip\u00e9 ou pas, je vous serais reconnaissant de r\u00e9pondre \u00e0 ces quelques questions (dur\u00e9e estim\u00e9e : 4 minutes) Chargement en cours&#8230;<\/p>\n","protected":false},"author":1,"featured_media":0,"parent":0,"menu_order":0,"comment_status":"open","ping_status":"open","template":"","meta":[],"builder_content":"","_links":{"self":[{"href":"https:\/\/auto-coaching.fr\/index.php\/wp-json\/wp\/v2\/pages\/1429"}],"collection":[{"href":"https:\/\/auto-coaching.fr\/index.php\/wp-json\/wp\/v2\/pages"}],"about":[{"href":"https:\/\/auto-coaching.fr\/index.php\/wp-json\/wp\/v2\/types\/page"}],"author":[{"embeddable":true,"href":"https:\/\/auto-coaching.fr\/index.php\/wp-json\/wp\/v2\/users\/1"}],"replies":[{"embeddable":true,"href":"https:\/\/auto-coaching.fr\/index.php\/wp-json\/wp\/v2\/comments?post=1429"}],"version-history":[{"count":6,"href":"https:\/\/auto-coaching.fr\/index.php\/wp-json\/wp\/v2\/pages\/1429\/revisions"}],"predecessor-version":[{"id":1435,"href":"https:\/\/auto-coaching.fr\/index.php\/wp-json\/wp\/v2\/pages\/1429\/revisions\/1435"}],"wp:attachment":[{"href":"https:\/\/auto-coaching.fr\/index.php\/wp-json\/wp\/v2\/media?parent=1429"}],"curies":[{"name":"wp","href":"https:\/\/api.w.org\/{rel}","templated":true}]}}