{"id":1447,"date":"2014-04-25T20:23:01","date_gmt":"2014-04-25T18:23:01","guid":{"rendered":"http:\/\/www.auto-coaching.fr\/?page_id=1447"},"modified":"2014-04-25T20:40:30","modified_gmt":"2014-04-25T18:40:30","slug":"un-gorille-sur-fond-de-pwyw","status":"publish","type":"page","link":"https:\/\/auto-coaching.fr\/index.php\/un-gorille-sur-fond-de-pwyw\/","title":{"rendered":"Un Gorille sur fond de PWYW"},"content":{"rendered":"<p>Comme je vous le disais hier, des Gorilles et des Chasseurs de gorilles, il y en a partout ! Sur la route, au bureau, au Centre Commercial, \u00e0 la t\u00e9l\u00e9, \u00e0 l\u2019\u00e9glise (ou dans votre lieu de culte), dans votre jardin&#8230;  <\/p>\n<p>Dans un contexte de coaching on consid\u00e8re le Gorille comme <strong>une solution \u00e0 percevoir<\/strong> et non comme un danger \u00e0 \u00e9viter, mais l\u2019attitude recommand\u00e9e est la m\u00eame : restez en \u00e9veil quitte \u00e0 ralentir si n\u00e9cessaire. Sinon, vous allez passer \u00e0 c\u00f4t\u00e9 de la solution qui est sous vos yeux.  <\/p>\n<p>Dans un s\u00e9minaire sur l\u2019autonomie financi\u00e8re, John ASSARAF (un coach canadien reconnu pour sa capacit\u00e9 \u00e0 redresser des entreprises en faillite), a fait vivre le ce test 2 fois de suite \u00e0 son auditoire, avant de r\u00e9v\u00e9ler le Gorille lors d\u2019une troisi\u00e8me projection. Puis il a pos\u00e9 la question au public :  <\/p>\n<div class=\"dialogue\">\n<p>&#8211; Et si ce Gorille \u00e9tait votre million de dollars ?  <\/p>\n<p>&#8211; Si ce Gorille \u00e9tait le contrat que vous attendez ?  <\/p>\n<p>&#8211; Si ce Gorille \u00e9tait le client que vous attendiez et qui va donner un nouveau souffle \u00e0 votre entreprise ?  <\/p>\n<p>[&#8230;]  <\/p>\n<p>&#8211; Si ce gorille \u00e9tait l\u00e0, devant vos yeux, mais vous ne le voyez pas, parce que <strong>vous n\u2019\u00eates pas conditionn\u00e9 \u00e0 le voir<\/strong> ? <\/p>\n<\/div>\n<p>On peut \u00e9tendre les question de John \u00e0 d\u2019autres domaines :  <\/p>\n<p>&#8211; Et si ce Gorille \u00e9tait l\u2019homme ou la femme de votre vie, qui attend votre \u00abpremier pas\u00bb depuis des ann\u00e9es ?  <\/p>\n<p>&#8211; Et si ce Gorille \u00e9tait ce livre sur la l\u2019\u00e9veil de la Conscience, qu\u2019on vous a offert il y a des ann\u00e9es, mais que vous n\u2019avez jamais ouvert ?  <\/p>\n<p>&#8211; Et si ce gorille \u00e9tait la salle de gym de votre quartier, qui ne cesse de vous proposer une s\u00e9ance d\u2019essai ?  <\/p>\n<p>&#8211; Et si ce Gorille \u00e9tait cette newsletter sur l\u2019\u00e9quilibre alimentaire, que vous recevez chaque semaine sans la lire ?  <\/p>\n<h2>Un gorille sur fond de PWYW&#8230;<\/h2>\n<p>Hier, je vous ai propos\u00e9 de renommer l\u2019op\u00e9ration PWYW. Curieusement, au lieu de nommer mon op\u00e9ration, on m\u2019a propos\u00e9 de renommer le PWYW lui-m\u00eame, comme si j\u2019en \u00e9tais l\u2019inventeur ! <\/p>\n<p>Je vais \u00eatre plus clair : le PWYW est un mod\u00e8le \u00e9conomique connu et reconnu ! Tapez cet acronyme dans Google et vous trouverez 314.000 r\u00e9f\u00e9rences. Si vous avez cru que j\u2019ai invent\u00e9 ce syst\u00e8me, vous me prenez pour un g\u00e9nie ! C\u2019est flatteur, mais le PWYW a exist\u00e9 avant que j\u2019y pense, et continuera d\u2019exister m\u00eame si je d\u00e9cide de changer de mod\u00e8le. Je ne fais qu\u2019appliquer, tester, \u00e9valuer une solution qui fonctionne dans de nombreux contextes&#8230; Ce que je peux renommer, c\u2019est l\u2019OPERATION que j\u2019ai men\u00e9e. Je ne renommerai pas cet acronyme, comme je ne renommerai pas la TVA. <\/p>\n<p>Je reformule donc ma question et ma proposition : <\/p>\n<p><strong>Quel nom pourrions-nous donner \u00e0 ma Communication de mars-avril (\u00e0 partir du courrier intitul\u00e9 \u00abSituation de Crise 1\/4\u00bb) ?<\/strong> <\/p>\n<p>(Un autre nom que \u00abOPERATION PWYW\u00bb) <\/p>\n<p>Si vous avez lu ces articles avec int\u00e9r\u00eat (que vous ayez particip\u00e9 ou pas au PWYW) vous avez certainement constat\u00e9 que vous avez lu plus de 20 articles (plus de 50 pages). En relisant cette s\u00e9rie d\u2019articles (ou une petite s\u00e9lection), dites-vous que le PWYW n\u2019est qu\u2019une fa\u00e7ade : un chasseur de gorille qui cache quelque chose de plus profond. <\/p>\n<p>Pour en revenir \u00e0 la m\u00e9taphore : posez votre regard sur le Gorille, pas sur le chasseur. Chassez le chasseur de votre esprit ! Dites-vous que l\u2019essentiel n\u2019est pas dans dans l\u2019injonction \u00abPAYEZ !\u00bb. Ce nouveau prisme de lecture vous apportera beaucoup, surtout si vous avez suivi cette saga sans trop savoir pourquoi, avec un sentiment n\u00e9gatif ou mitig\u00e9&#8230; <\/p>\n<p>Si vous n\u2019avez pas gard\u00e9 ces articles, les voici : <\/p>\n<p><a href=\"http:\/\/www.auto-coaching.fr\/index.php\/situation-de-crise-1-4\/\">http:\/\/www.auto-coaching.fr\/index.php\/situation-de-crise-1-4\/<\/a><br \/><a href=\"http:\/\/www.auto-coaching.fr\/index.php\/situation-de-crise-2-4\/\">http:\/\/www.auto-coaching.fr\/index.php\/situation-de-crise-2-4\/<\/a><br \/><a href=\"http:\/\/www.auto-coaching.fr\/index.php\/situation-de-crise-3-4\/\">http:\/\/www.auto-coaching.fr\/index.php\/situation-de-crise-3-4\/<\/a><br \/><a href=\"http:\/\/www.auto-coaching.fr\/index.php\/situation-de-crise-4-4\/\">http:\/\/www.auto-coaching.fr\/index.php\/situation-de-crise-4-4\/<\/a> <\/p>\n<p>Vid\u00e9o de la semaine : <\/p>\n<p><a href=\"http:\/\/www.auto-coaching.fr\/index.php\/a-propos-de-nos-erreurs\/\">http:\/\/www.auto-coaching.fr\/index.php\/a-propos-de-nos-erreurs\/<\/a> <\/p>\n<p>&#8212;&#8212;&#8211; <\/p>\n<p><a href=\"http:\/\/www.auto-coaching.fr\/index.php\/les-riches-niront-pas-au-paradis\/\">http:\/\/www.auto-coaching.fr\/index.php\/les-riches-niront-pas-au-paradis\/<\/a><br \/><a href=\"http:\/\/www.auto-coaching.fr\/index.php\/arretez-de-rever\/\">http:\/\/www.auto-coaching.fr\/index.php\/arretez-de-rever\/<\/a><br \/><a href=\"http:\/\/www.auto-coaching.fr\/index.php\/j-ai-touche-le-fond\/\">http:\/\/www.auto-coaching.fr\/index.php\/j-ai-touche-le-fond\/<\/a><br \/><a href=\"http:\/\/www.auto-coaching.fr\/index.php\/le-sourire-du-printemps\/\">http:\/\/www.auto-coaching.fr\/index.php\/le-sourire-du-printemps\/<\/a> <\/p>\n<p>Vid\u00e9o de la semaine : <\/p>\n<p><a href=\"http:\/\/www.auto-coaching.fr\/index.php\/la-mathemagie\/\">http:\/\/www.auto-coaching.fr\/index.php\/la-mathemagie\/<\/a> <\/p>\n<p>&#8212;&#8212;&#8212; <\/p>\n<p><a href=\"http:\/\/www.auto-coaching.fr\/index.php\/passage-en-locus-externe\/\">http:\/\/www.auto-coaching.fr\/index.php\/passage-en-locus-externe\/<\/a><br \/><a href=\"http:\/\/www.auto-coaching.fr\/index.php\/technique-action-reflexion\/\">http:\/\/www.auto-coaching.fr\/index.php\/technique-action-reflexion\/<\/a> <\/p>\n<p>Vid\u00e9o de la semaine : <\/p>\n<p><a href=\"http:\/\/www.auto-coaching.fr\/index.php\/quel-est-votre-handicap\/\">http:\/\/www.auto-coaching.fr\/index.php\/quel-est-votre-handicap\/<\/a> <\/p>\n<p>&#8212;&#8212;&#8212; <\/p>\n<p><a href=\"http:\/\/www.auto-coaching.fr\/index.php\/la-mesurabilite-1-2\/\">http:\/\/www.auto-coaching.fr\/index.php\/la-mesurabilite-1-2\/<\/a><br \/><a href=\"http:\/\/www.auto-coaching.fr\/index.php\/la-mesurabilite-2-2\/\">http:\/\/www.auto-coaching.fr\/index.php\/la-mesurabilite-2-2\/<\/a> <\/p>\n<p>Vid\u00e9o de la semaine : <\/p>\n<p><a href=\"http:\/\/www.auto-coaching.fr\/index.php\/l-en-deca-de-la-machine-laver\/\">http:\/\/www.auto-coaching.fr\/index.php\/l-en-deca-de-la-machine-laver\/<\/a> <\/p>\n<p>&#8212;&#8212;&#8211; <\/p>\n<p><a href=\"http:\/\/www.auto-coaching.fr\/index.php\/les-questions-de-joel\/\">http:\/\/www.auto-coaching.fr\/index.php\/les-questions-de-joel\/<\/a><br \/><a href=\"http:\/\/www.auto-coaching.fr\/index.php\/choisissez-votre-locus\/\">http:\/\/www.auto-coaching.fr\/index.php\/choisissez-votre-locus\/<\/a><br \/><a href=\"http:\/\/www.auto-coaching.fr\/index.php\/merveilles-du-monde\/\">http:\/\/www.auto-coaching.fr\/index.php\/merveilles-du-monde\/<\/a> <\/p>\n<p>Vid\u00e9o de la semaine : <\/p>\n<p><a title=\"http:\/\/www.auto-coaching.fr\/index.php\/plume-d-ange\/\" href=\"http:\/\/www.auto-coaching.fr\/index.php\/plume-d-ange\/\">http:\/\/www.auto-coaching.fr\/index.php\/plume-d-ange\/<\/a> <\/p>\n<p>Bonne red\u00e9couverte, <\/p>\n<p>et A++, <\/p>\n<p><strong>St\u00e9phane SOLOMON<\/strong><\/p>\n<!--themify_builder_content-->\n<div id=\"themify_builder_content-1447\" data-postid=\"1447\" class=\"themify_builder_content themify_builder_content-1447 themify_builder tf_clear\">\n    <\/div>\n<!--\/themify_builder_content-->\n","protected":false},"excerpt":{"rendered":"<p>Comme je vous le disais hier, des Gorilles et des Chasseurs de gorilles, il y en a partout ! Sur la route, au bureau, au Centre Commercial, \u00e0 la t\u00e9l\u00e9, \u00e0 l\u2019\u00e9glise (ou dans votre lieu de culte), dans votre jardin&#8230; Dans un contexte de coaching on consid\u00e8re le Gorille comme une solution \u00e0 percevoir [&hellip;]<\/p>\n","protected":false},"author":1,"featured_media":0,"parent":0,"menu_order":0,"comment_status":"open","ping_status":"open","template":"","meta":[],"builder_content":"","_links":{"self":[{"href":"https:\/\/auto-coaching.fr\/index.php\/wp-json\/wp\/v2\/pages\/1447"}],"collection":[{"href":"https:\/\/auto-coaching.fr\/index.php\/wp-json\/wp\/v2\/pages"}],"about":[{"href":"https:\/\/auto-coaching.fr\/index.php\/wp-json\/wp\/v2\/types\/page"}],"author":[{"embeddable":true,"href":"https:\/\/auto-coaching.fr\/index.php\/wp-json\/wp\/v2\/users\/1"}],"replies":[{"embeddable":true,"href":"https:\/\/auto-coaching.fr\/index.php\/wp-json\/wp\/v2\/comments?post=1447"}],"version-history":[{"count":3,"href":"https:\/\/auto-coaching.fr\/index.php\/wp-json\/wp\/v2\/pages\/1447\/revisions"}],"predecessor-version":[{"id":1450,"href":"https:\/\/auto-coaching.fr\/index.php\/wp-json\/wp\/v2\/pages\/1447\/revisions\/1450"}],"wp:attachment":[{"href":"https:\/\/auto-coaching.fr\/index.php\/wp-json\/wp\/v2\/media?parent=1447"}],"curies":[{"name":"wp","href":"https:\/\/api.w.org\/{rel}","templated":true}]}}