{"id":1480,"date":"2014-05-06T05:44:33","date_gmt":"2014-05-06T03:44:33","guid":{"rendered":"http:\/\/www.auto-coaching.fr\/?page_id=1480"},"modified":"2014-05-06T05:44:33","modified_gmt":"2014-05-06T03:44:33","slug":"question-dassurance-22","status":"publish","type":"page","link":"https:\/\/auto-coaching.fr\/index.php\/question-dassurance-22\/","title":{"rendered":"Question d&rsquo;assurance (2\/2)"},"content":{"rendered":"<h2>Une v\u00e9ritable pub d&#8217;auto-coaching<\/h2>\n<p>Au d\u00e9but de ce spot publicitaire, on peut voir un jeune-homme marcher dans la rue et recevoir une douche froide. Il ne cherche pas le fautif qu&#8217;il pourrait injurier et ne se demande pas pourquoi il est pass\u00e9 au mauvais endroit au mauvais moment. Il se dit que non loin de l\u00e0, quelqu&#8217;un ou quelque chose a besoin de cette eau. Il n&#8217;est pas une victime : cet incident a du SENS. Il peut le transformer en quelque chose de positif.  <\/p>\n<p><strong>Arm\u00e9 de cette CROYANCE forte<\/strong>, il trouve en quelques secondes une plante en train de mourir, et la place sous le flux d&#8217;eau&#8230; \u00c7a c&#8217;est un auto-coach ! Il sait que les solutions se trouvent en lui et autour de lui&#8230; Si je devais faire une pub pour AUTO-COACHING.FR, je m&#8217;inspirerais de ces 7 premi\u00e8res secondes&#8230;  <\/p>\n<p>2 minutes 30 plus tard, nous voyons que la plante v\u00e9hicule un sentiment de renouveau. Je vais \u00eatre honn\u00eate avec vous : dans la vraie vie, \u00e7a prend des semaines, parfois des mois&#8230; Mais <strong>la quantit\u00e9 d&#8217;Energie n\u00e9cessaire<\/strong> pour permettre ce genre de miracle n\u00e9cessite quelques secondes. La Nature s&#8217;occupe du reste. C&#8217;est un simple geste, \u00abau passage\u00bb&#8230;  <\/p>\n<p>Les simples gestes, <strong>juste en passant<\/strong>, ce jeune-homme les enchaine aussi naturellement qu&#8217;il respire sous le regard \u00abincr\u00e9dule\u00bb des personnes qu&#8217;il croise en chemin. Il re\u00e7oit m\u00eame des critiques de la part de ceux \u00e0 qui il porte secours :  <\/p>\n<p>&#8211; C&#8217;est \u00e0 cette heure-ci que tu arrives ? Tu m&#8217;as habitu\u00e9 \u00e0 mieux que \u00e7a !  <\/p>\n<p>C&#8217;est l\u00e0 que j&#8217;ai commenc\u00e9 \u00e0 rire, et aussi \u00e0 verser une petite larme empathique : eh oui&#8230; Cette ingratitude fait partie des propensions naturelles humaines. Mais si vous pers\u00e9v\u00e9rez sans faillir, \u00e7a finit par porter ses fruits. Continuez \u00e0 livrer un flux d&#8217;Energies positives, et vous verrez votre petit monde accomplir des actes gratuits lui aussi&#8230; C&#8217;est tr\u00e8s gratifiant. la Nature est ainsi faite : m\u00eame une eau douce qui s\u2019\u00e9coule goutte \u00e0 goutte sur une roche, finit par p\u00e9n\u00e9trer son c\u0153ur. <\/p>\n<h2>Oui, mais c\u2019est une pub !<\/h2>\n<p>Si vous observez les commentaires sur Youtube, vous verrez que certaines personnes se sont senties flou\u00e9es :  <\/p>\n<p>&#8211; QUOI ? J&#8217;ai regard\u00e9 une pub pendant 3 minutes et 6 secondes ? Et pour une compagnie d&#8217;assurance en plus !!! Ils se sont servis de mes meilleurs sentiments pour me vendre une assurance-vie ? J&#8217;ai cru que c&#8217;\u00e9tait un spot pour une ONG, une association caritative, et voil\u00e0 que j&#8217;apprends que c&#8217;est une soci\u00e9t\u00e9 multimilliardaire qui m&#8217;en a mis plein les yeux ! Honte \u00e0 mes larmes !!!  <\/p>\n<p>J&#8217;aimerais insister sur ce point : pourquoi ne devrait-on pas <strong>utiliser les bons sentiments pour vendre<\/strong>. En quoi est-ce si grave ? Selon les critiques, cette PUB trompe les honn\u00eates-gens ! La firme use de clich\u00e9s pour toucher le c\u0153ur de personnes fragiles, sensibles&#8230; On arrache les larmes, puis le portefeuille !  <\/p>\n<h2>J&#8217;ai une question :<\/h2>\n<p>Entre une personne qui croit qu&#8217;elle est \u00abpeu de choses\u00bb et une autre personne qui croit qu&#8217;elle peut changer le monde en faisant du bien autour d&#8217;elle, laquelle est la plus fragile ?  <\/p>\n<p>Pos\u00e9 comme \u00e7a, \u00e7a para\u00eet b\u00eate. Mais j&#8217;aime les questions b\u00eates ! Elles me font r\u00e9fl\u00e9chir&#8230; Pour vous vendre un produit utile, pourquoi devrais-je vous lister tout ce qui risquerait de vous arriver si vous ne l&#8217;achetez pas ?&#8230; Et surtout, pourquoi l&#8217;argumentaire qui fomente la peur para\u00eet-il plus \u00abpolitiquement correct\u00bb, d\u00e8s qu&#8217;il est question d&#8217;argent ?  <\/p>\n<p>Les personnes qui ach\u00e8tent ne sont pas idiotes ! Les images d&#8217;Epinal utilis\u00e9es dans cette pub sont faciles \u00e0 rep\u00e9rer : une plante qui refleurit, un chien errant qui apprivoise son ma\u00eetre, 4 g\u00e9n\u00e9rations de personnes aid\u00e9es (voire assist\u00e9es), quelques bougons (y compris parmi les personnes aid\u00e9es)&#8230; Tout y est ! Nous sommes loin du subliminal : on ne cherche \u00e0 berner personne, mais \u00e0 afficher sa vision du monde. <\/p>\n<!--themify_builder_content-->\n<div id=\"themify_builder_content-1480\" data-postid=\"1480\" class=\"themify_builder_content themify_builder_content-1480 themify_builder tf_clear\">\n    <\/div>\n<!--\/themify_builder_content-->\n","protected":false},"excerpt":{"rendered":"<p>Une v\u00e9ritable pub d&#8217;auto-coaching Au d\u00e9but de ce spot publicitaire, on peut voir un jeune-homme marcher dans la rue et recevoir une douche froide. Il ne cherche pas le fautif qu&#8217;il pourrait injurier et ne se demande pas pourquoi il est pass\u00e9 au mauvais endroit au mauvais moment. Il se dit que non loin de [&hellip;]<\/p>\n","protected":false},"author":1,"featured_media":0,"parent":0,"menu_order":0,"comment_status":"open","ping_status":"open","template":"","meta":[],"builder_content":"","_links":{"self":[{"href":"https:\/\/auto-coaching.fr\/index.php\/wp-json\/wp\/v2\/pages\/1480"}],"collection":[{"href":"https:\/\/auto-coaching.fr\/index.php\/wp-json\/wp\/v2\/pages"}],"about":[{"href":"https:\/\/auto-coaching.fr\/index.php\/wp-json\/wp\/v2\/types\/page"}],"author":[{"embeddable":true,"href":"https:\/\/auto-coaching.fr\/index.php\/wp-json\/wp\/v2\/users\/1"}],"replies":[{"embeddable":true,"href":"https:\/\/auto-coaching.fr\/index.php\/wp-json\/wp\/v2\/comments?post=1480"}],"version-history":[{"count":1,"href":"https:\/\/auto-coaching.fr\/index.php\/wp-json\/wp\/v2\/pages\/1480\/revisions"}],"predecessor-version":[{"id":1481,"href":"https:\/\/auto-coaching.fr\/index.php\/wp-json\/wp\/v2\/pages\/1480\/revisions\/1481"}],"wp:attachment":[{"href":"https:\/\/auto-coaching.fr\/index.php\/wp-json\/wp\/v2\/media?parent=1480"}],"curies":[{"name":"wp","href":"https:\/\/api.w.org\/{rel}","templated":true}]}}