{"id":151,"date":"2012-07-16T13:13:12","date_gmt":"2012-07-16T13:13:12","guid":{"rendered":"http:\/\/www.auto-coaching.fr\/?page_id=151"},"modified":"2012-07-16T13:39:15","modified_gmt":"2012-07-16T13:39:15","slug":"trop-petit-pour-comprendre","status":"publish","type":"page","link":"https:\/\/auto-coaching.fr\/index.php\/trop-petit-pour-comprendre\/","title":{"rendered":"Trop petit pour comprendre"},"content":{"rendered":"<p>Certaines histoires nous marquent en profondeur. Celle que je vais partager avec vous fait partie de mes pr\u00e9f\u00e9r\u00e9es. Elle m&#8217;a \u00e9t\u00e9 envoy\u00e9e par mail, un jour, et m&#8217;a permis d&#8217;aider beaucoup de gens \u00e0 recadrer certaines croyances, qui s&#8217;av\u00e8rent \u00eatre limitantes ou b\u00e9n\u00e9fiques alternativement, en fonction de la situation.  <\/p>\n<p>D&#8217;o\u00f9 l&#8217;int\u00e9r\u00eat de contextualiser vos croyances, afin de les sublimer lorsqu&#8217;elles vous sont utiles, et de les faire taire lorsqu&#8217;elles vous desservent. Certains appellent \u00e7a l&#8217;ambivalence ou le \u00abdouble langage\u00bb, mais il s&#8217;agit simplement de faire appel \u00e0 une riche attitude : votre capacit\u00e9 d&#8217;adaptation.  <\/p>\n<p>Nous avons vu que les croyances sont essentielles pour nous faire gagner du temps. Elles nous m\u00e8nent vers l\u2019action en \u00e9vitant l\u2019analyse excessive, qui est une forme de procrastination. Mais certaines croyances, m\u00e9riteraient un traitement semi-automatique. Elles ont juste besoin d&#8217;une petite mise au point avant de vous diriger vers l\u2019action. C&#8217;est le cas de cette pens\u00e9e de Benjamin FRANKLIN, qui fait partie du TOP 3 des arguments des managers et des chefs d\u2019entreprises :  <\/p>\n<h2>Le temps, c&#8217;est de l&#8217;argent !<\/h2>\n<div style=\"text-align: left; padding-bottom: 10px; background-color: rgb(214,222,231); margin: 12px 0px 0px 20px; padding-left: 10px; padding-right: 10px; padding-top: 10px\">\n<p style=\"margin: 10px 0px 0px\">Thomas rentre du travail vers 20h. Sa femme et son fils de 8 ans l\u2019attendaient. Apr\u00e8s les embrassades, ils se mettent \u00e0 table.<\/p>\n<p style=\"margin: 10px 0px 0px\">A peine le d\u00eener commenc\u00e9, le petit demande \u00e0 son p\u00e8re :<\/p>\n<p style=\"text-indent: -8px; margin: 6px 0px 0px 8px; font-size: 10pt\">&#8211; Dis papa, combien on te paye pour une heure de travail ?<\/p>\n<p style=\"text-indent: -8px; margin: 6px 0px 0px 8px; font-size: 10pt\">&#8211; Oh&#8230; Ca mon gar\u00e7on, c\u2019est des affaires de grandes personnes. Profite de ta vie d\u2019enfant tant que tu peux, et \u00e9vite ces questions !<\/p>\n<p style=\"text-indent: -8px; margin: 6px 0px 0px 8px; font-size: 10pt\">&#8211; Mais si ! Ca m\u2019int\u00e9resse ! C\u2019est important pour moi&#8230; Alors combien ?<\/p>\n<p style=\"margin: 10px 0px 0px\">L\u2019enfant insiste. Le p\u00e8re tient bon&#8230; Mais finalement, agac\u00e9 par la r\u00e9p\u00e9tition de la demande, il finit par l\u00e2cher le morceau :<\/p>\n<p style=\"text-indent: -8px; margin: 6px 0px 0px 8px; font-size: 10pt\">&#8211; OK ! Je gagne 40 euros de l\u2019heure ! T\u2019es content ?<\/p>\n<p style=\"text-indent: -8px; margin: 6px 0px 0px 8px; font-size: 10pt\">&#8211; Ah&#8230; Est-ce que tu peux me donner 10 euros ?<\/p>\n<p style=\"text-indent: -8px; margin: 6px 0px 0px 8px; font-size: 10pt\">&#8211; J\u2019en \u00e9tais s\u00fbr ! Tout \u00e7a pour \u00e7a ! Tu as fait ton petit calcul. Tu t\u2019es dit que finalement \u00e7a ne repr\u00e9sente que 15 minutes de travail, et tu as d\u00e9cid\u00e9 de me taxer toi aussi !<\/p>\n<p style=\"text-indent: -8px; margin: 6px 0px 0px 8px; font-size: 10pt\">&#8211; Ah non, papa, ce n\u2019est pas \u00e7a&#8230;<\/p>\n<p style=\"text-indent: -8px; margin: 6px 0px 0px 8px; font-size: 10pt\">&#8211; J\u2019ai \u00e9t\u00e9 jeune avant toi ! Je sais tr\u00e8s bien ce qui t\u2019est pass\u00e9 par la t\u00eate ! Eh bien tu peux aller te coucher avec cette id\u00e9e : 15 minutes, c\u2019est pr\u00e9cieux ! Le temps c\u2019est de l\u2019argent ! Tu crois que c\u2019est facile de gagner sa vie mais tu as tort ! J\u2019ai travaill\u00e9 dur pour en arriver l\u00e0 ! Alors maintenant, vas dans ton lit, tu as largement d\u00e9pass\u00e9 l\u2019heure de poser des questions !<\/p>\n<p style=\"margin: 10px 0px 0px\">L\u2019enfant disparait dans sa chambre. Thomas se concentre sur son repas, sa femme dandine de la t\u00eate et sugg\u00e8re \u00e0 son \u00e9poux d\u2019aller parler plus calmement \u00e0 son fils. Il tente de trouver quelques pr\u00e9textes d\u2019\u00e9vitement, mais finit par se calmer, et entre dans la chambre de Th\u00e9o.<\/p>\n<p style=\"margin: 10px 0px 0px\">Le petit semble dormir. Les yeux de Thomas explorent la pi\u00e8ce mi-obscure : il observe la guitare \u00e9lectrique offerte \u00e0 No\u00ebl et se souvient du bonheur de son fils en d\u00e9ballant le gros paquet. Le cartable est rang\u00e9 sous le bureau, l\u2019ordinateur est \u00e9teint, le calme r\u00e8gne. Il s\u2019appr\u00eate \u00e0 sortir, mais d\u00e9cide de s\u2019accorder un moment de gr\u00e2ce en prenant une grande inspiration. Il aime ce parfum-l\u00e0&#8230; Un m\u00e9lange de shampooing, de lessive et de transpiration. Un cocktail unique dont il est l\u2019heureux b\u00e9n\u00e9ficiaire, ici et maintenant. Comment a-t-il pu se mettre en col\u00e8re, alors que le sens de sa vie est l\u00e0 ?<\/p>\n<p style=\"margin: 10px 0px 0px\">Son fils ouvre les yeux.<\/p>\n<p style=\"text-indent: -8px; margin: 6px 0px 0px 8px; font-size: 10pt\">&#8211; Tu ne dors pas mon gar\u00e7on ?<\/p>\n<p style=\"text-indent: -8px; margin: 6px 0px 0px 8px; font-size: 10pt\">&#8211; Non&#8230;<\/p>\n<p style=\"text-indent: -8px; margin: 6px 0px 0px 8px; font-size: 10pt\">&#8211; Excuse-moi pour toute \u00e0 l\u2019heure, mais tu aurais pu obtenir ces 10 euros sans me demander combien je gagne. Je crois que c\u2019est \u00e7a qui m\u2019a mis en col\u00e8re. Ca s\u2019appelle une manipulation&#8230; Tu comprendras plus tard.<\/p>\n<p style=\"text-indent: -8px; margin: 6px 0px 0px 8px; font-size: 10pt\">&#8211; Tu as raison, je suis trop petit pour comprendre.<\/p>\n<p style=\"text-indent: -8px; margin: 6px 0px 0px 8px; font-size: 10pt\">&#8211; Mais non&#8230; Je veux juste t\u2019\u00e9pargner certains probl\u00e8mes. D\u2019ailleurs, je vais te donner cet argent parce que je pense que tu en as besoin pour une bonne raison. Je te fais confiance.<\/p>\n<p style=\"margin: 10px 0px 0px\">Il tire un billet de sa poche et le donne \u00e0 son fils.<\/p>\n<p style=\"margin: 10px 0px 0px\">Le petit saute de son lit, allume la lumi\u00e8re, se pr\u00e9cipite vers sa tirelire, et contre toute attente, au lieu d\u2019y ins\u00e9rer le billet, ouvre le petit cadenas, vide le contenu de la boite, et revient vers son p\u00e8re fou de joie :<\/p>\n<p style=\"text-indent: -8px; margin: 6px 0px 0px 8px; font-size: 10pt\">&#8211; Voil\u00e0 papa ! J\u2019avais 30 euros dans ma tirelire&#8230; Mais gr\u00e2ce \u00e0 ton billet j\u2019en ai 40 ! 40 euros papa ! Tu te rends compte de ce que \u00e7a veut dire ? Ca veut dire que je vais pouvoir te payer pour passer une heure avec toi !<\/p>\n<\/div>\n<ul>\n<li>Le temps c&#8217;est de l&#8217;argent\n<li>Tout travail m\u00e9rite salaire\n<li>Plaie d&#8217;argent n&#8217;est pas mortelle\n<li>On ne pr\u00eate qu&#8217;aux riches\n<li>L&#8217;argent am\u00e8ne l&#8217;argent\n<li>Il faut bien gagner sa vie\n<li>Travaillez ! Prenez de la peine ! C&#8217;est le fond qui manque le moins&#8230; <\/li>\n<\/ul>\n<p>Ne seriez-vous pas \u00e0 la merci de certaines croyances concernant l&#8217;argent qui, dans certains contextes, s&#8217;av\u00e8rent tr\u00e8s limitantes ?  <\/p>\n<p align=\"center\"><font size=\"5\"><strong>RICHE-ATTITUDE vous aidera \u00e0 faire le point <\/strong><\/font> <\/p>\n<p align=\"center\"><a href=\"http:\/\/www.inscription-minute.fr\/solution.aspx?code=RA20IN07&amp;origine=TropPetit\"><img decoding=\"async\" loading=\"lazy\" style=\"display: block; float: none; margin-left: auto; margin-right: auto\" border=\"0\" alt=\"Inscrivez-vous !\" src=\"http:\/\/www.coupon-reponse.fr\/adherents\/inscrivez-vous.gif\" width=\"210\" height=\"49\"><\/a><a href=\"http:\/\/www.inscription-minute.fr\/solution.aspx?code=RA20IN07&amp;origine=TropPetit\">Inscrivez-vous<\/a> <\/p>\n<p><strong>St\u00e9phane SOLOMON<\/strong><\/p>\n<!--themify_builder_content-->\n<div id=\"themify_builder_content-151\" data-postid=\"151\" class=\"themify_builder_content themify_builder_content-151 themify_builder tf_clear\">\n    <\/div>\n<!--\/themify_builder_content-->\n","protected":false},"excerpt":{"rendered":"<p>Certaines histoires nous marquent en profondeur. Celle que je vais partager avec vous fait partie de mes pr\u00e9f\u00e9r\u00e9es. Elle m&#8217;a \u00e9t\u00e9 envoy\u00e9e par mail, un jour, et m&#8217;a permis d&#8217;aider beaucoup de gens \u00e0 recadrer certaines croyances, qui s&#8217;av\u00e8rent \u00eatre limitantes ou b\u00e9n\u00e9fiques alternativement, en fonction de la situation. D&#8217;o\u00f9 l&#8217;int\u00e9r\u00eat de contextualiser vos croyances, [&hellip;]<\/p>\n","protected":false},"author":1,"featured_media":0,"parent":0,"menu_order":0,"comment_status":"open","ping_status":"open","template":"","meta":[],"builder_content":"","_links":{"self":[{"href":"https:\/\/auto-coaching.fr\/index.php\/wp-json\/wp\/v2\/pages\/151"}],"collection":[{"href":"https:\/\/auto-coaching.fr\/index.php\/wp-json\/wp\/v2\/pages"}],"about":[{"href":"https:\/\/auto-coaching.fr\/index.php\/wp-json\/wp\/v2\/types\/page"}],"author":[{"embeddable":true,"href":"https:\/\/auto-coaching.fr\/index.php\/wp-json\/wp\/v2\/users\/1"}],"replies":[{"embeddable":true,"href":"https:\/\/auto-coaching.fr\/index.php\/wp-json\/wp\/v2\/comments?post=151"}],"version-history":[{"count":7,"href":"https:\/\/auto-coaching.fr\/index.php\/wp-json\/wp\/v2\/pages\/151\/revisions"}],"predecessor-version":[{"id":158,"href":"https:\/\/auto-coaching.fr\/index.php\/wp-json\/wp\/v2\/pages\/151\/revisions\/158"}],"wp:attachment":[{"href":"https:\/\/auto-coaching.fr\/index.php\/wp-json\/wp\/v2\/media?parent=151"}],"curies":[{"name":"wp","href":"https:\/\/api.w.org\/{rel}","templated":true}]}}