{"id":1514,"date":"2014-05-09T19:57:50","date_gmt":"2014-05-09T17:57:50","guid":{"rendered":"http:\/\/www.auto-coaching.fr\/?page_id=1514"},"modified":"2014-05-09T20:36:24","modified_gmt":"2014-05-09T18:36:24","slug":"un-message-d-amour","status":"publish","type":"page","link":"https:\/\/auto-coaching.fr\/index.php\/un-message-d-amour\/","title":{"rendered":"Un message d&rsquo;Amour"},"content":{"rendered":"<p>La vid\u00e9o d&#8217;aujourd&#8217;hui m&#8217;a \u00e9t\u00e9 envoy\u00e9e mercredi par <a href=\"http:\/\/www.hsen.org\">Isabelle FARBOS<\/a>, lectrice et contributrice active de ce programme.  <\/p>\n<p>Je vous laisse d\u00e9couvrir ce chef-d\u2019\u0153uvre : <iframe loading=\"lazy\" style=\"height: 382px; width: 596px\" height=\"370\" src=\"http:\/\/www.youtube.com\/embed\/CGTNjPow3LM?rel=0&amp;cc_lang_pref=fr&amp;cc_load_policy=1\" frameborder=\"0\" width=\"490\" allowfullscreen=\"allowfullscreen\" data-link=\"http:\/\/www.youtube.com\/embed\/CGTNjPow3LM?rel=0&amp;cc_lang_pref=fr&amp;cc_load_policy=1\"><\/iframe><br \/>Source originale : <a title=\"http:\/\/www.youtube.com\/embed\/CGTNjPow3LM?rel=0&amp;cc_lang_pref=fr&amp;cc_load_policy=1\" href=\"http:\/\/www.youtube.com\/embed\/CGTNjPow3LM?rel=0&amp;cc_lang_pref=fr&amp;cc_load_policy=1\">http:\/\/www.youtube.com\/embed\/CGTNjPow3LM?rel=0&amp;cc_lang_pref=fr&amp;cc_load_policy=1<\/a>  <\/p>\n<p>Important : les sous-titres ont \u00e9t\u00e9 oubli\u00e9s \u00e0 la fin de ce spot. Les moins anglophones d&#8217;entre-vous ne reconnaitront que le point d&#8217;interrogation ;-). Voici la question qui est pos\u00e9e en guise de morale :  <\/p>\n<blockquote>\n<p align=\"center\">Devrions-nous cr\u00e9er un nouveau monde<br \/>ou sauver le n\u00f4tre ?<\/p>\n<\/blockquote>\n<p>C&#8217;est une question de coach \u00e7a ! J&#8217;aime le rappeler \u00e0 mes clients et mes lecteurs :  <\/p>\n<blockquote>\n<p align=\"center\">Vos solutions se trouvent en vous et autour de vous.<br \/>Ne cherchez pas trop loin, c&#8217;est sous vos yeux !<br \/>R\u00e9guli\u00e8rement, un gorille passe&#8230; <\/p>\n<\/blockquote>\n<h2>J&#8217;ai fait un r\u00eave ! <\/h2>\n<p>Dans ce r\u00eave je travaillais avec des chercheurs de renomm\u00e9e mondiale. Ils m&#8217;ont choisi pour mon c\u00f4t\u00e9 \u00abcart\u00e9sieno-spirituel\u00bb : ils avaient besoin d&#8217;un messager entre ces deux mondes qui semblent s&#8217;opposer. J&#8217;\u00e9tais visiblement une sorte de sommit\u00e9 pour eux ((je me fais souvent des cadeaux dans mes r\u00eaves) : ils \u00e9coutaient mes arguments avec int\u00e9r\u00eat .  <\/p>\n<p>Ces chercheurs ont trouv\u00e9 des solutions artificielles pour une pollinisation sans abeilles. Nous venions d&#8217;atteindre un seuil critique qui n\u00e9cessitait de prendre le taureau par les cornes. Je ne me souviens pas de tout en d\u00e9tail, mais les exp\u00e9riences que ces chercheurs menaient en laboratoire avaient toutes abouti avec succ\u00e8s. <\/p>\n<p>Seulement voil\u00e0 : d\u00e8s qu&#8217;on tentait de sortir du laboratoire pour appliquer ces solutions Grandeur Nature, \u00e7a ne marchait plus ! Pourtant, leurs travaux ont \u00e9t\u00e9 test\u00e9s dans des centaines de laboratoires \u00e0 travers le monde et les conclusions \u00e9taient toujours les m\u00eames : le succ\u00e8s assur\u00e9 ! Mais apr\u00e8s avoir d\u00e9pens\u00e9 des milliards d&#8217;euros et de dollars, nous sommes arriv\u00e9s \u00e0 la conclusion qu&#8217;en th\u00e9orie, nous pouvions faire face \u00e0 la disparition des abeilles, Mais qu&#8217;en pratique, nous en avions encore besoin&#8230;  <\/p>\n<p>Mes confr\u00e8res avaient besoin de nouveaux paradigmes pour chercher dans d&#8217;autres directions. Ils m&#8217;ont donc offert une audience. Prenant la parole devant ce parterre impressionnant, j&#8217;ai pris mon courage \u00e0 deux mains pour proposer cette th\u00e9orie :  <\/p>\n<p>&#8212;&#8212;- <\/p>\n<p>Il est possible d&#8217;\u00e9muler la reproduction chez les humains, les animaux et les plantes. Nous avons atteint un tel niveau de ma\u00eetrise, que nous pouvons d\u00e9sormais cr\u00e9er la vie \u00e0 partir d&#8217;une simple mol\u00e9cule. Nous avons m\u00eame, dans nos \u00e9prouvettes, des esp\u00e8ces en voie d&#8217;apparition&#8230; Mais le r\u00f4le des abeilles demeure un myst\u00e8re. Les fleurs en ont besoin !  <\/p>\n<p>Aucun de nous ne sait vraiment en quoi consiste ce besoin, alors je vais vous proposer une th\u00e9orie :  <\/p>\n<p>&#8211; Et si le pollen, tel que nous le percevons, n&#8217;\u00e9tait qu&#8217;une illusion pour scientifiques ? Serait-il possible que ce qui nous appara\u00eet comme une \u00abpoussi\u00e8re\u00bb, contienne aussi un message d&#8217;Amour, que seules les abeilles sont capables de porter d&#8217;une fleur \u00e0 une autre ?  <\/p>\n<p>Je suis s\u00e9rieux messieurs ! Ecoutez-moi ! Vous m&#8217;avez confi\u00e9 un r\u00f4le dans votre mission, ce n&#8217;est pas le moment de vous d\u00e9rober : nos proc\u00e9d\u00e9s artificiels violent les fleurs ! Elles nous disent NON ! Elles veulent de l&#8217;Amour&#8230; Je ne sais pas comment ce message est transmis par les abeilles, mais elles transportent s\u00fbrement quelque chose en secret qui contribue \u00e0 la vie. Nous nous sommes tous bas\u00e9s sur la th\u00e9orie selon laquelle les abeilles ont pour unique vocation de rechercher du nectar pour leur ruche, et qu&#8217;elles collectent du pollen accidentellement&#8230; Au passage&#8230; <\/p>\n<p>Nous sommes m\u00eame all\u00e9s jusqu&#8217;\u00e0 affirmer que certaines fleurs, par instinct de survie, ont chang\u00e9 et multipli\u00e9 leurs couleurs par mutations progressives, afin d&#8217;attirer les abeilles ! Mais nous avons occult\u00e9 la possibilit\u00e9 que les abeilles ont aussi leur mot \u00e0 dire&#8230; Nous sommes partis du principe que les abeilles \u00e9taient b\u00eates et m\u00e9chantes, et qu&#8217;elles se laissent berner par les fleurs&#8230; Nous avan\u00e7ons des arguments incroyablement sophistiqu\u00e9s pour expliquer des ph\u00e9nom\u00e8nes dont la beaut\u00e9 nous d\u00e9passe. Nous n&#8217;avons pas \u00e9t\u00e9 fichus d&#8217;envisager l&#8217;id\u00e9e que la fleur chuchote un message d&#8217;Amour \u00e0 l&#8217;abeille, et que ce petit ange va ensuite le murmurer \u00e0 une autre fleur, qui s&#8217;ouvre devant tant de po\u00e9sie.  <\/p>\n<p>Aujourd&#8217;hui, face \u00e0 cette succession d&#8217;\u00e9checs inexpliqu\u00e9s, et \u00e0 la frustration qui se lit sur vos visages j&#8217;ose l&#8217;affirmer : l&#8217;abeille ne transporte pas que du pollen ! Il y a un co-pollen invisible qui nous \u00e9chappe, parce que nous ne voulons pas le voir ! Le Bzzz des abeilles n&#8217;est pas uniquement un ph\u00e9nom\u00e8ne sonore vibratoire explicable par le mouvement de leurs ailes. C&#8217;est certainement l&#8217;onde porteuse d&#8217;une chanson secr\u00e8te, qui pourrait faire fondre le c\u0153ur des plus sceptiques d&#8217;entre vous&#8230;  <\/p>\n<p><strong>Ne cherchez pas \u00e0 sauver la reproduction des plantes ! Sauvez les messag\u00e8res de cette chanson d&#8217;Amour, et vous r\u00e9tablirez l&#8217;\u00e9quilibre&#8230; <\/strong> <\/p>\n<p>&#8212;&#8212;- <\/p>\n<p>Le public me regardait incr\u00e9dule&#8230; Je ne saurais vous raconter la fin de ce songe, car je me suis r\u00e9veill\u00e9. A ma droite, la femme de ma vie dormait encore. Qui sait ? Elle r\u00eavait peut-\u00eatre d&#8217;abeilles ou de fleurs. Mi femme et mi enfant pour toujours&#8230;  <\/p>\n<p>J&#8217;ai alors ressenti une immense Gratitude d&#8217;avoir \u00e0 mes c\u00f4t\u00e9s une si belle fragilit\u00e9. J&#8217;imaginais ce que serait ma vie si \u00e0 sa place, on avait plac\u00e9 un robot ultrasophistiqu\u00e9, capable d&#8217;assouvir tous mes fantasmes sur demande, et m\u00eame de cr\u00e9er la vie apr\u00e8s une partie de jambes en l&#8217;air&#8230; <\/p>\n<p>Certes, en laboratoire, il y aurait de quoi s&#8217;\u00e9clater ! Mais Grandeur Nature, que deviendraient nos enfants sans le message d&#8217;Amour qui \u00abva avec\u00bb ?  <\/p>\n<p>J&#8217;ai voulu retourner dans mon r\u00eave pour conclure ma conf\u00e9rence, par ces mots :  <\/p>\n<blockquote>\n<p>L&#8217;instinct de survie, est juste un terme technique invent\u00e9 par des binoclards chauves et barbus qui ont peur de dire JE T&#8217;AIME ! <\/p>\n<\/blockquote>\n<p>Ne pouvant trouver le \u00abreplay\u00bb, je me suis lev\u00e9 pour faire mon petit tour matinal dans les chambres de mes enfants. Mais cette fois, inspir\u00e9 par mon r\u00eave, j\u2019ai d\u00e9cid\u00e9 de leur offrir plus que la petite bise paternelle. J\u2019ai donc souffl\u00e9 un petit Bzzz, tr\u00e8s l\u00e9ger en passant pr\u00e8s de leurs oreilles.  <\/p>\n<p>Qui sait tout ce que ce message d\u2019Amour leur apportera ?&#8230;  <\/p>\n<p>Chacun d\u2019entre nous peut sauver le monde, en commen\u00e7ant par offrir sa part de r\u00eave \u00e0 son petit monde&#8230;  <\/p>\n<p>Bzzz++  <\/p>\n<p><b>St\u00e9phane SOLOMON<\/b><\/p>\n<!--themify_builder_content-->\n<div id=\"themify_builder_content-1514\" data-postid=\"1514\" class=\"themify_builder_content themify_builder_content-1514 themify_builder tf_clear\">\n    <\/div>\n<!--\/themify_builder_content-->\n","protected":false},"excerpt":{"rendered":"<p>La vid\u00e9o d&#8217;aujourd&#8217;hui m&#8217;a \u00e9t\u00e9 envoy\u00e9e mercredi par Isabelle FARBOS, lectrice et contributrice active de ce programme. Je vous laisse d\u00e9couvrir ce chef-d\u2019\u0153uvre : Source originale : http:\/\/www.youtube.com\/embed\/CGTNjPow3LM?rel=0&amp;cc_lang_pref=fr&amp;cc_load_policy=1 Important : les sous-titres ont \u00e9t\u00e9 oubli\u00e9s \u00e0 la fin de ce spot. Les moins anglophones d&#8217;entre-vous ne reconnaitront que le point d&#8217;interrogation ;-). Voici la question [&hellip;]<\/p>\n","protected":false},"author":1,"featured_media":0,"parent":0,"menu_order":0,"comment_status":"open","ping_status":"open","template":"","meta":[],"builder_content":"","_links":{"self":[{"href":"https:\/\/auto-coaching.fr\/index.php\/wp-json\/wp\/v2\/pages\/1514"}],"collection":[{"href":"https:\/\/auto-coaching.fr\/index.php\/wp-json\/wp\/v2\/pages"}],"about":[{"href":"https:\/\/auto-coaching.fr\/index.php\/wp-json\/wp\/v2\/types\/page"}],"author":[{"embeddable":true,"href":"https:\/\/auto-coaching.fr\/index.php\/wp-json\/wp\/v2\/users\/1"}],"replies":[{"embeddable":true,"href":"https:\/\/auto-coaching.fr\/index.php\/wp-json\/wp\/v2\/comments?post=1514"}],"version-history":[{"count":12,"href":"https:\/\/auto-coaching.fr\/index.php\/wp-json\/wp\/v2\/pages\/1514\/revisions"}],"predecessor-version":[{"id":1526,"href":"https:\/\/auto-coaching.fr\/index.php\/wp-json\/wp\/v2\/pages\/1514\/revisions\/1526"}],"wp:attachment":[{"href":"https:\/\/auto-coaching.fr\/index.php\/wp-json\/wp\/v2\/media?parent=1514"}],"curies":[{"name":"wp","href":"https:\/\/api.w.org\/{rel}","templated":true}]}}