{"id":1551,"date":"2014-05-14T15:03:27","date_gmt":"2014-05-14T13:03:27","guid":{"rendered":"http:\/\/www.auto-coaching.fr\/?page_id=1551"},"modified":"2014-05-14T16:56:58","modified_gmt":"2014-05-14T14:56:58","slug":"les-dernieres-heures-du-pwyw","status":"publish","type":"page","link":"https:\/\/auto-coaching.fr\/index.php\/les-dernieres-heures-du-pwyw\/","title":{"rendered":"Les derni&egrave;res heures du PWYW"},"content":{"rendered":"<p>Vendredi dernier je vous ai envoy\u00e9 un article intitul\u00e9 \u00abun message d&#8217;Amour\u00bb. Le taux de r\u00e9activit\u00e9 est \u00e0 ce jour de 34,5%.  <\/p>\n<p>Qu&#8217;est-ce qu&#8217;un taux de r\u00e9activit\u00e9 ? Eh bien, c&#8217;est le rapport entre le nombre de personnes qui ouvrent le courrier et ceux qui cliquent sur le lien intitul\u00e9 \u00abCliquez ici pour lire la suite\u00bb. On peut \u00e9galement appeler \u00e7a un \u00abtaux d&#8217;int\u00e9r\u00eat\u00bb, puisque ceux qui lisent l&#8217;introduction et cliquent sur le lien, ressentent de l&#8217;int\u00e9r\u00eat.  <\/p>\n<p>Il y a donc 65,5% de lecteurs qui n&#8217;ont pas trouv\u00e9 d&#8217;int\u00e9r\u00eat \u00e0 lire \u00abun message d&#8217;Amour\u00bb. Sauf exception, ce taux variera tr\u00e8s peu, car les personnes qui se disent \u00abje lirai \u00e7a plus tard\u00bb et qui le font vraiment, sont tr\u00e8s rares.  <\/p>\n<h2>Mon taux record<\/h2>\n<p>Hier, je vous ai envoy\u00e9 un article intitul\u00e9 \u00abVoila&#8230; C&#8217;est fini\u00bb. Le taux de r\u00e9activit\u00e9 est de 60,3%. C&#8217;est mon taux record depuis longtemps !!!  <\/p>\n<h2><font color=\"#cc0000\">J&#8217;ai une question :<\/font> <\/h2>\n<p><b>Dois-je conclure que mes messages d&#8217;adieu sont beaucoup plus int\u00e9ressants que mes messages d&#8217;Amour ?<\/b>  <\/p>\n<p>&#8211; Mais non St\u00e9phane&#8230; Il ne faut pas le prendre comme \u00e7a ! Certes les chiffres ont tendance \u00e0 nous ramener vers cette d\u00e9duction, mais il doit y avoir une autre explication !  <\/p>\n<p>En pratique, il n&#8217;y en a pas ! Mais je peux me consoler en me disant qu\u2019il n\u2019y a rien de personnel : <strong>l&#8217;\u00eatre humain est naturellement attir\u00e9 par les aventures qui se terminent<\/strong>. Il peut m\u00eame ressentir une forme de jubilation \u00e0 voir ses doutes se confirmer. Il y a aussi une forme de voyeurisme. Par exemple, si je vous demandais :  <\/p>\n<p><em>&#8211; Voulez-vous savoir ce que mon p\u00e8re m&#8217;a dit lorsque j&#8217;avais 5 ans ? <\/em> <\/p>\n<p>J&#8217;obtiendrais un succ\u00e8s mitig\u00e9. Aux alentours de 30%&#8230; Mais si je vous demandais :  <\/p>\n<p><em>&#8211; Voulez-vous savoir ce que mon p\u00e8re m&#8217;a dit avant de mourir ? <\/em> <\/p>\n<p>Je vais doubler mon taux d&#8217;audience ! Et la plupart des gens vont trouver que les derniers mots de mon p\u00e8re sont bien plus beaux que les premiers mots qui m&#8217;ont marqu\u00e9s.  <\/p>\n<p>Il n&#8217;y a pas de myst\u00e8re, c&#8217;est ainsi que fonctionnent les journaux People : ils titrent <strong>\u00abColuche n&#8217;est pas mort !\u00bb<\/strong>, et ils doublent les ventes. En lisant l&#8217;article, vous d\u00e9couvrirez que Coluche reste le comique pr\u00e9f\u00e9r\u00e9 des fran\u00e7ais, et qu&#8217;il est toujours vivant dans nos c\u0153urs. Ne cherchez pas \u00e0 vous faire rembourser : c&#8217;est l\u00e9gal.  <\/p>\n<p>D&#8217;un autre c\u00f4t\u00e9, si tant de fran\u00e7ais ach\u00e8tent le journal gr\u00e2ce \u00e0 ce titre, c&#8217;est que Coluche les int\u00e9resse ! Donc Youpi ! Si LA FIN DE L\u2019AVENTURE a provoqu\u00e9 un int\u00e9r\u00eat soudain, \u00e7a veut dire que je suis bien plus populaire que ce que je pensais. \u00c7a vaut le coup de tirer sa r\u00e9v\u00e9rence de temps en temps&#8230;  <\/p>\n<p>Il reste malgr\u00e9 tout 39,9% de lecteurs qui sont rest\u00e9s de marbre&#8230; Je ne parle pas de ceux qui n&#8217;ont pas encore ouvert mon courrier, mais de ceux qui l&#8217;ont ouvert, et qui n&#8217;ont pas cliqu\u00e9 pour lire la suite&#8230; C&#8217;est beaucoup 39,9% !&#8230; Qu\u2019est-ce que je vais bien pouvoir en faire ?  <\/p>\n<p>En attendant de prendre une d\u00e9cision, j&#8217;en reviens aux derniers mots de mon p\u00e8re. SI vous avez lu \u00ab<a href=\"http:\/\/www.auto-coaching.fr\/la-peau-de-banane\/\">La peau de Banane<\/a>\u00bb vous vous en souvenez certainement. Il m&#8217;a dit :  <\/p>\n<p><strong><font color=\"#008000\">&#8211; Regarde le c\u00f4t\u00e9 qui sourit ! <\/font><\/strong> <\/p>\n<p>Vous \u00eates plus de 6\/10 \u00e0 recevoir mes courriers et \u00e0 les lire, ne serait-ce qu&#8217;\u00e0 l&#8217;occasion. <strong>Merci \u00e0 tous les souriants !<\/strong>  <\/p>\n<p>Je devais vous envoyer cet article avant 12h00, pour vous rappeler que vous aviez jusqu\u2019\u00e0 16h00 pour participer au PWYW, avant sa disparition. Mais je suis tr\u00e8s en retard ! Du coup, je vous envoie ce message vers 16h00 en vous laissant le m\u00eame d\u00e9lai :  <\/p>\n<p>A 20h00, je ferme le PWYW !  <\/p>\n<p>Il est encore temps de cliquer ci-dessous :  <\/p>\n<div style=\"text-align: center; margin-top: 12px\"><a href=\"http:\/\/www.inscription-minute.fr\/solution.aspx?code=PWYW1376&amp;origine=cloture2\"><img decoding=\"async\" loading=\"lazy\" style=\"border-left-width: 0px; border-right-width: 0px; border-top-color: white; border-bottom-width: 0px; border-left-color: white; border-bottom-color: white; border-right-color: white; border-top-width: 0px\" border=\"0\" alt=\"Payez ce que vous voulez\" src=\"http:\/\/www.inscription-minute.fr\/adherents\/logoPwyw.jpg\" width=\"230\" longdesc=\"Payez ce que vous voulez\" height=\"115\"><br \/>Payez ce que vous voulez, avant la cl\u00f4ture du PWYW \u00e0 20h00<\/a><\/div>\n<p>&nbsp; <\/p>\n<p>A++  <\/p>\n<p><b>St\u00e9phane SOLOMON<\/b><\/p>\n<!--themify_builder_content-->\n<div id=\"themify_builder_content-1551\" data-postid=\"1551\" class=\"themify_builder_content themify_builder_content-1551 themify_builder tf_clear\">\n    <\/div>\n<!--\/themify_builder_content-->\n","protected":false},"excerpt":{"rendered":"<p>Vendredi dernier je vous ai envoy\u00e9 un article intitul\u00e9 \u00abun message d&#8217;Amour\u00bb. Le taux de r\u00e9activit\u00e9 est \u00e0 ce jour de 34,5%. Qu&#8217;est-ce qu&#8217;un taux de r\u00e9activit\u00e9 ? Eh bien, c&#8217;est le rapport entre le nombre de personnes qui ouvrent le courrier et ceux qui cliquent sur le lien intitul\u00e9 \u00abCliquez ici pour lire la [&hellip;]<\/p>\n","protected":false},"author":1,"featured_media":0,"parent":0,"menu_order":0,"comment_status":"open","ping_status":"open","template":"","meta":[],"builder_content":"","_links":{"self":[{"href":"https:\/\/auto-coaching.fr\/index.php\/wp-json\/wp\/v2\/pages\/1551"}],"collection":[{"href":"https:\/\/auto-coaching.fr\/index.php\/wp-json\/wp\/v2\/pages"}],"about":[{"href":"https:\/\/auto-coaching.fr\/index.php\/wp-json\/wp\/v2\/types\/page"}],"author":[{"embeddable":true,"href":"https:\/\/auto-coaching.fr\/index.php\/wp-json\/wp\/v2\/users\/1"}],"replies":[{"embeddable":true,"href":"https:\/\/auto-coaching.fr\/index.php\/wp-json\/wp\/v2\/comments?post=1551"}],"version-history":[{"count":5,"href":"https:\/\/auto-coaching.fr\/index.php\/wp-json\/wp\/v2\/pages\/1551\/revisions"}],"predecessor-version":[{"id":1556,"href":"https:\/\/auto-coaching.fr\/index.php\/wp-json\/wp\/v2\/pages\/1551\/revisions\/1556"}],"wp:attachment":[{"href":"https:\/\/auto-coaching.fr\/index.php\/wp-json\/wp\/v2\/media?parent=1551"}],"curies":[{"name":"wp","href":"https:\/\/api.w.org\/{rel}","templated":true}]}}