{"id":1566,"date":"2014-05-27T10:01:04","date_gmt":"2014-05-27T08:01:04","guid":{"rendered":"http:\/\/www.auto-coaching.fr\/?page_id=1566"},"modified":"2014-05-27T11:00:58","modified_gmt":"2014-05-27T09:00:58","slug":"mutisme","status":"publish","type":"page","link":"https:\/\/auto-coaching.fr\/index.php\/mutisme\/","title":{"rendered":"Mutisme&#8230;"},"content":{"rendered":"<p>Voil\u00e0 une bonne dizaine de jours que je ne vous ai pas donn\u00e9 de nouvelles. La semaine derni\u00e8re on m&#8217;a envoy\u00e9 quelques messages sympathiques :  <\/p>\n<ul>\n<li>Pas de nouvelles bonnes nouvelles ?\n<li>Vous vous reposez sur vos lauriers ?\n<li>Quel silence assourdissant !<\/li>\n<\/ul>\n<p>Rassurez-vous, je ne suis pas parti avec la caisse ;-). Je vous ai pr\u00e9par\u00e9 quelques articles autour de th\u00e9matiques fortes, et je dois avouer que malgr\u00e9 mon exp\u00e9rience, l&#8217;\u00e9criture et douloureuse&#8230; \u00c7a m&#8217;arrive parfois, lorsque je me dis que je serai mal interpr\u00e9t\u00e9. Car il y a toujours une diff\u00e9rence entre ce que j\u2019\u00e9cris et ce que vous lisez. Ne serais-ce que parce que je passe 3 heures en moyenne \u00e0 \u00e9crire l\u2019article, et que vous y passez 3 \u00e0 7 minutes.  <\/p>\n<p>J\u2019aimerais donc que vous compreniez, gr\u00e2ce \u00e0 cette introduction, que les choix que j\u2019ai fait ne sont pas faciles, et par cons\u00e9quent, ma Communication s\u2019en trouve affect\u00e9e.  <\/p>\n<h2>Mon probl\u00e8me<\/h2>\n<p>Mes prochains textes ont pour th\u00e9matique <strong>la reconnaissance<\/strong>. Il s&#8217;agit de distribuer des r\u00e9compenses aux participants du PWYW. Mais je me demande si je dois envoyer ces articles \u00e0 tous mes lecteurs ? N&#8217;est-ce pas cynique d&#8217;annoncer \u00e0 ceux qui n&#8217;ont pas particip\u00e9 :  <\/p>\n<p>&#8211; Regardez tout ce que vous auriez pu gagner, si vous aviez fait un petit effort !  <\/p>\n<p align=\"center\">???  <\/p>\n<p>Je n&#8217;ai pas cr\u00e9\u00e9 TIME-COACH pour mettre en valeur une \u00e9lite de quelques dizaines de personnes au d\u00e9triment de plusieurs milliers. Je me suis donc retrouv\u00e9 face \u00e0 ce dilemme :  <\/p>\n<ul>\n<li>Si je diffuse ces articles \u00e0 tout le monde, je vais faire des d\u00e9\u00e7us chez ceux qui n&#8217;ont pas particip\u00e9 : ce n&#8217;est pas coh\u00e9rent avec ma mission !\n<li>Si je diffuse ces articles aux seuls gagnants, je prive la majeure partie de mes lecteurs de la conclusion de cet auto-coaching printanier,consacr\u00e9 \u00e0 la proactivit\u00e9 : ce n&#8217;est pas mieux !<\/li>\n<\/ul>\n<p>Il reste, bien s\u00fbr la solution de se d\u00e9filer&#8230; De continuer TIME-COACH comme si de rien n&#8217;\u00e9tait. Mais si je n&#8217;offre pas les cadeaux que j&#8217;avais l&#8217;intention d&#8217;offrir, je vais garder un <strong>sentiment d&#8217;inachev\u00e9<\/strong> qui risque de me hanter \u00e0 chaque fois que je vais vous \u00e9crire quelque chose.  <\/p>\n<h2>Que faire ?<\/h2>\n<p>Des valeurs, des croyances et des \u00e9motions s&#8217;affrontent ! Elles cr\u00e9ent une sorte d&#8217;embouteillage qui m&#8217;emp\u00eache d&#8217;aller de l&#8217;avant. Certains d&#8217;entre vous me diront :  <\/p>\n<p>&#8211; Mais faites-le St\u00e9phane ! Je n&#8217;ai pas particip\u00e9 au PWYW, mais j&#8217;ai de la curiosit\u00e9 pour cette conclusion. Je vais s\u00fbrement d\u00e9couvrir quelque chose d&#8217;int\u00e9ressant.  <\/p>\n<p>Tandis que d&#8217;autres me diront :  <\/p>\n<p>&#8211; Je ne vois pas dans quel int\u00e9r\u00eat vous m&#8217;envoyez des courriers qui \u00e9talent des cadeaux que je ne recevrai pas ! Vous avez dit le mot juste : c&#8217;est cynique ! Adressez-les uniquement \u00e0 ceux que vous appelez \u00ables gagnants\u00bb, et revenez \u00e0 la raison de mon inscription : <strong>la gestion du temps !<\/strong>  <\/p>\n<p>Voyez, je ne peux m\u00eame pas vous poser la question, car je sais d&#8217;avance que je vais recevoir ces deux types de r\u00e9ponses&#8230; Je suis oblig\u00e9 de sortir de ce dilemme tout seul ! Une solitude qui se traduit par le mutisme de ces derniers jours&#8230;  <\/p>\n<h2>St\u00e9phane de LA FONTAINE<\/h2>\n<p>Vous vous dites peut-\u00eatre que je raconte ma vie ! Si c&#8217;est le cas, nous avons un v\u00e9ritable probl\u00e8me depuis le d\u00e9but : vous n&#8217;avez pas compris de quelle fa\u00e7on je m\u00e8ne ce programme&#8230; Je vais donc profiter de la situation pour vous l&#8217;expliquer :  <\/p>\n<p>Comme vous le savez, <b>Jean de LA FONTAINE se servait des animaux pour instruire les hommes<\/b>. Chaque animal repr\u00e9sente un personnage pr\u00e9cis ou un type de personnalit\u00e9. Chaque sc\u00e8ne repr\u00e9sente un environnement ou une ambiance particuli\u00e8re. Chaque rencontre a du sens&#8230; Eh bien, en ce qui me concerne, <b>je me sers de TIME-COACH pour inspirer les auto-coachs<\/b>. Je ne raconte pas ma vie : je pr\u00e9sente des concepts auxquels des \u00eatres sensibles et intelligents se confrontent r\u00e9guli\u00e8rement.  <\/p>\n<p>Mon probl\u00e8me concerne TIME-COACH, mais si vous l\u2019observez attentivement, vous constaterez que le <strong>\u00abmod\u00e8le\u00bb<\/strong> expos\u00e9 vous est familier, car c\u2019est un \u00abcas d\u2019\u00e9cole\u00bb dans la vie d\u2019un d\u00e9cisionnaire, du chef de famille au grand patron. La psychologie cognitive-comportementale l&#8217;a clairement identifi\u00e9, en partant des sympt\u00f4mes : le mutisme, avec une tendance \u00e0 se plaindre \u00abdes autres\u00bb, ce qui entraine une procrastination, que seule la contrainte peut casser (parfois avec pertes et fracas).  <\/p>\n<p>Dans les cas th\u00e9rapeutiques les plus graves (schizophr\u00e9nie, bipolarit\u00e9, etc.), le mutisme peut aller jusqu&#8217;\u00e0 se recroqueviller en position f\u0153tale, et toute tentative de communication peut provoquer de la violence, surtout en vers soi-m\u00eame (scarification, crise clastique, etc.).  <\/p>\n<p>Mais oublions ces cas pathologiques extr\u00eames pour revenir \u00e0 l\u2019auto-coaching et aux d\u00e9cideurs du quotidien : savez-vous quel nom on donne \u00e0 ce type de \u00abcas de conscience\u00bb ? J&#8217;en ai parl\u00e9 dans TIME-COACH il y a longtemps&#8230; Le mod\u00e8le g\u00e9n\u00e9ral de la tourmente int\u00e9rieure est le suivant :  <\/p>\n<ol>\n<li>Si je fais cette chose, j\u2019en subirai les cons\u00e9quences !\n<li>Si je fais l&#8217;inverse (ou l\u2019alternative), ce ne sera pas mieux !\n<li>Et si j&#8217;essaye d&#8217;ignorer le probl\u00e8me, il me reviendra en pleine figure, et se repr\u00e9sentera de la m\u00eame fa\u00e7on ! JE DOIS AGIR, mais que faire ?\n<li>Et on reboucle en reprenant le raisonnement en (1), en consacrant une Energie incroyable au probl\u00e8me (alors que la solution est beaucoup moins gourmande).<\/li>\n<\/ol>\n<h2>Comment sortir de la boucle<\/h2>\n<p>Le coaching permet de trouver des solution pour passer \u00e0 l\u2019action malgr\u00e9 ce sentiment \u00abperdant d\u2019avance\u00bb, notamment gr\u00e2ce \u00e0 la Programmation Neuro Linguistique (PNL), et \u00e0 l\u2019Analyse Transactionnelle.<\/p>\n<p><strong>Tout commence par l&#8217;identification du probl\u00e8me<\/strong> : il convient de le nommer&#8230; De le verbaliser sous la forme \u00abje suis en train de vivre un&#8230; ou une &#8230;\u00bb. Ensuite, on peut commencer \u00e0 entamer un travail passionnant bas\u00e9 sur la cr\u00e9ativit\u00e9. C&#8217;est une peu ce que je suis en train de faire !<\/p>\n<p>Si la psychologie est votre dada, si vous \u00eates coach, ou tout simplement passionn\u00e9(e) de D\u00e9veloppement Personnel, vous avez certainement identifi\u00e9 cette souffrance int\u00e9rieure. <strong>Quel nom porte-t-elle ?<\/strong> Que ce soit en fran\u00e7ais ou en anglais, pouvez-vous la citer (en laissant un commentaire public de pr\u00e9f\u00e9rence).<\/p>\n<p>Apr\u00e8s quoi, je vous proposerai une solution de sortie.<\/p>\n<p>Votre commentaire sera enregistr\u00e9, mais il n\u2019appara\u00eetra qu\u2019\u00e0 16h00. Il y a donc deux rendez-vous pour deux publics distincts :<\/p>\n<ul>\n<li>Si vous connaissez la r\u00e9ponse, vous pouvez la publier imm\u00e9diatement (ou avant 16h00).\n<li>Si vous ne savez pas de quoi il s&#8217;agit, vous pourrez lire les commentaires \u00e0 partir de 16h00 (un rendez-vous int\u00e9ressant \u00e0 noter dans votre agenda).<\/li>\n<\/ul>\n<p>A++<\/p>\n<p><strong>St\u00e9phane SOLOMON<\/strong><\/p>\n<!--themify_builder_content-->\n<div id=\"themify_builder_content-1566\" data-postid=\"1566\" class=\"themify_builder_content themify_builder_content-1566 themify_builder tf_clear\">\n    <\/div>\n<!--\/themify_builder_content-->\n","protected":false},"excerpt":{"rendered":"<p>Voil\u00e0 une bonne dizaine de jours que je ne vous ai pas donn\u00e9 de nouvelles. La semaine derni\u00e8re on m&#8217;a envoy\u00e9 quelques messages sympathiques : Pas de nouvelles bonnes nouvelles ? Vous vous reposez sur vos lauriers ? Quel silence assourdissant ! Rassurez-vous, je ne suis pas parti avec la caisse ;-). Je vous ai [&hellip;]<\/p>\n","protected":false},"author":1,"featured_media":0,"parent":0,"menu_order":0,"comment_status":"open","ping_status":"open","template":"","meta":[],"builder_content":"","_links":{"self":[{"href":"https:\/\/auto-coaching.fr\/index.php\/wp-json\/wp\/v2\/pages\/1566"}],"collection":[{"href":"https:\/\/auto-coaching.fr\/index.php\/wp-json\/wp\/v2\/pages"}],"about":[{"href":"https:\/\/auto-coaching.fr\/index.php\/wp-json\/wp\/v2\/types\/page"}],"author":[{"embeddable":true,"href":"https:\/\/auto-coaching.fr\/index.php\/wp-json\/wp\/v2\/users\/1"}],"replies":[{"embeddable":true,"href":"https:\/\/auto-coaching.fr\/index.php\/wp-json\/wp\/v2\/comments?post=1566"}],"version-history":[{"count":7,"href":"https:\/\/auto-coaching.fr\/index.php\/wp-json\/wp\/v2\/pages\/1566\/revisions"}],"predecessor-version":[{"id":1573,"href":"https:\/\/auto-coaching.fr\/index.php\/wp-json\/wp\/v2\/pages\/1566\/revisions\/1573"}],"wp:attachment":[{"href":"https:\/\/auto-coaching.fr\/index.php\/wp-json\/wp\/v2\/media?parent=1566"}],"curies":[{"name":"wp","href":"https:\/\/api.w.org\/{rel}","templated":true}]}}