{"id":1580,"date":"2014-05-30T20:40:07","date_gmt":"2014-05-30T18:40:07","guid":{"rendered":"http:\/\/www.auto-coaching.fr\/?page_id=1580"},"modified":"2014-05-30T20:55:28","modified_gmt":"2014-05-30T18:55:28","slug":"attraction","status":"publish","type":"page","link":"https:\/\/auto-coaching.fr\/index.php\/attraction\/","title":{"rendered":"Attraction"},"content":{"rendered":"<p>Cette vid\u00e9o est tr\u00e8s connue : plus de 32 millions de vues sur Youtube. On pourrait juste s\u2019arr\u00eater sur l\u2019art et s\u2019extasier : c\u2019est magnifique !<\/p>\n<p>Mais la raison pour laquelle je partage ce petit clip de 4 minutes n\u2019est pas uniquement artistique. Nous sommes dans un cadre de coaching, ce qui signifie que le regard que je vous propose de poser n\u2019est pas le m\u00eame que celui des spectateurs qui se trouvent dans la salle.<\/p>\n<p>Vous pourriez me r\u00e9pondre que ce que je viens d\u2019\u00e9crire est une \u00e9vidence :<\/p>\n<p>&#8211; Evidemment, St\u00e9phane, je le sais ! Lorsque vous nous envoyez quelque chose il y a toujours une \u00abdimension coaching\u00bb ou une invitation de D\u00e9veloppement Personnel. Ne vous justifiez pas ! J\u2019ai bien compris quelle grille de lecture il convient d\u2019adopter pour profiter de vos partages&#8230;<\/p>\n<p>C\u2019est bien ! Mais saviez-vous que certaines personnes ne parviennent pas \u00e0 le faire ?<\/p>\n<p>Explication :<\/p>\n<div id=\"scid:5737277B-5D6D-4f48-ABFC-DD9C333F4C5D:ce7a9731-aa92-4676-b744-791b566ce464\" class=\"wlWriterEditableSmartContent\" style=\"float: none; padding-bottom: 0px; padding-top: 0px; padding-left: 0px; margin: 0px; display: inline; padding-right: 0px\">\n<div><object width=\"553\" height=\"311\"><param name=\"movie\" value=\"http:\/\/www.youtube.com\/v\/a4Fv98jttYA?hl=en&amp;hd=1\"><\/param><\/object><\/div>\n<\/div>\n<p>Lien original : <a href=\"https:\/\/www.youtube.com\/watch?v=a4Fv98jttYA\">https:\/\/www.youtube.com\/watch?v=a4Fv98jttYA<\/a><\/p>\n<h2>Qu\u2019est-ce que \u00e7a vous inspire ?<\/h2>\n<p>Si je ne prenais pas de pr\u00e9cautions pour rappeler dans quel cadre nous \u00e9voluons, on commenterait cette vid\u00e9o comme ceci :<\/p>\n<ul>\n<li>C\u2019est joli&#8230; J\u2019en ai les larmes aux yeux !\n<li>Je ne supporte pas ce type d\u2019\u00e9missions ! Les jur\u00e9s font trop de cin\u00e9ma !\n<li>Je n\u2019aime pas la danse. J\u2019ai tout de suite d\u00e9croch\u00e9&#8230;\n<li>Je connaissais cette vid\u00e9o, mais \u00e7a fait toujours plaisir de la revoir.<\/li>\n<\/ul>\n<p>Si vous voulez inscrire ce genre de commentaires, vous pouvez le faire sur Youtube. Suivez le lien original, et joignez-vous au courant qui transporte les spectateurs&#8230; C\u2019est fait pour \u00e7a !<\/p>\n<p>Mais en dehors de ce j\u2019aime\/j\u2019aime pas&#8230; Je suis \u00e9mu positivement\/n\u00e9gativement&#8230; Je le savais\/savais pas&#8230; qu\u2019est-ce qu\u2019un auto-coach pourrait se mettre sous la dent en observant ce genre de choses. Qu\u2019est-ce que \u00e7a inspire au cr\u00e9atif qui est en vous, ici et maintenant, m\u00eame si vous n\u2019aimez pas la danse, la t\u00e9l\u00e9 ou les britanniques, et m\u00eame si c\u2019est la dixi\u00e8me fois que vous d\u00e9couvrez cette vid\u00e9o ?<\/p>\n<p>Allez ! Je vais vous aider ! Supposons que j\u2019aie d\u2019\u00e9normes difficult\u00e9s en ce moment avec l\u2019une de mes \u00e9quipes. Impossible de trouver un accord, la moindre coordination \u00e9choue, la Communication est d\u00e9licate, etc. Je regarde cette vid\u00e9o, et je n\u2019en crois pas mes yeux ! Cette troupe est extraordinaire :<\/p>\n<ul>\n<li>Chacun est \u00e0 sa place\n<li>Le num\u00e9ro est parfaitement maitris\u00e9\n<li>Le public est sous le charme\n<li>Les danseurs transpirent de Bonheur \u00e0 la fin<\/li>\n<\/ul>\n<p>Quelle \u00e9quipe !!! Ca existe !! Pour de vrai ! Ce n\u2019est pas un conte, il n\u2019y a aucun trucage : la magie op\u00e8re entre des hommes et des femmes de bonne volont\u00e9 !<\/p>\n<p>C\u2019EST POSSIBLE ! Je peux en faire autant dans mon entreprise ! Il y a forc\u00e9ment une solution : aussi magique que \u00e7a paraisse, c\u2019est r\u00e9aliste !<\/p>\n<p>Comprenez-moi bien : je ne vais pas demander \u00e0 mon assistante de faire la roue, \u00e0 mon informaticien de faire le grand \u00e9cart, ni faire appel \u00e0 un chor\u00e9graphe pour aider mon comptable \u00e0 se d\u00e9hancher. Je vais m\u2019INSPIRER de ce que je vois pour l\u2019ADAPTER \u00e0 ma situation. Je vais CREER une synchronicit\u00e9 entre ce qui me pr\u00e9occupe et ce qui m\u2019est envoy\u00e9 via cette Newsletter que J\u2019AI CHOISIE. Je vais faire en sorte que cette vid\u00e9o tombe \u00e0 pic pour moi !<\/p>\n<p>Concr\u00e8tement, au del\u00e0 du r\u00eave, je vais organiser une r\u00e9union, projeter ce film, puis le commenter pour expliquer \u00e0 mon \u00e9quipe que ce que j\u2019attends c\u2019est quelque chose d\u2019\u00e9quivalent : je veux une bonne \u00e9quipe ! Ca prendra du temps, \u00e7a demandera beaucoup d\u2019efforts, mais regardez ce que \u00e7a donne au bout ! Soyez de bonne volont\u00e9 ! Donnez-moi des id\u00e9es ! On va monter quelque chose de spectaculaire ! Je tiens \u00e0 ce que ce soit avec vous ! Je tiens \u00e0 vous ! On peut y arriver ENSEMBLE !<\/p>\n<p>Ensuite, je vais regarder cette vid\u00e9o chaque matin, et je ne verrai plus de danseurs. Je verrai mon \u00e9quipe en train de s\u2019\u00e9clater et offrir un spectacle innovant \u00e0 mes clients, envout\u00e9s, subjugu\u00e9s\u2026 Jusqu\u2019au moment o\u00f9 ce sera vrai !<\/p>\n<p>&#8212;<\/p>\n<p>Supposons que je n\u2019aie aucun probl\u00e8me avec mon \u00e9quipe, mais je suis \u00e0 la recherche d\u2019une identit\u00e9 visuelle pour mon entreprise. On m\u2019a envoy\u00e9 des dizaines de propositions, mais rien ne m\u2019a transport\u00e9. Par contre, ce jeu d\u2019ombres et de lumi\u00e8res me donne des frissons&#8230; J\u2019en profite tout de suite ! J\u2019envoie le lien \u00e0 mon graphiste et je le dis que je veux \u00abun truc comme \u00e7a\u00bb ! Ensuite, je laisse faire l\u2019artiste&#8230;<\/p>\n<p>Vous comprenez ? Je profite de ce que je re\u00e7ois dans TIME-COACH et ses annexes, non pas parce que St\u00e9phane est sympa ou cr\u00e9atif ou foufou, mais parce que je sais que ce qu\u2019il m\u2019envoie, ce n\u2019est pas innocent ! C\u2019est productif, et je m\u2019autorise \u00e0 \u00eatre cr\u00e9atif et r\u00e9actif&#8230;<\/p>\n<p>Evidemment, je ne m\u2019attends pas \u00e0 ce que tous mes lecteurs soient transport\u00e9s \u00e0 chaque fois. Parfois, rien \u00e7a fait un flop. Mais comprenez que ce que je vous envoie est fait pour vous aider \u00e0 vous d\u00e9passer dans le cadre de VOS OBJECTIFS.<\/p>\n<p>J\u2019ai la technique, mais le miracle viendra de vous. Racontez-moi vos miracles&#8230;<\/p>\n<p>A++<\/p>\n<p><strong>St\u00e9phane SOLOMON<\/strong><\/p>\n<!--themify_builder_content-->\n<div id=\"themify_builder_content-1580\" data-postid=\"1580\" class=\"themify_builder_content themify_builder_content-1580 themify_builder tf_clear\">\n    <\/div>\n<!--\/themify_builder_content-->\n","protected":false},"excerpt":{"rendered":"<p>Cette vid\u00e9o est tr\u00e8s connue : plus de 32 millions de vues sur Youtube. On pourrait juste s\u2019arr\u00eater sur l\u2019art et s\u2019extasier : c\u2019est magnifique ! Mais la raison pour laquelle je partage ce petit clip de 4 minutes n\u2019est pas uniquement artistique. Nous sommes dans un cadre de coaching, ce qui signifie que le [&hellip;]<\/p>\n","protected":false},"author":1,"featured_media":0,"parent":0,"menu_order":0,"comment_status":"open","ping_status":"open","template":"","meta":[],"builder_content":"","_links":{"self":[{"href":"https:\/\/auto-coaching.fr\/index.php\/wp-json\/wp\/v2\/pages\/1580"}],"collection":[{"href":"https:\/\/auto-coaching.fr\/index.php\/wp-json\/wp\/v2\/pages"}],"about":[{"href":"https:\/\/auto-coaching.fr\/index.php\/wp-json\/wp\/v2\/types\/page"}],"author":[{"embeddable":true,"href":"https:\/\/auto-coaching.fr\/index.php\/wp-json\/wp\/v2\/users\/1"}],"replies":[{"embeddable":true,"href":"https:\/\/auto-coaching.fr\/index.php\/wp-json\/wp\/v2\/comments?post=1580"}],"version-history":[{"count":3,"href":"https:\/\/auto-coaching.fr\/index.php\/wp-json\/wp\/v2\/pages\/1580\/revisions"}],"predecessor-version":[{"id":1583,"href":"https:\/\/auto-coaching.fr\/index.php\/wp-json\/wp\/v2\/pages\/1580\/revisions\/1583"}],"wp:attachment":[{"href":"https:\/\/auto-coaching.fr\/index.php\/wp-json\/wp\/v2\/media?parent=1580"}],"curies":[{"name":"wp","href":"https:\/\/api.w.org\/{rel}","templated":true}]}}