{"id":1589,"date":"2014-06-06T20:29:51","date_gmt":"2014-06-06T18:29:51","guid":{"rendered":"http:\/\/www.auto-coaching.fr\/?page_id=1589"},"modified":"2014-06-06T20:48:47","modified_gmt":"2014-06-06T18:48:47","slug":"attraction-2","status":"publish","type":"page","link":"https:\/\/auto-coaching.fr\/index.php\/attraction-2\/","title":{"rendered":"Attraction 2"},"content":{"rendered":"<p>La semaine derni\u00e8re je vous ai envoy\u00e9 une vid\u00e9o qui, si on d\u00e9cide de s\u2019arr\u00eater au \u00abm\u2019as-tu vu ?\u00bb, \u00e9tait juste un spectacle de danse dans une \u00e9mission o\u00f9 tout le monde fait son show. On pouvait aussi se contenter d\u2019admirer l\u2019art&#8230; Ce qui est d\u00e9j\u00e0 mieux, m\u00eame si ce n\u2019\u00e9tait pas le sens premier de ma d\u00e9marche.  <\/p>\n<p>En fait, ce que j\u2019attends de vous, c\u2019est que vous jouiez au jeu de l\u2019auto-coach. Il y avait donc un PLUS \u00e0 aller chercher&#8230; Ca ne vient pas tout seul.&nbsp; <\/p>\n<p>Merci \u00e0 tous ceux qui ont jou\u00e9 le jeu. C\u2019\u00e9tait tr\u00e8s int\u00e9ressant et riche de SENS !  <\/p>\n<p>L\u2019id\u00e9e est simple : du moment que je vous envoie quelque chose, <strong>quoi que ce soit<\/strong>, dites-vous que c\u2019est dans le cadre d\u2019un D\u00e9veloppement Personnel. Oubliez l\u2019impression de surface ! Ajoutez-y votre PLUS-PLUS !  <\/p>\n<div class=\"dialogue\">\n<p>&#8211; Toujours ???<\/p>\n<p>&#8211; Oui, Toujours !!!<\/p>\n<p>&#8211; M\u00eame si votre article semble raconter une histoire personnelle ?<\/p>\n<p>&#8211; Oui ! Dites-vous que mon but n\u2019est pas de collecter des bravos, mais de vous pousser \u00e0 l\u2019action.<\/p>\n<p>&#8211; M\u00eame si je suis ath\u00e9e et vous parlez de D.ieu<\/p>\n<p>&#8211; Oui ! Et m\u00eame si vous croyez en D.ieu et je vous parle de Darwin !<\/p>\n<p>&#8211; M\u00eame lorsque vous nous parlez d\u2019argent ?<\/p>\n<p>&#8211; M\u00eame !!! Il est rare que je parle uniquement d\u2019argent. M\u00eame dans le programme RICHE-ATTITUDE, je ne l\u2019ai jamais fait.<\/p>\n<\/div>\n<p>Ce que je vous propose comme attitude fonctionne avec un bon groupe. C\u2019est super ! Je pense que le PWYW, le gorille, et tout ce qui en d\u00e9coule y a beaucoup contribu\u00e9. Mais \u00e7a reste un exercice difficile pour certains lecteurs&#8230;<\/p>\n<h2>Je suis tr\u00e8s contrari\u00e9 !<\/h2>\n<p>A chaque fois que j\u2019\u00e9cris un truc qui invite \u00e0 davantage de profondeur, on dirait qu\u2019il y a toujours quelqu\u2019un qui fait expr\u00e8s de me ramener au premier degr\u00e9 ! Par exemple, dans mon pr\u00e9c\u00e9dent article, je vous ai d\u00e9crit mon partenariat avec Franck NICOLAS, en toute transparence&#8230; J\u2019ai pris soin de ne pas parler uniquement d\u2019argent. Et pourtant j\u2019ai re\u00e7u ceci de G\u00e9rard : <\/p>\n<div class=\"dialogue\">\n<p>Bonjour St\u00e9phane,  <\/p>\n<p>Tu nous gonfles avec tes tours et tes contours sur tes histoires d\u2019argent ! <\/p>\n<\/div>\n<p>Grrrr&#8230;  <\/p>\n<p>Voici ma r\u00e9ponse :<\/p>\n<p>&#8212;&#8212;&#8212;&#8212;&#8212;&#8212;&#8212;  <\/p>\n<p>Bonjour G\u00e9rard,  <\/p>\n<p>Tu as \u00e9crit : \u00abTu <strong>nous<\/strong> gonfles\u00bb ?  <\/p>\n<p>Je ne sais pas qui est ce \u00abNOUS\u00bb que tu repr\u00e9sentes. En tout cas, j\u2019ai d\u2019autres \u00abNOUS\u00bb qui ont lu dans cet article bien plus qu\u2019une histoire de pognon. Par exemple :  <\/p>\n<ul>\n<li>Pourquoi opposer des choses qui ne sont pas opposables (int\u00e9ress\u00e9 et honn\u00eate)\n<li>Deux pr\u00e9textes qui emp\u00eachent d\u2019aller de l\u2019avant (le fait qu\u2019une autre personnes en profite ou n\u2019en profit pas, alors que le but est que vous en profitiez)\n<li>La notion de CHOIX (une th\u00e9matique forte en coaching : pourquoi mettre 600\u20ac (au bas mot) dans un t\u00e9l\u00e9phone portable, et trouver que 39\u20ac, c\u2019est trop cher pour augmenter sa confiance en soi ?\n<li>Le concept du Gagnant-Gagnant, sur lequel je suis intarissable\n<li>Le fait que je s\u00e9lectionne mes produits avant de les vendre.\n<li>Un recadrage sur la vision qu\u2019on peut avoir sur ce type de partenariat (suis-je seulement un vendeur ou d\u2019une certaine mani\u00e8re, le commanditaire) ?\n<li>Le fait que beaucoup de lecteurs (dont toi), n\u2019aient trouv\u00e9 d\u2019int\u00e9ressant dans mon travail, que sa gratuit\u00e9 ! \u00c7a m\u00e9rite r\u00e9flexion&#8230; <\/li>\n<\/ul>\n<p>Je t\u2019invite tout simplement \u00e0 me lire comme tu lirais Jean De LA FONTAINE, qui nous gonfle avec ses animaux !  <\/p>\n<p>Change de prisme de lecture, et relis quelques messages du pass\u00e9. Tu verras qu\u2019il y a du SENS qui t\u2019a \u00e9chapp\u00e9. Une deuxi\u00e8me lecture leur donnera une dimension \u00abcoaching\u00bb. C\u2019est la raison pour laquelle tu es l\u00e0, et la raison pour laquelle j\u2019\u00e9cris.  <\/p>\n<p>En tout et pour tout, tu t\u2019es manifest\u00e9 2 fois dans TIME-COACH : la premi\u00e8re fois, il y a une dizaine de jours, pour me dire que mon Double-Bind \u00e9tait du cin\u00e9ma ! La deuxi\u00e8me fois pour me dire que je te gonfle avec mes histoires d\u2019argent&#8230; Or tu me lis depuis le 18\/10\/2010. Donc j\u2019imagine qu\u2019avant de te contrarier avec mes histoires, je t\u2019ai \u00e9t\u00e9 utile.  <\/p>\n<p>Pourquoi ne me l\u2019as-tu jamais dit ? <strong>Tu m\u2019as manqu\u00e9 pendant tout ce temps !<\/strong> Pourquoi m\u2019\u00e9cris-tu seulement quand je suis un salaud qui ne pense qu\u2019au fric ???  <\/p>\n<p>Allez ! Je te lances un d\u00e9fi : je te propose de m\u2019\u00e9crire un truc sympa ! Dis-moi quel article t\u2019a vraiment \u00e9t\u00e9 utile, et je te promets que je t\u2019en \u00e9crirai un autre du m\u00eame type.  <\/p>\n<p>Gr\u00e2ce \u00e0 ton intervention, j\u2019ai compris que<strong> tu n\u2019aimes pas<\/strong> les histoires d\u2019argent. Mais qu\u2019est-ce que <strong>tu aimes<\/strong> ??? Et plus g\u00e9n\u00e9ralement, lorsque tu aimes les gens, dis-le leur ! N\u2019attends pas le moment o\u00f9 ils deviennent d\u00e9testables pour t\u2019exprimer. L\u2019analyse de la r\u00e9action que tu viens d\u2019avoir dans TIME-COACH peut te servir dans la vraie vie ! Sinon je perds ma fonction&#8230;  <\/p>\n<p>J\u2019attends ton \u00abJ\u2019aime&#8230;\u00bb  <\/p>\n<p>A++  <\/p>\n<p>St\u00e9phane<\/p>\n<p>&#8212;&#8212;&#8212;&#8212;&#8212;&#8212;&#8212;<\/p>\n<p>Si j\u2019ai r\u00e9pondu publiquement, c\u2019est que je ne m\u2019adresse pas qu\u2019\u00e0 G\u00e9rard, mais \u00e0 tous les lecteurs qui ne voient qu\u2019une histoire d\u2019argent dans mes propos, d\u00e8s que je parle d\u2019argent, alors que j\u2019\u00e9voque tant d\u2019autres choses (comme ce fut le cas avec le PWYW).<\/p>\n<h2>Technique : la fonction de l\u2019art<\/h2>\n<h2><\/h2>\n<h2><\/h2>\n<p>Je sais que ce que je demande n\u2019est pas toujours facile. Je sais que l\u2019argent est un sujet d\u00e9licat, autant que le sexe, la politique ou la religion. Mais est-ce une raison pour se laisser submerger par ses \u00e9motions et ignorer tout ce qui se passe autour ?<\/p>\n<blockquote>\n<p>Peut-\u00eatre avez-vous besoin d\u2019\u00e9motions fortes, comme un artiste priv\u00e9 d\u2019art&#8230; Il y a une telle frustration, qu\u2019il cherche l\u2019\u00e9motion partout ! M\u00eame l\u00e0 o\u00f9 elle devrait \u00eatre sous contr\u00f4le&#8230;<\/p>\n<\/blockquote>\n<p>Voici ma proposition : si vous avez besoin d\u2019\u00e9motions, je vous recommande de vous cultiver autour d\u2019un art ou de plusieurs arts. Faites-le vraiment ! Mieux : devenez artiste pour exprimer VOTRE art. C\u2019est un domaine o\u00f9 l\u2019\u00e9motion aspire \u00e0 s\u2019exprimer !<\/p>\n<p>L\u2019exercice que je vous ai propos\u00e9 la semaine derni\u00e8re \u00e9tait difficile. Comment faire abstraction de toute cette beaut\u00e9 quand on est submerg\u00e9 d\u2019\u00e9motions ? Quand l\u2019attraction est si forte, comment garder le contr\u00f4le ?&#8230;<\/p>\n<p>Si vous y \u00eates arriv\u00e9(e), Bravo ! A pr\u00e9sent, d\u00e9tendez-vous&nbsp; :<\/p>\n<div id=\"scid:5737277B-5D6D-4f48-ABFC-DD9C333F4C5D:09c6a58e-01bb-49c5-95c7-27cf2ac07a0a\" class=\"wlWriterSmartContent\" style=\"float: none; padding-bottom: 0px; padding-top: 0px; padding-left: 0px; margin: 0px; display: inline; padding-right: 0px\"><\/div>\n<p>Source originale : <a title=\"https:\/\/www.youtube.com\/watch?v=mEYduzx3ef4\" href=\"https:\/\/www.youtube.com\/watch?v=mEYduzx3ef4\">https:\/\/www.youtube.com\/watch?v=mEYduzx3ef4<\/a><\/p>\n<!--themify_builder_content-->\n<div id=\"themify_builder_content-1589\" data-postid=\"1589\" class=\"themify_builder_content themify_builder_content-1589 themify_builder tf_clear\">\n    <\/div>\n<!--\/themify_builder_content-->\n","protected":false},"excerpt":{"rendered":"<p>La semaine derni\u00e8re je vous ai envoy\u00e9 une vid\u00e9o qui, si on d\u00e9cide de s\u2019arr\u00eater au \u00abm\u2019as-tu vu ?\u00bb, \u00e9tait juste un spectacle de danse dans une \u00e9mission o\u00f9 tout le monde fait son show. On pouvait aussi se contenter d\u2019admirer l\u2019art&#8230; Ce qui est d\u00e9j\u00e0 mieux, m\u00eame si ce n\u2019\u00e9tait pas le sens premier [&hellip;]<\/p>\n","protected":false},"author":1,"featured_media":0,"parent":0,"menu_order":0,"comment_status":"open","ping_status":"open","template":"","meta":[],"builder_content":"","_links":{"self":[{"href":"https:\/\/auto-coaching.fr\/index.php\/wp-json\/wp\/v2\/pages\/1589"}],"collection":[{"href":"https:\/\/auto-coaching.fr\/index.php\/wp-json\/wp\/v2\/pages"}],"about":[{"href":"https:\/\/auto-coaching.fr\/index.php\/wp-json\/wp\/v2\/types\/page"}],"author":[{"embeddable":true,"href":"https:\/\/auto-coaching.fr\/index.php\/wp-json\/wp\/v2\/users\/1"}],"replies":[{"embeddable":true,"href":"https:\/\/auto-coaching.fr\/index.php\/wp-json\/wp\/v2\/comments?post=1589"}],"version-history":[{"count":2,"href":"https:\/\/auto-coaching.fr\/index.php\/wp-json\/wp\/v2\/pages\/1589\/revisions"}],"predecessor-version":[{"id":1591,"href":"https:\/\/auto-coaching.fr\/index.php\/wp-json\/wp\/v2\/pages\/1589\/revisions\/1591"}],"wp:attachment":[{"href":"https:\/\/auto-coaching.fr\/index.php\/wp-json\/wp\/v2\/media?parent=1589"}],"curies":[{"name":"wp","href":"https:\/\/api.w.org\/{rel}","templated":true}]}}