{"id":16,"date":"2011-08-28T00:12:25","date_gmt":"2011-08-28T00:12:25","guid":{"rendered":"http:\/\/www.auto-coaching.fr\/?page_id=16"},"modified":"2011-08-28T00:17:36","modified_gmt":"2011-08-28T00:17:36","slug":"fixez-vos-objectifs","status":"publish","type":"page","link":"https:\/\/auto-coaching.fr\/index.php\/generalites\/fixez-vos-objectifs\/","title":{"rendered":"Fixez vos objectifs"},"content":{"rendered":"<p>Vous souhaitez gagner du temps. Ce n&#8217;est pas un r\u00eave ni une humeur du moment, c&#8217;est <em>une envie ardente<\/em>. Gagner du temps est tout \u00e0 fait possible et pendant cette quinzaine, nous allons identifier certaines habitudes pour y apporter les changements souhait\u00e9s. Parfois je vous livrerai des outils simples, ils seront applicables imm\u00e9diatement et le b\u00e9n\u00e9fice sera direct. D&#8217;autres fois, il faudra prendre de grandes d\u00e9cisions et faire des choix.<\/p>\n<p>Qu&#8217;est-ce qui vous aidera \u00e0 choisir ? Qu&#8217;est-ce qui va stimuler vos envies ? Qu&#8217;est-ce qui vous aidera \u00e0 prendre la bonne d\u00e9cision au bon moment ? <strong>Ce sont vos objectifs<\/strong>.<\/p>\n<h2>Fixez vos objectifs<\/h2>\n<p>Notre rapport au temps peut \u00eatre compar\u00e9 \u00e0 un rescap\u00e9 sur un radeau en plein oc\u00e9an. Soit il s&#8217;allonge, passif, en attendant les secours, au risque de se noyer au moindre remous ou de mourir de faim. Soit il fait face \u00e0 l&#8217;oc\u00e9an et \u00e9tablit une strat\u00e9gie pour survivre, avec la <strong>certitude absolue<\/strong> que les secours viendront ou qu&#8217;une terre n&#8217;est pas loin&#8230; Qu&#8217;est-ce qui va d\u00e9terminer son plan et qui canalisera son \u00e9nergie ? <strong>Ses objectifs<\/strong>.<\/p>\n<p>\u00ab\u00a0mais mon objectif est simple : je veux gagner du temps\u00a0! \u00bb, me r\u00e9pondrez-vous.<\/p>\n<p>Gagner du temps ou de l&#8217;argent, perdre quelques kilos&#8230; ne sont pas des <strong> objectifs<\/strong>. Pour agir, vous avez besoin de raisons pr\u00e9cises. Vous voulez avoir plus de temps <strong>POUR<\/strong> le consacrer \u00e0 votre famille, perdre du poids <strong>POUR<\/strong> vous sentir mieux dans votre peau, gagner plus d&#8217;argent <strong>POUR<\/strong> faire construire votre maison&#8230; Votre objectif est ce qui se trouve derri\u00e8re le mot <strong>POUR.<\/strong><\/p>\n<p>Demain je vais vous livrer un id\u00e9e simple. Elle vous permettra de gagner quelques heures par semaine. Combien ? Tout d\u00e9pend des raisons <strong>POUR<\/strong> lesquelles vous allez l&#8217;appliquer. Ces raisons vous appartiennent, personne ne peut les choisir \u00e0 votre place. Parmi ces raisons, on trouve : plus de loisirs, plus de productivit\u00e9 professionnelle, plus de disponibilit\u00e9 familiale, plus de spiritualit\u00e9, plus d&#8217;heures \u00e0 consacrer \u00e0 notre sant\u00e9&#8230; Tout d\u00e9pend de votre situation, votre \u00e2ge, votre parcours&#8230;<\/p>\n<p>Vous avez forc\u00e9ment des objectifs. A court, moyen ou long terme. Exprimez-les ! Vous n&#8217;avez pas besoin de les clamer en public ou de les revendiquer. Exprimez-les \u00e0 vous-m\u00eame !<\/p>\n<p>La technique la plus simple est de prendre une feuille et d&#8217;\u00e9crire : <strong>Je veux avoir plus de temps POUR &#8230;<\/strong><\/p>\n<p>Mais ce n&#8217;est pas la seule. C&#8217;est surtout une question de personnalit\u00e9 : certains exprimeront leurs objectifs \u00e0 haute voix, d&#8217;autres les chuchoteront sous forme de pri\u00e8re avant de dormir, d&#8217;autres encore feront des gestes devant un miroir. J&#8217;ai un ami qui s&#8217;\u00e9crit des e-mails \u00e0 lui m\u00eame, et \u00e7a marche ! Ce qui est important, c&#8217;est de rendre cette \u00e9tape formelle. C&#8217;est un engagement que vous prenez avec vous-m\u00eame. Un contrat moral qui vous permet d&#8217;ancrer ces objectifs.<\/p>\n<p>D\u00e9finissez plusieurs objectifs en variant les th\u00e8mes (travail, sant\u00e9, famille, loisirs, etc.). Ceci rendra chacun de vos objectifs plus r\u00e9aliste, car il faut un temps pour chaque chose.<\/p>\n<p>Vos objectifs seront vos compagnons de route : une \u00e9quipe d&#8217;experts o\u00f9 chacun a son r\u00f4le. Au moment de choisir entre plusieurs directions, il y aura un compagnon qui s&#8217;\u00e9criera : \u00ab\u00a0c&#8217;est par l\u00e0, suis-moi\u00a0!\u00a0\u00bb. Si vous vous mettez en danger, un autre compagnon, vous pr\u00e9viendra. Parfois, c&#8217;est le d\u00e9couragement qui se glissera dans votre parcours, et c&#8217;est un autre complice qui vous donnera l&#8217;\u00e9nergie dont vous aurez besoin pour vous relever.<\/p>\n<p>Prenez le temps de rassembler vos compagnons, cr\u00e9ez une bonne \u00e9quipe, et en route !<\/p>\n<p><strong>Ana\u00eblle CYRIL<\/strong><\/p>\n<!--themify_builder_content-->\n<div id=\"themify_builder_content-16\" data-postid=\"16\" class=\"themify_builder_content themify_builder_content-16 themify_builder tf_clear\">\n    <\/div>\n<!--\/themify_builder_content-->\n","protected":false},"excerpt":{"rendered":"<p>Vous souhaitez gagner du temps. Ce n&#8217;est pas un r\u00eave ni une humeur du moment, c&#8217;est une envie ardente. Gagner du temps est tout \u00e0 fait possible et pendant cette quinzaine, nous allons identifier certaines habitudes pour y apporter les changements souhait\u00e9s. Parfois je vous livrerai des outils simples, ils seront applicables imm\u00e9diatement et le [&hellip;]<\/p>\n","protected":false},"author":1,"featured_media":0,"parent":14,"menu_order":0,"comment_status":"closed","ping_status":"closed","template":"showcase.php","meta":[],"builder_content":"","_links":{"self":[{"href":"https:\/\/auto-coaching.fr\/index.php\/wp-json\/wp\/v2\/pages\/16"}],"collection":[{"href":"https:\/\/auto-coaching.fr\/index.php\/wp-json\/wp\/v2\/pages"}],"about":[{"href":"https:\/\/auto-coaching.fr\/index.php\/wp-json\/wp\/v2\/types\/page"}],"author":[{"embeddable":true,"href":"https:\/\/auto-coaching.fr\/index.php\/wp-json\/wp\/v2\/users\/1"}],"replies":[{"embeddable":true,"href":"https:\/\/auto-coaching.fr\/index.php\/wp-json\/wp\/v2\/comments?post=16"}],"version-history":[{"count":7,"href":"https:\/\/auto-coaching.fr\/index.php\/wp-json\/wp\/v2\/pages\/16\/revisions"}],"predecessor-version":[{"id":23,"href":"https:\/\/auto-coaching.fr\/index.php\/wp-json\/wp\/v2\/pages\/16\/revisions\/23"}],"up":[{"embeddable":true,"href":"https:\/\/auto-coaching.fr\/index.php\/wp-json\/wp\/v2\/pages\/14"}],"wp:attachment":[{"href":"https:\/\/auto-coaching.fr\/index.php\/wp-json\/wp\/v2\/media?parent=16"}],"curies":[{"name":"wp","href":"https:\/\/api.w.org\/{rel}","templated":true}]}}