{"id":160,"date":"2012-07-20T13:17:36","date_gmt":"2012-07-20T13:17:36","guid":{"rendered":"http:\/\/www.auto-coaching.fr\/?page_id=160"},"modified":"2012-07-20T13:18:12","modified_gmt":"2012-07-20T13:18:12","slug":"l-analyse-excessive-1-2","status":"publish","type":"page","link":"https:\/\/auto-coaching.fr\/index.php\/l-analyse-excessive-1-2\/","title":{"rendered":"L&rsquo;analyse excessive 1\/2"},"content":{"rendered":"<p>La gestion des priorit\u00e9s n&#8217;est pas toujours facile n&#8217;est-ce pas ? Savoir jongler entre ses besoins et ses envies est un v\u00e9ritable casse-t\u00eate : r\u00e9flexions, questionnements, recherches&#8230; <\/p>\n<p>C&#8217;est pourquoi nous avons tous des r\u00e8gles de conduite. Elles nous permettent de gagner du temps. Par exemple, supposons que vous receviez des publicit\u00e9s sur les promotions d&#8217;AMAZON (librairie en ligne). Certaines lectures vous attirent vraiment. Mais vous vous posez des questions : <\/p>\n<ul>\n<li>Est-ce assez s\u00e9curis\u00e9 ?\n<li>Est-ce aussi honn\u00eate que \u00e7a en a l&#8217;air ?\n<li>Est-ce que je peux trouver moins cher ailleurs ?\n<li>Est-ce que cet argent va me manquer ?\n<li>Est-ce que la livraison se fera dans les temps ?\n<li>N&#8217;est-ce pas un trahison vis \u00e0 vis de mon libraire ?\n<li>En librairie, je sais ce que j&#8217;emporte. Mais sur les sites, lorsqu&#8217;ils se trompent c&#8217;est la croix et la banni\u00e8re pour corriger la situation&nbsp; !\n<li>etc. <\/li>\n<\/ul>\n<p>C&#8217;est pourtant une d\u00e9cision simple. Il ne s&#8217;agit pas d&#8217;un grand revirement de votre vie, car vous savez o\u00f9 trouver vos livres. AMAZON est juste une option de facilit\u00e9. Mais visiblement, elle se complique lorsque vous devez passer \u00e0 l&#8217;action. <\/p>\n<h2>L&#8217;analyse excessive<\/h2>\n<p>On appelle ce questionnement \u00abl&#8217;analyse excessive\u00bb. C&#8217;est une situation o\u00f9 vous analysez sans fin quelque chose qui ne m\u00e9rite pas autant de temps. De plus, la r\u00e9ponse se r\u00e9sume \u00e0 OUI ou NON. Ensuite, vous savez comment faire. Alors pourquoi perdre votre temps ? <\/p>\n<p>A chaque fois que vous recevrez une publicit\u00e9, vous vous engagerez dans \u00abl&#8217;analyse excessive\u00bb&#8230; C&#8217;est une forme de procrastination. Vous ne pourrez obtenir vos r\u00e9ponses, car elles sont nombreuses, et bas\u00e9es sur des aprioris. Finalement, ce qui vous sauvera, c&#8217;est une interruption ! Un coup de fil viendra balayer tout \u00e7a. Apr\u00e8s quoi vous r\u00e9aliserez que vous n&#8217;avez plus le temps de vous poser des questions&#8230; <\/p>\n<p>Vous me direz que parfois, le questionnement m\u00e9rite du temps. Effectivement, dans ce cas, vous n&#8217;\u00eates pas dans un cas \u00abd&#8217;analyse excessive\u00bb. Le terme \u00abexcessive\u00bb concerne des d\u00e9cisions simples que vous compliquez \u00e0 outrance \u00e0 cause du stress. <\/p>\n<h2>La solution instantan\u00e9e<\/h2>\n<p>Cette solution porte un nom facile \u00e0 comprendre : <strong>La r\u00e8gle de conduite provisoire<\/strong>. <\/p>\n<p>Lorsque vous vous fixez ce genre de r\u00e8gle, vous gagnez un temps fou. Pour revenir \u00e0 notre exemple, vous pouvez vous fixer comme r\u00e8gle : <\/p>\n<p>Tant que je n&#8217;aurai pas <strong>pris le temps<\/strong> de <strong>faire le tour de la question<\/strong>, je ne commanderai pas sur AMAZON ! <\/p>\n<p>Conclusion : lorsque vous recevez la publicit\u00e9, vous supprimez ou classez le message imm\u00e9diatement. C&#8217;est une r\u00e8gle qui vous \u00e9conomise le temps des tergiversations inutiles. Il faut \u00eatre sacr\u00e9ment disciplin\u00e9 me diront certains&#8230; C&#8217;est faux ! Sauf cas pathologique, nous fixons tous des r\u00e8gles, dans bien des domaines, et nous savons nous y tenir lorsque c&#8217;est important. <\/p>\n<p>Votre TEMPS est IMPORTANT. Et vous savez d&#8217;avance que vous \u00eates face \u00e0 une procrastination. Vous l&#8217;avez d\u00e9j\u00e0 v\u00e9cue plusieurs fois. Alors arr\u00eatez le processus lorsqu&#8217;il appara\u00eet, et reprenez votre activit\u00e9 l\u00e0 o\u00f9 vous l&#8217;avez laiss\u00e9e. <\/p>\n<p>Il reste \u00e0 faire <strong>le tour de la question<\/strong>, car ce stress a un sens, et si vous ne lui accordez pas un VRAI TEMPS, il reviendra vous hanter. <\/p>\n<p>Une r\u00e8gle provisoire est instable. Elle vous rendra service pour patienter, mais la patience a des limites.. <\/p>\n<h2>La solution de fond<\/h2>\n<p>Apr\u00e8s avoir d\u00e9fini votre r\u00e8gle provisoire, fixez un rendez-vous ferme sur votre agenda pour r\u00e9soudre le probl\u00e8me de fond, \u00e0 froid (hors contexte). Vous pouvez utiliser les initiales A.E. et un libell\u00e9. Par exemple : A.E : Achats sur AMAZON, OUI ou NON ? <\/p>\n<p>Lorsque la situation se pr\u00e9sente encore, ne vous laissez plus tenter par cette analyse. Ignorez l&#8217;invitation de l&#8217;analyse excessive, et suivez votre r\u00e8gle provisoire jusqu&#8217;au rendez-vous. <\/p>\n<p>Respectez le rendez-vous ! J&#8217;insiste souvent : un rendez-vous fix\u00e9 avec vous-m\u00eame, m\u00e9rite autant de consid\u00e9ration qu&#8217;un rendez-vous fix\u00e9 avec autrui. C&#8217;est un engagement ! <\/p>\n<p>Au moment du rendez-vous, entrez dans le questionnement dans le but d&#8217;en ressortir avec une d\u00e9cision. Vous remarquerez que sans le facteur stress, vous trouverez des r\u00e9ponses plus facilement. Vous pouvez \u00e9galement vous faire aider par une personne qui a de vraies r\u00e9ponses. Par exemple, un ami qui commande r\u00e9guli\u00e8rement sur AMAZON. <\/p>\n<p>Validez votre nouvelle r\u00e9solution, quelle qu&#8217;elle soit. Vous pourriez la trouver injuste, inamicale, r\u00e9tro, illogique, etc. Mais si vous avez pris cette d\u00e9cision, c&#8217;est que vous avez des raisons. Elle est valable ! <\/p>\n<p>Fixez un autre rendez-vous, plus lointain, pour r\u00e9\u00e9valuer cette d\u00e9cision d\u00e9licate, car les raisons pourraient changer, en fonction de votre vie ou tout simplement parce qu&#8217;une nouvelle saison s&#8217;annonce. Nous ne sommes pas anim\u00e9s par les m\u00eames \u00e9nergies en hiver et en \u00e9t\u00e9. <\/p>\n<p>Cette technique aura une action efficace tant sur votre temps que sur votre stress. Je l&#8217;avais r\u00e9serv\u00e9e aux adh\u00e9rents de TIME-COACH PLUS. Puis je me suis ravis\u00e9 pour la proposer \u00e0 tous mes lecteurs. <\/p>\n<p>A++ <\/p>\n<p><strong>St\u00e9phane SOLOMON<\/strong> <img decoding=\"async\" alt=\"image vide\" src=\"http:\/\/www.inscription-minute.fr\/images\/vide.aspx?guid=[|guidInvite|]&amp;origine=RA1\" width=\"0\"><\/p>\n<!--themify_builder_content-->\n<div id=\"themify_builder_content-160\" data-postid=\"160\" class=\"themify_builder_content themify_builder_content-160 themify_builder tf_clear\">\n    <\/div>\n<!--\/themify_builder_content-->\n","protected":false},"excerpt":{"rendered":"<p>La gestion des priorit\u00e9s n&#8217;est pas toujours facile n&#8217;est-ce pas ? Savoir jongler entre ses besoins et ses envies est un v\u00e9ritable casse-t\u00eate : r\u00e9flexions, questionnements, recherches&#8230; C&#8217;est pourquoi nous avons tous des r\u00e8gles de conduite. Elles nous permettent de gagner du temps. Par exemple, supposons que vous receviez des publicit\u00e9s sur les promotions d&#8217;AMAZON [&hellip;]<\/p>\n","protected":false},"author":1,"featured_media":0,"parent":0,"menu_order":0,"comment_status":"open","ping_status":"open","template":"","meta":[],"builder_content":"","_links":{"self":[{"href":"https:\/\/auto-coaching.fr\/index.php\/wp-json\/wp\/v2\/pages\/160"}],"collection":[{"href":"https:\/\/auto-coaching.fr\/index.php\/wp-json\/wp\/v2\/pages"}],"about":[{"href":"https:\/\/auto-coaching.fr\/index.php\/wp-json\/wp\/v2\/types\/page"}],"author":[{"embeddable":true,"href":"https:\/\/auto-coaching.fr\/index.php\/wp-json\/wp\/v2\/users\/1"}],"replies":[{"embeddable":true,"href":"https:\/\/auto-coaching.fr\/index.php\/wp-json\/wp\/v2\/comments?post=160"}],"version-history":[{"count":2,"href":"https:\/\/auto-coaching.fr\/index.php\/wp-json\/wp\/v2\/pages\/160\/revisions"}],"predecessor-version":[{"id":162,"href":"https:\/\/auto-coaching.fr\/index.php\/wp-json\/wp\/v2\/pages\/160\/revisions\/162"}],"wp:attachment":[{"href":"https:\/\/auto-coaching.fr\/index.php\/wp-json\/wp\/v2\/media?parent=160"}],"curies":[{"name":"wp","href":"https:\/\/api.w.org\/{rel}","templated":true}]}}