{"id":1623,"date":"2014-06-30T12:32:10","date_gmt":"2014-06-30T10:32:10","guid":{"rendered":"http:\/\/www.auto-coaching.fr\/?page_id=1623"},"modified":"2014-06-30T14:37:34","modified_gmt":"2014-06-30T12:37:34","slug":"une-experience-de-confiance-en-soi","status":"publish","type":"page","link":"https:\/\/auto-coaching.fr\/index.php\/une-experience-de-confiance-en-soi\/","title":{"rendered":"Une exp&eacute;rience de Confiance en soi"},"content":{"rendered":"<p>Aujourd&#8217;hui, je voudrais vous parler de confiance en soi :  <\/p>\n<p>Connaissez-vous Johua BELL ? Les amateurs de Musique classique savent que ce virtuose joue \u00e0 guichet ferm\u00e9 partout dans le monde. Son violon est un Stradivarius de 1713, estim\u00e9 \u00e0 4 millions de dollars.  <\/p>\n<p>En 2008, un journaliste du Washington-Post a demand\u00e9 \u00e0 Joshua BELL de participer \u00e0 une exp\u00e9rience comportementale : <strong>jouer incognito dans un couloir du m\u00e9tro de Washington, afin d&#8217;\u00e9valuer la r\u00e9action des passants<\/strong>. L&#8217;artiste se pr\u00eate au jeu. Il s&#8217;y rend en jeans et en casquette de baseball et mis \u00e0 part ce d\u00e9tail vestimentaire, il joue comme \u00e0 son habitude, c\u2019est-\u00e0-dire merveilleusement&#8230;  <\/p>\n<p>En 45 minutes, 1.097 personnes sont pass\u00e9es dans ce couloir, la plupart dans l&#8217;indiff\u00e9rence totale. C&#8217;est comme si son talent n&#8217;existait plus ! 27 personnes ont laiss\u00e9 quelques pi\u00e8ces, la plupart du temps, sans s&#8217;arr\u00eater&#8230; Ils payaient le \u00abpauvre homme\u00bb, mais pas l&#8217;artiste&#8230; Il a collect\u00e9 32 dollars, dont 20 dollars par une personne qui l&#8217;a reconnu (donc hors-jeu).  <\/p>\n<p>Cette exp\u00e9rience, une fois publi\u00e9e dans la presse sous forme d&#8217;article \u00e0 vocation existentielle, a re\u00e7u le prix Pulitzer en 2008. Voici la conclusion de l&#8217;article de Gene WEINGARTEN. Elle est livr\u00e9e sous forme interrogative :  <\/p>\n<blockquote>\n<p>Dans un environnement ordinaire, \u00e0 une heure inappropri\u00e9e, sommes-nous capables de percevoir la beaut\u00e9, de nous arr\u00eater pour l&#8217;appr\u00e9cier, de reconna\u00eetre le talent dans un contexte inattendu ?<\/p>\n<\/blockquote>\n<p>On serait tent\u00e9 de r\u00e9pondre \u00e0 l\u2019auteur que les gens qui remplissent les salles de concert sont de grands amateurs de musique classique, alors que les passants du m\u00e9tro ne le sont pas tous. C&#8217;est \u00e9vident ! Mais statistiquement, sur 1.097 passants, 30 \u00e0 50 personnes auraient d\u00fb s&#8217;arr\u00eater, stup\u00e9faits, et une dizaine aurait d\u00fb reconna\u00eetre le son du Stradivarius&#8230;  <\/p>\n<p>La question du journaliste reste donc ouverte, m\u00eame si elle ne concerne que 5% des passants.  <\/p>\n<p>Mais en tant que coach, je trouve qu\u2019il y a quelque chose qui manque dans l&#8217;article de WEINGARTEN : il ne s&#8217;int\u00e9resse qu&#8217;\u00e0 la r\u00e9action des passants&#8230; Et l&#8217;artiste dans tout \u00e7a ? Je vous ai promis une \u00e9vocation sur la Confiance en soi, alors parlons-en :<\/p>\n<h2>L&#8217;homme invisible<\/h2>\n<p>Heureusement pour Joshua BELL, 3 jours plus t\u00f4t, il a rempli la grande salle du Symphony Hall de Boston : 2.625 places pour un prix moyen de 100 dollars (plus de 500 dollars dans le carr\u00e9 d&#8217;or). L\u2019exp\u00e9rience ne l\u2019a donc pas affect\u00e9. Mais imaginons une histoire parall\u00e8le :<\/p>\n<p>Un jeune musicien, inconnu du grand public mais jouant divinement bien, d\u00e9cide de jouer quelque morceaux dans le m\u00e9tro pour subsister. Il vient avec son Stradivarius dont il ne conna\u00eet pas la valeur mat\u00e9rielle, car c&#8217;est son ma\u00eetre qui le lui a donn\u00e9 lorsque l&#8217;arthrose a gel\u00e9 ses doigts. Il lui a dit :  <\/p>\n<blockquote>\n<p>Ce violon est transmis de Ma\u00eetre \u00e0 El\u00e8ve depuis des g\u00e9n\u00e9rations. Je te le donne parce que tu le m\u00e9rites ! Sur plusieurs centaines d&#8217;\u00e9l\u00e8ves que j&#8217;ai form\u00e9s, c&#8217;est toi que j&#8217;ai choisi. Prends-en bien soin, car les Stradivarius ont un secret que m\u00eame la science n&#8217;a pas r\u00e9ussi \u00e0 percer \u00e0 ce jour&#8230;<\/p>\n<\/blockquote>\n<p>Le gar\u00e7on joue dans l&#8217;indiff\u00e9rence quasi-totale, collectant quelques dizaines de dollars par charit\u00e9. Chaque jour, il jouera au mauvais moment au mauvais endroit. Parfois, un passant s&#8217;arr\u00eatera pour lui dire qu&#8217;il devrait \u00eatre Premier Violon dans un grand orchestre, et notre \u00abJoshua bis\u00bb le remerciera pour le gentil compliment. Toutefois, il se pliera \u00e0 l&#8217;avis de la majorit\u00e9, car il ne sait pas qu&#8217;elle est \u00abincapable de percevoir la beaut\u00e9 dans un environnement ordinaire\u00bb&#8230;  <\/p>\n<p>Un jour de grand froid, il revendra son Stradivarius dans l&#8217;une des nombreuses boutiques de type \u00abCash now !\u00bb. Violon qui restera longtemps sur les \u00e9tag\u00e8res du magasin, comme un quelconque violon d&#8217;occasion. Ailleurs il sera vendu 4 millions de dollars. Mais dans ce magasin, il ne vaut rien !  <\/p>\n<p><strong>&#8211; Pourquoi ?<\/strong>  <\/p>\n<p>Parce que ce violon n&#8217;a pas sa place dans ce genre de boutiques, de m\u00eame que Joshua BELL n&#8217;a pas sa place dans un couloir du m\u00e9tro aux heures d&#8217;affluence&#8230; Quel que soit son talent, il sera invisible !  <\/p>\n<h2>A vous de jouer !<\/h2>\n<p>Vous avez du talent ! Je peux vous l&#8217;affirmer, car je ne connais aucune personne d\u00e9nu\u00e9e de talent. Mais le talent ne suffit pas pour r\u00e9ussir. Si vous voulez que votre talent soit utile, tant \u00e0 vous qu&#8217;\u00e0 votre public, ne jouez pas n&#8217;importe-o\u00f9 ! Trouvez votre place et brillez !  <\/p>\n<p>Je me dois d&#8217;ouvrir une parenth\u00e8se&#8230; J&#8217;esp\u00e8re qu&#8217;elle fera sourire la plupart de mes lecteurs, mais elle me para\u00eet n\u00e9cessaire malgr\u00e9 tout : l&#8217;artiste, le violon, les passants, les millions&#8230; sont des m\u00e9taphores, des images&#8230; Si vous me r\u00e9pondez \u00abMais \u00e0 quoi \u00e7a sert de faire de la musique ?\u00bb ou encore \u00abje ne me sens pas concern\u00e9 par cet article, car je ne joue pas du violon\u00bb, je pense que j&#8217;ai atteint mes limites p\u00e9dagogiques en ce qui vous concerne&#8230; ;-)&#8230; Fin de la parenth\u00e8se.  <\/p>\n<p>En exer\u00e7ant <b>votre talent<\/b> au bon endroit au bon moment, vous rencontrerez votre public et m\u00eame vos fans. Mieux : en employant les bonnes strat\u00e9gies, vous pourrez contr\u00f4ler le niveau d&#8217;admiration des personnes que vous attirerez, les invitant \u00e0 vous respecter de la mani\u00e8re qui vous convient.  <\/p>\n<p>Ces strat\u00e9gies s&#8217;apprennent, se peaufinent, se maintiennent, s&#8217;affinent&#8230; Elles \u00e9taient r\u00e9serv\u00e9es \u00e0 une \u00e9lite il y a encore quelques ann\u00e9es. Elles sont d\u00e9sormais accessibles \u00e0 tous, gr\u00e2ce \u00e0 la magie d&#8217;Internet : des coachs, des conf\u00e9renciers, des formateurs, et d&#8217;autres <strong>professionnels de l\u2019aide<\/strong> diffusent leurs vid\u00e9os pour des tarifs tr\u00e8s abordables. Au lieu de facturer 25.000 euros \u00e0 10 clients fortun\u00e9s, ils pr\u00e9f\u00e8rent facturer 500 euros \u00e0 500 personnes du Grand Public, car ils savent que pour contribuer \u00e0 un monde meilleur, il est pr\u00e9f\u00e9rable d&#8217;inspirer 500 personnes proactives, plut\u00f4t que 10. Techniquement, c&#8217;est d\u00e9sormais possible, alors ils multiplient les efforts et r\u00e9duisent la \u00abquestion d&#8217;argent\u00bb pour vous permettre d&#8217;aller vers&#8230;  <\/p>\n<p>Oui, c&#8217;est bien \u00e0 vous que je parle :  <\/p>\n<blockquote>\n<p>Dans un environnement ordinaire, \u00eates-vous capable de percevoir votre propre beaut\u00e9 ? Je ne parle pas de narcissisme, mais d&#8217;estime de soi : lorsque vous passez devant vous-m\u00eame \u00e0 une heure d&#8217;affluence, qui voyez-vous ? Le virtuose d&#8217;exception ou le \u00abchic-type\u00bb qui essaye de s&#8217;en sortir ?<\/p>\n<\/blockquote>\n<p>Vous voulez voir le virtuose ? Sortez de l&#8217;environnement ordinaire ! Allez rejoindre celles et ceux qui verront en vous un diamant, et brillez !  <\/p>\n<p>Ces personnes, qui voient chaque \u00eatre de fa\u00e7on unique et sublime, je les connais, je les fr\u00e9quente, je travaille avec eux, je partage avec eux&#8230; ils ont cr\u00e9\u00e9 diff\u00e9rents programmes, compil\u00e9s aujourd\u2019hui dans un seul, intitul\u00e9 \u00abMa vie en main\u00bb. Rien que la bande-annonce vaut le d\u00e9tour&#8230; De plus, ils offrent de nombreux cadeaux \u00e0 ceux qui leur accordent un moment d&#8217;attention.  <\/p>\n<p>M\u00eame si vous n&#8217;avez pas l&#8217;intention de vous inscrire, \u00e7a vaut le d\u00e9tour :  <\/p>\n<p style=\"font-size: 14pt\" align=\"center\"><a href=\"http:\/\/leprogramme.mavieenmain.com\/#53ac31d172c23\">D\u00e9couvrez le programme \u00abMA VIE EN MAIN\u00bb<\/a>  <\/p>\n<p>Profitez-en vite, car \u00e0 partir de mercredi, vous verrez cette mire :  <\/p>\n<blockquote>\n<p>Les inscriptions sont maintenant termin\u00e9es. Nous concentrons d\u00e9sormais toutes nos \u00e9nergies \u00e0 offrir la meilleure exp\u00e9rience de d\u00e9veloppement personnel aux participants de ce programme.<\/p>\n<\/blockquote>\n<p>Pour revenir \u00e0 la m\u00e9taphore :  <\/p>\n<blockquote>\n<p>Nous avons jou\u00e9 dans le m\u00e9tro pour votre plus grand plaisir. A pr\u00e9sent nous jouons \u00e0 guichet ferm\u00e9 pour celles et ceux qui aiment les artistes d\u2019exception, et les instruments magiques&#8230;<\/p>\n<\/blockquote>\n<p>Autorisez-vous \u00e0 marquer un temps d&#8217;arr\u00eat devant les artistes, et plus si affinit\u00e9&#8230;  <\/p>\n<p style=\"font-size: 14pt\" align=\"center\"><a href=\"http:\/\/leprogramme.mavieenmain.com\/#53ac31d172c23\">D\u00e9couvrez le programme \u00abMA VIE EN MAIN\u00bb<\/a>  <\/p>\n<p>A++  <\/p>\n<p><strong>St\u00e9phane SOLOMON<\/strong><\/p>\n<!--themify_builder_content-->\n<div id=\"themify_builder_content-1623\" data-postid=\"1623\" class=\"themify_builder_content themify_builder_content-1623 themify_builder tf_clear\">\n    <\/div>\n<!--\/themify_builder_content-->\n","protected":false},"excerpt":{"rendered":"<p>Aujourd&#8217;hui, je voudrais vous parler de confiance en soi : Connaissez-vous Johua BELL ? Les amateurs de Musique classique savent que ce virtuose joue \u00e0 guichet ferm\u00e9 partout dans le monde. Son violon est un Stradivarius de 1713, estim\u00e9 \u00e0 4 millions de dollars. En 2008, un journaliste du Washington-Post a demand\u00e9 \u00e0 Joshua BELL [&hellip;]<\/p>\n","protected":false},"author":1,"featured_media":0,"parent":0,"menu_order":0,"comment_status":"open","ping_status":"open","template":"","meta":[],"builder_content":"","_links":{"self":[{"href":"https:\/\/auto-coaching.fr\/index.php\/wp-json\/wp\/v2\/pages\/1623"}],"collection":[{"href":"https:\/\/auto-coaching.fr\/index.php\/wp-json\/wp\/v2\/pages"}],"about":[{"href":"https:\/\/auto-coaching.fr\/index.php\/wp-json\/wp\/v2\/types\/page"}],"author":[{"embeddable":true,"href":"https:\/\/auto-coaching.fr\/index.php\/wp-json\/wp\/v2\/users\/1"}],"replies":[{"embeddable":true,"href":"https:\/\/auto-coaching.fr\/index.php\/wp-json\/wp\/v2\/comments?post=1623"}],"version-history":[{"count":4,"href":"https:\/\/auto-coaching.fr\/index.php\/wp-json\/wp\/v2\/pages\/1623\/revisions"}],"predecessor-version":[{"id":1627,"href":"https:\/\/auto-coaching.fr\/index.php\/wp-json\/wp\/v2\/pages\/1623\/revisions\/1627"}],"wp:attachment":[{"href":"https:\/\/auto-coaching.fr\/index.php\/wp-json\/wp\/v2\/media?parent=1623"}],"curies":[{"name":"wp","href":"https:\/\/api.w.org\/{rel}","templated":true}]}}