{"id":1628,"date":"2014-07-02T16:16:53","date_gmt":"2014-07-02T14:16:53","guid":{"rendered":"http:\/\/www.auto-coaching.fr\/?page_id=1628"},"modified":"2014-07-02T16:34:26","modified_gmt":"2014-07-02T14:34:26","slug":"marre-des-gens-a-problemes","status":"publish","type":"page","link":"https:\/\/auto-coaching.fr\/index.php\/marre-des-gens-a-problemes\/","title":{"rendered":"Marre des gens &agrave; probl&egrave;mes ?"},"content":{"rendered":"<p>Kryitelle (une lectrice) a regard\u00e9 les vid\u00e9os de lancement du programme \u00abMA VIE EN MAIN\u00bb. Puis elle m&#8217;a envoy\u00e9 une \u00abperle de coaching\u00bb qui est \u00e0 mon avis \u00e0 la source de nombreux autosaboteurs. Je ne parle par uniquement de ce programme, mais de tout ce qui peut freiner un \u00e9lan vers le D\u00e9veloppement Personnel en g\u00e9n\u00e9ral. Je pense que son courrier (et ma r\u00e9ponse) pourra aider beaucoup de lecteurs :  <\/p>\n<p>&#8212;&#8212;&#8212;&#8212;&#8212;-  <\/p>\n<p><em>St\u00e9phane,<\/em>  <\/p>\n<p><em>Lorsque je vois toutes ces personnes faire leur speech, je ne vois que des gens \u00e0 probl\u00e8mes ! Olivier SEBAN a eu des probl\u00e8mes d&#8217;argent, Jean-Jacques CREVECOEUR a eu des probl\u00e8mes d&#8217;apprentissage, la personne qui s&#8217;est film\u00e9e au soleil (je ne me souviens plus de son nom) a eu des probl\u00e8mes d&#8217;ordre \u00e9motionnel, etc. \u00c7a m&#8217;emb\u00eate un peu d&#8217;aller vers des gens \u00ab\u00e0 probl\u00e8mes\u00bb.<\/em>  <\/p>\n<p><em>Un professeur de math\u00e9matiques qui a eu de grosses difficult\u00e9s dans cette mati\u00e8re avant de devenir titulaire serait-il meilleur qu&#8217;un g\u00e9nie, qui a fait un parcours scolaire sans soucis et qui a pass\u00e9 les concours avec mention ?<\/em>  <\/p>\n<p>&#8212;&#8212;&#8212;&#8212;&#8212;-  <\/p>\n<p>J&#8217;ai beaucoup ri en lisant ce courrier, pour plein de raisons&#8230; Mais au lieu de vous \u00e9crire 20 pages, je vous propose un r\u00e9sum\u00e9 sous forme de sc\u00e9nario fictif :  <\/p>\n<p><strong>Deux professeurs tr\u00e8s diff\u00e9rents vous proposent de d\u00e9couvrir les secrets de la libert\u00e9 financi\u00e8re :<\/strong>  <\/p>\n<ul>\n<li>Le premier est n\u00e9 dans une propri\u00e9t\u00e9 de plusieurs hectares. Ses parents \u00e9taient millionnaires et il n&#8217;a jamais connu de probl\u00e8mes d&#8217;argent. Il a suivi des \u00e9tudes dans les meilleures \u00e9coles o\u00f9 il a fait des parcours remarquables. Il est membre d&#8217;honneur de plusieurs associations et fondations \u00e0 but humanitaire. Aujourd&#8217;hui, il a pris la direction des entreprises de son p\u00e8re, qui s&#8217;est retir\u00e9 des affaires \u00e0 l&#8217;\u00e2ge de 50 ans.\n<li>Le deuxi\u00e8me est issu d&#8217;une famille modeste. Il a d\u00fb quitter l&#8217;\u00e9cole tr\u00e8s jeune pour aider son p\u00e8re \u00e0 faire les march\u00e9s. Endett\u00e9, fich\u00e9, exclu des syst\u00e8mes financiers, il a franchi bien des \u00e9tapes contre vents et mar\u00e9es avant d&#8217;assoir son succ\u00e8s. Il vient d&#8217;acheter une maison au soleil \u00e0 sa maman, et a fond\u00e9 une association \u00e0 but humanitaire qui porte le nom de son p\u00e8re, car c&#8217;est lui qui lui a appris le sens de la g\u00e9n\u00e9rosit\u00e9 et du partage&#8230;<\/li>\n<\/ul>\n<p>Remarquez que pour mon exemple, j&#8217;ai pris des gens bien ! Je n&#8217;ai pas \u00e9t\u00e9 tent\u00e9 par la stigmatisation (n\u00e9gative) de l&#8217;un ou de l&#8217;autre&#8230; Je vous lib\u00e8re donc de l&#8217;apriori anti-riche de base, pour vous poser la question est la suivante :  <\/p>\n<p><b>Supposons que vous ayez des probl\u00e8mes d&#8217;argent r\u00e9currents, alors que vous aspirez \u00e0 la libert\u00e9 financi\u00e8re. Lequel de ces deux professeurs sera meilleur (pour vous) ?<\/b>  <\/p>\n<p>Je ne vous demande pas lequel est plus dipl\u00f4m\u00e9, ni lequel a les plus d&#8217;argent sur son compte. Ce sont des crit\u00e8res secondaires dans le cadre d&#8217;un coaching. Je vous demande lequel des deux sera plus \u00e0 m\u00eame de <b>vous<\/b> comprendre et de <b>vous<\/b> aider.  <\/p>\n<h2>Empathie<\/h2>\n<p>En g\u00e9n\u00e9ral, un professeur ex-cancre a beaucoup plus <b>d&#8217;empathie<\/b> pour les cancres ! Un premier de la classe sera plus attir\u00e9 par les premiers de la classe&#8230; Ce n&#8217;est pas une r\u00e8gle absolue, mais c&#8217;est un trait humain tr\u00e8s r\u00e9pandu. La m\u00e9thode p\u00e9dagogique de l&#8217;ex-cancre va permettre aux cancres de progresser, parce qu&#8217;il pense \u00e0 eux. Il conna\u00eet le chemin : il l&#8217;a emprunt\u00e9 \u00e0 ses d\u00e9pens, et il a d\u00e9pos\u00e9 quelques pierres brillantes au passage&#8230; Ce formateur va utiliser instinctivement des techniques de coaching : il sait o\u00f9 se trouve l&#8217;Energie de l&#8217;apprentissage \u00abpour les cancres\u00bb !  <\/p>\n<p>C&#8217;est ce que je suis en train de faire avec vous Kristelle. Parce que si j&#8217;ai ri en vous lisant, j&#8217;ai aussi ri de moi-m\u00eame : Il y a quelques ann\u00e9es, j&#8217;\u00e9tais convaincu que celui qui m&#8217;apprendra le plus de choses sur l&#8217;argent \u00e9tait forc\u00e9ment celui dont le solde bancaire \u00e9tait le plus haut. Or il aura beau \u00eatre le plus fortun\u00e9, s&#8217;il n&#8217;est pas empathique, au mieux, il me fera un ch\u00e8que pour que j&#8217;arr\u00eate de lui poser des questions&#8230;  <\/p>\n<p>Une personne qui a de l&#8217;empathie pour vous aura beaucoup plus de patience, et aussi une certaine tendresse, parce que vous lui rappellerez <em>quelqu&#8217;un<\/em>&#8230; Tous les animateurs du programme \u00abMa vie en main\u00bb se rappellent de ce <em>quelqu&#8217;un<\/em> au moment o\u00f9 ils transmettent&#8230; C&#8217;est l\u00e0 qu&#8217;est leur force. En faire une faiblesse, c&#8217;est nier la <b>cause profonde<\/b> de leur d\u00e9marche. Ils font un METIER D&#8217;AIDE, car ils ont eu besoin d&#8217;aide \u00e0 un moment de leur vie, et quelqu&#8217;un leur a tendu la main. En bons leaders, ils contribuent \u00e0 leur tour.  <\/p>\n<p>Les inconditionnels du D\u00e9veloppement Personnel vous diront que c\u2019est une Tradition ! Rejoignez-les, et dans quelques temps vous pourrez perp\u00e9tuer une belle Tradition.  <\/p>\n<p>A l&#8217;heure o\u00f9 je vous \u00e9cris, il reste 8 heures pour vous inscrire <strong>avant la cl\u00f4ture ce soir \u00e0 22 heures<\/strong>. Comme le temps passe&#8230;  <\/p>\n<p>C\u2019est par ici :  <\/p>\n<p align=\"center\"><a style=\"font-size: 16px\" href=\"http:\/\/leprogramme.mavieenmain.com\/#53ac31d172c23\">Pr\u00e9sentation du programme<br \/>\u00abMA VIE EN MAIN\u00bb<\/a><\/p>\n<p>Rappel : pour avoir un aper\u00e7u du contenu des programmes, cliquez sur VIDEO 1, VIDEO 2 et VIDEO 3. Les 2 premi\u00e8res minutes d\u2019introduction sont identiques, mais ensuite, vous pourrez visionner quelques \u00abcapsules\u00bb tr\u00e8s inspirantes, et profiter de cadeaux gratuits.<\/p>\n<p>A++<\/p>\n<p><strong>St\u00e9phane SOLOMON<\/strong><\/p>\n<!--themify_builder_content-->\n<div id=\"themify_builder_content-1628\" data-postid=\"1628\" class=\"themify_builder_content themify_builder_content-1628 themify_builder tf_clear\">\n    <\/div>\n<!--\/themify_builder_content-->\n","protected":false},"excerpt":{"rendered":"<p>Kryitelle (une lectrice) a regard\u00e9 les vid\u00e9os de lancement du programme \u00abMA VIE EN MAIN\u00bb. Puis elle m&#8217;a envoy\u00e9 une \u00abperle de coaching\u00bb qui est \u00e0 mon avis \u00e0 la source de nombreux autosaboteurs. Je ne parle par uniquement de ce programme, mais de tout ce qui peut freiner un \u00e9lan vers le D\u00e9veloppement Personnel [&hellip;]<\/p>\n","protected":false},"author":1,"featured_media":0,"parent":0,"menu_order":0,"comment_status":"open","ping_status":"open","template":"","meta":[],"builder_content":"","_links":{"self":[{"href":"https:\/\/auto-coaching.fr\/index.php\/wp-json\/wp\/v2\/pages\/1628"}],"collection":[{"href":"https:\/\/auto-coaching.fr\/index.php\/wp-json\/wp\/v2\/pages"}],"about":[{"href":"https:\/\/auto-coaching.fr\/index.php\/wp-json\/wp\/v2\/types\/page"}],"author":[{"embeddable":true,"href":"https:\/\/auto-coaching.fr\/index.php\/wp-json\/wp\/v2\/users\/1"}],"replies":[{"embeddable":true,"href":"https:\/\/auto-coaching.fr\/index.php\/wp-json\/wp\/v2\/comments?post=1628"}],"version-history":[{"count":5,"href":"https:\/\/auto-coaching.fr\/index.php\/wp-json\/wp\/v2\/pages\/1628\/revisions"}],"predecessor-version":[{"id":1633,"href":"https:\/\/auto-coaching.fr\/index.php\/wp-json\/wp\/v2\/pages\/1628\/revisions\/1633"}],"wp:attachment":[{"href":"https:\/\/auto-coaching.fr\/index.php\/wp-json\/wp\/v2\/media?parent=1628"}],"curies":[{"name":"wp","href":"https:\/\/api.w.org\/{rel}","templated":true}]}}