{"id":1646,"date":"2014-07-16T15:22:13","date_gmt":"2014-07-16T13:22:13","guid":{"rendered":"http:\/\/www.auto-coaching.fr\/?page_id=1646"},"modified":"2022-02-04T11:02:29","modified_gmt":"2022-02-04T10:02:29","slug":"opposer-ou-composer-1-2","status":"publish","type":"page","link":"https:\/\/auto-coaching.fr\/index.php\/opposer-ou-composer-1-2\/","title":{"rendered":"Opposer ou composer&#8230; (1\/2)"},"content":{"rendered":"<p>Lorsque j&#8217;\u00e9tais petit, j&#8217;\u00e9tais convaincu que le soleil \u00e9tait mauvais pour les plantes ! Il m&#8217;a fallu longtemps pour me d\u00e9faire de cette id\u00e9e. Je crois m\u00eame qu&#8217;il en reste des traces&#8230;<\/p>\n\n\n\n<p>\u00abLa faute\u00bb en revient \u00e0 mon grand-p\u00e8re. Il avait un potager, et \u00e0 chaque fois qu&#8217;il pleuvait, il disait que ses plantes allaient pousser gr\u00e2ce \u00e0 ce cadeau du ciel. Mais lorsque le soleil brillait, il me disait :<\/p>\n\n\n\n<p>&#8211; Avec cette chaleur, les plantes risquent de mourir. Nous les arroserons \u00e0 la tomb\u00e9e de la nuit.<\/p>\n\n\n\n<p>Remarquez que rien dans ce qu&#8217;il me disait n&#8217;\u00e9tait faux&#8230; C&#8217;est moi qui ai conclu que la pluie \u00e9tait bonne pour les plantes, et que le soleil leur \u00e9tait nocif. J&#8217;ai fait une d\u00e9duction qui me paraissait logique, <b>par manque d&#8217;informations<\/b>. Donc \u00e0 aucun moment, il ne m&#8217;est venu \u00e0 l&#8217;esprit que LES DEUX, le soleil comme la pluie, \u00e9taient essentiels aux plantes. Que trop de pluie pouvait \u00e9galement tuer les plantes, et que sans soleil, la seule chose que nous pourrions faire pousser, ce sont des champignons&#8230;<\/p>\n\n\n\n<h2>Associations d&#8217;id\u00e9es<\/h2>\n\n\n\n<p>Notre cerveau aime faire des associations. C&#8217;est l&#8217;une des fonctions des l\u2019intelligence, et il ressent une certaine jubilation \u00e0 le faire, c\u2019est tr\u00e8s gratifiant. Parfois nous faisons preuve de Cr\u00e9ativit\u00e9, d&#8217;Esprit, d&#8217;Intuition&#8230; Mais d&#8217;autres fois, l&#8217;association est faible. C\u2019est souvent le cas de l&#8217;association par opposition : c&#8217;est ce que j&#8217;ai fait avec le soleil et la pluie. Pourquoi ai-je oppos\u00e9 l&#8217;un et l&#8217;autre ? Parce que c&#8217;est une propension naturelle humaine : <strong>mettre les choses dos \u00e0 dos<\/strong>. C&#8217;est beaucoup plus facile que d&#8217;aller chercher l&#8217;information qui cr\u00e9e un lien plus efficace.<\/p>\n\n\n\n<h2>Information manquante<\/h2>\n\n\n\n<p>Mon grand-p\u00e8re ne pouvait pas m&#8217;expliquer la photosynth\u00e8se (il ne connaissait ni le principe, ni le mot), et m\u00eame s&#8217;il savait par \u00e9ducation et par exp\u00e9rience, que le soleil \u00e9tait utile au plantes, il n\u2019a pas pens\u00e9 que c\u2019\u00e9tait utile de me le dire&#8230; L&#8217;association d&#8217;id\u00e9es que j&#8217;ai faite en OPPOSANT le soleil et la pluie \u00e9tait donc in\u00e9vitable \u00e0 l&#8217;\u00e2ge de 6 ans. Il me manquait des donn\u00e9es essentielles pour fonder un autre jugement.<\/p>\n\n\n\n<p>Ne croyez pas que cette propension dispara\u00eet \u00e0 l&#8217;\u00e2ge adulte. A moins de travailler dans la recherche ou dans l&#8217;innovation, l&#8217;opposition devient m\u00eame un r\u00e9flexe mental : un paradigme&#8230;<\/p>\n\n\n\n<blockquote class=\"wp-block-quote\"><p>Par nature humaine, toute proposition qui manque d&#8217;informations passe \u00e0 un moment ou un \u00e0 un autre par le prisme de l&#8217;opposition, et a tendance \u00e0 s\u2019y complaire&#8230;<\/p><\/blockquote>\n\n\n\n<p>Il y a donc une solution adulte et responsable : lorsque vous reconnaissez que vous opposez deux choses, <strong>cherchez l\u2019information<\/strong> qui vous permettra de percevoir l\u2019utilit\u00e9 de ce qui semble apparemment contraire. Cette information sera toujours mie<strong>ux int\u00e9gr\u00e9e si vous la nommez<\/strong>. Dans mon cas elle s\u2019appelle photosynth\u00e8se&#8230;<\/p>\n\n\n\n<h2>Reconnaissez l\u2019opposition<\/h2>\n\n\n\n<p>Comme pour le d\u00e9nigrement, c\u2019est assez&nbsp; facile de reconna\u00eetre l\u2019opposition. Il suffit de s\u2019\u00e9couter parler :<\/p>\n\n\n\n<ul><li>J&#8217;aime trop la musique classique pour aimer le RAP !<\/li><li>S&#8217;il touche un int\u00e9ressement, son conseil est biais\u00e9<\/li><li>Tu ach\u00e8tes des e-book ? Tu es pour la mort du livre-papier !<\/li><li>Tu es patron d&#8217;une boutique de t\u00e9l\u00e9phonie ? Quel dommage ! Tu avais du talent pour la musique !<\/li><li>Je ne veux plus que tu touches ton saxo ! Passe ton bac d&#8217;abord !<\/li><li>Puisque vous proposez ce service gratuitement, vous ne gagnez pas d&#8217;argent !<\/li><\/ul>\n\n\n\n<p>Sans oublier les expressions populaires et les citations :<\/p>\n\n\n\n<ul><li>L\u2019argent ne fait pas le bonheur<\/li><li>Rien ne sert de courir, il faut partir \u00e0 point<\/li><li>Sois belle et tais toi !<\/li><li>C\u2019est trop beau pour \u00eatre vrai&#8230;<\/li><li>Quand les grands parlent, les petits doivent se taire !<\/li><\/ul>\n\n\n\n<p>Les oppositions sont in\u00e9vitables, mais il est int\u00e9ressant de s\u2019arr\u00eater parfois pour faire le point pour innover sa vie&#8230;<\/p>\n\n\n\n<h2>Innovez votre vie<\/h2>\n\n\n\n<p>L\u2019un des grands principes de l\u2019innovation est de prendre deux choses qui semblent s\u2019opposer (ou que tout le monde oppose), et de construire un produit ou un service qui d\u00e9cide de composer avec LES DEUX. C\u2019est vraiment un secret d\u2019initi\u00e9, et les \u00aben-de\u00e7\u00e0\u00bb sont nombreux.<\/p>\n\n\n\n<p>Le D\u00e9veloppement Personnel consiste \u00e0 innover dans sa vie, encore et encore&#8230; Les d\u00e9tracteurs en d\u00e9duisent que les personnes qui sont en qu\u00eate de D\u00e9veloppement Personnel sont d\u2019\u00e9ternels insatisfaits&#8230;<\/p>\n\n\n\n<p>Et s\u2019ils \u00e9taient plut\u00f4t d\u2019\u00e9ternels satisfaits ?<\/p>\n\n\n\n<h2>LES DEUX !<\/h2>\n\n\n\n<p>Je vous propose souvent d\u2019y penser, et je ne m\u2019en lasse pas ! Lorsque vous h\u00e9sitez entre deux choix, essayez d\u2019imaginer ce que vous pourriez faire en trouvant une solution pour faire <strong>LES DEUX !<\/strong> Plus vous croirez int\u00e9rieurement, intimement, que c\u2019est possible, plus les solutions ext\u00e9rieures se pr\u00e9senteront d\u2019elles-m\u00eames, avec souvent une surprise qui vous mettra dans la b\u00e9atitude, tant elle est belle&#8230;<\/p>\n\n\n\n<p>L\u00e0 encore, si vous parvenez \u00e0 <strong>NOMMER<\/strong> l\u2019union de ce que vous aviez tendance \u00e0 opposer, vous toucherez la paix&#8230; Vous ne me croyez pas ? Allez un petit exercice enfantin : si au lieu d\u2019opposer le soleil et la pluie vous vous autorisiez \u00e0 nommer ce qu\u2019ils donnent lorsqu\u2019ils \u0153uvrent de concert.<\/p>\n\n\n\n<figure class=\"wp-block-image size-large\"><a href=\"https:\/\/auto-coaching.fr\/wp-content\/uploads\/2022\/02\/Arc-en-ciel.jpg\"><img decoding=\"async\" loading=\"lazy\" width=\"1024\" height=\"512\" src=\"https:\/\/auto-coaching.fr\/wp-content\/uploads\/2022\/02\/Arc-en-ciel-1024x512.jpg\" alt=\"\" class=\"wp-image-6071\" srcset=\"https:\/\/auto-coaching.fr\/wp-content\/uploads\/2022\/02\/Arc-en-ciel-1024x512.jpg 1024w, https:\/\/auto-coaching.fr\/wp-content\/uploads\/2022\/02\/Arc-en-ciel-300x150.jpg 300w, https:\/\/auto-coaching.fr\/wp-content\/uploads\/2022\/02\/Arc-en-ciel-768x384.jpg 768w, https:\/\/auto-coaching.fr\/wp-content\/uploads\/2022\/02\/Arc-en-ciel.jpg 1280w\" sizes=\"(max-width: 1024px) 100vw, 1024px\" \/><\/a><\/figure>\n\n\n\n<p>A++<\/p>\n\n\n\n<p><strong>St\u00e9phane SOLOMON<\/strong><\/p>\n\n<!--themify_builder_content-->\n<div id=\"themify_builder_content-1646\" data-postid=\"1646\" class=\"themify_builder_content themify_builder_content-1646 themify_builder tf_clear\">\n    <\/div>\n<!--\/themify_builder_content-->","protected":false},"excerpt":{"rendered":"<p>Lorsque j&#8217;\u00e9tais petit, j&#8217;\u00e9tais convaincu que le soleil \u00e9tait mauvais pour les plantes ! Il m&#8217;a fallu longtemps pour me d\u00e9faire de cette id\u00e9e. Je crois m\u00eame qu&#8217;il en reste des traces&#8230; \u00abLa faute\u00bb en revient \u00e0 mon grand-p\u00e8re. Il avait un potager, et \u00e0 chaque fois qu&#8217;il pleuvait, il disait que ses plantes allaient [&hellip;]<\/p>\n","protected":false},"author":1,"featured_media":0,"parent":0,"menu_order":0,"comment_status":"open","ping_status":"open","template":"","meta":[],"builder_content":"","_links":{"self":[{"href":"https:\/\/auto-coaching.fr\/index.php\/wp-json\/wp\/v2\/pages\/1646"}],"collection":[{"href":"https:\/\/auto-coaching.fr\/index.php\/wp-json\/wp\/v2\/pages"}],"about":[{"href":"https:\/\/auto-coaching.fr\/index.php\/wp-json\/wp\/v2\/types\/page"}],"author":[{"embeddable":true,"href":"https:\/\/auto-coaching.fr\/index.php\/wp-json\/wp\/v2\/users\/1"}],"replies":[{"embeddable":true,"href":"https:\/\/auto-coaching.fr\/index.php\/wp-json\/wp\/v2\/comments?post=1646"}],"version-history":[{"count":6,"href":"https:\/\/auto-coaching.fr\/index.php\/wp-json\/wp\/v2\/pages\/1646\/revisions"}],"predecessor-version":[{"id":6072,"href":"https:\/\/auto-coaching.fr\/index.php\/wp-json\/wp\/v2\/pages\/1646\/revisions\/6072"}],"wp:attachment":[{"href":"https:\/\/auto-coaching.fr\/index.php\/wp-json\/wp\/v2\/media?parent=1646"}],"curies":[{"name":"wp","href":"https:\/\/api.w.org\/{rel}","templated":true}]}}