{"id":1656,"date":"2014-07-25T14:23:21","date_gmt":"2014-07-25T12:23:21","guid":{"rendered":"http:\/\/www.auto-coaching.fr\/?page_id=1656"},"modified":"2014-07-25T15:12:26","modified_gmt":"2014-07-25T13:12:26","slug":"opposer-ou-composer-2-2","status":"publish","type":"page","link":"https:\/\/auto-coaching.fr\/index.php\/opposer-ou-composer-2-2\/","title":{"rendered":"Opposer ou composer&hellip; (2\/2)"},"content":{"rendered":"<p>Dans un article r\u00e9cent, je vous ai racont\u00e9 comment, \u00e0 l&#8217;\u00e2ge de 6 ans, j&#8217;\u00e9tais arriv\u00e9 \u00e0 me dire que le soleil \u00e9tait mauvais pour les plantes. Nous avons \u00e9voqu\u00e9 2 raisons :  <\/p>\n<ul>\n<li>Le manque d&#8217;information (j&#8217;avais une information partielle, j&#8217;ai compl\u00e9t\u00e9 comme j&#8217;ai pu)\n<li>L&#8217;association d&#8217;id\u00e9e facile : opposer deux choses est un r\u00e9flexe mental naturel<\/li>\n<\/ul>\n<p>Lorsque vous voulez am\u00e9liorer votre vie, vous ne pouvez pas vous contenter d&#8217;aller vers vos automatismes. Autorisez-vous \u00e0 ajouter de la science, de la conscience et de la cr\u00e9ativit\u00e9 dans vos r\u00e9flexions. Ca reste simple&#8230; Moins facile que de faire \u00abce qu&#8217;on peut\u00bb ou de s&#8217;opposer au changement, mais c&#8217;est accessible, si vous <strong>prenez le temps<\/strong> d&#8217;appliquer certaines techniques, au moment o\u00f9 vous entrez dans la n\u00e9gation. Je vous en ai propos\u00e9 deux :  <\/p>\n<ol>\n<li><b>Puisque vous savez<\/b> que le manque d&#8217;informations a tendance \u00e0 vous entrainer vers l&#8217;opposition, allez chercher l\u2019information et nommez-la : la science me propose la <strong>photosynth\u00e8se<\/strong>, qui r\u00e9concilie les plantes avec le soleil.\n<li><b>Puisque vous savez<\/b> qu&#8217;opposer est une propension naturelle, Commencez par RECONNAITRE L&#8217;OPPOSITION, clairement, sinc\u00e8rement, et accordez-vous quelques minutes pour <strong>poser un regard diff\u00e9rent sur ce qui vous semble in\u00e9vitablement opposable<\/strong>. Ensuite lancez des id\u00e9es (m\u00eame saugrenues) pour associer, m\u00e9langer, conjuguer, empiler, marier, s\u00e9quencer&#8230; les oppos\u00e9s. Enfin, nommez ce que vous trouvez. Par exemple :<\/li>\n<\/ol>\n<p align=\"center\">SOLEIL + PLUIE = ARC EN CIEL  <\/p>\n<p>Cette technique ajoutera de la couleur \u00e0 votre vie ! J&#8217;ai une tr\u00e8s belle histoire \u00e0 vous raconter l\u00e0-dessus. Mais ce sera pour une autre fois.  <\/p>\n<h2>Les ennemis de mes amis&#8230;<\/h2>\n<p>Il y a une autres raison \u00e0 l\u2019opposition automatique, c&#8217;est <strong>LA LOGIQUE<\/strong>. En r\u00e9alit\u00e9, c&#8217;est une fausse logique, car elle est bas\u00e9e sur de faux principes. Mais \u00e7a nous para\u00eet logique. Je m\u2019explique :  <\/p>\n<p>Nous dans un climat mod\u00e9r\u00e9, nous avons tendance \u00e0 qualifier une journ\u00e9e pluvieuse de \u00absale temps\u00bb, voire de \u00abtemps pourri\u00bb. Enfant, m\u00eame si j&#8217;ai accept\u00e9 l&#8217;id\u00e9e que la pluie \u00e9tait bonne pour les plantes, j&#8217;ai continu\u00e9 \u00e0 opposer le soleil et la pluie. J\u2019en ai conclu que les journ\u00e9es ensoleill\u00e9s \u00e9taient un \u00absale temps\u00bb pour les plantes&#8230; L\u00e0 encore, n&#8217;allez pas croire que ce type de raisonnement nous quitte \u00e0 l&#8217;\u00e2ge adulte. C&#8217;est le genre d&#8217;associations que l&#8217;on fait volontiers, sans y penser&#8230; A tel point que lorsque la plante nous apprend que la pluie ET le soleil repr\u00e9sentent un beau temps, \u00e7a surprend !  <\/p>\n<blockquote>\n<p>Ce qui s&#8217;oppose dans un syst\u00e8me ne s&#8217;oppose pas obligatoirement dans un autre syst\u00e8me.<\/p>\n<\/blockquote>\n<h2>Parlons de vous, de moi, et de ce qui nous unit&#8230;<\/h2>\n<p>Il y a quelques semaines, le mot \u00abVRP\u00bb a \u00e9t\u00e9 l\u00e2ch\u00e9 \u00e0 mon propos. Je n&#8217;ai rien contre la profession des multicartes, mais tel que formul\u00e9, c&#8217;\u00e9tait davantage un reproche qu&#8217;une flatterie. Concr\u00e8tement, on me reproche de vendre les programmes d&#8217;autres coachs&#8230; Je n&#8217;ai pas bien compris le probl\u00e8me au d\u00e9but, mais plus je communique avec les lecteurs qui n&#8217;aiment pas cette pratique, plus je me rends compte qu&#8217;\u00e0 l&#8217;image de mon grand-p\u00e8re, j&#8217;ai omis de vous donner quelques informations sur mes propres programmes.  <\/p>\n<p>Je tiens \u00e0 rassurer C\u00e9cile, Vincent, Florence, Patrick, Xavier et tous les autres lecteurs qui pensent que le coach s&#8217;efface au profit du vendeur (ou qui m&#8217;ont montr\u00e9 quelques signes d&#8217;impatience) : <b>je n&#8217;ai pas renonc\u00e9 \u00e0 vendre des programmes de mon cru.<\/b> Je suis en train de recycler les anciens programmes (le recyclage est aussi une technique d&#8217;innovation), et je vais en cr\u00e9er de nouveaux. Ceci ne m&#8217;emp\u00eachera pas de vous proposer des offres \u00abvenues d&#8217;ailleurs\u00bb, car je reconnais leur compl\u00e9mentarit\u00e9. Je n\u2019y vois aucune concurrence, et en supposant qu\u2019une forme de rivalit\u00e9 puisse exister, je consid\u00e8re que la concurrence n\u2019est ni \u00absale\u00bb ni \u00abpourrie\u00bb.  <\/p>\n<blockquote>\n<p>La concurrence ne fait ni la pluie ni le beau temps ! Par contre, elle fait partie du climat.<\/p>\n<\/blockquote>\n<p>La nature offre aux plantes le soleil comme la pluie, et les v\u00e9g\u00e9taux qui peuvent profiter \u00e0 profusion de ces deux b\u00e9n\u00e9dictions se d\u00e9ploient \u00e0 vue d&#8217;\u0153il. Je suis loin d&#8217;\u00eatre le seul \u00e0 proposer des solutions de D\u00e9veloppement Personnel, et je me r\u00e9jouis de pouvoir m&#8217;associer \u00e0 des personnes qui d\u00e9fendent les m\u00eames valeurs que moi pour accompagner mes lecteurs dans leur d\u00e9ploiement.  <\/p>\n<p>\u00abSPARK\u00bb et \u00abMA VIE EN MAIN\u00bb ne sont pas venus remplacer ma cr\u00e9ativit\u00e9. <b>C&#8217;est en plus<\/b> : une extension de mon activit\u00e9. Quel entrepreneur refuserait d&#8217;ajouter des produits de qualit\u00e9 \u00e0 son offre globale ?  <\/p>\n<p>Vous avez oubli\u00e9 que j&#8217;\u00e9tais un entrepreneur ? C&#8217;est peut-\u00eatre <strong>l&#8217;information manquante<\/strong>&#8230; Je ne pense pas avoir manqu\u00e9 de le signaler, mais je ne manquerai pas de le r\u00e9p\u00e9ter.  <\/p>\n<h2>Tout commence par un r\u00eave<\/h2>\n<p>La promo du moment s&#8217;appelle \u00abTOUT COMMENCE PAR UN REVE\u00bb. Je vais bient\u00f4t cesser de vous en parler, car l&#8217;objectif est atteint : 109 CD envoy\u00e9s ! Eh oui&#8230; L&#8217;article sur la CONFIANCE a fait mouche. Rien d\u2019\u00e9tonnant, c\u2019est un Joker ! Sans en abuser, il est bon de rappeler r\u00e9guli\u00e8rement aux gens qui vous entourent, que la Confiance ouvre des portes. La Communication Orient\u00e9e Confiance r\u00e9veille les confiants. En particulier les Confiants qui s\u2019ignorent&#8230;  <\/p>\n<p>Mon objectif \u00e9tait de 100 envois. Comme j&#8217;aime voir plus grand, La clef TIME-COACH associ\u00e9e \u00e0 cette op\u00e9ration s&#8217;arr\u00eatera de fonctionner au bout de 150 CD envoy\u00e9s. Si vous voyez ce message s&#8217;afficher :  <\/p>\n<p align=\"center\"><strong><font face=\"Courier New\">Cette cl\u00e9 a atteint le quota maximum ! <\/font><\/strong> <\/p>\n<p>Cela signifie que vous avez trop procrastin\u00e9&#8230;  <\/p>\n<p>Pourquoi ai-je demand\u00e9 \u00e0 Yannick une cl\u00e9 \u00e0 150 routages alors que mon objectif \u00e9tait de 100 ? Il y a deux r\u00e9ponses :  <\/p>\n<h2>1. Voir plus haut<\/h2>\n<p>Le Coaching recommande toujours de viser plus haut. De s&#8217;ouvrir \u00e0 une opportunit\u00e9 possible, un cadeau de l&#8217;univers, un \u00aben de\u00e7\u00e0\u00bb, une s\u00e9rendipit\u00e9&#8230; Donc m\u00eame je ne m&#8217;attends pas \u00e0 un retour extraordinaire (surtout en p\u00e9riode estivale), j&#8217;ouvre la porte \u00e0 tous les ++ que cette op\u00e9ration va m&#8217;apporter. Concr\u00e8tement je ne peux pas contr\u00f4ler la s\u00e9rendipit\u00e9, c&#8217;est par d\u00e9finition un cadeau-myst\u00e8re sur lequel je n&#8217;ai aucun contr\u00f4le. Par contre, \u00e9tant un grand pratiquant du paradigme \u00abAide-toi, le Ciel t&#8217;aidera&#8230;\u00bb, je fais ce qui est en mon pouvoir, et je laisse le ciel m&#8217;offrir tout ce qui me d\u00e9passe. <\/p>\n<h2>2. Parfois, 150 = 100 !<\/h2>\n<p>Oui, je sais ce n\u2019est pas tr\u00e8s arithm\u00e9tique, mais c\u2019est une \u00e9vidence dans notre contexte&nbsp; : ce CD va rester sous cellophane chez un nombre non n\u00e9gligeable de personnes qui l&#8217;ont command\u00e9. Dans un contexte gratuit, 100 commandes n&#8217;assurent pas 100 utilisations. C&#8217;est l&#8217;un des effets pervers de la gratuit\u00e9 : on ne sait pas toujours appr\u00e9cier le talent d&#8217;un virtuose qui joue d\u2019un Stradivarius dans les couloirs du m\u00e9tro&#8230; Avec 150 commandes d&#8217;un CD physique, qui a n\u00e9cessit\u00e9 l&#8217;effort et la Confiance de laisser son adresse postale, j&#8217;ai la certitude qu&#8217;il y aura (au moins) 100 personnes qui l&#8217;\u00e9couteront. Tout le reste est cadeau\u2026 <\/p>\n<p>Pour ce deux raisons j&#8217;invite les 41 derniers procrastinateurs de cette op\u00e9ration \u00e0 passer leur commande imm\u00e9diatement :  <\/p>\n<p align=\"center\"><a href=\"http:\/\/www.toutcommenceparunreve.com\">Cliquez ici pour recevoir le CD \u00abTout commence par un r\u00eave\u00bb<\/a>  <\/p>\n<p align=\"center\">Cl\u00e9 personnelle :<br \/><strong>SI71 Z0XY 2XVV HGC8<\/strong>  <\/p>\n<p>A++  <\/p>\n<p><b>St\u00e9phane SOLOMON<\/b><\/p>\n<!--themify_builder_content-->\n<div id=\"themify_builder_content-1656\" data-postid=\"1656\" class=\"themify_builder_content themify_builder_content-1656 themify_builder tf_clear\">\n    <\/div>\n<!--\/themify_builder_content-->\n","protected":false},"excerpt":{"rendered":"<p>Dans un article r\u00e9cent, je vous ai racont\u00e9 comment, \u00e0 l&#8217;\u00e2ge de 6 ans, j&#8217;\u00e9tais arriv\u00e9 \u00e0 me dire que le soleil \u00e9tait mauvais pour les plantes. Nous avons \u00e9voqu\u00e9 2 raisons : Le manque d&#8217;information (j&#8217;avais une information partielle, j&#8217;ai compl\u00e9t\u00e9 comme j&#8217;ai pu) L&#8217;association d&#8217;id\u00e9e facile : opposer deux choses est un r\u00e9flexe [&hellip;]<\/p>\n","protected":false},"author":1,"featured_media":0,"parent":0,"menu_order":0,"comment_status":"open","ping_status":"open","template":"","meta":[],"builder_content":"","_links":{"self":[{"href":"https:\/\/auto-coaching.fr\/index.php\/wp-json\/wp\/v2\/pages\/1656"}],"collection":[{"href":"https:\/\/auto-coaching.fr\/index.php\/wp-json\/wp\/v2\/pages"}],"about":[{"href":"https:\/\/auto-coaching.fr\/index.php\/wp-json\/wp\/v2\/types\/page"}],"author":[{"embeddable":true,"href":"https:\/\/auto-coaching.fr\/index.php\/wp-json\/wp\/v2\/users\/1"}],"replies":[{"embeddable":true,"href":"https:\/\/auto-coaching.fr\/index.php\/wp-json\/wp\/v2\/comments?post=1656"}],"version-history":[{"count":5,"href":"https:\/\/auto-coaching.fr\/index.php\/wp-json\/wp\/v2\/pages\/1656\/revisions"}],"predecessor-version":[{"id":1661,"href":"https:\/\/auto-coaching.fr\/index.php\/wp-json\/wp\/v2\/pages\/1656\/revisions\/1661"}],"wp:attachment":[{"href":"https:\/\/auto-coaching.fr\/index.php\/wp-json\/wp\/v2\/media?parent=1656"}],"curies":[{"name":"wp","href":"https:\/\/api.w.org\/{rel}","templated":true}]}}