{"id":1663,"date":"2014-08-01T20:12:01","date_gmt":"2014-08-01T18:12:01","guid":{"rendered":"http:\/\/www.auto-coaching.fr\/?page_id=1663"},"modified":"2014-08-04T14:21:40","modified_gmt":"2014-08-04T12:21:40","slug":"affluence-de-reves","status":"publish","type":"page","link":"https:\/\/auto-coaching.fr\/index.php\/affluence-de-reves\/","title":{"rendered":"Affluence de r&ecirc;ves"},"content":{"rendered":"<p>Je ne pensais pas avoir \u00e0 intervenir au-del\u00e0 de la simple recommandation concernant \u00abTOUT COMMENCE PAR UN REVE\u00bb, mais le lendemain qui a suivi mon pr\u00e9c\u00e9dent article, il y a eu une surcharge du serveur de Yannick, et vous avez \u00e9t\u00e9 nombreux \u00e0 m&#8217;\u00e9crire sur ce dysfonctionnement.<\/p>\n<blockquote><p>Je n&#8217;y suis pour rien ! C&#8217;est la faute \u00e0 la t\u00e9l\u00e9 !<\/p><\/blockquote>\n<p>En effet, \u00abTOUT COMMENCE PAR UN REVE\u00bb a \u00e9t\u00e9 pr\u00e9sent\u00e9 dans une \u00e9mission sur TVA. Rien \u00e0 voir avec la taxe du m\u00eame nom, au Qu\u00e9bec TVA est l&#8217;\u00e9quivalent de TF1 en termes d&#8217;audimat et de parts de march\u00e9 ! Vous imaginez TF1 diffuser une \u00e9mission sur la Pens\u00e9e Positive, la Confiance en soi, le D\u00e9veloppement Personnel, etc. ?<\/p>\n<p>Eh bien TVA le fait !<\/p>\n<p>Lorsque je fais le tour des critiques qui m&#8217;ont \u00e9t\u00e9 faites \u00e0 propos de \u00abSPARK\u00bb et de \u00abMA VIE EN MAIN\u00bb, je suis \u00e9tonn\u00e9 de trouver autant de d\u00e9nigrements contre les coachs qu\u00e9b\u00e9cois que certains consid\u00e8rent comme des \u00abam\u00e9ricains qui parlent fran\u00e7ais !\u00bb. J&#8217;ai m\u00eame vu une remarque qui disait :<\/p>\n<p>&#8211; J&#8217;ai beaucoup de mal avec ces coachs anglo-saxons[&#8230;] Je d\u00e9nigre l&#8217;american way of life[&#8230;]<\/p>\n<p>J&#8217;ai re\u00e7u une bonne dizaine de message de ce type ! Je me suis m\u00eame demand\u00e9 si c&#8217;\u00e9tait moi qui ai cr\u00e9\u00e9 cette ambiance&#8230; Si vous d\u00e9nigrez d&#8217;entr\u00e9e de jeu les belles personnes sous pr\u00e9textes qu&#8217;elles viennent de l&#8217;autre c\u00f4t\u00e9 de l&#8217;Atlantique, vous ne recevrez de ces pays que des <strong>produits \u00abaseptis\u00e9s\u00bb<\/strong>. Tout ce qui sort de l&#8217;ordinaire va rester l\u00e0-bas&#8230; Confidentiel !<\/p>\n<p>Quant \u00e0 moi, la prochaine fois que j&#8217;aurai un qu\u00e9b\u00e9cois ou un am\u00e9ricain inspirant \u00e0 vous pr\u00e9senter, je vais h\u00e9siter&#8230;<\/p>\n<ul>\n<li>Oulala ! Dans cette vid\u00e9o, il a dit \u00abamerican dream\u00bb&#8230; Censur\u00e9 !<\/li>\n<li>Oulala ! J&#8217;ai cru percevoir un l\u00e9ger accent qu\u00e9becois&#8230; Tabernacle !<\/li>\n<li>Oulala ! Il a cit\u00e9 Steve JOBS&#8230; Damned !<\/li>\n<\/ul>\n<p>Finalement, en guise de vid\u00e9os inspirantes, je vais vous envoyer des extraits de \u00abSecret Story : la maison des secrets\u00bb&#8230; On a la t\u00e9l\u00e9 qu&#8217;on m\u00e9rite !<\/p>\n<p>\u00abTOUT COMMENCE PAR UN REVE\u00bb ne passera pas sur TF1. Au mieux, on aura un reportage discret sur France 3 Alsace (Yannick est alsacien). Remarquez au passage qu&#8217;au Qu\u00e9bec, ils n&#8217;ont pas peur de faire de l&#8217;audimat avec des \u00abinitiatives alsaciennes\u00bb&#8230;<\/p>\n<h4>Des gens dans des cases&#8230;<\/h4>\n<p>Cette stigmatisation, d\u00e8s que je sors du cadre franco-fran\u00e7ais est tr\u00e8s \u00e9tonnante dans un contexte de D\u00e9veloppement Personnel :<\/p>\n<p>Rappelez-vous que dans ce programme, je pars du principe que chaque \u00eatre humain est unique et sublime. Je vous invite \u00e0 penser de cette mani\u00e8re, afin de vous permettre de recevoir le m\u00eame message lorsque vous entrez en dialogue avec vous-m\u00eame. C&#8217;est de <b>la r\u00e9ciprocit\u00e9<\/b> : vous ne serez plus un \u00abfran\u00e7ais r\u00e2leur\u00bb ou un \u00abradin d&#8217;auvergnat\u00bb, etc. Mais un <b>\u00eatre singulier<\/b> avec sa culture, ses passions, ses vocations, son parcours, sa qu\u00eate et sa progression&#8230;<\/p>\n<blockquote><p>D\u00e8s que vous classez des gens dans une cat\u00e9gorie, vous vous classez aussi, automatiquement ! Et parfois, vous vous d\u00e9classez&#8230;<\/p><\/blockquote>\n<p>C&#8217;est encore pire dans la n\u00e9gation, nous en avons d\u00e9j\u00e0 parl\u00e9 :<\/p>\n<p>Je ne suis pas un litt\u00e9raire&#8230; Je ne suis pas un matheux&#8230; Je ne suis pas fait pour la musique&#8230; Je ne suis pas assez riche&#8230; Je ne suis pas assez intelligent&#8230; Je ne suis pas bien n\u00e9&#8230;<\/p>\n<p>Ca vous para\u00eet humble ? Je trouve \u00e7a tr\u00e8s pr\u00e9tentieux !<\/p>\n<h2>Qui \u00eates-vous pour ne pas \u00eatre ?<\/h2>\n<p>Certes, il existe des \u00abtypes de personnalit\u00e9s\u00bb, ainsi que des \u00abintelligences multiples\u00bb et des \u00absensibilit\u00e9s identifi\u00e9es\u00bb, mais de l\u00e0 \u00e0 d\u00e9grader les gens en fonction de leur nationalit\u00e9, de leur appartenance religieuse ou de leur style de vie&#8230; Ce n&#8217;est pas congruent avec l&#8217;esprit que je souhaite d\u00e9velopper ici.<\/p>\n<p>Passons&#8230; Si j&#8217;ai r\u00e9ussi \u00e0 att\u00e9nuer votre d\u00e9nigrement <b>anti accent-qu\u00e9b\u00e9cois<\/b> le temps d&#8217;une lecture, vous pouvez regarder cette \u00e9mission (ou les 3 premi\u00e8re minutes qui parlent de \u00abTOUT COMMENCE PAR UN REVE\u00bb).<\/p>\n<div id=\"scid:5737277B-5D6D-4f48-ABFC-DD9C333F4C5D:9ed2e947-dc1f-44b6-9264-11b33936846d\" class=\"wlWriterEditableSmartContent\" style=\"float: none; margin: 0px; display: inline; padding: 0px;\">\n<div><object width=\"594\" height=\"334\"><param name=\"movie\" value=\"http:\/\/www.youtube.com\/v\/DF7NJGKWw6Y?hl=en&amp;hd=1\"><\/param><\/object><\/div>\n<\/div>\n<p>Source originale : <a title=\"http:\/\/www.questcequonattend.tv\/videos\/?v=DF7NJGKWw6Y\" href=\"http:\/\/www.questcequonattend.tv\/videos\/?v=DF7NJGKWw6Y\">http:\/\/www.questcequonattend.tv\/videos\/?v=DF7NJGKWw6Y<\/a><\/p>\n<p>Je rappelle que cette \u00e9mission passe sur la chaine qu\u00e9b\u00e9coise la plus regard\u00e9e&#8230; \u00c7a laisse songeur.<\/p>\n<p>En parlant de songe, Yannick a multipli\u00e9 les ressources de son serveur qui est \u00e0 nouveau op\u00e9rationnel. Son objectif initial \u00e9tait de 10.000 CD distribu\u00e9s gratuitement avant la rentr\u00e9e. Il vient de changer : ce sera 100.000 CD avant la fin de l&#8217;ann\u00e9e. Du coup, ma cl\u00e9 partenaire n&#8217;est plus limit\u00e9e \u00e0 150 CD, mais \u00e0 500 ! Ce n&#8217;est pas une raison pour procrastiner, d&#8217;autant que je n&#8217;ai plus l&#8217;intention de vous en parler. Je vais passer \u00e0 autre chose.<\/p>\n<p>Dernier rappel :<\/p>\n<p align=\"center\"><a href=\"http:\/\/www.toutcommenceparunreve.com\/\">TOUT COMMENCE PAR UN REVE<\/a><\/p>\n<p align=\"center\">Cl\u00e9 partenaire : <strong>SI71-Z0XY-2XVV-HGC8<\/strong><\/p>\n<p>&#8212;&#8212;&#8212;&#8212;&#8212;&#8212;<\/p>\n<p>Si vous pensez avoir fait ce qu\u2019il fallait et n&#8217;avez par re\u00e7u le CD, recommencez, et lisez attentivement les indications \u00e0 l\u2019\u00e9cran. Vous avez peut-\u00eatre oubli\u00e9 une \u00e9tape. Si un message vous signale que vous avez d\u00e9j\u00e0 command\u00e9 le CD, alors que vous ne l&#8217;avez pas re\u00e7u, vous pouvez \u00e9crire \u00e0 <a href=\"mailto:contact@toutcommenceparunreve.com\">contact@toutcommenceparunreve.com<\/a> pour d\u00e9bloquer la situation.<\/p>\n<p>J&#8217;ai propos\u00e9 cette solution \u00e0 une lectrice, et vous savez ce qu&#8217;elle m&#8217;a r\u00e9pondu :<\/p>\n<p>&#8211; Je veux bien commander ce CD pour vous faire plaisir St\u00e9phane, mais si \u00e7a devient trop compliqu\u00e9, il ne faut pas abuser&#8230;<\/p>\n<p>Hum&#8230; Et si vous arr\u00eatiez de me faire plaisir et vous passiez \u00e0 l&#8217;action POUR VOTRE DEVELOPPEMENT PERSONNEL ?<\/p>\n<p>\u00c7a me ferait vraiment plaisir !<\/p>\n<p>A++<\/p>\n<p><strong>St\u00e9phane SOLOMON <\/strong><\/p>\n<!--themify_builder_content-->\n<div id=\"themify_builder_content-1663\" data-postid=\"1663\" class=\"themify_builder_content themify_builder_content-1663 themify_builder tf_clear\">\n    <\/div>\n<!--\/themify_builder_content-->\n","protected":false},"excerpt":{"rendered":"<p>Je ne pensais pas avoir \u00e0 intervenir au-del\u00e0 de la simple recommandation concernant \u00abTOUT COMMENCE PAR UN REVE\u00bb, mais le lendemain qui a suivi mon pr\u00e9c\u00e9dent article, il y a eu une surcharge du serveur de Yannick, et vous avez \u00e9t\u00e9 nombreux \u00e0 m&#8217;\u00e9crire sur ce dysfonctionnement. Je n&#8217;y suis pour rien ! C&#8217;est la [&hellip;]<\/p>\n","protected":false},"author":1,"featured_media":0,"parent":0,"menu_order":0,"comment_status":"open","ping_status":"open","template":"","meta":[],"builder_content":"","_links":{"self":[{"href":"https:\/\/auto-coaching.fr\/index.php\/wp-json\/wp\/v2\/pages\/1663"}],"collection":[{"href":"https:\/\/auto-coaching.fr\/index.php\/wp-json\/wp\/v2\/pages"}],"about":[{"href":"https:\/\/auto-coaching.fr\/index.php\/wp-json\/wp\/v2\/types\/page"}],"author":[{"embeddable":true,"href":"https:\/\/auto-coaching.fr\/index.php\/wp-json\/wp\/v2\/users\/1"}],"replies":[{"embeddable":true,"href":"https:\/\/auto-coaching.fr\/index.php\/wp-json\/wp\/v2\/comments?post=1663"}],"version-history":[{"count":5,"href":"https:\/\/auto-coaching.fr\/index.php\/wp-json\/wp\/v2\/pages\/1663\/revisions"}],"predecessor-version":[{"id":1669,"href":"https:\/\/auto-coaching.fr\/index.php\/wp-json\/wp\/v2\/pages\/1663\/revisions\/1669"}],"wp:attachment":[{"href":"https:\/\/auto-coaching.fr\/index.php\/wp-json\/wp\/v2\/media?parent=1663"}],"curies":[{"name":"wp","href":"https:\/\/api.w.org\/{rel}","templated":true}]}}