{"id":1675,"date":"2014-08-07T10:27:08","date_gmt":"2014-08-07T08:27:08","guid":{"rendered":"http:\/\/www.auto-coaching.fr\/?page_id=1675"},"modified":"2014-08-07T11:04:29","modified_gmt":"2014-08-07T09:04:29","slug":"la-gratitude-au-dela-du-sentiment","status":"publish","type":"page","link":"https:\/\/auto-coaching.fr\/index.php\/la-gratitude-au-dela-du-sentiment\/","title":{"rendered":"La Gratitude, au del&agrave; du sentiment"},"content":{"rendered":"<p>La Gratitude est un message d&#8217;Amour universel. Ce message fait \u00e9cho en nous, et nous en ressentons imm\u00e9diatement les effets dans notre monde int\u00e9rieur : <b>un profond sentiment de paix int\u00e9rieure<\/b>. Ce sentiment nous met nos valeurs, nos croyances, nos pens\u00e9es, nos \u00e9motions et nos actions en alignement, et nos r\u00e9sultats sont extraordinairement efficaces. On appelle \u00e7a <b>LA CONGRUENCE<\/b>.<\/p>\n<p>Jusque-l\u00e0, je pense que nous sommes d&#8217;accord : tout ceci rel\u00e8ve de la psychologie comportementale. L&#8217;\u00e9tat de Congruence est l&#8217;inverse de l&#8217;\u00e9tat de stress qui, \u00e0 l&#8217;inverse, nous fait transpirer, trembler, \u00e9chouer&#8230; A moins de ne pas accepter les grandes lignes de la psychologie, les effets b\u00e9n\u00e9fiques de la Gratitude sont commun\u00e9ment accept\u00e9s. En particulier chez des personnes en qu\u00eate de D\u00e9veloppement Personnel.  <\/p>\n<p>Ce qui est int\u00e9ressant avec la Gratitude, c&#8217;est qu&#8217;il est possible, en s&#8217;entrainant un peu, de cr\u00e9er ce sentiment gr\u00e2ce \u00e0 quelques pens\u00e9es personnelles. Une sorte de protocole int\u00e9rieur, que vous pouvez suivre pour trouver le chemin des pens\u00e9es gratifiantes. C&#8217;est parfois une \u00e9preuve, car on ne veut pas y aller ! Mais aussi \u00e9prouvant que soit le chemin, le r\u00e9sultat en vaut la peine. En bon auto-coach, prenez-le pour un d\u00e9fi \u00e0 relever !  <\/p>\n<p>Par exemple, si vous avez envie d&#8217;engueuler votre rejeton parce qu&#8217;il enchaine les conneries, penchez plut\u00f4t vers la Gratitude d&#8217;avoir un enfant intelligent et espi\u00e8gle qui prend des initiatives, et qui progresse gr\u00e2ce \u00e0 de grandes r\u00e9ussites et des petites maladresses.  <\/p>\n<p>C&#8217;est ce que j&#8217;ai fait lorsque j&#8217;ai vu mon fils se frapper la t\u00eate ! J&#8217;aurais pu suivre mon stress et continuer \u00e0 l&#8217;accabler. J&#8217;aurais pu le punir (y compris pour ce geste) et le renvoyer dans sa chambre m\u00e9diter sur son erreur et en ressortir la t\u00eate basse. Mais comme vous avez pu le lire hier, apr\u00e8s avoir emprunt\u00e9 ce chemin \u00e9pineux, j&#8217;ai pris la tangente ! Si j&#8217;ai \u00e9voqu\u00e9 la proactivit\u00e9, c&#8217;est parce que pr\u00e9cis\u00e9ment \u00e0 ce moment-l\u00e0, je cr\u00e9ais ma vie au lieu d&#8217;en \u00eatre victime. Je reprenais le contr\u00f4le en changeant de posture. Ce contr\u00f4le influe sur toutes les vies de ma maison, en particuliers sur celles de mes enfants, puisqu&#8217;\u00e0 leurs \u00e2ges, leur vie d\u00e9pend en grande partie de la fa\u00e7on dont je dirige la mienne.  <\/p>\n<p>Voil\u00e0 pour le c\u00f4t\u00e9 terre-\u00e0-terre de la Gratitude  <\/p>\n<h2>Croyances\u2026<\/h2>\n<p>A pr\u00e9sente, ce que je vais vous proposer rel\u00e8ve d&#8217;une CROYANCE. Toutefois, ce n&#8217;est pas un d\u00e9lire personnel : cette croyance devient de plus en plus populaire, et rejoint les grands mouvements spirituels, qu&#8217;ils soient religieux ou philosophiques, avec l&#8217;avantage de mettre tout le monde d&#8217;accord :  <\/p>\n<p>Le sentiment de Gratitude fait \u00e9cho au-del\u00e0 du monde int\u00e9rieur : il a un effet probant sur le monde ext\u00e9rieur. Lorsque vous ressentez de la Gratitude, vous changez le monde, en particuliers les personnes avec lesquelles vous avez \u00e9t\u00e9 en contact. C&#8217;est comme si vous restiez connect\u00e9s, et que les messages de Gratitude que vous \u00e9mettez impactent ces personnes instantan\u00e9ment, m\u00eame si une grande distance vous s\u00e9pare. Si vous croyez que les objets ou les lieux ont une \u00e2me, vous pouvez influencer les personnes qui sont en contact avec ces objets ou qui \u00e9voluent dans ces lieux.  <\/p>\n<p>Je rappelle que je n&#8217;ai aucune preuve de ce que j&#8217;avance. C&#8217;est le principe d&#8217;une CROYANCE. Nous ne sommes pas cens\u00e9s observer, palper, analyser, conclure&#8230; Le retour d&#8217;exp\u00e9rience suffit pour s&#8217;enthousiasmer.  <\/p>\n<p>Ceci-dit le principe exp\u00e9rimental, ainsi que les conclusions des exp\u00e9riences sont similaires \u00e0 celles des th\u00e9ories scientifiques. La diff\u00e9rence tient dans l&#8217;attitude : la science traditionnelle tente des exp\u00e9riences dans le but d&#8217;invalider les th\u00e9ories. Le scepticisme et la prudence sont de rigueur pour avancer vers la v\u00e9rit\u00e9. Alors que les exp\u00e9riences bas\u00e9es sur des CROYANCES sont interpr\u00e9t\u00e9es sous le prisme de la Confiance ou de la Foi. L&#8217;interpr\u00e9tation personnelle ou collective des \u00e9v\u00e8nements prime sur le scepticisme&#8230; Et c&#8217;est l\u00e0 que \u00e7a devient int\u00e9ressant, car <b>la volont\u00e9 de rendre la chose vraie, cr\u00e9e la v\u00e9rit\u00e9 !<\/b>  <\/p>\n<p>Je serais malhonn\u00eate de vous dire que ce que je viens d&#8217;\u00e9crire se limite aux croyances, car c&#8217;est aussi une nouvelle vision scientifique : pour les physiciens quantiques (qui \u00e9tudient l&#8217;infiniment petit), c&#8217;est une th\u00e9orie de base : <b>l&#8217;observateur d&#8217;une exp\u00e9rience impacte l&#8217;exp\u00e9rience, jusqu&#8217;\u00e0 la mati\u00e8re&#8230;<\/b>  <\/p>\n<p>Mais j&#8217;ai promis de vous raconter la suite de l&#8217;histoire de l&#8217;iPad oubli\u00e9 dans le taxi&#8230; Alors allons-y !  <\/p>\n<h2>Les artisans d\u2019un monde meilleur<\/h2>\n<p>Le lendemain, nous ne parlions plus de l&#8217;incident. Du moins jusqu&#8217;\u00e0 18 heures&#8230; Mais un coup de fil a relanc\u00e9 le sujet :  <\/p>\n<p>&#8211; Allo ! Excusez-moi de vous d\u00e9ranger, je m&#8217;appelle Houria. J&#8217;ai conduit votre famille hier soir en taxi. J&#8217;ai le sac de votre fils ! Excusez-moi, mais j&#8217;ai \u00e9t\u00e9 oblig\u00e9e de l&#8217;ouvrir et de fouiller un peu dans votre iPad pour trouver vos coordonn\u00e9es, parce que je ne savais pas \u00e0 quel client ce sac appartenait, je l&#8217;ai trouv\u00e9 ce matin \u00e0 la fin de mon service. Quand j&#8217;ai vu votre adresse, je me suis souvenue du petit acteur ! Je pourrai faire un saut demain matin, parce que je passerai pr\u00e8s de chez vous&#8230;  <\/p>\n<p>&#8212;-  <\/p>\n<p>On me reproche parfois de faire de la pub pour AMAZON, APPLE ou TF1, parce que je cite ces marques dans mes articles&#8230; Ces lecteurs pr\u00e9f\u00e8reraient que je dise \u00abune librairie en ligne\u00bb, \u00abune grande chaine de t\u00e9l\u00e9\u00bb, etc. Un peu comme si nous \u00e9tions sur un service public, et que citer des marques \u00e9tait interdit ! \u00c7a m&#8217;a toujours amus\u00e9&#8230;  <\/p>\n<p>Mais quelque part, s&#8217;ils le pensent, c&#8217;est qu&#8217;il doit y avoir une part d&#8217;influence&#8230; Je fais certainement de la pub gratuite pour ces enseignes, et aujourd&#8217;hui \u00e7a me g\u00eane ! Ce n&#8217;est pas le fait de faire de la pub qui m&#8217;ennuie, mais le d\u00e9s\u00e9quilibre que je cr\u00e9e entre les grands et les petits artisans qui accompagnent notre quotidien. Je m&#8217;explique :  <\/p>\n<ul>\n<li>J&#8217;ai cit\u00e9 \u00abGulli\u00bb, et s&#8217;il y a eu un effet pub, c&#8217;est \u00e0 port\u00e9e de t\u00e9l\u00e9commande<\/li>\n<li>J&#8217;ai cit\u00e9 \u00abAPPLE\u00bb, et s&#8217;il y a eu un effet pub, c&#8217;est \u00e0 port\u00e9e de clic&#8230;<\/li>\n<li>J&#8217;ai cit\u00e9 \u00abHouria TAXI\u00bb, mais l\u00e0, ce n&#8217;est pas facile \u00e0 trouver&#8230; Et pourtant s&#8217;il y a une personne \u00e0 qui j&#8217;ai envie de d\u00e9dier cet article, c&#8217;est bien elle !<\/li>\n<\/ul>\n<p>Alors voil\u00e0&#8230; M\u00eame si vous n&#8217;avez pas d&#8217;enfants qui tournent pour Gulli, et m\u00eame si vous n&#8217;avez pas d&#8217;iPad&#8230; si vous avez besoin d&#8217;un taxi parisien, je vous recommande ce num\u00e9ro : 06.63.47.87.38.  <\/p>\n<p>Il est inutile de l&#8217;appeler de ma part. C&#8217;est un acte gratuit \ud83d\ude09  <\/p>\n<p>Gratitude Houria, Gratitude&#8230;  <\/p>\n<p>A++  <\/p>\n<p><b>St\u00e9phane SOLOMON<\/b><\/p>\n<!--themify_builder_content-->\n<div id=\"themify_builder_content-1675\" data-postid=\"1675\" class=\"themify_builder_content themify_builder_content-1675 themify_builder tf_clear\">\n    <\/div>\n<!--\/themify_builder_content-->\n","protected":false},"excerpt":{"rendered":"<p>La Gratitude est un message d&#8217;Amour universel. Ce message fait \u00e9cho en nous, et nous en ressentons imm\u00e9diatement les effets dans notre monde int\u00e9rieur : un profond sentiment de paix int\u00e9rieure. Ce sentiment nous met nos valeurs, nos croyances, nos pens\u00e9es, nos \u00e9motions et nos actions en alignement, et nos r\u00e9sultats sont extraordinairement efficaces. On [&hellip;]<\/p>\n","protected":false},"author":1,"featured_media":0,"parent":0,"menu_order":0,"comment_status":"open","ping_status":"open","template":"","meta":[],"builder_content":"","_links":{"self":[{"href":"https:\/\/auto-coaching.fr\/index.php\/wp-json\/wp\/v2\/pages\/1675"}],"collection":[{"href":"https:\/\/auto-coaching.fr\/index.php\/wp-json\/wp\/v2\/pages"}],"about":[{"href":"https:\/\/auto-coaching.fr\/index.php\/wp-json\/wp\/v2\/types\/page"}],"author":[{"embeddable":true,"href":"https:\/\/auto-coaching.fr\/index.php\/wp-json\/wp\/v2\/users\/1"}],"replies":[{"embeddable":true,"href":"https:\/\/auto-coaching.fr\/index.php\/wp-json\/wp\/v2\/comments?post=1675"}],"version-history":[{"count":5,"href":"https:\/\/auto-coaching.fr\/index.php\/wp-json\/wp\/v2\/pages\/1675\/revisions"}],"predecessor-version":[{"id":1680,"href":"https:\/\/auto-coaching.fr\/index.php\/wp-json\/wp\/v2\/pages\/1675\/revisions\/1680"}],"wp:attachment":[{"href":"https:\/\/auto-coaching.fr\/index.php\/wp-json\/wp\/v2\/media?parent=1675"}],"curies":[{"name":"wp","href":"https:\/\/api.w.org\/{rel}","templated":true}]}}