{"id":1690,"date":"2014-08-15T13:33:35","date_gmt":"2014-08-15T11:33:35","guid":{"rendered":"http:\/\/www.auto-coaching.fr\/?page_id=1690"},"modified":"2015-11-02T11:06:25","modified_gmt":"2015-11-02T09:06:25","slug":"hommage-c-est-pas-ta-faute","status":"publish","type":"page","link":"https:\/\/auto-coaching.fr\/index.php\/hommage-c-est-pas-ta-faute\/","title":{"rendered":"Hommage : c&rsquo;est pas ta faute !"},"content":{"rendered":"<p>Difficile de ne pas faire le lien entre <a href=\"http:\/\/www.auto-coaching.fr\/index.php\/ce-n-est-pas-de-ta-faute\/\" target=\"_blank\">mon article de la semaine derni\u00e8re<\/a>, et cet extrait du film WILL HUNTING.<\/p>\n<p>M\u00eame sans conna\u00eetre l\u2019histoire, la sc\u00e8ne est poignante&#8230; Je crois qu\u2019au final, c\u2019est ce film qui m\u2019a inspir\u00e9 la r\u00e9plique que j&#8217;ai r\u00e9p\u00e9t\u00e9e \u00e0 mon fils&#8230;<\/p>\n<p>Si vous n\u2019avez pas vu ce chef-d\u2019\u0153uvre (et m\u00eame si vous l\u2019avez vu), voici l\u2019occasion de rendre hommage \u00e0 un acteur aux multiples talents qui a marqu\u00e9 ces derni\u00e8res d\u00e9cennies :<\/p>\n<p><iframe loading=\"lazy\" id=\"player-d8458fb19e\" class=\"indavideo-player\" title=\"indavideo video player\" src=\"http:\/\/embed.indavideo.hu\/player\/video\/d8458fb19e\/\" width=\"640\" height=\"360\" frameborder=\"0\" scrolling=\"no\"><\/iframe><\/p>\n<!--themify_builder_content-->\n<div id=\"themify_builder_content-1690\" data-postid=\"1690\" class=\"themify_builder_content themify_builder_content-1690 themify_builder tf_clear\">\n    <\/div>\n<!--\/themify_builder_content-->\n","protected":false},"excerpt":{"rendered":"<p>Difficile de ne pas faire le lien entre mon article de la semaine derni\u00e8re, et cet extrait du film WILL HUNTING. M\u00eame sans conna\u00eetre l\u2019histoire, la sc\u00e8ne est poignante&#8230; Je crois qu\u2019au final, c\u2019est ce film qui m\u2019a inspir\u00e9 la r\u00e9plique que j&#8217;ai r\u00e9p\u00e9t\u00e9e \u00e0 mon fils&#8230; Si vous n\u2019avez pas vu ce chef-d\u2019\u0153uvre (et [&hellip;]<\/p>\n","protected":false},"author":1,"featured_media":0,"parent":0,"menu_order":0,"comment_status":"open","ping_status":"open","template":"","meta":[],"builder_content":"","_links":{"self":[{"href":"https:\/\/auto-coaching.fr\/index.php\/wp-json\/wp\/v2\/pages\/1690"}],"collection":[{"href":"https:\/\/auto-coaching.fr\/index.php\/wp-json\/wp\/v2\/pages"}],"about":[{"href":"https:\/\/auto-coaching.fr\/index.php\/wp-json\/wp\/v2\/types\/page"}],"author":[{"embeddable":true,"href":"https:\/\/auto-coaching.fr\/index.php\/wp-json\/wp\/v2\/users\/1"}],"replies":[{"embeddable":true,"href":"https:\/\/auto-coaching.fr\/index.php\/wp-json\/wp\/v2\/comments?post=1690"}],"version-history":[{"count":4,"href":"https:\/\/auto-coaching.fr\/index.php\/wp-json\/wp\/v2\/pages\/1690\/revisions"}],"predecessor-version":[{"id":2712,"href":"https:\/\/auto-coaching.fr\/index.php\/wp-json\/wp\/v2\/pages\/1690\/revisions\/2712"}],"wp:attachment":[{"href":"https:\/\/auto-coaching.fr\/index.php\/wp-json\/wp\/v2\/media?parent=1690"}],"curies":[{"name":"wp","href":"https:\/\/api.w.org\/{rel}","templated":true}]}}