{"id":1697,"date":"2014-08-22T14:53:39","date_gmt":"2014-08-22T12:53:39","guid":{"rendered":"http:\/\/www.auto-coaching.fr\/?page_id=1697"},"modified":"2014-08-22T14:54:54","modified_gmt":"2014-08-22T12:54:54","slug":"est-il-possible-d-etre-plus-clair","status":"publish","type":"page","link":"https:\/\/auto-coaching.fr\/index.php\/est-il-possible-d-etre-plus-clair\/","title":{"rendered":"Est-il possible d&rsquo;&ecirc;tre plus clair ?"},"content":{"rendered":"<p>Voici une vid\u00e9o extraite du TEDx Vaugirard Road (\u00e9dition 2014). Cette conf\u00e9rence de 15 minutes est en fran\u00e7ais : Kevin FINEL est brillantissime dans sa prestation, qui \u00e9voque le fonctionnement de notre cerveau, et des solutions qui s\u2019offrent \u00e0 nous pour avoir plus de contr\u00f4le sur nos \u00e9motions.<\/p>\n<p>C\u2019est donc \u00e0 voir.<\/p>\n<p>Au del\u00e0 des mots et du th\u00e8me abord\u00e9, sa pr\u00e9sentation est remarquablement bien orchestr\u00e9e. Kevin FINEL est une source d\u2019inspiration pour tous ceux qui aspirent \u00e0 parler en public. L\u2019intelligence, la culture, l\u2019humour, l\u2019imagination, le r\u00eave d\u2019un monde meilleur\u2026 se c\u00f4toient en l\u2019espace de 15 minutes.<\/p>\n<p>C\u2019est donc \u00e0 revoir, r\u00e9guli\u00e8rement\u2026<\/p>\n<div id=\"scid:5737277B-5D6D-4f48-ABFC-DD9C333F4C5D:ec8f0719-cfd4-40e2-a2f3-fdb16d16e489\" class=\"wlWriterEditableSmartContent\" style=\"float: none; padding-bottom: 0px; padding-top: 0px; padding-left: 0px; margin: 0px; display: inline; padding-right: 0px\">\n<div><object width=\"591\" height=\"332\"><param name=\"movie\" value=\"http:\/\/www.youtube.com\/v\/ksB80XYiYzI?hl=en&amp;hd=1\"><\/param><\/object><\/div>\n<\/div>\n<p>Source originale : <a title=\"http:\/\/tedxtalks.ted.com\/video\/Ca-donnerait-quoi-si-on-prenait\" href=\"http:\/\/tedxtalks.ted.com\/video\/Ca-donnerait-quoi-si-on-prenait\">http:\/\/tedxtalks.ted.com\/video\/Ca-donnerait-quoi-si-on-prenait<\/a><\/p>\n<p>A++<\/p>\n<p>St\u00e9phane SOLOMON<\/p>\n<!--themify_builder_content-->\n<div id=\"themify_builder_content-1697\" data-postid=\"1697\" class=\"themify_builder_content themify_builder_content-1697 themify_builder tf_clear\">\n    <\/div>\n<!--\/themify_builder_content-->\n","protected":false},"excerpt":{"rendered":"<p>Voici une vid\u00e9o extraite du TEDx Vaugirard Road (\u00e9dition 2014). Cette conf\u00e9rence de 15 minutes est en fran\u00e7ais : Kevin FINEL est brillantissime dans sa prestation, qui \u00e9voque le fonctionnement de notre cerveau, et des solutions qui s\u2019offrent \u00e0 nous pour avoir plus de contr\u00f4le sur nos \u00e9motions. C\u2019est donc \u00e0 voir. Au del\u00e0 des [&hellip;]<\/p>\n","protected":false},"author":1,"featured_media":0,"parent":0,"menu_order":0,"comment_status":"open","ping_status":"open","template":"","meta":[],"builder_content":"","_links":{"self":[{"href":"https:\/\/auto-coaching.fr\/index.php\/wp-json\/wp\/v2\/pages\/1697"}],"collection":[{"href":"https:\/\/auto-coaching.fr\/index.php\/wp-json\/wp\/v2\/pages"}],"about":[{"href":"https:\/\/auto-coaching.fr\/index.php\/wp-json\/wp\/v2\/types\/page"}],"author":[{"embeddable":true,"href":"https:\/\/auto-coaching.fr\/index.php\/wp-json\/wp\/v2\/users\/1"}],"replies":[{"embeddable":true,"href":"https:\/\/auto-coaching.fr\/index.php\/wp-json\/wp\/v2\/comments?post=1697"}],"version-history":[{"count":2,"href":"https:\/\/auto-coaching.fr\/index.php\/wp-json\/wp\/v2\/pages\/1697\/revisions"}],"predecessor-version":[{"id":1699,"href":"https:\/\/auto-coaching.fr\/index.php\/wp-json\/wp\/v2\/pages\/1697\/revisions\/1699"}],"wp:attachment":[{"href":"https:\/\/auto-coaching.fr\/index.php\/wp-json\/wp\/v2\/media?parent=1697"}],"curies":[{"name":"wp","href":"https:\/\/api.w.org\/{rel}","templated":true}]}}